{"id":3230,"date":"2024-04-22T15:49:25","date_gmt":"2024-04-22T12:49:25","guid":{"rendered":"https:\/\/onlinestandart.com\/individueller-gedruckter-oder-digitaler-standardbereitstellungsservice\/"},"modified":"2025-06-04T11:53:53","modified_gmt":"2025-06-04T08:53:53","slug":"individueller-gedruckter-oder-digitaler-standardbereitstellungsservice","status":"publish","type":"page","link":"https:\/\/onlinestandart.com\/de\/individueller-gedruckter-oder-digitaler-standardbereitstellungsservice\/","title":{"rendered":"Individueller gedruckter oder digitaler Standardbereitstellungsservice"},"content":{"rendered":"\n<h2 class=\"wp-block-heading\">Was ist ein digitaler oder gedruckter Standardbereitstellungsdienst?<\/h2>\n\n<p>Ein individueller Druck- oder digitaler Standardisierungsdienst ist ein Dienst, der Einzelpersonen oder Organisationen im Allgemeinen Zugang zu Dokumenten verschafft, die bestimmten Standards entsprechen. Dieser Service kann im Allgemeinen auf folgende Weise erbracht werden:<\/p>\n\n<ol class=\"wp-block-list\">\n<li><strong>Bereitstellung von gedruckten Normen:<\/strong> Dieser Service bietet Einzelpersonen Zugang zu bestimmten industriellen oder technischen Normen in gedruckter Form. Diese Kopien haben oft die Form von B\u00fcchern oder Zeitschriften und sind gegen eine Geb\u00fchr erh\u00e4ltlich.<\/li>\n\n\n\n<li><strong>Digitale Standardbereitstellungsdienste:<\/strong> Dieser Service bietet Zugang zu digitalen Kopien bestimmter Standards. Diese Kopien k\u00f6nnen oft in \u00e4hnlichen Formaten wie PDF, E-Books oder auf Online-Plattformen verf\u00fcgbaren Dokumenten vorliegen. Dieser Service wird in der Regel im Rahmen von Abonnement- oder Einzelkaufmodellen angeboten.<\/li>\n<\/ol>\n<style>.kb-row-layout-id2447_8158e6-03 > .kt-row-column-wrap{align-content:start;}:where(.kb-row-layout-id2447_8158e6-03 > .kt-row-column-wrap) > .wp-block-kadence-column{justify-content:start;}.kb-row-layout-id2447_8158e6-03 > .kt-row-column-wrap{column-gap:var(--global-kb-gap-md, 2rem);row-gap:var(--global-kb-gap-md, 2rem);grid-template-columns:minmax(0, 1fr);}.kb-row-layout-id2447_8158e6-03 > .kt-row-layout-overlay{opacity:0.30;}@media all and (max-width: 1024px){.kb-row-layout-id2447_8158e6-03 > .kt-row-column-wrap{grid-template-columns:minmax(0, 1fr);}}@media all and (max-width: 767px){.kb-row-layout-id2447_8158e6-03 > .kt-row-column-wrap{grid-template-columns:minmax(0, 1fr);}}<\/style><div class=\"kb-row-layout-wrap kb-row-layout-id2447_8158e6-03 alignnone wp-block-kadence-rowlayout\"><div class=\"kt-row-column-wrap kt-has-1-columns kt-row-layout-equal kt-tab-layout-inherit kt-mobile-layout-row kt-row-valign-top\">\n<style>.kadence-column2447_41598f-03 > .kt-inside-inner-col,.kadence-column2447_41598f-03 > .kt-inside-inner-col:before{border-top-left-radius:0px;border-top-right-radius:0px;border-bottom-right-radius:0px;border-bottom-left-radius:0px;}.kadence-column2447_41598f-03 > .kt-inside-inner-col{column-gap:var(--global-kb-gap-sm, 1rem);}.kadence-column2447_41598f-03 > .kt-inside-inner-col{flex-direction:column;}.kadence-column2447_41598f-03 > .kt-inside-inner-col > .aligncenter{width:100%;}.kadence-column2447_41598f-03 > .kt-inside-inner-col:before{opacity:0.3;}.kadence-column2447_41598f-03{position:relative;}@media all and (max-width: 1024px){.kadence-column2447_41598f-03 > .kt-inside-inner-col{flex-direction:column;justify-content:center;}}@media all and (max-width: 767px){.kadence-column2447_41598f-03 > .kt-inside-inner-col{flex-direction:column;justify-content:center;}}<\/style>\n<div class=\"wp-block-kadence-column kadence-column2447_41598f-03\"><div class=\"kt-inside-inner-col\"><style>.wp-block-kadence-advancedbtn.kb-btns2447_9aa040-02{gap:var(--global-kb-gap-xs, 0.5rem );justify-content:flex-start;align-items:center;}.kt-btns2447_9aa040-02 .kt-button{font-weight:normal;font-style:normal;}.kt-btns2447_9aa040-02 .kt-btn-wrap-0{margin-right:5px;}.wp-block-kadence-advancedbtn.kt-btns2447_9aa040-02 .kt-btn-wrap-0 .kt-button{color:#555555;border-color:#555555;}.wp-block-kadence-advancedbtn.kt-btns2447_9aa040-02 .kt-btn-wrap-0 .kt-button:hover, .wp-block-kadence-advancedbtn.kt-btns2447_9aa040-02 .kt-btn-wrap-0 .kt-button:focus{color:#ffffff;border-color:#444444;}.wp-block-kadence-advancedbtn.kt-btns2447_9aa040-02 .kt-btn-wrap-0 .kt-button::before{display:none;}.wp-block-kadence-advancedbtn.kt-btns2447_9aa040-02 .kt-btn-wrap-0 .kt-button:hover, .wp-block-kadence-advancedbtn.kt-btns2447_9aa040-02 .kt-btn-wrap-0 .kt-button:focus{background:#444444;}<\/style>\n<div class=\"wp-block-kadence-advancedbtn kb-buttons-wrap kb-btns2447_9aa040-02\"><style>ul.menu .wp-block-kadence-advancedbtn .kb-btn2447_8c9214-e7.kb-button{width:initial;}.wp-block-kadence-advancedbtn .kb-btn2447_8c9214-e7.kb-button{background:var(--global-palette1, #3182CE);font-family:-apple-system,BlinkMacSystemFont,\"Segoe UI\",Roboto,Oxygen-Sans,Ubuntu,Cantarell,\"Helvetica Neue\",sans-serif, \"Apple Color Emoji\", \"Segoe UI Emoji\", \"Segoe UI Symbol\";border-top-left-radius:8px;border-top-right-radius:8px;border-bottom-right-radius:8px;border-bottom-left-radius:8px;padding-top:14px;padding-right:30px;padding-bottom:14px;padding-left:30px;}.wp-block-kadence-advancedbtn .kb-btn2447_8c9214-e7.kb-button:hover, .wp-block-kadence-advancedbtn .kb-btn2447_8c9214-e7.kb-button:focus{background:var(--global-palette2, #2B6CB0);}<\/style><a class=\"kb-button kt-button button kb-btn2447_8c9214-e7 kt-btn-size-small kt-btn-width-type-auto kb-btn-global-fill  kt-btn-has-text-true kt-btn-has-svg-true  wp-block-kadence-singlebtn\" href=\"https:\/\/onlinestandart.com\/de\/kontakt\/\"><span class=\"kt-btn-inner-text\">DOKUMENT ANFORDERN<\/span><span class=\"kb-svg-icon-wrap kb-svg-icon-fe_arrowRightCircle kt-btn-icon-side-right\"><svg viewBox=\"0 0 24 24\"  fill=\"none\" stroke=\"currentColor\" stroke-width=\"2\" stroke-linecap=\"round\" stroke-linejoin=\"round\" xmlns=\"http:\/\/www.w3.org\/2000\/svg\"  aria-hidden=\"true\"><circle cx=\"12\" cy=\"12\" r=\"10\"\/><polyline points=\"12 16 16 12 12 8\"\/><line x1=\"8\" y1=\"12\" x2=\"16\" y2=\"12\"\/><\/svg><\/span><\/a><\/div>\n<\/div><\/div>\n\n<\/div><\/div>\n<p><\/p>\n\n<p>Diese Dienste werden h\u00e4ufig von Fachleuten, Ingenieuren, Qualit\u00e4tskontrolleuren und \u00e4hnlichen Personen genutzt, die in industriellen und technischen Bereichen arbeiten. Der Zugang zu Standards spielt eine wichtige Rolle in Bereichen wie Produktdesign, Herstellungsprozess, Qualit\u00e4tskontrolle und Compliance. Bei den Anbietern dieser Dienste handelt es sich h\u00e4ufig um nationale oder internationale Normungsorganisationen, Verlage oder Online-Plattformen.<\/p>\n\n<h2 class=\"wp-block-heading\"><strong><strong><strong>Wie k\u00f6nnen Sie das gesuchte Dokument am einfachsten erreichen?<\/strong><\/strong><\/strong><\/h2>\n\n<p><a href=\"https:\/\/onlinestandart.com\/de\/kontakt\/\" target=\"_blank\" rel=\"noreferrer noopener\">Sie k\u00f6nnen<\/a> sich an uns wenden, um die von Ihnen ben\u00f6tigten Standards und Ver\u00f6ffentlichungen zu finden.<\/p>\n\n<p>Senden Sie uns einfach die Nummer oder den Titel des Dokuments oder eine Liste der f\u00fcr Ihr Projekt erforderlichen Unterlagen.<\/p>\n\n<p>Unsere Berater werden sich noch in derselben Woche bei Ihnen melden und Ihnen die ben\u00f6tigten Unterlagen zur Verf\u00fcgung stellen.<\/p>\n\n<p>Alles, was Sie tun m\u00fcssen, ist, sich f\u00fcr Ihr individuelles Dokumentenformat zu entscheiden und es an uns zu senden.  <strong>Die Formatoptionen, die das Dokument zul\u00e4sst, werden in dem Angebot enthalten sein, das wir Ihnen unterbreiten werden.<\/strong><\/p>\n\n<p><strong>Gedruckt:<\/strong> Eine gedruckte Kopie des von Ihnen ausgew\u00e4hlten Dokuments wird \u00fcbermittelt.<\/p>\n\n<p><strong>PDF:<\/strong> Eine gesperrte PDF-Datei wird per E-Mail weitergegeben.<\/p>\n\n<p><strong>CD-ROM \/ DVD<\/strong>: Viele der beliebtesten Einzelstandards und Standards\u00e4tze sind auf diesem Medium verf\u00fcgbar und k\u00f6nnen gegen einen geringen Aufpreis in Ihrem internen Firmennetzwerk installiert werden.<\/p>\n\n<p><strong>RAP (Remote Access Printing) PDF<\/strong>: Sie k\u00f6nnen unsere patentierte Liefermethode nutzen, die Ihnen gedruckte Dokumente sofort und ohne Versandkosten liefert. Sie erhalten eine spezielle PDF-Datei, die Sie an Ihrem Standort ausdrucken k\u00f6nnen. Sie k\u00f6nnen so viele Exemplare drucken, wie Sie von dieser Datei bestellen. Jedes Exemplar ist offiziell lizenziert und vom Verlag genehmigt.<\/p>\n\n<h3 class=\"wp-block-heading\"><strong>Unser Unterscheidungsmerkmal<\/strong><\/h3>\n\n<ul class=\"wp-block-list\">\n<li>Wir bieten Ihnen die M\u00f6glichkeit eines <strong>lizenzierten digitalen Abonnements oder einer gedruckten Einzeldokumentation<\/strong>.<\/li>\n\n\n\n<li>Wir k\u00f6nnen Ihr Unternehmen <strong>direkt in Rechnung stellen<\/strong>.<\/li>\n\n\n\n<li>Wir k\u00f6nnen Ihnen mit <strong>flexiblen Zahlungsoptionen<\/strong> helfen, Ihr Budget zu verwalten.<\/li>\n\n\n\n<li>Mit unserem Expertenteam k\u00f6nnen wir Sie <strong>schnell und zuverl\u00e4ssig<\/strong> beraten.<\/li>\n<\/ul>\n\n<h2 class=\"wp-block-heading\">Wie k\u00f6nnen wir Ihnen behilflich sein?<\/h2>\n\n<p><strong>Online Standard<\/strong> ist Ihr zuverl\u00e4ssigster und schnellster L\u00f6sungspartner f\u00fcr den Zugriff auf technische Dokumente und Ver\u00f6ffentlichungen, Richtlinien und Normen.<\/p>\n\n<p><a href=\"https:\/\/onlinestandart.com\/de\/kontakt\/\" target=\"_blank\" rel=\"noreferrer noopener\">Wenn Sie Kontakt<\/a> mit uns aufnehmen, erhalten Sie Zugriff auf alle ben\u00f6tigten Unterlagen.<\/p>\n\n<ul class=\"wp-block-list\">\n<li>Gedruckte oder digitale <a href=\"https:\/\/onlinestandart.com\/de\/individueller-gedruckter-oder-digitaler-standardbereitstellungsservice\/\" target=\"_blank\" rel=\"noreferrer noopener\">individuelle Dokumentation<\/a><\/li>\n\n\n\n<li><a href=\"https:\/\/onlinestandart.com\/de\/standard-abholbereitstellungsservice\/\" target=\"_blank\" rel=\"noreferrer noopener\">Dokumentensammlung speziell f\u00fcr<\/a> Ihre Abteilung oder Ihr Projekt<\/li>\n\n\n\n<li>Ma\u00dfgeschneiderte <a href=\"https:\/\/onlinestandart.com\/de\/online-loesungen-fuer-standarddokumente\/\" target=\"_blank\" rel=\"noreferrer noopener\">Dokumentationsl\u00f6sungen<\/a> f\u00fcr Ihr Unternehmen<\/li>\n<\/ul>\n\n<p><strong>Dank unserer wertvollen Kooperationen k\u00f6nnen wir Ihnen die Dokumentation anbieten, die Sie durch die Recherche in mehr als 500 Quellen in digitaler oder gedruckter Form erhalten k\u00f6nnen.<\/strong><\/p>\n\n<p>Durch unsere Partnerschaften mit <a href=\"https:\/\/onlinestandart.com\/de\/amerikanisches-petroleum-institut-api\/\" target=\"_blank\" rel=\"noreferrer noopener\">API<\/a>, <a href=\"https:\/\/onlinestandart.com\/de\/die-amerikanische-gesellschaft-der-ingenieure-fuer-heizung-kuehlung-und-klimatisierung-ashrae\/\" target=\"_blank\" rel=\"noreferrer noopener\">ASHRAE<\/a>, <a href=\"https:\/\/onlinestandart.com\/de\/amerikanische-gesellschaft-der-maschinenbauingenieure-asme\/\" target=\"_blank\" rel=\"noreferrer noopener\">ASME<\/a>, <a href=\"https:\/\/onlinestandart.com\/de\/astm-international\/\" target=\"_blank\" rel=\"noreferrer noopener\">ASTM<\/a>, <a href=\"https:\/\/onlinestandart.com\/de\/britisches-normungsinstitut-bsi\/\" target=\"_blank\" rel=\"noreferrer noopener\">BSI<\/a>, <a href=\"https:\/\/onlinestandart.com\/de\/internationale-elektrotechnische-kommission\/\" target=\"_blank\" rel=\"noreferrer noopener\">IEC<\/a>, <a href=\"https:\/\/onlinestandart.com\/ieee-standart\/\" target=\"_blank\" rel=\"noreferrer noopener\">IEEE<\/a>, <a href=\"https:\/\/onlinestandart.com.tr\/iso\/\" target=\"_blank\" rel=\"noreferrer noopener\">ISO<\/a>, <a href=\"https:\/\/onlinestandart.com\/de\/sae-international\/\" target=\"_blank\" rel=\"noreferrer noopener\">SAE<\/a> und Hunderten von anderen Normungsgremien k\u00f6nnen wir Ihnen Zeit und Ressourcen sparen, indem wir Ihnen schnellen Zugriff auf genaue und zuverl\u00e4ssige Informationen bieten.<\/p>\n","protected":false},"excerpt":{"rendered":"<p>Was ist ein digitaler oder gedruckter Standardbereitstellungsdienst? Ein individueller Druck- oder digitaler Standardisierungsdienst ist ein Dienst, der Einzelpersonen oder Organisationen im Allgemeinen Zugang zu Dokumenten verschafft, die bestimmten Standards entsprechen. Dieser Service kann im Allgemeinen auf folgende Weise erbracht werden: Diese Dienste werden h\u00e4ufig von Fachleuten, Ingenieuren, Qualit\u00e4tskontrolleuren und \u00e4hnlichen Personen genutzt, die in industriellen&#8230;<\/p>\n","protected":false},"author":1,"featured_media":0,"parent":0,"menu_order":0,"comment_status":"closed","ping_status":"closed","template":"","meta":{"_kad_blocks_custom_css":"","_kad_blocks_head_custom_js":"","_kad_blocks_body_custom_js":"","_kad_blocks_footer_custom_js":"","_kad_post_transparent":"","_kad_post_title":"","_kad_post_layout":"","_kad_post_sidebar_id":"","_kad_post_content_style":"","_kad_post_vertical_padding":"","_kad_post_feature":"","_kad_post_feature_position":"","_kad_post_header":false,"_kad_post_footer":false,"_kad_post_classname":"","footnotes":""},"categories":[],"tags":[],"class_list":["post-3230","page","type-page","status-publish","hentry"],"taxonomy_info":[],"featured_image_src_large":false,"author_info":{"display_name":"Online Standart","author_link":"https:\/\/onlinestandart.com\/de\/author\/online-standart\/"},"comment_info":0,"_links":{"self":[{"href":"https:\/\/onlinestandart.com\/de\/wp-json\/wp\/v2\/pages\/3230","targetHints":{"allow":["GET"]}}],"collection":[{"href":"https:\/\/onlinestandart.com\/de\/wp-json\/wp\/v2\/pages"}],"about":[{"href":"https:\/\/onlinestandart.com\/de\/wp-json\/wp\/v2\/types\/page"}],"author":[{"embeddable":true,"href":"https:\/\/onlinestandart.com\/de\/wp-json\/wp\/v2\/users\/1"}],"replies":[{"embeddable":true,"href":"https:\/\/onlinestandart.com\/de\/wp-json\/wp\/v2\/comments?post=3230"}],"version-history":[{"count":0,"href":"https:\/\/onlinestandart.com\/de\/wp-json\/wp\/v2\/pages\/3230\/revisions"}],"wp:attachment":[{"href":"https:\/\/onlinestandart.com\/de\/wp-json\/wp\/v2\/media?parent=3230"}],"wp:term":[{"taxonomy":"category","embeddable":true,"href":"https:\/\/onlinestandart.com\/de\/wp-json\/wp\/v2\/categories?post=3230"},{"taxonomy":"post_tag","embeddable":true,"href":"https:\/\/onlinestandart.com\/de\/wp-json\/wp\/v2\/tags?post=3230"}],"curies":[{"name":"wp","href":"https:\/\/api.w.org\/{rel}","templated":true}]}}