{"id":3231,"date":"2024-04-22T16:01:41","date_gmt":"2024-04-22T13:01:41","guid":{"rendered":"https:\/\/onlinestandart.com\/standard-abholbereitstellungsservice\/"},"modified":"2024-05-15T11:55:58","modified_gmt":"2024-05-15T08:55:58","slug":"standard-abholbereitstellungsservice","status":"publish","type":"page","link":"https:\/\/onlinestandart.com\/de\/standard-abholbereitstellungsservice\/","title":{"rendered":"Standard-Abholbereitstellungsservice"},"content":{"rendered":"\n<h2 class=\"wp-block-heading\"><strong>Was ist die spezialisierte Online-Sammlung von Standards?<\/strong><\/h2>\n\n<p>Der <strong>Online Standard Abholservice von Online Standard<\/strong> ist die flexibelste L\u00f6sung f\u00fcr Online-Standards, die es gibt. Wenn Sie Ihre eigene private Online-Bibliothek mit Codes, Standards und Publikationen erstellen, k\u00f6nnen Sie \u00fcber diese branchenf\u00fchrende Plattform auf Ihre eigene Bibliothek zugreifen.<\/p>\n<style>.kb-row-layout-id2454_e5e511-02 > .kt-row-column-wrap{align-content:start;}:where(.kb-row-layout-id2454_e5e511-02 > .kt-row-column-wrap) > .wp-block-kadence-column{justify-content:start;}.kb-row-layout-id2454_e5e511-02 > .kt-row-column-wrap{column-gap:var(--global-kb-gap-md, 2rem);row-gap:var(--global-kb-gap-md, 2rem);grid-template-columns:minmax(0, 1fr);}.kb-row-layout-id2454_e5e511-02 > .kt-row-layout-overlay{opacity:0.30;}@media all and (max-width: 1024px){.kb-row-layout-id2454_e5e511-02 > .kt-row-column-wrap{grid-template-columns:minmax(0, 1fr);}}@media all and (max-width: 767px){.kb-row-layout-id2454_e5e511-02 > .kt-row-column-wrap{grid-template-columns:minmax(0, 1fr);}}<\/style><div class=\"kb-row-layout-wrap kb-row-layout-id2454_e5e511-02 alignnone wp-block-kadence-rowlayout\"><div class=\"kt-row-column-wrap kt-has-1-columns kt-row-layout-equal kt-tab-layout-inherit kt-mobile-layout-row kt-row-valign-top\">\n<style>.kadence-column2454_e3fcab-47 > .kt-inside-inner-col,.kadence-column2454_e3fcab-47 > .kt-inside-inner-col:before{border-top-left-radius:0px;border-top-right-radius:0px;border-bottom-right-radius:0px;border-bottom-left-radius:0px;}.kadence-column2454_e3fcab-47 > .kt-inside-inner-col{column-gap:var(--global-kb-gap-sm, 1rem);}.kadence-column2454_e3fcab-47 > .kt-inside-inner-col{flex-direction:column;}.kadence-column2454_e3fcab-47 > .kt-inside-inner-col > .aligncenter{width:100%;}.kadence-column2454_e3fcab-47 > .kt-inside-inner-col:before{opacity:0.3;}.kadence-column2454_e3fcab-47{position:relative;}@media all and (max-width: 1024px){.kadence-column2454_e3fcab-47 > .kt-inside-inner-col{flex-direction:column;justify-content:center;}}@media all and (max-width: 767px){.kadence-column2454_e3fcab-47 > .kt-inside-inner-col{flex-direction:column;justify-content:center;}}<\/style>\n<div class=\"wp-block-kadence-column kadence-column2454_e3fcab-47\"><div class=\"kt-inside-inner-col\"><style>.wp-block-kadence-advancedbtn.kb-btns2454_33c4c5-46{gap:var(--global-kb-gap-xs, 0.5rem );justify-content:flex-start;align-items:center;}.kt-btns2454_33c4c5-46 .kt-button{font-weight:normal;font-style:normal;}.kt-btns2454_33c4c5-46 .kt-btn-wrap-0{margin-right:5px;}.wp-block-kadence-advancedbtn.kt-btns2454_33c4c5-46 .kt-btn-wrap-0 .kt-button{color:#555555;border-color:#555555;}.wp-block-kadence-advancedbtn.kt-btns2454_33c4c5-46 .kt-btn-wrap-0 .kt-button:hover, .wp-block-kadence-advancedbtn.kt-btns2454_33c4c5-46 .kt-btn-wrap-0 .kt-button:focus{color:#ffffff;border-color:#444444;}.wp-block-kadence-advancedbtn.kt-btns2454_33c4c5-46 .kt-btn-wrap-0 .kt-button::before{display:none;}.wp-block-kadence-advancedbtn.kt-btns2454_33c4c5-46 .kt-btn-wrap-0 .kt-button:hover, .wp-block-kadence-advancedbtn.kt-btns2454_33c4c5-46 .kt-btn-wrap-0 .kt-button:focus{background:#444444;}<\/style>\n<div class=\"wp-block-kadence-advancedbtn kb-buttons-wrap kb-btns2454_33c4c5-46\"><style>ul.menu .wp-block-kadence-advancedbtn .kb-btn2454_096893-1f.kb-button{width:initial;}.wp-block-kadence-advancedbtn .kb-btn2454_096893-1f.kb-button{background:var(--global-palette1, #3182CE);font-family:-apple-system,BlinkMacSystemFont,\"Segoe UI\",Roboto,Oxygen-Sans,Ubuntu,Cantarell,\"Helvetica Neue\",sans-serif, \"Apple Color Emoji\", \"Segoe UI Emoji\", \"Segoe UI Symbol\";border-top-left-radius:8px;border-top-right-radius:8px;border-bottom-right-radius:8px;border-bottom-left-radius:8px;padding-top:14px;padding-right:30px;padding-bottom:14px;padding-left:30px;}.wp-block-kadence-advancedbtn .kb-btn2454_096893-1f.kb-button:hover, .wp-block-kadence-advancedbtn .kb-btn2454_096893-1f.kb-button:focus{background:var(--global-palette2, #2B6CB0);}<\/style><a class=\"kb-button kt-button button kb-btn2454_096893-1f kt-btn-size-small kt-btn-width-type-auto kb-btn-global-fill  kt-btn-has-text-true kt-btn-has-svg-true  wp-block-kadence-singlebtn\" href=\"https:\/\/onlinestandart.com\/iletisim\"><span class=\"kt-btn-inner-text\">DOKUMENT ANFORDERN<\/span><span class=\"kb-svg-icon-wrap kb-svg-icon-fe_arrowRightCircle kt-btn-icon-side-right\"><svg viewBox=\"0 0 24 24\"  fill=\"none\" stroke=\"currentColor\" stroke-width=\"2\" stroke-linecap=\"round\" stroke-linejoin=\"round\" xmlns=\"http:\/\/www.w3.org\/2000\/svg\"  aria-hidden=\"true\"><circle cx=\"12\" cy=\"12\" r=\"10\"\/><polyline points=\"12 16 16 12 12 8\"\/><line x1=\"8\" y1=\"12\" x2=\"16\" y2=\"12\"\/><\/svg><\/span><\/a><\/div>\n<\/div><\/div>\n\n<\/div><\/div>\n<p><\/p>\n\n<p>Das Einzige, was Sie tun m\u00fcssen, um Ihre private Sammlung zu erstellen, ist, Ihre eigenen Standards zu w\u00e4hlen. Mit dieser Plattform, die Ihnen den Kauf von Bl\u00f6cken von 25, 50 oder 100 Dokumenten erspart, bieten wir Ihnen die M\u00f6glichkeit, aus unserem Katalog mit \u00fcber 800.000 Dokumenten von mehr als 370 Normenverlagen weltweit zu w\u00e4hlen.<\/p>\n\n<h2 class=\"wp-block-heading\"><strong><strong>Was ist der Vorteil der Online-Standardsammlung?<\/strong><\/strong><\/h2>\n\n<p>Mit der branchenf\u00fchrenden Online-Standardverwaltungssoftware;<\/p>\n\n<ul class=\"wp-block-list\">\n<li>erstellen Sie eine Bibliothek mit nur den Dokumenten, die Sie ben\u00f6tigen,<\/li>\n\n\n\n<li>Zugriff auf Ihre Sammlung von jedem Ort aus, an dem das Internet verf\u00fcgbar ist,<\/li>\n\n\n\n<li>die von Ihnen angegebenen Dokumentversionen zu abonnieren<\/li>\n\n\n\n<li>alle Updates w\u00e4hrend Ihres Abonnements ohne zus\u00e4tzliche Kosten erhalten<\/li>\n<\/ul>\n\n<p>bieten wir.<\/p>\n\n<p>Auch<\/p>\n\n<ul class=\"wp-block-list\">\n<li>Volltext-Suchfunktion,<\/li>\n\n\n\n<li>erweiterte Filteroptionen,<\/li>\n\n\n\n<li>pers\u00f6nliche Watchlists erstellen,<\/li>\n\n\n\n<li>Standardbenachrichtigungen \u00fcber Dokument\u00e4nderungen per E-Mail,<\/li>\n\n\n\n<li>Verfolgung von referenzierten Standardlisten<\/li>\n<\/ul>\n\n<p>Wir bieten Ihnen auch praktische Management-Tools wie<\/p>\n\n<h3 class=\"wp-block-heading\"><strong>Unser Unterscheidungsmerkmal<\/strong><\/h3>\n\n<ul class=\"wp-block-list\">\n<li>Wir bieten Ihnen die M\u00f6glichkeit eines <strong>lizenzierten digitalen Abonnements oder einer gedruckten Einzeldokumentation<\/strong>.<\/li>\n\n\n\n<li>Wir k\u00f6nnen Ihr Unternehmen <strong>direkt in Rechnung stellen<\/strong>.<\/li>\n\n\n\n<li>Wir k\u00f6nnen Ihnen mit <strong>flexiblen Zahlungsoptionen<\/strong> helfen, Ihr Budget zu verwalten.<\/li>\n\n\n\n<li>Mit unserem Expertenteam k\u00f6nnen wir Sie <strong>schnell und zuverl\u00e4ssig<\/strong> beraten.<\/li>\n<\/ul>\n\n<h2 class=\"wp-block-heading\"><strong><strong><strong>Wie k\u00f6nnen Sie das gesuchte Dokument am einfachsten erreichen?<\/strong><\/strong><\/strong><\/h2>\n\n<p>Sie k\u00f6nnen sich an uns wenden, um die von Ihnen ben\u00f6tigten Standards und Ver\u00f6ffentlichungen zu finden.<\/p>\n\n<p>Senden Sie uns einfach die Nummer oder den Titel des Dokuments oder eine Liste der f\u00fcr Ihr Projekt erforderlichen Unterlagen.<\/p>\n\n<p>Unsere Berater werden sich noch in derselben Woche bei Ihnen melden und Ihnen die ben\u00f6tigten Unterlagen zur Verf\u00fcgung stellen.<\/p>\n\n<p>Alles, was Sie tun m\u00fcssen, ist, sich f\u00fcr Ihr individuelles Dokumentenformat zu entscheiden und es an uns zu senden.  <strong>Die Formatoptionen, die das Dokument zul\u00e4sst, werden in dem Angebot enthalten sein, das wir Ihnen unterbreiten werden.<\/strong><\/p>\n\n<h2 class=\"wp-block-heading\">Wie k\u00f6nnen wir Ihnen behilflich sein?<\/h2>\n\n<p><strong>Online Standard<\/strong> ist Ihr zuverl\u00e4ssigster und schnellster L\u00f6sungspartner f\u00fcr den Zugriff auf technische Dokumente und Ver\u00f6ffentlichungen, Richtlinien und Normen.<\/p>\n\n<p><a href=\"https:\/\/onlinestandart.com\/iletisim\/\" target=\"_blank\" rel=\"noreferrer noopener\">Wenn Sie sich mit<\/a> uns in <a href=\"https:\/\/onlinestandart.com\/iletisim\/\" target=\"_blank\" rel=\"noreferrer noopener\">Verbindung setzen<\/a>, erhalten Sie auch Zugang zu allen Unterlagen, die Sie ben\u00f6tigen.<\/p>\n\n<ul class=\"wp-block-list\">\n<li>Gedruckte oder digitale <a href=\"https:\/\/onlinestandart.com\/de\/individueller-gedruckter-oder-digitaler-standardbereitstellungsservice\/\" target=\"_blank\" rel=\"noreferrer noopener\">individuelle Dokumentation<\/a><\/li>\n\n\n\n<li><a href=\"https:\/\/onlinestandart.com\/de\/standard-abholbereitstellungsservice\/\" target=\"_blank\" rel=\"noreferrer noopener\">Dokumentensammlung speziell f\u00fcr<\/a> Ihre Abteilung oder Ihr Projekt<\/li>\n\n\n\n<li>Ma\u00dfgeschneiderte <a href=\"https:\/\/onlinestandart.com\/de\/online-loesungen-fuer-standarddokumente\/\" target=\"_blank\" rel=\"noreferrer noopener\">Dokumentationsl\u00f6sungen<\/a> f\u00fcr Ihr Unternehmen<\/li>\n<\/ul>\n\n<p><strong>Dank unserer wertvollen Kooperationen k\u00f6nnen wir Ihnen die Dokumentation anbieten, die Sie durch die Recherche in mehr als 500 Quellen in digitaler oder gedruckter Form erhalten k\u00f6nnen.<\/strong><\/p>\n\n<p>Durch unsere Partnerschaften mit <a href=\"https:\/\/onlinestandart.com\/american-petroleum-institute\/\" target=\"_blank\" rel=\"noreferrer noopener\">API<\/a>, <a href=\"https:\/\/onlinestandart.com\/ashrae\/\" target=\"_blank\" rel=\"noreferrer noopener\">ASHRAE<\/a>, <a href=\"https:\/\/onlinestandart.com\/asme-international\/\" target=\"_blank\" rel=\"noreferrer noopener\">ASME<\/a>, <a href=\"https:\/\/onlinestandart.com\/astm-international\/\" target=\"_blank\" rel=\"noreferrer noopener\">ASTM<\/a>, <a href=\"https:\/\/onlinestandart.com\/de\/britisches-normungsinstitut-bsi\/\" target=\"_blank\" rel=\"noreferrer noopener\">BSI<\/a>, <a href=\"https:\/\/onlinestandart.com\/iec\/\" target=\"_blank\" rel=\"noreferrer noopener\">IEC<\/a>, <a href=\"https:\/\/onlinestandart.com\/de\/elektro-und-elektronikingenieure-inc-ieee\/\" target=\"_blank\" rel=\"noreferrer noopener\">IEEE<\/a>, <a href=\"https:\/\/onlinestandart.com.tr\/iso\/\" target=\"_blank\" rel=\"noreferrer noopener\">ISO<\/a>, <a href=\"https:\/\/onlinestandart.com\/sae-international\/\" target=\"_blank\" rel=\"noreferrer noopener\">SAE<\/a> und Hunderten von Standardisierungsgremien  <\/p>\n","protected":false},"excerpt":{"rendered":"<p>Was ist die spezialisierte Online-Sammlung von Standards? Der Online Standard Abholservice von Online Standard ist die flexibelste L\u00f6sung f\u00fcr Online-Standards, die es gibt. Wenn Sie Ihre eigene private Online-Bibliothek mit Codes, Standards und Publikationen erstellen, k\u00f6nnen Sie \u00fcber diese branchenf\u00fchrende Plattform auf Ihre eigene Bibliothek zugreifen. Das Einzige, was Sie tun m\u00fcssen, um Ihre private&#8230;<\/p>\n","protected":false},"author":1,"featured_media":0,"parent":0,"menu_order":0,"comment_status":"closed","ping_status":"closed","template":"","meta":{"_kad_blocks_custom_css":"","_kad_blocks_head_custom_js":"","_kad_blocks_body_custom_js":"","_kad_blocks_footer_custom_js":"","_kad_post_transparent":"","_kad_post_title":"","_kad_post_layout":"","_kad_post_sidebar_id":"","_kad_post_content_style":"","_kad_post_vertical_padding":"","_kad_post_feature":"","_kad_post_feature_position":"","_kad_post_header":false,"_kad_post_footer":false,"_kad_post_classname":"","footnotes":""},"categories":[],"tags":[],"class_list":["post-3231","page","type-page","status-publish","hentry"],"taxonomy_info":[],"featured_image_src_large":false,"author_info":{"display_name":"Online Standart","author_link":"https:\/\/onlinestandart.com\/de\/author\/online-standart\/"},"comment_info":0,"_links":{"self":[{"href":"https:\/\/onlinestandart.com\/de\/wp-json\/wp\/v2\/pages\/3231","targetHints":{"allow":["GET"]}}],"collection":[{"href":"https:\/\/onlinestandart.com\/de\/wp-json\/wp\/v2\/pages"}],"about":[{"href":"https:\/\/onlinestandart.com\/de\/wp-json\/wp\/v2\/types\/page"}],"author":[{"embeddable":true,"href":"https:\/\/onlinestandart.com\/de\/wp-json\/wp\/v2\/users\/1"}],"replies":[{"embeddable":true,"href":"https:\/\/onlinestandart.com\/de\/wp-json\/wp\/v2\/comments?post=3231"}],"version-history":[{"count":0,"href":"https:\/\/onlinestandart.com\/de\/wp-json\/wp\/v2\/pages\/3231\/revisions"}],"wp:attachment":[{"href":"https:\/\/onlinestandart.com\/de\/wp-json\/wp\/v2\/media?parent=3231"}],"wp:term":[{"taxonomy":"category","embeddable":true,"href":"https:\/\/onlinestandart.com\/de\/wp-json\/wp\/v2\/categories?post=3231"},{"taxonomy":"post_tag","embeddable":true,"href":"https:\/\/onlinestandart.com\/de\/wp-json\/wp\/v2\/tags?post=3231"}],"curies":[{"name":"wp","href":"https:\/\/api.w.org\/{rel}","templated":true}]}}