{"id":3232,"date":"2024-04-22T16:13:10","date_gmt":"2024-04-22T13:13:10","guid":{"rendered":"https:\/\/onlinestandart.com\/online-loesungen-fuer-standarddokumente\/"},"modified":"2024-05-15T11:55:57","modified_gmt":"2024-05-15T08:55:57","slug":"online-loesungen-fuer-standarddokumente","status":"publish","type":"page","link":"https:\/\/onlinestandart.com\/de\/online-loesungen-fuer-standarddokumente\/","title":{"rendered":"Online-L\u00f6sungen f\u00fcr Standarddokumente"},"content":{"rendered":"\n<h2 class=\"wp-block-heading\"><strong><strong>Was ist die Online-Standards-L\u00f6sung?<\/strong><\/strong><\/h2>\n\n<p><strong>Online-Standard Die Online-Standardisierungsl\u00f6sung<\/strong> ist unsere umfassendste L\u00f6sung f\u00fcr alle Ihre Anforderungen an Standards. Sie k\u00f6nnen den Bedarf an Standards, die h\u00e4ufig von mehr als einer Abteilung in Ihrem Unternehmen erstellt werden, mit <strong>unserem L\u00f6sungsmodell<\/strong> <strong>f\u00fcr Online-Standards<\/strong> decken, und Sie k\u00f6nnen online auf alle Inhaltsgruppen von Verlagen oder sektorspezifische Zusammenstellungen zugreifen, die von unseren Experten erstellt wurden.<\/p>\n<style>.kb-row-layout-id2457_cb612f-84 > .kt-row-column-wrap{align-content:start;}:where(.kb-row-layout-id2457_cb612f-84 > .kt-row-column-wrap) > .wp-block-kadence-column{justify-content:start;}.kb-row-layout-id2457_cb612f-84 > .kt-row-column-wrap{column-gap:var(--global-kb-gap-md, 2rem);row-gap:var(--global-kb-gap-md, 2rem);grid-template-columns:minmax(0, 1fr);}.kb-row-layout-id2457_cb612f-84 > .kt-row-layout-overlay{opacity:0.30;}@media all and (max-width: 1024px){.kb-row-layout-id2457_cb612f-84 > .kt-row-column-wrap{grid-template-columns:minmax(0, 1fr);}}@media all and (max-width: 767px){.kb-row-layout-id2457_cb612f-84 > .kt-row-column-wrap{grid-template-columns:minmax(0, 1fr);}}<\/style><div class=\"kb-row-layout-wrap kb-row-layout-id2457_cb612f-84 alignnone wp-block-kadence-rowlayout\"><div class=\"kt-row-column-wrap kt-has-1-columns kt-row-layout-equal kt-tab-layout-inherit kt-mobile-layout-row kt-row-valign-top\">\n<style>.kadence-column2457_a06e7d-e8 > .kt-inside-inner-col,.kadence-column2457_a06e7d-e8 > .kt-inside-inner-col:before{border-top-left-radius:0px;border-top-right-radius:0px;border-bottom-right-radius:0px;border-bottom-left-radius:0px;}.kadence-column2457_a06e7d-e8 > .kt-inside-inner-col{column-gap:var(--global-kb-gap-sm, 1rem);}.kadence-column2457_a06e7d-e8 > .kt-inside-inner-col{flex-direction:column;}.kadence-column2457_a06e7d-e8 > .kt-inside-inner-col > .aligncenter{width:100%;}.kadence-column2457_a06e7d-e8 > .kt-inside-inner-col:before{opacity:0.3;}.kadence-column2457_a06e7d-e8{position:relative;}@media all and (max-width: 1024px){.kadence-column2457_a06e7d-e8 > .kt-inside-inner-col{flex-direction:column;justify-content:center;}}@media all and (max-width: 767px){.kadence-column2457_a06e7d-e8 > .kt-inside-inner-col{flex-direction:column;justify-content:center;}}<\/style>\n<div class=\"wp-block-kadence-column kadence-column2457_a06e7d-e8\"><div class=\"kt-inside-inner-col\"><style>.wp-block-kadence-advancedbtn.kb-btns2457_605786-55{gap:var(--global-kb-gap-xs, 0.5rem );justify-content:flex-start;align-items:center;}.kt-btns2457_605786-55 .kt-button{font-weight:normal;font-style:normal;}.kt-btns2457_605786-55 .kt-btn-wrap-0{margin-right:5px;}.wp-block-kadence-advancedbtn.kt-btns2457_605786-55 .kt-btn-wrap-0 .kt-button{color:#555555;border-color:#555555;}.wp-block-kadence-advancedbtn.kt-btns2457_605786-55 .kt-btn-wrap-0 .kt-button:hover, .wp-block-kadence-advancedbtn.kt-btns2457_605786-55 .kt-btn-wrap-0 .kt-button:focus{color:#ffffff;border-color:#444444;}.wp-block-kadence-advancedbtn.kt-btns2457_605786-55 .kt-btn-wrap-0 .kt-button::before{display:none;}.wp-block-kadence-advancedbtn.kt-btns2457_605786-55 .kt-btn-wrap-0 .kt-button:hover, .wp-block-kadence-advancedbtn.kt-btns2457_605786-55 .kt-btn-wrap-0 .kt-button:focus{background:#444444;}<\/style>\n<div class=\"wp-block-kadence-advancedbtn kb-buttons-wrap kb-btns2457_605786-55\"><style>ul.menu .wp-block-kadence-advancedbtn .kb-btn2457_04063e-42.kb-button{width:initial;}.wp-block-kadence-advancedbtn .kb-btn2457_04063e-42.kb-button{background:var(--global-palette1, #3182CE);font-family:-apple-system,BlinkMacSystemFont,\"Segoe UI\",Roboto,Oxygen-Sans,Ubuntu,Cantarell,\"Helvetica Neue\",sans-serif, \"Apple Color Emoji\", \"Segoe UI Emoji\", \"Segoe UI Symbol\";border-top-left-radius:8px;border-top-right-radius:8px;border-bottom-right-radius:8px;border-bottom-left-radius:8px;padding-top:14px;padding-right:30px;padding-bottom:14px;padding-left:30px;}.wp-block-kadence-advancedbtn .kb-btn2457_04063e-42.kb-button:hover, .wp-block-kadence-advancedbtn .kb-btn2457_04063e-42.kb-button:focus{background:var(--global-palette2, #2B6CB0);}<\/style><a class=\"kb-button kt-button button kb-btn2457_04063e-42 kt-btn-size-small kt-btn-width-type-auto kb-btn-global-fill  kt-btn-has-text-true kt-btn-has-svg-true  wp-block-kadence-singlebtn\" href=\"https:\/\/onlinestandart.com\/iletisim\"><span class=\"kt-btn-inner-text\">DOKUMENT ANFORDERN<\/span><span class=\"kb-svg-icon-wrap kb-svg-icon-fe_arrowRightCircle kt-btn-icon-side-right\"><svg viewBox=\"0 0 24 24\"  fill=\"none\" stroke=\"currentColor\" stroke-width=\"2\" stroke-linecap=\"round\" stroke-linejoin=\"round\" xmlns=\"http:\/\/www.w3.org\/2000\/svg\"  aria-hidden=\"true\"><circle cx=\"12\" cy=\"12\" r=\"10\"\/><polyline points=\"12 16 16 12 12 8\"\/><line x1=\"8\" y1=\"12\" x2=\"16\" y2=\"12\"\/><\/svg><\/span><\/a><\/div>\n<\/div><\/div>\n\n<\/div><\/div>\n<p><\/p>\n\n<p>Mit <strong>unserer <\/strong>branchenf\u00fchrenden und benutzerfreundlichen <strong>Plattform zur Verwaltung von Standards <\/strong>k\u00f6nnen Ihr Team und alle relevanten Mitarbeiter online auf unsere umfassende Standarddatenbank zugreifen.<\/p>\n\n<h2 class=\"wp-block-heading\"><strong><strong><strong>Was ist der Vorteil einer Online-Standardisierungsl\u00f6sung?<\/strong><\/strong><\/strong><\/h2>\n\n<p>Sie k\u00f6nnen aus mehr als 1.000 Standards\u00e4tzen w\u00e4hlen.<\/p>\n\n<p>Zus\u00e4tzlich zu den vollst\u00e4ndigen Verlagsinhalten bietet es auch Zugang <strong>zu branchenspezifischen,<\/strong> von unseren Experten erstellten <strong>Sammlungen<\/strong>.<\/p>\n\n<p>Wenn Sie einen unserer Standards\u00e4tze abonnieren, erhalten Sie nicht nur Zugang zu den umfassendsten und aktuellsten Standardinhalten der Branche, sondern k\u00f6nnen auch alle Verwaltungstools der Standardarchiv-Plattform nutzen.<\/p>\n\n<h3 class=\"wp-block-heading\"><strong>Standard-Verwaltungstools der Archivierungsplattform;<\/strong><\/h3>\n\n<ul class=\"wp-block-list\">\n<li><strong>Volltext-Suchfunktion<\/strong> <\/li>\n\n\n\n<li>Option Erweiterte <strong>Filter<\/strong> <\/li>\n\n\n\n<li>Modul zur Erstellung pers\u00f6nlicher <strong>Beobachtungslisten<\/strong> <\/li>\n\n\n\n<li>Zugang zu Links zu den referenzierten Standards<\/li>\n<\/ul>\n\n<p>bei der Pr\u00e4sentation,<\/p>\n\n<ul class=\"wp-block-list\">\n<li><strong>Standardbenachrichtigungen bei<\/strong> <strong>Dokument\u00e4nderungen<\/strong> per E-Mail<\/li>\n\n\n\n<li>Nachverfolgung der referenzierten Standardlisten<\/li>\n\n\n\n<li>Durch die Erleichterung von K\u00e4ufen au\u00dferhalb der Sammlung<\/li>\n<\/ul>\n\n<p>bietet den praktischsten Zugang zu den zuverl\u00e4ssigsten Informationen der Welt.<\/p>\n\n<h3 class=\"wp-block-heading\"><strong>Unser Unterscheidungsmerkmal<\/strong><\/h3>\n\n<ul class=\"wp-block-list\">\n<li>Wir bieten Ihnen die M\u00f6glichkeit eines <strong>lizenzierten digitalen Abonnements oder einer gedruckten Einzeldokumentation<\/strong>.<\/li>\n\n\n\n<li>Wir k\u00f6nnen Ihr Unternehmen <strong>direkt in Rechnung stellen<\/strong>.<\/li>\n\n\n\n<li>Wir k\u00f6nnen Ihnen mit <strong>flexiblen Zahlungsoptionen<\/strong> helfen, Ihr Budget zu verwalten.<\/li>\n\n\n\n<li>Mit unserem Expertenteam k\u00f6nnen wir Sie <strong>schnell und zuverl\u00e4ssig<\/strong> beraten.<\/li>\n<\/ul>\n\n<h2 class=\"wp-block-heading\"><strong><strong><strong>Wie k\u00f6nnen Sie das gesuchte Dokument am einfachsten erreichen?<\/strong><\/strong><\/strong><\/h2>\n\n<p>Sie k\u00f6nnen sich an uns wenden, um die von Ihnen ben\u00f6tigten Standards und Ver\u00f6ffentlichungen zu finden.<\/p>\n\n<p>Senden Sie uns einfach die Nummer oder den Titel des Dokuments oder eine Liste der f\u00fcr Ihr Projekt erforderlichen Unterlagen.<\/p>\n\n<p>Unsere Berater werden sich noch in derselben Woche bei Ihnen melden und Ihnen die ben\u00f6tigten Unterlagen zur Verf\u00fcgung stellen.<\/p>\n\n<p>Alles, was Sie tun m\u00fcssen, ist, sich f\u00fcr Ihr individuelles Dokumentenformat zu entscheiden und es an uns zu senden.  <strong>Die Formatoptionen, die das Dokument zul\u00e4sst, werden in dem Angebot enthalten sein, das wir Ihnen unterbreiten werden.<\/strong><\/p>\n\n<h2 class=\"wp-block-heading\">Wie k\u00f6nnen wir Ihnen behilflich sein?<\/h2>\n\n<p><strong>Online Standard<\/strong> ist Ihr zuverl\u00e4ssigster und schnellster L\u00f6sungspartner f\u00fcr den Zugriff auf technische Dokumente und Ver\u00f6ffentlichungen, Richtlinien und Normen.<\/p>\n\n<p><a href=\"https:\/\/onlinestandart.com\/iletisim\/\" target=\"_blank\" rel=\"noreferrer noopener\">Wenn Sie sich mit<\/a> uns in <a href=\"https:\/\/onlinestandart.com\/iletisim\/\" target=\"_blank\" rel=\"noreferrer noopener\">Verbindung setzen<\/a>, erhalten Sie auch Zugang zu allen Unterlagen, die Sie ben\u00f6tigen.<\/p>\n\n<ul class=\"wp-block-list\">\n<li>Gedruckte oder digitale <a href=\"https:\/\/onlinestandart.com\/de\/individueller-gedruckter-oder-digitaler-standardbereitstellungsservice\/\" target=\"_blank\" rel=\"noreferrer noopener\">individuelle Dokumentation<\/a><\/li>\n\n\n\n<li><a href=\"https:\/\/onlinestandart.com\/de\/standard-abholbereitstellungsservice\/\" target=\"_blank\" rel=\"noreferrer noopener\">Dokumentensammlung speziell f\u00fcr<\/a> Ihre Abteilung oder Ihr Projekt<\/li>\n\n\n\n<li>Ma\u00dfgeschneiderte <a href=\"https:\/\/onlinestandart.com\/de\/online-loesungen-fuer-standarddokumente\/\" target=\"_blank\" rel=\"noreferrer noopener\">Dokumentationsl\u00f6sungen<\/a> f\u00fcr Ihr Unternehmen<\/li>\n<\/ul>\n\n<p><strong>Dank unserer wertvollen Kooperationen k\u00f6nnen wir Ihnen die Dokumentation, die Sie durch die Recherche in mehr als 500 Quellen erhalten, in digitaler oder gedruckter Form anbieten.<\/strong><\/p>\n\n<p>Durch unsere Partnerschaften mit <a href=\"https:\/\/onlinestandart.com\/american-petroleum-institute\/\" target=\"_blank\" rel=\"noreferrer noopener\">API<\/a>, <a href=\"https:\/\/onlinestandart.com\/ashrae\/\" target=\"_blank\" rel=\"noreferrer noopener\">ASHRAE<\/a>, <a href=\"https:\/\/onlinestandart.com\/asme-international\/\" target=\"_blank\" rel=\"noreferrer noopener\">ASME<\/a>, <a href=\"https:\/\/onlinestandart.com\/astm-international\/\" target=\"_blank\" rel=\"noreferrer noopener\">ASTM<\/a>, <a href=\"https:\/\/onlinestandart.com\/british-standards-institute\/\" target=\"_blank\" rel=\"noreferrer noopener\">BSI<\/a>, <a href=\"https:\/\/onlinestandart.com\/iec\/\" target=\"_blank\" rel=\"noreferrer noopener\">IEC<\/a>, <a href=\"https:\/\/onlinestandart.com\/de\/elektro-und-elektronikingenieure-inc-ieee\/\" target=\"_blank\" rel=\"noreferrer noopener\">IEEE<\/a>, <a href=\"https:\/\/onlinestandart.com.tr\/iso\/\" target=\"_blank\" rel=\"noreferrer noopener\">ISO<\/a>, <a href=\"https:\/\/onlinestandart.com\/sae-international\/\" target=\"_blank\" rel=\"noreferrer noopener\">SAE<\/a> und Hunderten von Standardisierungsgremien  <\/p>\n","protected":false},"excerpt":{"rendered":"<p>Was ist die Online-Standards-L\u00f6sung? Online-Standard Die Online-Standardisierungsl\u00f6sung ist unsere umfassendste L\u00f6sung f\u00fcr alle Ihre Anforderungen an Standards. Sie k\u00f6nnen den Bedarf an Standards, die h\u00e4ufig von mehr als einer Abteilung in Ihrem Unternehmen erstellt werden, mit unserem L\u00f6sungsmodell f\u00fcr Online-Standards decken, und Sie k\u00f6nnen online auf alle Inhaltsgruppen von Verlagen oder sektorspezifische Zusammenstellungen zugreifen, die&#8230;<\/p>\n","protected":false},"author":1,"featured_media":0,"parent":0,"menu_order":0,"comment_status":"closed","ping_status":"closed","template":"","meta":{"_kad_blocks_custom_css":"","_kad_blocks_head_custom_js":"","_kad_blocks_body_custom_js":"","_kad_blocks_footer_custom_js":"","_kad_post_transparent":"","_kad_post_title":"","_kad_post_layout":"","_kad_post_sidebar_id":"","_kad_post_content_style":"","_kad_post_vertical_padding":"","_kad_post_feature":"","_kad_post_feature_position":"","_kad_post_header":false,"_kad_post_footer":false,"_kad_post_classname":"","footnotes":""},"categories":[],"tags":[],"class_list":["post-3232","page","type-page","status-publish","hentry"],"taxonomy_info":[],"featured_image_src_large":false,"author_info":{"display_name":"Online Standart","author_link":"https:\/\/onlinestandart.com\/de\/author\/online-standart\/"},"comment_info":0,"_links":{"self":[{"href":"https:\/\/onlinestandart.com\/de\/wp-json\/wp\/v2\/pages\/3232","targetHints":{"allow":["GET"]}}],"collection":[{"href":"https:\/\/onlinestandart.com\/de\/wp-json\/wp\/v2\/pages"}],"about":[{"href":"https:\/\/onlinestandart.com\/de\/wp-json\/wp\/v2\/types\/page"}],"author":[{"embeddable":true,"href":"https:\/\/onlinestandart.com\/de\/wp-json\/wp\/v2\/users\/1"}],"replies":[{"embeddable":true,"href":"https:\/\/onlinestandart.com\/de\/wp-json\/wp\/v2\/comments?post=3232"}],"version-history":[{"count":0,"href":"https:\/\/onlinestandart.com\/de\/wp-json\/wp\/v2\/pages\/3232\/revisions"}],"wp:attachment":[{"href":"https:\/\/onlinestandart.com\/de\/wp-json\/wp\/v2\/media?parent=3232"}],"wp:term":[{"taxonomy":"category","embeddable":true,"href":"https:\/\/onlinestandart.com\/de\/wp-json\/wp\/v2\/categories?post=3232"},{"taxonomy":"post_tag","embeddable":true,"href":"https:\/\/onlinestandart.com\/de\/wp-json\/wp\/v2\/tags?post=3232"}],"curies":[{"name":"wp","href":"https:\/\/api.w.org\/{rel}","templated":true}]}}