{"id":3244,"date":"2024-04-22T14:46:07","date_gmt":"2024-04-22T11:46:07","guid":{"rendered":"https:\/\/onlinestandart.com\/britisches-normungsinstitut-bsi\/"},"modified":"2025-06-04T11:53:49","modified_gmt":"2025-06-04T08:53:49","slug":"britisches-normungsinstitut-bsi","status":"publish","type":"page","link":"https:\/\/onlinestandart.com\/de\/britisches-normungsinstitut-bsi\/","title":{"rendered":"Britisches Normungsinstitut (BSI)"},"content":{"rendered":"\n<h2 class=\"wp-block-heading\">Wof\u00fcr steht BSI?<\/h2>\n\n<p>British Standards Institution (BSI).<\/p>\n\n<h2 class=\"wp-block-heading\">Was sind BSI-Standards?<\/h2>\n\n<p>Die British Standards Institution (BSI) ist die nationale Normungsorganisation des Vereinigten K\u00f6nigreichs und entwickelt Normen und Standardisierungsl\u00f6sungen, um den Qualit\u00e4tsanforderungen von Wirtschaft und Gesellschaft gerecht zu werden. Der Online Standard arbeitet daran, die neuesten britischen Standards online zur Verf\u00fcgung zu stellen.<\/p>\n<style>.kb-row-layout-id2423_58ca12-f1 > .kt-row-column-wrap{align-content:start;}:where(.kb-row-layout-id2423_58ca12-f1 > .kt-row-column-wrap) > .wp-block-kadence-column{justify-content:start;}.kb-row-layout-id2423_58ca12-f1 > .kt-row-column-wrap{column-gap:var(--global-kb-gap-md, 2rem);row-gap:var(--global-kb-gap-md, 2rem);grid-template-columns:minmax(0, 1fr);}.kb-row-layout-id2423_58ca12-f1 > .kt-row-layout-overlay{opacity:0.30;}@media all and (max-width: 1024px){.kb-row-layout-id2423_58ca12-f1 > .kt-row-column-wrap{grid-template-columns:minmax(0, 1fr);}}@media all and (max-width: 767px){.kb-row-layout-id2423_58ca12-f1 > .kt-row-column-wrap{grid-template-columns:minmax(0, 1fr);}}<\/style><div class=\"kb-row-layout-wrap kb-row-layout-id2423_58ca12-f1 alignnone wp-block-kadence-rowlayout\"><div class=\"kt-row-column-wrap kt-has-1-columns kt-row-layout-equal kt-tab-layout-inherit kt-mobile-layout-row kt-row-valign-top\">\n<style>.kadence-column2423_cc47d0-f0 > .kt-inside-inner-col,.kadence-column2423_cc47d0-f0 > .kt-inside-inner-col:before{border-top-left-radius:0px;border-top-right-radius:0px;border-bottom-right-radius:0px;border-bottom-left-radius:0px;}.kadence-column2423_cc47d0-f0 > .kt-inside-inner-col{column-gap:var(--global-kb-gap-sm, 1rem);}.kadence-column2423_cc47d0-f0 > .kt-inside-inner-col{flex-direction:column;}.kadence-column2423_cc47d0-f0 > .kt-inside-inner-col > .aligncenter{width:100%;}.kadence-column2423_cc47d0-f0 > .kt-inside-inner-col:before{opacity:0.3;}.kadence-column2423_cc47d0-f0{position:relative;}@media all and (max-width: 1024px){.kadence-column2423_cc47d0-f0 > .kt-inside-inner-col{flex-direction:column;justify-content:center;}}@media all and (max-width: 767px){.kadence-column2423_cc47d0-f0 > .kt-inside-inner-col{flex-direction:column;justify-content:center;}}<\/style>\n<div class=\"wp-block-kadence-column kadence-column2423_cc47d0-f0\"><div class=\"kt-inside-inner-col\"><style>.wp-block-kadence-advancedbtn.kb-btns2423_48d8c2-98{gap:var(--global-kb-gap-xs, 0.5rem );justify-content:flex-start;align-items:center;}.kt-btns2423_48d8c2-98 .kt-button{font-weight:normal;font-style:normal;}.kt-btns2423_48d8c2-98 .kt-btn-wrap-0{margin-right:5px;}.wp-block-kadence-advancedbtn.kt-btns2423_48d8c2-98 .kt-btn-wrap-0 .kt-button{color:#555555;border-color:#555555;}.wp-block-kadence-advancedbtn.kt-btns2423_48d8c2-98 .kt-btn-wrap-0 .kt-button:hover, .wp-block-kadence-advancedbtn.kt-btns2423_48d8c2-98 .kt-btn-wrap-0 .kt-button:focus{color:#ffffff;border-color:#444444;}.wp-block-kadence-advancedbtn.kt-btns2423_48d8c2-98 .kt-btn-wrap-0 .kt-button::before{display:none;}.wp-block-kadence-advancedbtn.kt-btns2423_48d8c2-98 .kt-btn-wrap-0 .kt-button:hover, .wp-block-kadence-advancedbtn.kt-btns2423_48d8c2-98 .kt-btn-wrap-0 .kt-button:focus{background:#444444;}<\/style>\n<div class=\"wp-block-kadence-advancedbtn kb-buttons-wrap kb-btns2423_48d8c2-98\"><style>ul.menu .wp-block-kadence-advancedbtn .kb-btn2423_9404c3-c3.kb-button{width:initial;}.wp-block-kadence-advancedbtn .kb-btn2423_9404c3-c3.kb-button{background:var(--global-palette1, #3182CE);font-family:-apple-system,BlinkMacSystemFont,\"Segoe UI\",Roboto,Oxygen-Sans,Ubuntu,Cantarell,\"Helvetica Neue\",sans-serif, \"Apple Color Emoji\", \"Segoe UI Emoji\", \"Segoe UI Symbol\";border-top-left-radius:8px;border-top-right-radius:8px;border-bottom-right-radius:8px;border-bottom-left-radius:8px;padding-top:14px;padding-right:30px;padding-bottom:14px;padding-left:30px;}.wp-block-kadence-advancedbtn .kb-btn2423_9404c3-c3.kb-button:hover, .wp-block-kadence-advancedbtn .kb-btn2423_9404c3-c3.kb-button:focus{background:var(--global-palette2, #2B6CB0);}<\/style><a class=\"kb-button kt-button button kb-btn2423_9404c3-c3 kt-btn-size-small kt-btn-width-type-auto kb-btn-global-fill  kt-btn-has-text-true kt-btn-has-svg-true  wp-block-kadence-singlebtn\" href=\"https:\/\/onlinestandart.com\/de\/kontakt\/\"><span class=\"kt-btn-inner-text\">DOKUMENT ANFORDERN<\/span><span class=\"kb-svg-icon-wrap kb-svg-icon-fe_arrowRightCircle kt-btn-icon-side-right\"><svg viewBox=\"0 0 24 24\"  fill=\"none\" stroke=\"currentColor\" stroke-width=\"2\" stroke-linecap=\"round\" stroke-linejoin=\"round\" xmlns=\"http:\/\/www.w3.org\/2000\/svg\"  aria-hidden=\"true\"><circle cx=\"12\" cy=\"12\" r=\"10\"\/><polyline points=\"12 16 16 12 12 8\"\/><line x1=\"8\" y1=\"12\" x2=\"16\" y2=\"12\"\/><\/svg><\/span><\/a><\/div>\n<\/div><\/div>\n\n<\/div><\/div>\n<p><\/p>\n\n<p>BSI arbeitet mit Regierungen, Unternehmen und Verbrauchern zusammen, um die Erstellung und \u00dcberwachung britischer, europ\u00e4ischer und internationaler Standards zu erleichtern. Der Schwerpunkt liegt dabei auf dem Construction Information Service (CIS) und dem Health and Safety Information Service.<\/p>\n\n<h2 class=\"wp-block-heading\">Was k\u00f6nnen Sie mit BSI-Standards erreichen?<\/h2>\n\n<p>BSI Standards erm\u00f6glichen es Ihnen:<\/p>\n\n<ul class=\"wp-block-list\">\n<li><strong>Erh\u00f6ht die Produktion und die Produktsicherheit.<\/strong><\/li>\n\n\n\n<li><strong>Reduziert m\u00f6gliche Risiken.<\/strong><\/li>\n\n\n\n<li><strong>Es tr\u00e4gt dazu bei, die globalen Erwartungen zu erf\u00fcllen und die Dienstleistung und\/oder das Produkt auf dem Markt vorzuziehen.<\/strong><\/li>\n<\/ul>\n\n<figure class=\"wp-block-image size-large\"><a href=\"https:\/\/onlinestandart.com\/de\/standardsteuerung\/\" target=\"_blank\" rel=\"noreferrer noopener\"><img loading=\"lazy\" decoding=\"async\" width=\"1024\" height=\"341\" src=\"https:\/\/onlinestandart.com\/wp-content\/uploads\/2024\/09\/standart-kontrol-yatay-1024x341.webp\" alt=\"Standardsteuerung horizontal\" class=\"wp-image-5353\" srcset=\"https:\/\/onlinestandart.com\/wp-content\/uploads\/2024\/09\/standart-kontrol-yatay-1024x341.webp 1024w, https:\/\/onlinestandart.com\/wp-content\/uploads\/2024\/09\/standart-kontrol-yatay-300x100.webp 300w, https:\/\/onlinestandart.com\/wp-content\/uploads\/2024\/09\/standart-kontrol-yatay-768x256.webp 768w, https:\/\/onlinestandart.com\/wp-content\/uploads\/2024\/09\/standart-kontrol-yatay-1536x512.webp 1536w, https:\/\/onlinestandart.com\/wp-content\/uploads\/2024\/09\/standart-kontrol-yatay-2048x683.webp 2048w\" sizes=\"auto, (max-width: 1024px) 100vw, 1024px\" \/><\/a><\/figure>\n\n<h2 class=\"wp-block-heading\">Was ist der Zweck von BSI?<\/h2>\n\n<p>Als nationale britische Normungsorganisation vertritt BSI das britische Qualit\u00e4tsethos in allen europ\u00e4ischen und internationalen Normungsgremien und deren Aussch\u00fcssen.<\/p>\n\n<p>BSI ist weltweit als unparteiische, von Regierungen unabh\u00e4ngige Organisation anerkannt, die sowohl dem privaten als auch dem \u00f6ffentlichen Sektor dient. BSI arbeitet mit der Fertigungs- und Dienstleistungsindustrie, Unternehmen, Regierungen und Verbrauchern zusammen, um die Erstellung britischer, europ\u00e4ischer (einschlie\u00dflich harmonisierter) und internationaler Normen zu erleichtern.<\/p>\n\n<p>Britische Standards wurden von vielen L\u00e4ndern und internationalen Normungsorganisationen \u00fcbernommen. Diese Standards sind besonders wichtig f\u00fcr Exporteure und Importeure in den Bereichen Technik, Design, Einkauf, Produktion und Qualit\u00e4tsmanagement.<\/p>\n\n<p>Wenn Sie BSI-Standards \u00fcber Online Standard abonnieren, k\u00f6nnen Sie auf die offiziellen englischen Versionen von harmonisierten Normen, Richtlinien des neuen Konzepts und \u00e4hnlichen Rechtsvorschriften zugreifen. W\u00e4hrend also die Marktanteile Ihrer Dienstleistungen und Produkte, die die erwarteten Qualit\u00e4tsanforderungen erf\u00fcllen, steigen, wird auch Ihr Handelsvolumen zunehmen.<\/p>\n\n<p><strong>Erm\u00f6glicht es Ihnen, auf diesen M\u00e4rkten effektiver zu handeln, da Ihre Produkte die entsprechenden Anforderungen erf\u00fcllen<\/strong><\/p>\n\n<h2 class=\"wp-block-heading\">Wie k\u00f6nnen wir Ihnen behilflich sein?<\/h2>\n\n<p><strong>Online Standard<\/strong> ist Ihr zuverl\u00e4ssigster und schnellster L\u00f6sungspartner f\u00fcr den Zugriff auf technische Dokumente und Ver\u00f6ffentlichungen, Richtlinien und Normen.<\/p>\n\n<p>Wenn Sie sich mit uns in Verbindung setzen, haben Sie auch Zugang zu allen Unterlagen, die Sie ben\u00f6tigen.<\/p>\n\n<ul class=\"wp-block-list\">\n<li>Gedruckte oder digitale individuelle Dokumentation<\/li>\n\n\n\n<li>Dokumentensammlung speziell f\u00fcr Ihre Abteilung oder Ihr Projekt<\/li>\n\n\n\n<li>Ma\u00dfgeschneiderte Dokumentationsl\u00f6sungen f\u00fcr Ihr Unternehmen<\/li>\n<\/ul>\n\n<p><strong>Dank unserer wertvollen Kooperationen k\u00f6nnen wir Ihnen die Dokumentation anbieten, die Sie durch die Recherche in mehr als 500 Quellen in digitaler oder gedruckter Form erhalten k\u00f6nnen.<\/strong><\/p>\n\n<p>Dank unserer Partnerschaft mit <a href=\"https:\/\/onlinestandart.com\/de\/amerikanisches-petroleum-institut-api\/\" target=\"_blank\" rel=\"noreferrer noopener\">API<\/a> , <a href=\"https:\/\/onlinestandart.com\/de\/die-amerikanische-gesellschaft-der-ingenieure-fuer-heizung-kuehlung-und-klimatisierung-ashrae\/\" target=\"_blank\" rel=\"noreferrer noopener\">ASHRAE<\/a> , <a href=\"https:\/\/onlinestandart.com\/de\/amerikanische-gesellschaft-der-maschinenbauingenieure-asme\/\" target=\"_blank\" rel=\"noreferrer noopener\">ASME<\/a> , <a href=\"https:\/\/onlinestandart.com\/de\/astm-international\/\" target=\"_blank\" rel=\"noreferrer noopener\">ASTM<\/a> , <a href=\"https:\/\/onlinestandart.com\/de\/internationale-elektrotechnische-kommission\/\" target=\"_blank\" rel=\"noreferrer noopener\">IEC<\/a> , <a href=\"https:\/\/onlinestandart.com\/ieee-standart\/\" target=\"_blank\" rel=\"noreferrer noopener\">IEEE<\/a> , <a href=\"https:\/\/onlinestandart.com.tr\/iso\/\" target=\"_blank\" rel=\"noreferrer noopener\">ISO<\/a> , <a href=\"https:\/\/onlinestandart.com\/de\/sae-international\/\" target=\"_blank\" rel=\"noreferrer noopener\">SAE<\/a> und Hunderten von Standardisierungsorganisationen k\u00f6nnen wir Ihnen Zeit und Ressourcen sparen, indem wir Ihnen schnellen Zugriff auf genaue und zuverl\u00e4ssige Informationen bieten.<\/p>\n","protected":false},"excerpt":{"rendered":"<p>Wof\u00fcr steht BSI? British Standards Institution (BSI). Was sind BSI-Standards? Die British Standards Institution (BSI) ist die nationale Normungsorganisation des Vereinigten K\u00f6nigreichs und entwickelt Normen und Standardisierungsl\u00f6sungen, um den Qualit\u00e4tsanforderungen von Wirtschaft und Gesellschaft gerecht zu werden. Der Online Standard arbeitet daran, die neuesten britischen Standards online zur Verf\u00fcgung zu stellen. BSI arbeitet mit Regierungen,&#8230;<\/p>\n","protected":false},"author":1,"featured_media":0,"parent":0,"menu_order":0,"comment_status":"closed","ping_status":"closed","template":"","meta":{"_kad_blocks_custom_css":"","_kad_blocks_head_custom_js":"","_kad_blocks_body_custom_js":"","_kad_blocks_footer_custom_js":"","_kad_post_transparent":"","_kad_post_title":"","_kad_post_layout":"","_kad_post_sidebar_id":"","_kad_post_content_style":"","_kad_post_vertical_padding":"","_kad_post_feature":"","_kad_post_feature_position":"","_kad_post_header":false,"_kad_post_footer":false,"_kad_post_classname":"","footnotes":""},"categories":[62],"tags":[],"class_list":["post-3244","page","type-page","status-publish","hentry","category-normen"],"taxonomy_info":{"category":[{"value":62,"label":"Normen"}]},"featured_image_src_large":false,"author_info":{"display_name":"Online Standart","author_link":"https:\/\/onlinestandart.com\/de\/author\/online-standart\/"},"comment_info":0,"_links":{"self":[{"href":"https:\/\/onlinestandart.com\/de\/wp-json\/wp\/v2\/pages\/3244","targetHints":{"allow":["GET"]}}],"collection":[{"href":"https:\/\/onlinestandart.com\/de\/wp-json\/wp\/v2\/pages"}],"about":[{"href":"https:\/\/onlinestandart.com\/de\/wp-json\/wp\/v2\/types\/page"}],"author":[{"embeddable":true,"href":"https:\/\/onlinestandart.com\/de\/wp-json\/wp\/v2\/users\/1"}],"replies":[{"embeddable":true,"href":"https:\/\/onlinestandart.com\/de\/wp-json\/wp\/v2\/comments?post=3244"}],"version-history":[{"count":0,"href":"https:\/\/onlinestandart.com\/de\/wp-json\/wp\/v2\/pages\/3244\/revisions"}],"wp:attachment":[{"href":"https:\/\/onlinestandart.com\/de\/wp-json\/wp\/v2\/media?parent=3244"}],"wp:term":[{"taxonomy":"category","embeddable":true,"href":"https:\/\/onlinestandart.com\/de\/wp-json\/wp\/v2\/categories?post=3244"},{"taxonomy":"post_tag","embeddable":true,"href":"https:\/\/onlinestandart.com\/de\/wp-json\/wp\/v2\/tags?post=3244"}],"curies":[{"name":"wp","href":"https:\/\/api.w.org\/{rel}","templated":true}]}}