{"id":3254,"date":"2024-04-22T13:54:36","date_gmt":"2024-04-22T10:54:36","guid":{"rendered":"https:\/\/onlinestandart.com\/die-amerikanische-gesellschaft-der-ingenieure-fuer-heizung-kuehlung-und-klimatisierung-ashrae\/"},"modified":"2025-06-04T11:53:43","modified_gmt":"2025-06-04T08:53:43","slug":"die-amerikanische-gesellschaft-der-ingenieure-fuer-heizung-kuehlung-und-klimatisierung-ashrae","status":"publish","type":"page","link":"https:\/\/onlinestandart.com\/de\/die-amerikanische-gesellschaft-der-ingenieure-fuer-heizung-kuehlung-und-klimatisierung-ashrae\/","title":{"rendered":"Die Amerikanische Gesellschaft der Ingenieure f\u00fcr Heizung, K\u00fchlung und Klimatisierung (ASHRAE)"},"content":{"rendered":"\n<h2 class=\"wp-block-heading\">Wof\u00fcr steht ASHRAE?<\/h2>\n\n<p>American Society of Heating, Refrigerating and Air-Conditioning Engineers<a href=\"https:\/\/ashrae.org.tr\/\" target=\"_blank\" rel=\"noopener\">(ASHRAE<\/a>).<\/p>\n\n<h2 class=\"wp-block-heading\">Was sind ASHRAE-Standards?<\/h2>\n\n<p>Die American Society of Heating, Refrigerating and Air-Conditioning Engineers (ASHRAE) hat 87 aktive Standards und leitende Projektaussch\u00fcsse, die sich mit Bereichen wie Luftqualit\u00e4t in Innenr\u00e4umen, thermischer Komfort, Energieeinsparung in Geb\u00e4uden, Reduzierung von K\u00e4ltemittelemissionen und Sicherheitsklassifizierung befassen.<\/p>\n<style>.kb-row-layout-id2415_491e8a-cf > .kt-row-column-wrap{align-content:start;}:where(.kb-row-layout-id2415_491e8a-cf > .kt-row-column-wrap) > .wp-block-kadence-column{justify-content:start;}.kb-row-layout-id2415_491e8a-cf > .kt-row-column-wrap{column-gap:var(--global-kb-gap-md, 2rem);row-gap:var(--global-kb-gap-md, 2rem);grid-template-columns:minmax(0, 1fr);}.kb-row-layout-id2415_491e8a-cf > .kt-row-layout-overlay{opacity:0.30;}@media all and (max-width: 1024px){.kb-row-layout-id2415_491e8a-cf > .kt-row-column-wrap{grid-template-columns:minmax(0, 1fr);}}@media all and (max-width: 767px){.kb-row-layout-id2415_491e8a-cf > .kt-row-column-wrap{grid-template-columns:minmax(0, 1fr);}}<\/style><div class=\"kb-row-layout-wrap kb-row-layout-id2415_491e8a-cf alignnone wp-block-kadence-rowlayout\"><div class=\"kt-row-column-wrap kt-has-1-columns kt-row-layout-equal kt-tab-layout-inherit kt-mobile-layout-row kt-row-valign-top\">\n<style>.kadence-column2415_92ffe4-00 > .kt-inside-inner-col,.kadence-column2415_92ffe4-00 > .kt-inside-inner-col:before{border-top-left-radius:0px;border-top-right-radius:0px;border-bottom-right-radius:0px;border-bottom-left-radius:0px;}.kadence-column2415_92ffe4-00 > .kt-inside-inner-col{column-gap:var(--global-kb-gap-sm, 1rem);}.kadence-column2415_92ffe4-00 > .kt-inside-inner-col{flex-direction:column;}.kadence-column2415_92ffe4-00 > .kt-inside-inner-col > .aligncenter{width:100%;}.kadence-column2415_92ffe4-00 > .kt-inside-inner-col:before{opacity:0.3;}.kadence-column2415_92ffe4-00{position:relative;}@media all and (max-width: 1024px){.kadence-column2415_92ffe4-00 > .kt-inside-inner-col{flex-direction:column;justify-content:center;}}@media all and (max-width: 767px){.kadence-column2415_92ffe4-00 > .kt-inside-inner-col{flex-direction:column;justify-content:center;}}<\/style>\n<div class=\"wp-block-kadence-column kadence-column2415_92ffe4-00\"><div class=\"kt-inside-inner-col\"><style>.wp-block-kadence-advancedbtn.kb-btns2415_7309dd-31{gap:var(--global-kb-gap-xs, 0.5rem );justify-content:flex-start;align-items:center;}.kt-btns2415_7309dd-31 .kt-button{font-weight:normal;font-style:normal;}.kt-btns2415_7309dd-31 .kt-btn-wrap-0{margin-right:5px;}.wp-block-kadence-advancedbtn.kt-btns2415_7309dd-31 .kt-btn-wrap-0 .kt-button{color:#555555;border-color:#555555;}.wp-block-kadence-advancedbtn.kt-btns2415_7309dd-31 .kt-btn-wrap-0 .kt-button:hover, .wp-block-kadence-advancedbtn.kt-btns2415_7309dd-31 .kt-btn-wrap-0 .kt-button:focus{color:#ffffff;border-color:#444444;}.wp-block-kadence-advancedbtn.kt-btns2415_7309dd-31 .kt-btn-wrap-0 .kt-button::before{display:none;}.wp-block-kadence-advancedbtn.kt-btns2415_7309dd-31 .kt-btn-wrap-0 .kt-button:hover, .wp-block-kadence-advancedbtn.kt-btns2415_7309dd-31 .kt-btn-wrap-0 .kt-button:focus{background:#444444;}<\/style>\n<div class=\"wp-block-kadence-advancedbtn kb-buttons-wrap kb-btns2415_7309dd-31\"><style>ul.menu .wp-block-kadence-advancedbtn .kb-btn2415_99dce5-9b.kb-button{width:initial;}.wp-block-kadence-advancedbtn .kb-btn2415_99dce5-9b.kb-button{background:var(--global-palette1, #3182CE);font-family:-apple-system,BlinkMacSystemFont,\"Segoe UI\",Roboto,Oxygen-Sans,Ubuntu,Cantarell,\"Helvetica Neue\",sans-serif, \"Apple Color Emoji\", \"Segoe UI Emoji\", \"Segoe UI Symbol\";border-top-left-radius:8px;border-top-right-radius:8px;border-bottom-right-radius:8px;border-bottom-left-radius:8px;padding-top:14px;padding-right:30px;padding-bottom:14px;padding-left:30px;}.wp-block-kadence-advancedbtn .kb-btn2415_99dce5-9b.kb-button:hover, .wp-block-kadence-advancedbtn .kb-btn2415_99dce5-9b.kb-button:focus{background:var(--global-palette2, #2B6CB0);}<\/style><a class=\"kb-button kt-button button kb-btn2415_99dce5-9b kt-btn-size-small kt-btn-width-type-auto kb-btn-global-fill  kt-btn-has-text-true kt-btn-has-svg-true  wp-block-kadence-singlebtn\" href=\"https:\/\/onlinestandart.com\/de\/kontakt\/\"><span class=\"kt-btn-inner-text\">DOKUMENT ANFORDERN<\/span><span class=\"kb-svg-icon-wrap kb-svg-icon-fe_arrowRightCircle kt-btn-icon-side-right\"><svg viewBox=\"0 0 24 24\"  fill=\"none\" stroke=\"currentColor\" stroke-width=\"2\" stroke-linecap=\"round\" stroke-linejoin=\"round\" xmlns=\"http:\/\/www.w3.org\/2000\/svg\"  aria-hidden=\"true\"><circle cx=\"12\" cy=\"12\" r=\"10\"\/><polyline points=\"12 16 16 12 12 8\"\/><line x1=\"8\" y1=\"12\" x2=\"16\" y2=\"12\"\/><\/svg><\/span><\/a><\/div>\n<\/div><\/div>\n\n<\/div><\/div>\n<p><\/p>\n\n<p>ASHRAE verfasst Normen und Richtlinien in seinen Fachgebieten, um die Industrie bei der Bereitstellung relevanter Waren und Dienstleistungen f\u00fcr die \u00d6ffentlichkeit anzuleiten. Die ASHRAE-Standards und -Richtlinien enthalten einheitliche Testmethoden f\u00fcr die Bewertung, beschreiben empfohlene Praktiken bei der Planung und Installation von Ger\u00e4ten und bieten Referenzinformationen f\u00fcr die Industrie.<\/p>\n\n<h2 class=\"wp-block-heading\">Wie verwendet man ASHRAE-Normen?<\/h2>\n\n<p>Wie ASHRAE-Standards Ihnen helfen:<\/p>\n\n<ul class=\"wp-block-list\">\n<li><strong>Effiziente Produkte einbeziehen<\/strong><\/li>\n\n\n\n<li><strong>Maximieren Sie das Marktpotenzial<\/strong><\/li>\n\n\n\n<li><strong>F\u00fchren Sie konsistente Tests durch<\/strong><\/li>\n<\/ul>\n\n<blockquote class=\"wp-block-quote has-medium-font-size is-layout-flow wp-block-quote-is-layout-flow\">\n<p>Denken Sie daran!<\/p>\n<cite><strong><strong><strong>Realisieren Sie anerkannte Richtlinien und Prozesse f\u00fcr Heizung und K\u00fchlung<\/strong><\/strong><\/strong><\/cite><\/blockquote>\n\n<figure class=\"wp-block-image size-large\"><a href=\"https:\/\/onlinestandart.com\/de\/standardsteuerung\/\" target=\"_blank\" rel=\"noreferrer noopener\"><img loading=\"lazy\" decoding=\"async\" width=\"1024\" height=\"341\" src=\"https:\/\/onlinestandart.com\/wp-content\/uploads\/2024\/09\/standart-kontrol-yatay-1024x341.webp\" alt=\"Standardsteuerung horizontal\" class=\"wp-image-5353\" srcset=\"https:\/\/onlinestandart.com\/wp-content\/uploads\/2024\/09\/standart-kontrol-yatay-1024x341.webp 1024w, https:\/\/onlinestandart.com\/wp-content\/uploads\/2024\/09\/standart-kontrol-yatay-300x100.webp 300w, https:\/\/onlinestandart.com\/wp-content\/uploads\/2024\/09\/standart-kontrol-yatay-768x256.webp 768w, https:\/\/onlinestandart.com\/wp-content\/uploads\/2024\/09\/standart-kontrol-yatay-1536x512.webp 1536w, https:\/\/onlinestandart.com\/wp-content\/uploads\/2024\/09\/standart-kontrol-yatay-2048x683.webp 2048w\" sizes=\"auto, (max-width: 1024px) 100vw, 1024px\" \/><\/a><\/figure>\n\n<h2 class=\"wp-block-heading\">Was ist der Zweck von ASHRAE?<\/h2>\n\n<p>Die 1894 gegr\u00fcndete American Society of Heating and Air-Conditioning Engineers (ASHAE) und die 1904 gegr\u00fcndete American Society of Refrigerating Engineers (ASRE) fusionierten 1959 unter dem Dach der American Society of Heating, Refrigerating and Air-Conditioning Engineers (ASHREA).<\/p>\n\n<p>Mit mehr als 50.000 Mitgliedern aus 132 L\u00e4ndern setzt sich ASHRAE f\u00fcr den Dienst an der Menschheit in den Bereichen Heizung, L\u00fcftung, Klimatisierung und K\u00fchlung sowie f\u00fcr eine nachhaltige Welt ein.<\/p>\n\n<h3 class=\"wp-block-heading\">ASHRAE Ver\u00f6ffentlichungen<\/h3>\n\n<ul class=\"wp-block-list\">\n<li>Messung oder Testmethode<\/li>\n\n\n\n<li>Standardausf\u00fchrung<\/li>\n\n\n\n<li>Standard Anwendung<\/li>\n<\/ul>\n\n<p>Konsensstandards werden entwickelt und ver\u00f6ffentlicht, um Mindestwerte und akzeptable Leistungen zu definieren, w\u00e4hrend andere Dokumente, wie z. B. Konstruktionsrichtlinien, entwickelt und ver\u00f6ffentlicht werden k\u00f6nnen, um h\u00f6here Leistungen zu f\u00f6rdern.<\/p>\n\n<p>Die ASHRAE-Normen werden von Konstrukteuren, Herstellern und Installateuren von Heizungs-, Klima- und K\u00e4ltetechnik verwendet. Diese Normen werden auch von Architekten und Maschinenbauingenieuren verwendet, um Ger\u00e4te eindeutig zu spezifizieren.<\/p>\n\n<h2 class=\"wp-block-heading\">Wie k\u00f6nnen wir Ihnen behilflich sein?<\/h2>\n\n<p><strong>Online Standard<\/strong> ist Ihr zuverl\u00e4ssigster und schnellster L\u00f6sungspartner f\u00fcr den Zugriff auf technische Dokumente und Ver\u00f6ffentlichungen, Richtlinien und Normen.<\/p>\n\n<p>Wenn Sie sich mit uns in Verbindung setzen, haben Sie auch Zugang zu allen Unterlagen, die Sie ben\u00f6tigen.<\/p>\n\n<ul class=\"wp-block-list\">\n<li>Gedruckte oder digitale individuelle Dokumentation<\/li>\n\n\n\n<li>Dokumentensammlung speziell f\u00fcr Ihre Abteilung oder Ihr Projekt<\/li>\n\n\n\n<li>Ma\u00dfgeschneiderte Dokumentationsl\u00f6sungen f\u00fcr Ihr Unternehmen<\/li>\n<\/ul>\n\n<p><strong>Dank unserer wertvollen Kooperationen k\u00f6nnen wir Ihnen die Dokumentation anbieten, die Sie durch die Recherche in mehr als 500 Quellen in digitaler oder gedruckter Form erhalten k\u00f6nnen.<\/strong><\/p>\n\n<p>Dank unserer Partnerschaft mit <a href=\"https:\/\/onlinestandart.com\/de\/amerikanisches-petroleum-institut-api\/\" target=\"_blank\" rel=\"noreferrer noopener\">API<\/a> , <a href=\"https:\/\/onlinestandart.com\/de\/amerikanische-gesellschaft-der-maschinenbauingenieure-asme\/\" target=\"_blank\" rel=\"noreferrer noopener\">ASME<\/a> , <a href=\"https:\/\/onlinestandart.com\/de\/astm-international\/\" target=\"_blank\" rel=\"noreferrer noopener\">ASTM<\/a> , <a href=\"https:\/\/onlinestandart.com\/de\/britisches-normungsinstitut-bsi\/\" target=\"_blank\" rel=\"noreferrer noopener\">BSI<\/a> , <a href=\"https:\/\/onlinestandart.com\/de\/internationale-elektrotechnische-kommission\/\" target=\"_blank\" rel=\"noreferrer noopener\">IEC<\/a> , <a href=\"https:\/\/onlinestandart.com\/ieee-standart\/\" target=\"_blank\" rel=\"noreferrer noopener\">IEEE<\/a> , <a href=\"https:\/\/onlinestandart.com.tr\/iso\/\" target=\"_blank\" rel=\"noreferrer noopener\">ISO<\/a> , <a href=\"https:\/\/onlinestandart.com\/de\/sae-international\/\" target=\"_blank\" rel=\"noreferrer noopener\">SAE<\/a> und Hunderten von Standardisierungsorganisationen k\u00f6nnen wir Ihnen Zeit und Ressourcen sparen, indem wir Ihnen schnellen Zugriff auf genaue und zuverl\u00e4ssige Informationen bieten.<\/p>\n\n<h2 class=\"wp-block-heading\">N\u00fctzlicher Inhalt<\/h2>\n<style>.kb-posts-id-2415_dcda92-57 .entry.loop-entry .entry-header .entry-title{font-size:var(--global-kb-font-size-md, 1.25rem);}.kb-posts-id-2415_dcda92-57 .kb-post-list-item{display:grid;}<\/style><ul class=\"wp-block-kadence-posts kb-posts kadence-posts-list kb-posts-id-2415_dcda92-57 content-wrap grid-cols kb-posts-style-boxed grid-sm-col-2 grid-lg-col-3 item-image-style-above\"><li class=\"kb-post-list-item\">\n\t<article class=\"entry content-bg loop-entry post-55367 post type-post status-publish format-standard has-post-thumbnail hentry category-blog-de tag-ashrae-de\">\n\t\t\t\t<a aria-hidden=\"true\" tabindex=\"-1\" role=\"presentation\" class=\"post-thumbnail kadence-thumbnail-ratio-2-3\" href=\"https:\/\/onlinestandart.com\/de\/ashrae-62-1-standard-fuer-die-luftqualitaet-in-innenraeumen\/\" aria-label=\"ASHRAE 62.1: Standard f\u00fcr die Luftqualit\u00e4t in Innenr\u00e4umen\">\n\t\t\t<div class=\"post-thumbnail-inner\">\n\t\t\t\t<img loading=\"lazy\" decoding=\"async\" width=\"768\" height=\"432\" src=\"https:\/\/onlinestandart.com\/wp-content\/uploads\/2024\/07\/ASHRAE-62.1-768x432.webp\" class=\"attachment-medium_large size-medium_large wp-post-image\" alt=\"Ashrae 62.1\" srcset=\"https:\/\/onlinestandart.com\/wp-content\/uploads\/2024\/07\/ASHRAE-62.1-768x432.webp 768w, https:\/\/onlinestandart.com\/wp-content\/uploads\/2024\/07\/ASHRAE-62.1-600x338.webp 600w, https:\/\/onlinestandart.com\/wp-content\/uploads\/2024\/07\/ASHRAE-62.1-300x169.webp 300w, https:\/\/onlinestandart.com\/wp-content\/uploads\/2024\/07\/ASHRAE-62.1-1024x576.webp 1024w, https:\/\/onlinestandart.com\/wp-content\/uploads\/2024\/07\/ASHRAE-62.1-1536x864.webp 1536w, https:\/\/onlinestandart.com\/wp-content\/uploads\/2024\/07\/ASHRAE-62.1.webp 1920w\" sizes=\"auto, (max-width: 768px) 100vw, 768px\" \/>\t\t\t<\/div>\n\t\t<\/a><!-- .post-thumbnail -->\n\t\t\t\t<div class=\"entry-content-wrap\">\n\t\t\t<header class=\"entry-header\">\n\t<h3 class=\"entry-title\"><a href=\"https:\/\/onlinestandart.com\/de\/ashrae-62-1-standard-fuer-die-luftqualitaet-in-innenraeumen\/\" rel=\"bookmark\">ASHRAE 62.1: Standard f\u00fcr die Luftqualit\u00e4t in Innenr\u00e4umen<\/a><\/h3><\/header><!-- .entry-header -->\n\t<div class=\"entry-summary\">\n\t\t<p>Was ist der ASHRAE 62.1-Standard? Der ASHRAE-Standard 62.1 ist ein international anerkannter Standard, der die Verbesserung und den Schutz der Luftqualit\u00e4t in Innenr\u00e4umen zum Ziel&#8230;<\/p>\n\t<\/div><!-- .entry-summary -->\n\t<footer class=\"entry-footer\">\n\t\t\t<div class=\"entry-actions\">\n\t\t\t<p class=\"more-link-wrap\">\n\t\t\t\t<a href=\"https:\/\/onlinestandart.com\/de\/ashrae-62-1-standard-fuer-die-luftqualitaet-in-innenraeumen\/\" class=\"post-more-link\">\n\t\t\t\t\tMehr lesen<span class=\"screen-reader-text\"> ASHRAE 62.1: Standard f\u00fcr die Luftqualit\u00e4t in Innenr\u00e4umen<\/span><span class=\"kadence-svg-iconset svg-baseline\"><svg aria-hidden=\"true\" class=\"kadence-svg-icon kadence-arrow-right-alt-svg\" fill=\"currentColor\" version=\"1.1\" xmlns=\"http:\/\/www.w3.org\/2000\/svg\" width=\"27\" height=\"28\" viewBox=\"0 0 27 28\"><title>Fortfahren<\/title><path d=\"M27 13.953c0 0.141-0.063 0.281-0.156 0.375l-6 5.531c-0.156 0.141-0.359 0.172-0.547 0.094-0.172-0.078-0.297-0.25-0.297-0.453v-3.5h-19.5c-0.281 0-0.5-0.219-0.5-0.5v-3c0-0.281 0.219-0.5 0.5-0.5h19.5v-3.5c0-0.203 0.109-0.375 0.297-0.453s0.391-0.047 0.547 0.078l6 5.469c0.094 0.094 0.156 0.219 0.156 0.359v0z\"><\/path>\n\t\t\t<\/svg><\/span>\t\t\t\t<\/a>\n\t\t\t<\/p>\n\t\t<\/div><!-- .entry-actions -->\n\t\t<\/footer><!-- .entry-footer -->\t\t<\/div>\n\t<\/article>\n<\/li>\n<li class=\"kb-post-list-item\">\n\t<article class=\"entry content-bg loop-entry post-55702 post type-post status-publish format-standard has-post-thumbnail hentry category-blog-de tag-ashrae-de\">\n\t\t\t\t<a aria-hidden=\"true\" tabindex=\"-1\" role=\"presentation\" class=\"post-thumbnail kadence-thumbnail-ratio-2-3\" href=\"https:\/\/onlinestandart.com\/de\/ashrae-standard-90-1-leitfaden-zur-energieeffizienz\/\" aria-label=\"ASHRAE-Standard 90.1: Leitfaden zur Energieeffizienz\">\n\t\t\t<div class=\"post-thumbnail-inner\">\n\t\t\t\t<img loading=\"lazy\" decoding=\"async\" width=\"768\" height=\"432\" src=\"https:\/\/onlinestandart.com\/wp-content\/uploads\/2025\/01\/ASHRAE-90.1-768x432.webp\" class=\"attachment-medium_large size-medium_large wp-post-image\" alt=\"ASHRAE 90.1\" srcset=\"https:\/\/onlinestandart.com\/wp-content\/uploads\/2025\/01\/ASHRAE-90.1-768x432.webp 768w, https:\/\/onlinestandart.com\/wp-content\/uploads\/2025\/01\/ASHRAE-90.1-300x169.webp 300w, https:\/\/onlinestandart.com\/wp-content\/uploads\/2025\/01\/ASHRAE-90.1-1024x576.webp 1024w, https:\/\/onlinestandart.com\/wp-content\/uploads\/2025\/01\/ASHRAE-90.1-1536x864.webp 1536w, https:\/\/onlinestandart.com\/wp-content\/uploads\/2025\/01\/ASHRAE-90.1.webp 1920w\" sizes=\"auto, (max-width: 768px) 100vw, 768px\" \/>\t\t\t<\/div>\n\t\t<\/a><!-- .post-thumbnail -->\n\t\t\t\t<div class=\"entry-content-wrap\">\n\t\t\t<header class=\"entry-header\">\n\t<h3 class=\"entry-title\"><a href=\"https:\/\/onlinestandart.com\/de\/ashrae-standard-90-1-leitfaden-zur-energieeffizienz\/\" rel=\"bookmark\">ASHRAE-Standard 90.1: Leitfaden zur Energieeffizienz<\/a><\/h3><\/header><!-- .entry-header -->\n\t<div class=\"entry-summary\">\n\t\t<p>Energieeffizienz ist zu einer der wichtigsten Anforderungen an moderne Geb\u00e4ude geworden. An diesem Punkt kommt der ASHRAE 90.1-Standard ins Spiel. Dieser Standard, der Energieeinsparungen in&#8230;<\/p>\n\t<\/div><!-- .entry-summary -->\n\t<footer class=\"entry-footer\">\n\t\t\t<div class=\"entry-actions\">\n\t\t\t<p class=\"more-link-wrap\">\n\t\t\t\t<a href=\"https:\/\/onlinestandart.com\/de\/ashrae-standard-90-1-leitfaden-zur-energieeffizienz\/\" class=\"post-more-link\">\n\t\t\t\t\tMehr lesen<span class=\"screen-reader-text\"> ASHRAE-Standard 90.1: Leitfaden zur Energieeffizienz<\/span><span class=\"kadence-svg-iconset svg-baseline\"><svg aria-hidden=\"true\" class=\"kadence-svg-icon kadence-arrow-right-alt-svg\" fill=\"currentColor\" version=\"1.1\" xmlns=\"http:\/\/www.w3.org\/2000\/svg\" width=\"27\" height=\"28\" viewBox=\"0 0 27 28\"><title>Fortfahren<\/title><path d=\"M27 13.953c0 0.141-0.063 0.281-0.156 0.375l-6 5.531c-0.156 0.141-0.359 0.172-0.547 0.094-0.172-0.078-0.297-0.25-0.297-0.453v-3.5h-19.5c-0.281 0-0.5-0.219-0.5-0.5v-3c0-0.281 0.219-0.5 0.5-0.5h19.5v-3.5c0-0.203 0.109-0.375 0.297-0.453s0.391-0.047 0.547 0.078l6 5.469c0.094 0.094 0.156 0.219 0.156 0.359v0z\"><\/path>\n\t\t\t<\/svg><\/span>\t\t\t\t<\/a>\n\t\t\t<\/p>\n\t\t<\/div><!-- .entry-actions -->\n\t\t<\/footer><!-- .entry-footer -->\t\t<\/div>\n\t<\/article>\n<\/li>\n<\/ul>","protected":false},"excerpt":{"rendered":"<p>Wof\u00fcr steht ASHRAE? American Society of Heating, Refrigerating and Air-Conditioning Engineers(ASHRAE). Was sind ASHRAE-Standards? Die American Society of Heating, Refrigerating and Air-Conditioning Engineers (ASHRAE) hat 87 aktive Standards und leitende Projektaussch\u00fcsse, die sich mit Bereichen wie Luftqualit\u00e4t in Innenr\u00e4umen, thermischer Komfort, Energieeinsparung in Geb\u00e4uden, Reduzierung von K\u00e4ltemittelemissionen und Sicherheitsklassifizierung befassen. ASHRAE verfasst Normen und Richtlinien&#8230;<\/p>\n","protected":false},"author":1,"featured_media":0,"parent":0,"menu_order":0,"comment_status":"closed","ping_status":"closed","template":"","meta":{"_kad_blocks_custom_css":"","_kad_blocks_head_custom_js":"","_kad_blocks_body_custom_js":"","_kad_blocks_footer_custom_js":"","_kad_post_transparent":"","_kad_post_title":"","_kad_post_layout":"","_kad_post_sidebar_id":"","_kad_post_content_style":"","_kad_post_vertical_padding":"","_kad_post_feature":"","_kad_post_feature_position":"","_kad_post_header":false,"_kad_post_footer":false,"_kad_post_classname":"","footnotes":""},"categories":[62],"tags":[],"class_list":["post-3254","page","type-page","status-publish","hentry","category-normen"],"taxonomy_info":{"category":[{"value":62,"label":"Normen"}]},"featured_image_src_large":false,"author_info":{"display_name":"Online Standart","author_link":"https:\/\/onlinestandart.com\/de\/author\/online-standart\/"},"comment_info":0,"_links":{"self":[{"href":"https:\/\/onlinestandart.com\/de\/wp-json\/wp\/v2\/pages\/3254","targetHints":{"allow":["GET"]}}],"collection":[{"href":"https:\/\/onlinestandart.com\/de\/wp-json\/wp\/v2\/pages"}],"about":[{"href":"https:\/\/onlinestandart.com\/de\/wp-json\/wp\/v2\/types\/page"}],"author":[{"embeddable":true,"href":"https:\/\/onlinestandart.com\/de\/wp-json\/wp\/v2\/users\/1"}],"replies":[{"embeddable":true,"href":"https:\/\/onlinestandart.com\/de\/wp-json\/wp\/v2\/comments?post=3254"}],"version-history":[{"count":0,"href":"https:\/\/onlinestandart.com\/de\/wp-json\/wp\/v2\/pages\/3254\/revisions"}],"wp:attachment":[{"href":"https:\/\/onlinestandart.com\/de\/wp-json\/wp\/v2\/media?parent=3254"}],"wp:term":[{"taxonomy":"category","embeddable":true,"href":"https:\/\/onlinestandart.com\/de\/wp-json\/wp\/v2\/categories?post=3254"},{"taxonomy":"post_tag","embeddable":true,"href":"https:\/\/onlinestandart.com\/de\/wp-json\/wp\/v2\/tags?post=3254"}],"curies":[{"name":"wp","href":"https:\/\/api.w.org\/{rel}","templated":true}]}}