{"id":54174,"date":"2024-04-24T15:42:18","date_gmt":"2024-04-24T12:42:18","guid":{"rendered":"https:\/\/onlinestandart.com\/asme-kessel-und-druckbehaeltercode-bpvc\/"},"modified":"2025-08-12T13:41:21","modified_gmt":"2025-08-12T10:41:21","slug":"asme-kessel-und-druckbehaeltercode-bpvc","status":"publish","type":"page","link":"https:\/\/onlinestandart.com\/de\/asme-kessel-und-druckbehaeltercode-bpvc\/","title":{"rendered":"ASME-Kessel- und Druckbeh\u00e4ltercode (BPVC)"},"content":{"rendered":"\n<h2 class=\"wp-block-heading\"><strong>Was ist der Inhalt des Kessel- und Druckbeh\u00e4ltercodes?<\/strong><\/h2>\n\n\n\n<p><strong>Der ASME Boiler &amp; Pressure Vessel Code (BPVC)<\/strong> ist eines der ma\u00dfgeblichsten Gremien, das Regeln f\u00fcr die Konstruktion, Herstellung, Wartung und Inspektion von Kesseln, Druckbeh\u00e4ltern, Stromerzeugungsmaschinen und deren Hilfssystemen sowie Komponenten f\u00fcr den Einsatz in Kernkraftwerken festlegt. Diese Regeln schaffen einen Rahmen f\u00fcr Qualit\u00e4t in der Branche. <\/p>\n\n\n<style>.kb-row-layout-id54174_6cee15-ca > .kt-row-column-wrap{align-content:start;}:where(.kb-row-layout-id54174_6cee15-ca > .kt-row-column-wrap) > .wp-block-kadence-column{justify-content:start;}.kb-row-layout-id54174_6cee15-ca > .kt-row-column-wrap{column-gap:var(--global-kb-gap-md, 2rem);row-gap:var(--global-kb-gap-md, 2rem);grid-template-columns:minmax(0, 1fr);}.kb-row-layout-id54174_6cee15-ca > .kt-row-layout-overlay{opacity:0.30;}@media all and (max-width: 1024px){.kb-row-layout-id54174_6cee15-ca > .kt-row-column-wrap{grid-template-columns:minmax(0, 1fr);}}@media all and (max-width: 767px){.kb-row-layout-id54174_6cee15-ca > .kt-row-column-wrap{grid-template-columns:minmax(0, 1fr);}}<\/style><div class=\"kb-row-layout-wrap kb-row-layout-id54174_6cee15-ca alignnone wp-block-kadence-rowlayout\"><div class=\"kt-row-column-wrap kt-has-1-columns kt-row-layout-equal kt-tab-layout-inherit kt-mobile-layout-row kt-row-valign-top\">\n<style>.kadence-column54174_1da1d2-ce > .kt-inside-inner-col,.kadence-column54174_1da1d2-ce > .kt-inside-inner-col:before{border-top-left-radius:0px;border-top-right-radius:0px;border-bottom-right-radius:0px;border-bottom-left-radius:0px;}.kadence-column54174_1da1d2-ce > .kt-inside-inner-col{column-gap:var(--global-kb-gap-sm, 1rem);}.kadence-column54174_1da1d2-ce > .kt-inside-inner-col{flex-direction:column;}.kadence-column54174_1da1d2-ce > .kt-inside-inner-col > .aligncenter{width:100%;}.kadence-column54174_1da1d2-ce > .kt-inside-inner-col:before{opacity:0.3;}.kadence-column54174_1da1d2-ce{position:relative;}@media all and (max-width: 1024px){.kadence-column54174_1da1d2-ce > .kt-inside-inner-col{flex-direction:column;justify-content:center;}}@media all and (max-width: 767px){.kadence-column54174_1da1d2-ce > .kt-inside-inner-col{flex-direction:column;justify-content:center;}}<\/style>\n<div class=\"wp-block-kadence-column kadence-column54174_1da1d2-ce\"><div class=\"kt-inside-inner-col\"><style>.wp-block-kadence-advancedbtn.kb-btns54174_84437a-27{gap:var(--global-kb-gap-xs, 0.5rem );justify-content:flex-start;align-items:center;}.kt-btns54174_84437a-27 .kt-button{font-weight:normal;font-style:normal;}.kt-btns54174_84437a-27 .kt-btn-wrap-0{margin-right:5px;}.wp-block-kadence-advancedbtn.kt-btns54174_84437a-27 .kt-btn-wrap-0 .kt-button{color:#555555;border-color:#555555;}.wp-block-kadence-advancedbtn.kt-btns54174_84437a-27 .kt-btn-wrap-0 .kt-button:hover, .wp-block-kadence-advancedbtn.kt-btns54174_84437a-27 .kt-btn-wrap-0 .kt-button:focus{color:#ffffff;border-color:#444444;}.wp-block-kadence-advancedbtn.kt-btns54174_84437a-27 .kt-btn-wrap-0 .kt-button::before{display:none;}.wp-block-kadence-advancedbtn.kt-btns54174_84437a-27 .kt-btn-wrap-0 .kt-button:hover, .wp-block-kadence-advancedbtn.kt-btns54174_84437a-27 .kt-btn-wrap-0 .kt-button:focus{background:#444444;}<\/style>\n<div class=\"wp-block-kadence-advancedbtn kb-buttons-wrap kb-btns54174_84437a-27\"><style>ul.menu .wp-block-kadence-advancedbtn .kb-btn54174_155fe1-a7.kb-button{width:initial;}.wp-block-kadence-advancedbtn .kb-btn54174_155fe1-a7.kb-button{background:var(--global-palette1, #3182CE);font-family:-apple-system,BlinkMacSystemFont,\"Segoe UI\",Roboto,Oxygen-Sans,Ubuntu,Cantarell,\"Helvetica Neue\",sans-serif, \"Apple Color Emoji\", \"Segoe UI Emoji\", \"Segoe UI Symbol\";border-top-left-radius:8px;border-top-right-radius:8px;border-bottom-right-radius:8px;border-bottom-left-radius:8px;padding-top:14px;padding-right:30px;padding-bottom:14px;padding-left:30px;}.wp-block-kadence-advancedbtn .kb-btn54174_155fe1-a7.kb-button:hover, .wp-block-kadence-advancedbtn .kb-btn54174_155fe1-a7.kb-button:focus{background:var(--global-palette2, #2B6CB0);}<\/style><a class=\"kb-button kt-button button kb-btn54174_155fe1-a7 kt-btn-size-small kt-btn-width-type-auto kb-btn-global-fill  kt-btn-has-text-true kt-btn-has-svg-true  wp-block-kadence-singlebtn\" href=\"https:\/\/onlinestandart.com\/de\/kontakt\/\"><span class=\"kt-btn-inner-text\">DOKUMENT ANFORDERN<\/span><span class=\"kb-svg-icon-wrap kb-svg-icon-fe_arrowRightCircle kt-btn-icon-side-right\"><svg viewBox=\"0 0 24 24\"  fill=\"none\" stroke=\"currentColor\" stroke-width=\"2\" stroke-linecap=\"round\" stroke-linejoin=\"round\" xmlns=\"http:\/\/www.w3.org\/2000\/svg\"  aria-hidden=\"true\"><circle cx=\"12\" cy=\"12\" r=\"10\"\/><polyline points=\"12 16 16 12 12 8\"\/><line x1=\"8\" y1=\"12\" x2=\"16\" y2=\"12\"\/><\/svg><\/span><\/a><\/div>\n<\/div><\/div>\n\n<\/div><\/div>\n\n\n<p><\/p>\n\n\n\n<p><strong>ASME BPVC<\/strong> besteht aus 14 Abschnitten, 30 B\u00e4nden und 16.000 Seiten. Weitere Informationen finden Sie auf der Inhaltsseite unserer ASME BPVC-Brosch\u00fcre.<\/p>\n\n\n\n<h2 class=\"wp-block-heading\">Wie verwende ich ASME BPVC-Standards?<\/h2>\n\n\n\n<p><strong>Mit den ASME BPVC<\/strong> -Standards k\u00f6nnen Sie:<\/p>\n\n\n\n<ul class=\"wp-block-list\">\n<li><strong>Etablierung strenger Sicherheitsverfahren<\/strong><\/li>\n\n\n\n<li><strong>Verm\u00f6genswerte sch\u00fctzen<\/strong><\/li>\n\n\n\n<li><strong>Minimieren Sie das Risiko<\/strong><\/li>\n<\/ul>\n\n\n\n<blockquote class=\"wp-block-quote has-medium-font-size is-layout-flow wp-block-quote-is-layout-flow\">\n<p>Denken Sie daran!<\/p>\n<cite><strong><strong><strong><strong><strong><strong><strong>Entwerfen, bauen und warten Sie sichere und zuverl\u00e4ssige Kessel und Druckbeh\u00e4lter<\/strong><\/strong><\/strong><\/strong><\/strong><\/strong><\/strong><\/cite><\/blockquote>\n\n\n\n<h2 class=\"wp-block-heading\">Wof\u00fcr steht ASME BPVC?<\/h2>\n\n\n\n<p><strong>Der Kessel- und Druckbeh\u00e4ltercode ( <a href=\"https:\/\/en.wikipedia.org\/wiki\/ASME_Boiler_and_Pressure_Vessel_Code\" target=\"_blank\" rel=\"noreferrer noopener\">BPVC<\/a> ) der American Society of Mechanical Engineers ( <a href=\"https:\/\/en.wikipedia.org\/wiki\/American_Society_of_Mechanical_Engineers\" target=\"_blank\" rel=\"noreferrer noopener\">ASME<\/a> )<\/strong><\/p>\n\n\n\n<h2 class=\"wp-block-heading\">Was sind die ASME BPVC-Normen?<\/h2>\n\n\n\n<p>Der alle zwei Jahre ver\u00f6ffentlichte <strong>ASME Boiler and Pressure Vessel Code (BPVC)<\/strong> legt den Standard f\u00fcr die sichere Konstruktion, Herstellung und Wartung von Kesseln und <a href=\"https:\/\/en.wikipedia.org\/wiki\/Category:Pressure_vessels\" target=\"_blank\" rel=\"noreferrer noopener\">Druckbeh\u00e4ltern<\/a> , Energieerzeugungsmaschinen und Komponenten von Kernkraftwerken fest. Heutzutage sind die Anwender des Codes auf der ganzen Welt &#8211; Hersteller von Kesseln und Druckbeh\u00e4ltern, Betreiber, Stempelhalter und Inspektoren &#8211; mehr denn je auf aktuelle Informationen angewiesen, um Sicherheit und Konformit\u00e4t zu gew\u00e4hrleisten.<\/p>\n\n\n\n<h2 class=\"wp-block-heading\">Warum bei Online Standard kaufen?<\/h2>\n\n\n\n<ul class=\"wp-block-list\">\n<li>Mehrere propriet\u00e4re Formate \u2013 Der Online-Standard ist die Nr. 1-Quelle f\u00fcr <strong>ASME BPVC<\/strong> in gedruckter Form, online durchsuchbarem PDF und die exklusive Quelle f\u00fcr den Online-Versionsvergleich<\/li>\n\n\n\n<li>Bester Preis \u2013 Wenn Sie bei einem autorisierten H\u00e4ndler einen g\u00fcnstigeren Preis f\u00fcr Papier\/Hardcopy finden, wird Online Standard diesen Preis unterbieten oder sogar unterbieten.<\/li>\n\n\n\n<li>Online-Zugriff rund um die Uhr \u2013 Greifen Sie von jeder Internetverbindung aus <strong>auf BPVC<\/strong> zu, im B\u00fcro oder unterwegs<\/li>\n\n\n\n<li>Sparen Sie bis zu 50 % \u2013 Profitieren Sie von g\u00fcnstigeren Preisen f\u00fcr Print- und Online-Pakete<\/li>\n\n\n\n<li>Versionen vergleichen \u2013 Erhalten Sie sofortigen Einblick in neue Code\u00e4nderungen, sodass Sie sich mit <strong>BPVC<\/strong> Advantage auf die Sicherheit statt auf den Papierkram konzentrieren k\u00f6nnen<\/li>\n\n\n\n<li>Mehrwert \u2013 Erhalten Sie elektronische <strong>ASME<\/strong> -Spannungstabellen, Errata, Interpretationen und spezielle Benachrichtigungen<\/li>\n\n\n\n<li>Kostenlose Skins \u2013 Erhalten Sie kostenlose Skins, wenn Sie die Printausgabe bestellen<\/li>\n<\/ul>\n\n\n\n<h2 class=\"wp-block-heading\">Wie k\u00f6nnen wir Ihnen behilflich sein?<\/h2>\n\n\n\n<p><strong>Online Standard<\/strong> ist Ihr zuverl\u00e4ssigster und schnellster L\u00f6sungspartner f\u00fcr den Zugriff auf technische Dokumente und Ver\u00f6ffentlichungen, Richtlinien und Normen.<\/p>\n\n\n\n<p><a href=\"https:\/\/onlinestandart.com\/de\/kontakt\/\" target=\"_blank\" rel=\"noreferrer noopener\">Wenn Sie Kontakt<\/a> mit uns aufnehmen, erhalten Sie Zugriff auf alle ben\u00f6tigten Unterlagen.<\/p>\n\n\n\n<ul class=\"wp-block-list\">\n<li>Gedruckte oder digitale <a href=\"https:\/\/onlinestandart.com\/de\/individueller-gedruckter-oder-digitaler-standardbereitstellungsservice\/\" target=\"_blank\" rel=\"noreferrer noopener\">individuelle Dokumentation<\/a><\/li>\n\n\n\n<li><a href=\"https:\/\/onlinestandart.com\/de\/standard-abholbereitstellungsservice\/\" target=\"_blank\" rel=\"noreferrer noopener\">Dokumentensammlung speziell f\u00fcr<\/a> Ihre Abteilung oder Ihr Projekt<\/li>\n\n\n\n<li>Ma\u00dfgeschneiderte <a href=\"https:\/\/onlinestandart.com\/de\/online-loesungen-fuer-standarddokumente\/\" target=\"_blank\" rel=\"noreferrer noopener\">Dokumentationsl\u00f6sungen<\/a> f\u00fcr Ihr Unternehmen<\/li>\n<\/ul>\n\n\n\n<p><strong>Dank unserer wertvollen Kooperationen k\u00f6nnen wir Ihnen die Dokumentation anbieten, die Sie durch die Recherche in mehr als 500 Quellen in digitaler oder gedruckter Form erhalten k\u00f6nnen.<\/strong><\/p>\n\n\n\n<p>Durch unsere Partnerschaften mit <a href=\"https:\/\/onlinestandart.com\/de\/amerikanisches-petroleum-institut-api\/\" target=\"_blank\" rel=\"noreferrer noopener\">API<\/a>, <a href=\"https:\/\/onlinestandart.com\/de\/die-amerikanische-gesellschaft-der-ingenieure-fuer-heizung-kuehlung-und-klimatisierung-ashrae\/\" target=\"_blank\" rel=\"noreferrer noopener\">ASHRAE<\/a>, <a href=\"https:\/\/onlinestandart.com\/de\/amerikanische-gesellschaft-der-maschinenbauingenieure-asme\/\" target=\"_blank\" rel=\"noreferrer noopener\">ASME<\/a>, <a href=\"https:\/\/onlinestandart.com\/de\/astm-international\/\" target=\"_blank\" rel=\"noreferrer noopener\">ASTM<\/a>, <a href=\"https:\/\/onlinestandart.com\/de\/britisches-normungsinstitut-bsi\/\" target=\"_blank\" rel=\"noreferrer noopener\">BSI<\/a>, <a href=\"https:\/\/onlinestandart.com\/de\/internationale-elektrotechnische-kommission\/\" target=\"_blank\" rel=\"noreferrer noopener\">IEC<\/a>, <a href=\"https:\/\/onlinestandart.com\/de\/elektro-und-elektronikingenieure-inc-ieee\/\" target=\"_blank\" rel=\"noreferrer noopener\">IEEE<\/a>, <a href=\"https:\/\/onlinestandart.com.tr\/iso\/\" target=\"_blank\" rel=\"noreferrer noopener\">ISO<\/a>, <a href=\"https:\/\/onlinestandart.com\/de\/sae-international\/\" target=\"_blank\" rel=\"noreferrer noopener\">SAE<\/a> und Hunderten von anderen Normungsgremien k\u00f6nnen wir Ihnen Zeit und Ressourcen sparen, indem wir Ihnen schnellen Zugriff auf genaue und zuverl\u00e4ssige Informationen bieten.<\/p>\n","protected":false},"excerpt":{"rendered":"<p>Was ist der Inhalt des Kessel- und Druckbeh\u00e4ltercodes? Der ASME Boiler &amp; Pressure Vessel Code (BPVC) ist eines der ma\u00dfgeblichsten Gremien, das Regeln f\u00fcr die Konstruktion, Herstellung, Wartung und Inspektion von Kesseln, Druckbeh\u00e4ltern, Stromerzeugungsmaschinen und deren Hilfssystemen sowie Komponenten f\u00fcr den Einsatz in Kernkraftwerken festlegt. Diese Regeln schaffen einen Rahmen f\u00fcr Qualit\u00e4t in der Branche&#8230;.<\/p>\n","protected":false},"author":1,"featured_media":0,"parent":0,"menu_order":0,"comment_status":"closed","ping_status":"closed","template":"","meta":{"_kad_blocks_custom_css":"","_kad_blocks_head_custom_js":"","_kad_blocks_body_custom_js":"","_kad_blocks_footer_custom_js":"","_kad_post_transparent":"","_kad_post_title":"","_kad_post_layout":"","_kad_post_sidebar_id":"","_kad_post_content_style":"","_kad_post_vertical_padding":"","_kad_post_feature":"","_kad_post_feature_position":"","_kad_post_header":false,"_kad_post_footer":false,"_kad_post_classname":"","footnotes":""},"categories":[62],"tags":[],"class_list":["post-54174","page","type-page","status-publish","hentry","category-normen"],"taxonomy_info":{"category":[{"value":62,"label":"Normen"}]},"featured_image_src_large":false,"author_info":{"display_name":"Online Standart","author_link":"https:\/\/onlinestandart.com\/de\/author\/online-standart\/"},"comment_info":0,"_links":{"self":[{"href":"https:\/\/onlinestandart.com\/de\/wp-json\/wp\/v2\/pages\/54174","targetHints":{"allow":["GET"]}}],"collection":[{"href":"https:\/\/onlinestandart.com\/de\/wp-json\/wp\/v2\/pages"}],"about":[{"href":"https:\/\/onlinestandart.com\/de\/wp-json\/wp\/v2\/types\/page"}],"author":[{"embeddable":true,"href":"https:\/\/onlinestandart.com\/de\/wp-json\/wp\/v2\/users\/1"}],"replies":[{"embeddable":true,"href":"https:\/\/onlinestandart.com\/de\/wp-json\/wp\/v2\/comments?post=54174"}],"version-history":[{"count":0,"href":"https:\/\/onlinestandart.com\/de\/wp-json\/wp\/v2\/pages\/54174\/revisions"}],"wp:attachment":[{"href":"https:\/\/onlinestandart.com\/de\/wp-json\/wp\/v2\/media?parent=54174"}],"wp:term":[{"taxonomy":"category","embeddable":true,"href":"https:\/\/onlinestandart.com\/de\/wp-json\/wp\/v2\/categories?post=54174"},{"taxonomy":"post_tag","embeddable":true,"href":"https:\/\/onlinestandart.com\/de\/wp-json\/wp\/v2\/tags?post=54174"}],"curies":[{"name":"wp","href":"https:\/\/api.w.org\/{rel}","templated":true}]}}