{"id":54218,"date":"2024-04-29T10:39:51","date_gmt":"2024-04-29T07:39:51","guid":{"rendered":"https:\/\/onlinestandart.com\/astm-digitalbibliothek\/"},"modified":"2025-05-27T15:19:52","modified_gmt":"2025-05-27T12:19:52","slug":"astm-digitalbibliothek","status":"publish","type":"page","link":"https:\/\/onlinestandart.com\/de\/astm-digitalbibliothek\/","title":{"rendered":"ASTM-Digitalbibliothek"},"content":{"rendered":"\n<p>Greifen Sie auf von ASTM ver\u00f6ffentlichte Zeitschriften, E-Books sowie technische, verfahrenstechnische und betriebliche Dokumentationen f\u00fcr viele Branchen zu.<\/p>\n<style>.kb-row-layout-id2638_b377a3-cb > .kt-row-column-wrap{align-content:start;}:where(.kb-row-layout-id2638_b377a3-cb > .kt-row-column-wrap) > .wp-block-kadence-column{justify-content:start;}.kb-row-layout-id2638_b377a3-cb > .kt-row-column-wrap{column-gap:var(--global-kb-gap-md, 2rem);row-gap:var(--global-kb-gap-md, 2rem);grid-template-columns:minmax(0, 1fr);}.kb-row-layout-id2638_b377a3-cb > .kt-row-layout-overlay{opacity:0.30;}@media all and (max-width: 1024px){.kb-row-layout-id2638_b377a3-cb > .kt-row-column-wrap{grid-template-columns:minmax(0, 1fr);}}@media all and (max-width: 767px){.kb-row-layout-id2638_b377a3-cb > .kt-row-column-wrap{grid-template-columns:minmax(0, 1fr);}}<\/style><div class=\"kb-row-layout-wrap kb-row-layout-id2638_b377a3-cb alignnone wp-block-kadence-rowlayout\"><div class=\"kt-row-column-wrap kt-has-1-columns kt-row-layout-equal kt-tab-layout-inherit kt-mobile-layout-row kt-row-valign-top\">\n<style>.kadence-column2638_38ee87-2e > .kt-inside-inner-col,.kadence-column2638_38ee87-2e > .kt-inside-inner-col:before{border-top-left-radius:0px;border-top-right-radius:0px;border-bottom-right-radius:0px;border-bottom-left-radius:0px;}.kadence-column2638_38ee87-2e > .kt-inside-inner-col{column-gap:var(--global-kb-gap-sm, 1rem);}.kadence-column2638_38ee87-2e > .kt-inside-inner-col{flex-direction:column;}.kadence-column2638_38ee87-2e > .kt-inside-inner-col > .aligncenter{width:100%;}.kadence-column2638_38ee87-2e > .kt-inside-inner-col:before{opacity:0.3;}.kadence-column2638_38ee87-2e{position:relative;}@media all and (max-width: 1024px){.kadence-column2638_38ee87-2e > .kt-inside-inner-col{flex-direction:column;justify-content:center;}}@media all and (max-width: 767px){.kadence-column2638_38ee87-2e > .kt-inside-inner-col{flex-direction:column;justify-content:center;}}<\/style>\n<div class=\"wp-block-kadence-column kadence-column2638_38ee87-2e\"><div class=\"kt-inside-inner-col\"><style>.wp-block-kadence-advancedbtn.kb-btns2638_02bd19-b4{gap:var(--global-kb-gap-xs, 0.5rem );justify-content:flex-start;align-items:center;}.kt-btns2638_02bd19-b4 .kt-button{font-weight:normal;font-style:normal;}.kt-btns2638_02bd19-b4 .kt-btn-wrap-0{margin-right:5px;}.wp-block-kadence-advancedbtn.kt-btns2638_02bd19-b4 .kt-btn-wrap-0 .kt-button{color:#555555;border-color:#555555;}.wp-block-kadence-advancedbtn.kt-btns2638_02bd19-b4 .kt-btn-wrap-0 .kt-button:hover, .wp-block-kadence-advancedbtn.kt-btns2638_02bd19-b4 .kt-btn-wrap-0 .kt-button:focus{color:#ffffff;border-color:#444444;}.wp-block-kadence-advancedbtn.kt-btns2638_02bd19-b4 .kt-btn-wrap-0 .kt-button::before{display:none;}.wp-block-kadence-advancedbtn.kt-btns2638_02bd19-b4 .kt-btn-wrap-0 .kt-button:hover, .wp-block-kadence-advancedbtn.kt-btns2638_02bd19-b4 .kt-btn-wrap-0 .kt-button:focus{background:#444444;}<\/style>\n<div class=\"wp-block-kadence-advancedbtn kb-buttons-wrap kb-btns2638_02bd19-b4\"><style>ul.menu .wp-block-kadence-advancedbtn .kb-btn2638_9e10d9-6e.kb-button{width:initial;}.wp-block-kadence-advancedbtn .kb-btn2638_9e10d9-6e.kb-button{background:var(--global-palette1, #3182CE);font-family:-apple-system,BlinkMacSystemFont,\"Segoe UI\",Roboto,Oxygen-Sans,Ubuntu,Cantarell,\"Helvetica Neue\",sans-serif, \"Apple Color Emoji\", \"Segoe UI Emoji\", \"Segoe UI Symbol\";border-top-left-radius:8px;border-top-right-radius:8px;border-bottom-right-radius:8px;border-bottom-left-radius:8px;padding-top:14px;padding-right:30px;padding-bottom:14px;padding-left:30px;}.wp-block-kadence-advancedbtn .kb-btn2638_9e10d9-6e.kb-button:hover, .wp-block-kadence-advancedbtn .kb-btn2638_9e10d9-6e.kb-button:focus{background:var(--global-palette2, #2B6CB0);}<\/style><a class=\"kb-button kt-button button kb-btn2638_9e10d9-6e kt-btn-size-small kt-btn-width-type-auto kb-btn-global-fill  kt-btn-has-text-true kt-btn-has-svg-true  wp-block-kadence-singlebtn\" href=\"https:\/\/onlinestandart.com\/de\/kontakt\/\"><span class=\"kt-btn-inner-text\">DOKUMENT ANFORDERN<\/span><span class=\"kb-svg-icon-wrap kb-svg-icon-fe_arrowRightCircle kt-btn-icon-side-right\"><svg viewBox=\"0 0 24 24\"  fill=\"none\" stroke=\"currentColor\" stroke-width=\"2\" stroke-linecap=\"round\" stroke-linejoin=\"round\" xmlns=\"http:\/\/www.w3.org\/2000\/svg\"  aria-hidden=\"true\"><circle cx=\"12\" cy=\"12\" r=\"10\"\/><polyline points=\"12 16 16 12 12 8\"\/><line x1=\"8\" y1=\"12\" x2=\"16\" y2=\"12\"\/><\/svg><\/span><\/a><\/div>\n<\/div><\/div>\n\n<\/div><\/div>\n<p><\/p>\n\n<p>Die ASTM International-Standards werden weltweit in vielen Bereichen angewendet, von der Erd\u00f6lindustrie bis hin zu Konsumg\u00fctern. ASTM-Standards und unterst\u00fctzende Materialien sind f\u00fcr die globale Produkt- und Servicegestaltung von entscheidender Bedeutung. Dar\u00fcber hinaus sorgen zahlreiche Normen und Standards f\u00fcr Prozesse und Werkzeuge f\u00fcr einen sicheren und nachhaltigen Umweltschutz. ASTM-Standards helfen Ihnen:   <\/p>\n\n<ul class=\"wp-block-list\">\n<li>Behalten Sie Ihre Pr\u00e4senz in der globalen Gesch\u00e4ftswelt bei<\/li>\n\n\n\n<li>Erf\u00fcllung der festgelegten Qualit\u00e4tserwartungen<\/li>\n\n\n\n<li>Unterst\u00fctzung f\u00fcr neue Produkte<\/li>\n<\/ul>\n","protected":false},"excerpt":{"rendered":"<p>Greifen Sie auf von ASTM ver\u00f6ffentlichte Zeitschriften, E-Books sowie technische, verfahrenstechnische und betriebliche Dokumentationen f\u00fcr viele Branchen zu. Die ASTM International-Standards werden weltweit in vielen Bereichen angewendet, von der Erd\u00f6lindustrie bis hin zu Konsumg\u00fctern. ASTM-Standards und unterst\u00fctzende Materialien sind f\u00fcr die globale Produkt- und Servicegestaltung von entscheidender Bedeutung. Dar\u00fcber hinaus sorgen zahlreiche Normen und Standards&#8230;<\/p>\n","protected":false},"author":1,"featured_media":0,"parent":0,"menu_order":0,"comment_status":"closed","ping_status":"closed","template":"","meta":{"_kad_blocks_custom_css":"","_kad_blocks_head_custom_js":"","_kad_blocks_body_custom_js":"","_kad_blocks_footer_custom_js":"","_kad_post_transparent":"","_kad_post_title":"","_kad_post_layout":"","_kad_post_sidebar_id":"","_kad_post_content_style":"","_kad_post_vertical_padding":"","_kad_post_feature":"","_kad_post_feature_position":"","_kad_post_header":false,"_kad_post_footer":false,"_kad_post_classname":"","footnotes":""},"categories":[62],"tags":[],"class_list":["post-54218","page","type-page","status-publish","hentry","category-normen"],"taxonomy_info":{"category":[{"value":62,"label":"Normen"}]},"featured_image_src_large":false,"author_info":{"display_name":"Online Standart","author_link":"https:\/\/onlinestandart.com\/de\/author\/online-standart\/"},"comment_info":0,"_links":{"self":[{"href":"https:\/\/onlinestandart.com\/de\/wp-json\/wp\/v2\/pages\/54218","targetHints":{"allow":["GET"]}}],"collection":[{"href":"https:\/\/onlinestandart.com\/de\/wp-json\/wp\/v2\/pages"}],"about":[{"href":"https:\/\/onlinestandart.com\/de\/wp-json\/wp\/v2\/types\/page"}],"author":[{"embeddable":true,"href":"https:\/\/onlinestandart.com\/de\/wp-json\/wp\/v2\/users\/1"}],"replies":[{"embeddable":true,"href":"https:\/\/onlinestandart.com\/de\/wp-json\/wp\/v2\/comments?post=54218"}],"version-history":[{"count":0,"href":"https:\/\/onlinestandart.com\/de\/wp-json\/wp\/v2\/pages\/54218\/revisions"}],"wp:attachment":[{"href":"https:\/\/onlinestandart.com\/de\/wp-json\/wp\/v2\/media?parent=54218"}],"wp:term":[{"taxonomy":"category","embeddable":true,"href":"https:\/\/onlinestandart.com\/de\/wp-json\/wp\/v2\/categories?post=54218"},{"taxonomy":"post_tag","embeddable":true,"href":"https:\/\/onlinestandart.com\/de\/wp-json\/wp\/v2\/tags?post=54218"}],"curies":[{"name":"wp","href":"https:\/\/api.w.org\/{rel}","templated":true}]}}