{"id":54276,"date":"2024-05-01T17:47:52","date_gmt":"2024-05-01T14:47:52","guid":{"rendered":"https:\/\/onlinestandart.com\/verbraucherelektronikverband-cea\/"},"modified":"2025-06-04T11:56:01","modified_gmt":"2025-06-04T08:56:01","slug":"verbraucherelektronikverband-cea","status":"publish","type":"page","link":"https:\/\/onlinestandart.com\/de\/verbraucherelektronikverband-cea\/","title":{"rendered":"Verbraucherelektronikverband (CEA)"},"content":{"rendered":"\n<h2 class=\"wp-block-heading\">Wof\u00fcr steht CEA?<\/h2>\n\n<p>Die Consumer Electronics Association (CEA)<\/p>\n\n<h2 class=\"wp-block-heading\">Was sind CEA-Standards?<\/h2>\n\n<p>Die Consumer Electronics Association (CEA) ver\u00f6ffentlicht Standards und Spezifikationen, die Innovationen erm\u00f6glichen und die Interoperabilit\u00e4t mit vorhandenen Ger\u00e4ten f\u00f6rdern. Das Technologie- und Standardsprogramm der CEA bietet einen einheitlichen Technologie-Fahrplan, der f\u00fcr das Wachstum der Unterhaltungselektronikbranche von entscheidender Bedeutung ist. <\/p>\n<style>.kb-row-layout-id2783_87b695-a3 > .kt-row-column-wrap{align-content:start;}:where(.kb-row-layout-id2783_87b695-a3 > .kt-row-column-wrap) > .wp-block-kadence-column{justify-content:start;}.kb-row-layout-id2783_87b695-a3 > .kt-row-column-wrap{column-gap:var(--global-kb-gap-md, 2rem);row-gap:var(--global-kb-gap-md, 2rem);grid-template-columns:minmax(0, 1fr);}.kb-row-layout-id2783_87b695-a3 > .kt-row-layout-overlay{opacity:0.30;}@media all and (max-width: 1024px){.kb-row-layout-id2783_87b695-a3 > .kt-row-column-wrap{grid-template-columns:minmax(0, 1fr);}}@media all and (max-width: 767px){.kb-row-layout-id2783_87b695-a3 > .kt-row-column-wrap{grid-template-columns:minmax(0, 1fr);}}<\/style><div class=\"kb-row-layout-wrap kb-row-layout-id2783_87b695-a3 alignnone wp-block-kadence-rowlayout\"><div class=\"kt-row-column-wrap kt-has-1-columns kt-row-layout-equal kt-tab-layout-inherit kt-mobile-layout-row kt-row-valign-top\">\n<style>.kadence-column2783_0d0a71-1f > .kt-inside-inner-col,.kadence-column2783_0d0a71-1f > .kt-inside-inner-col:before{border-top-left-radius:0px;border-top-right-radius:0px;border-bottom-right-radius:0px;border-bottom-left-radius:0px;}.kadence-column2783_0d0a71-1f > .kt-inside-inner-col{column-gap:var(--global-kb-gap-sm, 1rem);}.kadence-column2783_0d0a71-1f > .kt-inside-inner-col{flex-direction:column;}.kadence-column2783_0d0a71-1f > .kt-inside-inner-col > .aligncenter{width:100%;}.kadence-column2783_0d0a71-1f > .kt-inside-inner-col:before{opacity:0.3;}.kadence-column2783_0d0a71-1f{position:relative;}@media all and (max-width: 1024px){.kadence-column2783_0d0a71-1f > .kt-inside-inner-col{flex-direction:column;justify-content:center;}}@media all and (max-width: 767px){.kadence-column2783_0d0a71-1f > .kt-inside-inner-col{flex-direction:column;justify-content:center;}}<\/style>\n<div class=\"wp-block-kadence-column kadence-column2783_0d0a71-1f\"><div class=\"kt-inside-inner-col\"><style>.wp-block-kadence-advancedbtn.kb-btns2783_4c76d4-b2{gap:var(--global-kb-gap-xs, 0.5rem );justify-content:flex-start;align-items:center;}.kt-btns2783_4c76d4-b2 .kt-button{font-weight:normal;font-style:normal;}.kt-btns2783_4c76d4-b2 .kt-btn-wrap-0{margin-right:5px;}.wp-block-kadence-advancedbtn.kt-btns2783_4c76d4-b2 .kt-btn-wrap-0 .kt-button{color:#555555;border-color:#555555;}.wp-block-kadence-advancedbtn.kt-btns2783_4c76d4-b2 .kt-btn-wrap-0 .kt-button:hover, .wp-block-kadence-advancedbtn.kt-btns2783_4c76d4-b2 .kt-btn-wrap-0 .kt-button:focus{color:#ffffff;border-color:#444444;}.wp-block-kadence-advancedbtn.kt-btns2783_4c76d4-b2 .kt-btn-wrap-0 .kt-button::before{display:none;}.wp-block-kadence-advancedbtn.kt-btns2783_4c76d4-b2 .kt-btn-wrap-0 .kt-button:hover, .wp-block-kadence-advancedbtn.kt-btns2783_4c76d4-b2 .kt-btn-wrap-0 .kt-button:focus{background:#444444;}<\/style>\n<div class=\"wp-block-kadence-advancedbtn kb-buttons-wrap kb-btns2783_4c76d4-b2\"><style>ul.menu .wp-block-kadence-advancedbtn .kb-btn2783_a5e1a4-36.kb-button{width:initial;}.wp-block-kadence-advancedbtn .kb-btn2783_a5e1a4-36.kb-button{background:var(--global-palette1, #3182CE);font-family:-apple-system,BlinkMacSystemFont,\"Segoe UI\",Roboto,Oxygen-Sans,Ubuntu,Cantarell,\"Helvetica Neue\",sans-serif, \"Apple Color Emoji\", \"Segoe UI Emoji\", \"Segoe UI Symbol\";border-top-left-radius:8px;border-top-right-radius:8px;border-bottom-right-radius:8px;border-bottom-left-radius:8px;padding-top:14px;padding-right:30px;padding-bottom:14px;padding-left:30px;}.wp-block-kadence-advancedbtn .kb-btn2783_a5e1a4-36.kb-button:hover, .wp-block-kadence-advancedbtn .kb-btn2783_a5e1a4-36.kb-button:focus{background:var(--global-palette2, #2B6CB0);}<\/style><a class=\"kb-button kt-button button kb-btn2783_a5e1a4-36 kt-btn-size-small kt-btn-width-type-auto kb-btn-global-fill  kt-btn-has-text-true kt-btn-has-svg-true  wp-block-kadence-singlebtn\" href=\"https:\/\/onlinestandart.com\/de\/kontakt\/\"><span class=\"kt-btn-inner-text\">DOKUMENT ANFORDERN<\/span><span class=\"kb-svg-icon-wrap kb-svg-icon-fe_arrowRightCircle kt-btn-icon-side-right\"><svg viewBox=\"0 0 24 24\"  fill=\"none\" stroke=\"currentColor\" stroke-width=\"2\" stroke-linecap=\"round\" stroke-linejoin=\"round\" xmlns=\"http:\/\/www.w3.org\/2000\/svg\"  aria-hidden=\"true\"><circle cx=\"12\" cy=\"12\" r=\"10\"\/><polyline points=\"12 16 16 12 12 8\"\/><line x1=\"8\" y1=\"12\" x2=\"16\" y2=\"12\"\/><\/svg><\/span><\/a><\/div>\n<\/div><\/div>\n\n<\/div><\/div>\n<h2 class=\"wp-block-heading\">Was ist der Zweck von CEA?<\/h2>\n\n<p>Die Consumer Electronics Association (CEA) vereint Hersteller, Distributoren, Einzelh\u00e4ndler und Installateure, um eine umfassende Verbrauchertechnologielandschaft zu schaffen und jedem Akteur dabei zu helfen, sein strategisches Wachstum zu erreichen. CEA entwickelt Standards und Spezifikationen, die die Interoperabilit\u00e4t zwischen neuen Produkten und vorhandenen Ger\u00e4ten gew\u00e4hrleisten. <\/p>\n\n<p>Zu den Ver\u00f6ffentlichungen des CEA geh\u00f6ren aktuelle Normen, Spezifikationen, Bulletins und Dokumententw\u00fcrfe. Diese Dokumente behandeln Produktsicherheit\/-konformit\u00e4t, Audiosysteme, Videosysteme, Antennen, mobile Elektronik, Heimnetzwerke, Kabelkonformit\u00e4t und automatische Datenerfassung. <\/p>\n\n<p>CEA-Dokumente werden von Unternehmen verwendet, die Audio-, Video-, Mobilelektronik-, Kommunikations-, Informationstechnologie-, Multimedia- und Zubeh\u00f6rprodukte sowie damit verbundene Dienstleistungen entwickeln, herstellen und vertreiben, die \u00fcber Verbraucherkan\u00e4le verkauft werden. Diese Unternehmen reichen von multinationalen Konzernen bis hin zu Nischenunternehmen. <\/p>\n\n<h2 class=\"wp-block-heading\">So verwenden Sie CEA-Standards<\/h2>\n\n<p>CEA-Standards erm\u00f6glichen Ihnen:<\/p>\n\n<ul class=\"wp-block-list\">\n<li><strong>Innovation f\u00f6rdern<\/strong><\/li>\n\n\n\n<li><strong>Leistungsverbesserung<\/strong><\/li>\n\n\n\n<li><strong>Sichern Sie sich gleichbleibende Qualit\u00e4t<\/strong><\/li>\n<\/ul>\n\n<blockquote class=\"wp-block-quote has-medium-font-size is-layout-flow wp-block-quote-is-layout-flow\">\n<p>Denken Sie daran!<\/p>\n<cite><strong><strong><strong><strong>Gew\u00e4hrleistung der ordnungsgem\u00e4\u00dfen Entwicklung, Produktion, Verteilung und Installation von Unterhaltungselektronik<\/strong><\/strong><\/strong><\/strong><\/cite><\/blockquote>\n\n<h2 class=\"wp-block-heading\">Wie k\u00f6nnen wir Ihnen behilflich sein?<\/h2>\n\n<p><strong>Online Standard<\/strong> ist Ihr zuverl\u00e4ssigster und schnellster L\u00f6sungspartner f\u00fcr den Zugriff auf technische Dokumente und Ver\u00f6ffentlichungen, Richtlinien und Normen.<\/p>\n\n<p>Wenn Sie sich mit uns in Verbindung setzen, haben Sie auch Zugang zu allen Unterlagen, die Sie ben\u00f6tigen.<\/p>\n\n<ul class=\"wp-block-list\">\n<li>Gedruckte oder digitale <a href=\"https:\/\/onlinestandart.com\/de\/individueller-gedruckter-oder-digitaler-standardbereitstellungsservice\/\" target=\"_blank\" rel=\"noreferrer noopener\">individuelle Dokumentation<\/a><\/li>\n\n\n\n<li><a href=\"https:\/\/onlinestandart.com\/de\/standard-abholbereitstellungsservice\/\" target=\"_blank\" rel=\"noreferrer noopener\">Dokumentensammlung speziell f\u00fcr<\/a> Ihre Abteilung oder Ihr Projekt<\/li>\n\n\n\n<li>Ma\u00dfgeschneiderte <a href=\"https:\/\/onlinestandart.com\/de\/online-loesungen-fuer-standarddokumente\/\" target=\"_blank\" rel=\"noreferrer noopener\">Dokumentationsl\u00f6sungen<\/a> f\u00fcr Ihr Unternehmen<\/li>\n<\/ul>\n\n<p><strong>Dank unserer wertvollen Kooperationen k\u00f6nnen wir Ihnen die Dokumentation anbieten, die Sie durch die Recherche in mehr als 500 Quellen in digitaler oder gedruckter Form erhalten k\u00f6nnen.<\/strong><\/p>\n\n<p>Durch unsere Partnerschaften mit <a href=\"https:\/\/onlinestandart.com\/de\/amerikanisches-petroleum-institut-api\/\" target=\"_blank\" rel=\"noreferrer noopener\">API<\/a>, <a href=\"https:\/\/onlinestandart.com\/de\/die-amerikanische-gesellschaft-der-ingenieure-fuer-heizung-kuehlung-und-klimatisierung-ashrae\/\" target=\"_blank\" rel=\"noreferrer noopener\">ASHRAE<\/a>, <a href=\"https:\/\/onlinestandart.com\/de\/amerikanische-gesellschaft-der-maschinenbauingenieure-asme\/\" target=\"_blank\" rel=\"noreferrer noopener\">ASME<\/a>, <a href=\"https:\/\/onlinestandart.com\/de\/astm-international\/\" target=\"_blank\" rel=\"noreferrer noopener\">ASTM<\/a>, <a href=\"https:\/\/onlinestandart.com\/de\/britisches-normungsinstitut-bsi\/\" target=\"_blank\" rel=\"noreferrer noopener\">BSI<\/a>, <a href=\"https:\/\/onlinestandart.com\/de\/internationale-elektrotechnische-kommission\/\" target=\"_blank\" rel=\"noreferrer noopener\">IEC<\/a>, <a href=\"https:\/\/onlinestandart.com\/ieee-standart\/\" target=\"_blank\" rel=\"noreferrer noopener\">IEEE<\/a>, <a href=\"https:\/\/onlinestandart.com.tr\/iso\/\" target=\"_blank\" rel=\"noreferrer noopener\">ISO<\/a>, <a href=\"https:\/\/onlinestandart.com\/de\/sae-international\/\" target=\"_blank\" rel=\"noreferrer noopener\">SAE<\/a> und Hunderten von anderen Normungsgremien k\u00f6nnen wir Ihnen Zeit und Ressourcen sparen, indem wir Ihnen schnellen Zugriff auf genaue und zuverl\u00e4ssige Informationen bieten.<\/p>\n","protected":false},"excerpt":{"rendered":"<p>Wof\u00fcr steht CEA? Die Consumer Electronics Association (CEA) Was sind CEA-Standards? Die Consumer Electronics Association (CEA) ver\u00f6ffentlicht Standards und Spezifikationen, die Innovationen erm\u00f6glichen und die Interoperabilit\u00e4t mit vorhandenen Ger\u00e4ten f\u00f6rdern. Das Technologie- und Standardsprogramm der CEA bietet einen einheitlichen Technologie-Fahrplan, der f\u00fcr das Wachstum der Unterhaltungselektronikbranche von entscheidender Bedeutung ist. Was ist der Zweck von&#8230;<\/p>\n","protected":false},"author":1,"featured_media":0,"parent":0,"menu_order":0,"comment_status":"closed","ping_status":"closed","template":"","meta":{"_kad_blocks_custom_css":"","_kad_blocks_head_custom_js":"","_kad_blocks_body_custom_js":"","_kad_blocks_footer_custom_js":"","_kad_post_transparent":"","_kad_post_title":"","_kad_post_layout":"","_kad_post_sidebar_id":"","_kad_post_content_style":"","_kad_post_vertical_padding":"","_kad_post_feature":"","_kad_post_feature_position":"","_kad_post_header":false,"_kad_post_footer":false,"_kad_post_classname":"","footnotes":""},"categories":[62],"tags":[],"class_list":["post-54276","page","type-page","status-publish","hentry","category-normen"],"taxonomy_info":{"category":[{"value":62,"label":"Normen"}]},"featured_image_src_large":false,"author_info":{"display_name":"Online Standart","author_link":"https:\/\/onlinestandart.com\/de\/author\/online-standart\/"},"comment_info":0,"_links":{"self":[{"href":"https:\/\/onlinestandart.com\/de\/wp-json\/wp\/v2\/pages\/54276","targetHints":{"allow":["GET"]}}],"collection":[{"href":"https:\/\/onlinestandart.com\/de\/wp-json\/wp\/v2\/pages"}],"about":[{"href":"https:\/\/onlinestandart.com\/de\/wp-json\/wp\/v2\/types\/page"}],"author":[{"embeddable":true,"href":"https:\/\/onlinestandart.com\/de\/wp-json\/wp\/v2\/users\/1"}],"replies":[{"embeddable":true,"href":"https:\/\/onlinestandart.com\/de\/wp-json\/wp\/v2\/comments?post=54276"}],"version-history":[{"count":0,"href":"https:\/\/onlinestandart.com\/de\/wp-json\/wp\/v2\/pages\/54276\/revisions"}],"wp:attachment":[{"href":"https:\/\/onlinestandart.com\/de\/wp-json\/wp\/v2\/media?parent=54276"}],"wp:term":[{"taxonomy":"category","embeddable":true,"href":"https:\/\/onlinestandart.com\/de\/wp-json\/wp\/v2\/categories?post=54276"},{"taxonomy":"post_tag","embeddable":true,"href":"https:\/\/onlinestandart.com\/de\/wp-json\/wp\/v2\/tags?post=54276"}],"curies":[{"name":"wp","href":"https:\/\/api.w.org\/{rel}","templated":true}]}}