{"id":54329,"date":"2024-05-06T15:02:31","date_gmt":"2024-05-06T12:02:31","guid":{"rendered":"https:\/\/onlinestandart.com\/internationale-zivilluftfahrt-organisation-icao\/"},"modified":"2025-06-04T11:56:33","modified_gmt":"2025-06-04T08:56:33","slug":"internationale-zivilluftfahrt-organisation-icao","status":"publish","type":"page","link":"https:\/\/onlinestandart.com\/de\/internationale-zivilluftfahrt-organisation-icao\/","title":{"rendered":"Internationale Zivilluftfahrt-Organisation (ICAO)"},"content":{"rendered":"\n<h2 class=\"wp-block-heading\">Wof\u00fcr steht ICAO?<\/h2>\n\n<p>Internationale Zivilluftfahrt-Organisation (ICAO)<\/p>\n\n<h2 class=\"wp-block-heading\">Was sind ICAO-Standards?<\/h2>\n\n<p>Die Internationale Zivilluftfahrt-Organisation (ICAO) erl\u00e4sst Vorschriften zur Sicherheit, Sicherheit, Effizienz und Ordnung im Flugverkehr sowie zum Umweltschutz. Die Organisation regelt au\u00dferdem Betriebspraktiken und -verfahren im technischen Bereich der Luftfahrt. <\/p>\n<style>.kb-row-layout-id2854_4045b1-df > .kt-row-column-wrap{align-content:start;}:where(.kb-row-layout-id2854_4045b1-df > .kt-row-column-wrap) > .wp-block-kadence-column{justify-content:start;}.kb-row-layout-id2854_4045b1-df > .kt-row-column-wrap{column-gap:var(--global-kb-gap-md, 2rem);row-gap:var(--global-kb-gap-md, 2rem);grid-template-columns:minmax(0, 1fr);}.kb-row-layout-id2854_4045b1-df > .kt-row-layout-overlay{opacity:0.30;}@media all and (max-width: 1024px){.kb-row-layout-id2854_4045b1-df > .kt-row-column-wrap{grid-template-columns:minmax(0, 1fr);}}@media all and (max-width: 767px){.kb-row-layout-id2854_4045b1-df > .kt-row-column-wrap{grid-template-columns:minmax(0, 1fr);}}<\/style><div class=\"kb-row-layout-wrap kb-row-layout-id2854_4045b1-df alignnone wp-block-kadence-rowlayout\"><div class=\"kt-row-column-wrap kt-has-1-columns kt-row-layout-equal kt-tab-layout-inherit kt-mobile-layout-row kt-row-valign-top\">\n<style>.kadence-column2854_5e1056-29 > .kt-inside-inner-col,.kadence-column2854_5e1056-29 > .kt-inside-inner-col:before{border-top-left-radius:0px;border-top-right-radius:0px;border-bottom-right-radius:0px;border-bottom-left-radius:0px;}.kadence-column2854_5e1056-29 > .kt-inside-inner-col{column-gap:var(--global-kb-gap-sm, 1rem);}.kadence-column2854_5e1056-29 > .kt-inside-inner-col{flex-direction:column;}.kadence-column2854_5e1056-29 > .kt-inside-inner-col > .aligncenter{width:100%;}.kadence-column2854_5e1056-29 > .kt-inside-inner-col:before{opacity:0.3;}.kadence-column2854_5e1056-29{position:relative;}@media all and (max-width: 1024px){.kadence-column2854_5e1056-29 > .kt-inside-inner-col{flex-direction:column;justify-content:center;}}@media all and (max-width: 767px){.kadence-column2854_5e1056-29 > .kt-inside-inner-col{flex-direction:column;justify-content:center;}}<\/style>\n<div class=\"wp-block-kadence-column kadence-column2854_5e1056-29\"><div class=\"kt-inside-inner-col\"><style>.wp-block-kadence-advancedbtn.kb-btns2854_67fda6-5d{gap:var(--global-kb-gap-xs, 0.5rem );justify-content:flex-start;align-items:center;}.kt-btns2854_67fda6-5d .kt-button{font-weight:normal;font-style:normal;}.kt-btns2854_67fda6-5d .kt-btn-wrap-0{margin-right:5px;}.wp-block-kadence-advancedbtn.kt-btns2854_67fda6-5d .kt-btn-wrap-0 .kt-button{color:#555555;border-color:#555555;}.wp-block-kadence-advancedbtn.kt-btns2854_67fda6-5d .kt-btn-wrap-0 .kt-button:hover, .wp-block-kadence-advancedbtn.kt-btns2854_67fda6-5d .kt-btn-wrap-0 .kt-button:focus{color:#ffffff;border-color:#444444;}.wp-block-kadence-advancedbtn.kt-btns2854_67fda6-5d .kt-btn-wrap-0 .kt-button::before{display:none;}.wp-block-kadence-advancedbtn.kt-btns2854_67fda6-5d .kt-btn-wrap-0 .kt-button:hover, .wp-block-kadence-advancedbtn.kt-btns2854_67fda6-5d .kt-btn-wrap-0 .kt-button:focus{background:#444444;}<\/style>\n<div class=\"wp-block-kadence-advancedbtn kb-buttons-wrap kb-btns2854_67fda6-5d\"><style>ul.menu .wp-block-kadence-advancedbtn .kb-btn2854_2709d8-88.kb-button{width:initial;}.wp-block-kadence-advancedbtn .kb-btn2854_2709d8-88.kb-button{background:var(--global-palette1, #3182CE);font-family:-apple-system,BlinkMacSystemFont,\"Segoe UI\",Roboto,Oxygen-Sans,Ubuntu,Cantarell,\"Helvetica Neue\",sans-serif, \"Apple Color Emoji\", \"Segoe UI Emoji\", \"Segoe UI Symbol\";border-top-left-radius:8px;border-top-right-radius:8px;border-bottom-right-radius:8px;border-bottom-left-radius:8px;padding-top:14px;padding-right:30px;padding-bottom:14px;padding-left:30px;}.wp-block-kadence-advancedbtn .kb-btn2854_2709d8-88.kb-button:hover, .wp-block-kadence-advancedbtn .kb-btn2854_2709d8-88.kb-button:focus{background:var(--global-palette2, #2B6CB0);}<\/style><a class=\"kb-button kt-button button kb-btn2854_2709d8-88 kt-btn-size-small kt-btn-width-type-auto kb-btn-global-fill  kt-btn-has-text-true kt-btn-has-svg-true  wp-block-kadence-singlebtn\" href=\"https:\/\/onlinestandart.com\/de\/kontakt\/\"><span class=\"kt-btn-inner-text\">DOKUMENT ANFORDERN<\/span><span class=\"kb-svg-icon-wrap kb-svg-icon-fe_arrowRightCircle kt-btn-icon-side-right\"><svg viewBox=\"0 0 24 24\"  fill=\"none\" stroke=\"currentColor\" stroke-width=\"2\" stroke-linecap=\"round\" stroke-linejoin=\"round\" xmlns=\"http:\/\/www.w3.org\/2000\/svg\"  aria-hidden=\"true\"><circle cx=\"12\" cy=\"12\" r=\"10\"\/><polyline points=\"12 16 16 12 12 8\"\/><line x1=\"8\" y1=\"12\" x2=\"16\" y2=\"12\"\/><\/svg><\/span><\/a><\/div>\n<\/div><\/div>\n\n<\/div><\/div>\n<h2 class=\"wp-block-heading\">Was ist die ICAO?<\/h2>\n\n<p>Die Internationale Zivilluftfahrt-Organisation (ICAO) ist eine Sonderorganisation der Vereinten Nationen und wurde am 7. Dezember 1944 mit der Unterzeichnung des \u00dcbereinkommens \u00fcber die Internationale Zivilluftfahrt in Chicago gegr\u00fcndet.<\/p>\n\n<h3 class=\"wp-block-heading\">Was sind die Ziele der ICAO?<\/h3>\n\n<p>Die ICAO ist das st\u00e4ndige Gremium, das f\u00fcr die Umsetzung der im \u00dcbereinkommen festgelegten Grunds\u00e4tze verantwortlich ist. Die ICAO mit Hauptsitz in Montreal legt Standards f\u00fcr Flugsicherheit, Schutz, Effizienz und Regelm\u00e4\u00dfigkeit sowie f\u00fcr den Umweltschutz in der Luftfahrt fest. <\/p>\n\n<p>Zu den Mitgliedern der ICAO z\u00e4hlen 190 Vertragsstaaten. Die Ziele und Zwecke der ICAO bestehen gem\u00e4\u00df Artikel 44 des Chicagoer Abkommens darin, die Grunds\u00e4tze und Techniken des internationalen Luftverkehrs zu entwickeln und die Planung und Entwicklung des internationalen Luftverkehrs zu f\u00f6rdern, um: <\/p>\n\n<ul class=\"wp-block-list\">\n<li>Um das sichere und geordnete Wachstum der internationalen Zivilluftfahrt weltweit zu gew\u00e4hrleisten<\/li>\n\n\n\n<li>F\u00f6rderung der K\u00fcnste und des Studiums des Flugzeugdesigns f\u00fcr friedliche Zwecke<\/li>\n\n\n\n<li>F\u00f6rderung der Entwicklung von Fluggesellschaften, Flugh\u00e4fen und Flugsicherungseinrichtungen f\u00fcr die internationale Zivilluftfahrt<\/li>\n\n\n\n<li>Um den Bed\u00fcrfnissen der Weltbev\u00f6lkerung nach einem sicheren, reibungslosen, effizienten und wirtschaftlichen Luftverkehr gerecht zu werden<\/li>\n\n\n\n<li>um wirtschaftliche Verschwendung durch sinnlosen Wettbewerb zu verhindern<\/li>\n\n\n\n<li>Um sicherzustellen, dass die Rechte der Vertragsstaaten uneingeschr\u00e4nkt geachtet werden und dass jeder Vertragsstaat eine faire Chance hat, internationale Fluggesellschaften zu betreiben.<\/li>\n\n\n\n<li>Vermeidung von Diskriminierung zwischen Vertragsstaaten<\/li>\n\n\n\n<li>die Flugsicherheit im internationalen Luftverkehr zu erh\u00f6hen; Und<\/li>\n\n\n\n<li>die Entwicklung aller Aspekte der internationalen Zivilluftfahrt im Allgemeinen zu f\u00f6rdern.<\/li>\n<\/ul>\n\n<p>Eine der Hauptaufgaben des ICAO-Rates besteht darin, Internationale Standards und empfohlene Praktiken (SARPs) zu verabschieden und sie in die Anh\u00e4nge des Abkommens \u00fcber die Internationale Zivilluftfahrt aufzunehmen. Internationale Standards und empfohlene Vorgehensweisen decken den Luftverkehr, die Verhinderung unrechtm\u00e4\u00dfiger Eingriffe und die Erleichterung von Grenz\u00fcbertrittsverfahren f\u00fcr die internationale Zivilluftfahrt ab. <\/p>\n\n<h2 class=\"wp-block-heading\">Wie verwende ich ICAO-Standards?<\/h2>\n\n<p>Diese Sammlung gew\u00e4hrleistet einen reibungslosen Flugverkehr und Grenz\u00fcbertritt und erm\u00f6glicht Ihnen:<\/p>\n\n<ul class=\"wp-block-list\">\n<li><strong>Bieten Sie faire M\u00f6glichkeiten zum Betrieb internationaler Fluggesellschaften<\/strong><\/li>\n\n\n\n<li><strong>F\u00f6rderung der Flugsicherheit<\/strong><\/li>\n\n\n\n<li><strong>Minimieren Sie Kosten und Strafen<\/strong><\/li>\n<\/ul>\n\n<blockquote class=\"wp-block-quote has-medium-font-size is-layout-flow wp-block-quote-is-layout-flow\">\n<p>Denken Sie daran!<\/p>\n<cite><strong><strong><strong><strong><strong><strong>Entwerfen Sie Elektronik f\u00fcr Leistung, Interoperabilit\u00e4t und Nachhaltigkeit<\/strong><\/strong><\/strong><\/strong><\/strong><\/strong><\/cite><\/blockquote>\n\n<h2 class=\"wp-block-heading\">Wie k\u00f6nnen wir Ihnen behilflich sein?<\/h2>\n\n<p><strong>Online Standard<\/strong> ist Ihr zuverl\u00e4ssigster und schnellster L\u00f6sungspartner f\u00fcr den Zugriff auf technische Dokumente und Ver\u00f6ffentlichungen, Richtlinien und Normen.<\/p>\n\n<p>Wenn Sie sich mit uns in Verbindung setzen, haben Sie auch Zugang zu allen Unterlagen, die Sie ben\u00f6tigen.<\/p>\n\n<ul class=\"wp-block-list\">\n<li>Gedruckte oder digitale <a href=\"https:\/\/onlinestandart.com\/de\/individueller-gedruckter-oder-digitaler-standardbereitstellungsservice\/\" target=\"_blank\" rel=\"noreferrer noopener\">individuelle Dokumentation<\/a><\/li>\n\n\n\n<li><a href=\"https:\/\/onlinestandart.com\/de\/standard-abholbereitstellungsservice\/\" target=\"_blank\" rel=\"noreferrer noopener\">Dokumentensammlung speziell f\u00fcr<\/a> Ihre Abteilung oder Ihr Projekt<\/li>\n\n\n\n<li>Ma\u00dfgeschneiderte <a href=\"https:\/\/onlinestandart.com\/de\/online-loesungen-fuer-standarddokumente\/\" target=\"_blank\" rel=\"noreferrer noopener\">Dokumentationsl\u00f6sungen<\/a> f\u00fcr Ihr Unternehmen<\/li>\n<\/ul>\n\n<p><strong>Dank unserer wertvollen Kooperationen k\u00f6nnen wir Ihnen die Dokumentation anbieten, die Sie durch die Recherche in mehr als 500 Quellen in digitaler oder gedruckter Form erhalten k\u00f6nnen.<\/strong><\/p>\n\n<p>Durch unsere Partnerschaften mit <a href=\"https:\/\/onlinestandart.com\/de\/amerikanisches-petroleum-institut-api\/\" target=\"_blank\" rel=\"noreferrer noopener\">API<\/a>, <a href=\"https:\/\/onlinestandart.com\/de\/die-amerikanische-gesellschaft-der-ingenieure-fuer-heizung-kuehlung-und-klimatisierung-ashrae\/\" target=\"_blank\" rel=\"noreferrer noopener\">ASHRAE<\/a>, <a href=\"https:\/\/onlinestandart.com\/de\/amerikanische-gesellschaft-der-maschinenbauingenieure-asme\/\" target=\"_blank\" rel=\"noreferrer noopener\">ASME<\/a>, <a href=\"https:\/\/onlinestandart.com\/de\/astm-international\/\" target=\"_blank\" rel=\"noreferrer noopener\">ASTM<\/a>, <a href=\"https:\/\/onlinestandart.com\/de\/britisches-normungsinstitut-bsi\/\" target=\"_blank\" rel=\"noreferrer noopener\">BSI<\/a>, <a href=\"https:\/\/onlinestandart.com\/de\/internationale-elektrotechnische-kommission\/\" target=\"_blank\" rel=\"noreferrer noopener\">IEC<\/a>, <a href=\"https:\/\/onlinestandart.com\/ieee-standart\/\" target=\"_blank\" rel=\"noreferrer noopener\">IEEE<\/a>, <a href=\"https:\/\/onlinestandart.com.tr\/iso\/\" target=\"_blank\" rel=\"noreferrer noopener\">ISO<\/a>, <a href=\"https:\/\/onlinestandart.com\/de\/sae-international\/\" target=\"_blank\" rel=\"noreferrer noopener\">SAE<\/a> und Hunderten von anderen Normungsgremien k\u00f6nnen wir Ihnen Zeit und Ressourcen sparen, indem wir Ihnen schnellen Zugriff auf genaue und zuverl\u00e4ssige Informationen bieten.<\/p>\n","protected":false},"excerpt":{"rendered":"<p>Wof\u00fcr steht ICAO? Internationale Zivilluftfahrt-Organisation (ICAO) Was sind ICAO-Standards? Die Internationale Zivilluftfahrt-Organisation (ICAO) erl\u00e4sst Vorschriften zur Sicherheit, Sicherheit, Effizienz und Ordnung im Flugverkehr sowie zum Umweltschutz. Die Organisation regelt au\u00dferdem Betriebspraktiken und -verfahren im technischen Bereich der Luftfahrt. Was ist die ICAO? Die Internationale Zivilluftfahrt-Organisation (ICAO) ist eine Sonderorganisation der Vereinten Nationen und wurde am&#8230;<\/p>\n","protected":false},"author":1,"featured_media":0,"parent":0,"menu_order":0,"comment_status":"closed","ping_status":"closed","template":"","meta":{"_kad_blocks_custom_css":"","_kad_blocks_head_custom_js":"","_kad_blocks_body_custom_js":"","_kad_blocks_footer_custom_js":"","_kad_post_transparent":"","_kad_post_title":"","_kad_post_layout":"","_kad_post_sidebar_id":"","_kad_post_content_style":"","_kad_post_vertical_padding":"","_kad_post_feature":"","_kad_post_feature_position":"","_kad_post_header":false,"_kad_post_footer":false,"_kad_post_classname":"","footnotes":""},"categories":[62],"tags":[],"class_list":["post-54329","page","type-page","status-publish","hentry","category-normen"],"taxonomy_info":{"category":[{"value":62,"label":"Normen"}]},"featured_image_src_large":false,"author_info":{"display_name":"Online Standart","author_link":"https:\/\/onlinestandart.com\/de\/author\/online-standart\/"},"comment_info":0,"_links":{"self":[{"href":"https:\/\/onlinestandart.com\/de\/wp-json\/wp\/v2\/pages\/54329","targetHints":{"allow":["GET"]}}],"collection":[{"href":"https:\/\/onlinestandart.com\/de\/wp-json\/wp\/v2\/pages"}],"about":[{"href":"https:\/\/onlinestandart.com\/de\/wp-json\/wp\/v2\/types\/page"}],"author":[{"embeddable":true,"href":"https:\/\/onlinestandart.com\/de\/wp-json\/wp\/v2\/users\/1"}],"replies":[{"embeddable":true,"href":"https:\/\/onlinestandart.com\/de\/wp-json\/wp\/v2\/comments?post=54329"}],"version-history":[{"count":0,"href":"https:\/\/onlinestandart.com\/de\/wp-json\/wp\/v2\/pages\/54329\/revisions"}],"wp:attachment":[{"href":"https:\/\/onlinestandart.com\/de\/wp-json\/wp\/v2\/media?parent=54329"}],"wp:term":[{"taxonomy":"category","embeddable":true,"href":"https:\/\/onlinestandart.com\/de\/wp-json\/wp\/v2\/categories?post=54329"},{"taxonomy":"post_tag","embeddable":true,"href":"https:\/\/onlinestandart.com\/de\/wp-json\/wp\/v2\/tags?post=54329"}],"curies":[{"name":"wp","href":"https:\/\/api.w.org\/{rel}","templated":true}]}}