{"id":54339,"date":"2024-05-06T15:16:21","date_gmt":"2024-05-06T12:16:21","guid":{"rendered":"https:\/\/onlinestandart.com\/internationale-gesellschaft-fuer-automatisierung-isa\/"},"modified":"2025-05-27T15:21:04","modified_gmt":"2025-05-27T12:21:04","slug":"internationale-gesellschaft-fuer-automatisierung-isa","status":"publish","type":"page","link":"https:\/\/onlinestandart.com\/de\/internationale-gesellschaft-fuer-automatisierung-isa\/","title":{"rendered":"Internationale Gesellschaft f\u00fcr Automatisierung (ISA)"},"content":{"rendered":"\n<h2 class=\"wp-block-heading\">Wof\u00fcr steht die International Society of Automation (ISA)?<\/h2>\n\n<p>Internationale Gesellschaft f\u00fcr Automatisierung (ehemals Instrumentation, Systems, and Automation Society)  <\/p>\n\n<h2 class=\"wp-block-heading\">Worin besteht die Expertise von ISA?<\/h2>\n\n<p>Die International Society for Automation (ISA) erstellt Standards, um Prozesse f\u00fcr Automatisierungsexperten zu optimieren und die Sicherheit, Effizienz und Rentabilit\u00e4t der Branche zu verbessern. Diese Standards regeln Symbole und Benennungen, Sicherheit und Kommunikation. Eines der am h\u00e4ufigsten verwendeten Formulare ist die ISA-Sammlung \u201eTR20.00.01-Formulare\u201c, die die branchenweit anerkannten ISA-TR20.00.01-Instrumentierungsspezifikationsformulare enth\u00e4lt.  <\/p>\n\n<h2 class=\"wp-block-heading\">Was ist die International Society of Automation (ISA)?<\/h2>\n\n<p>Eine gemeinn\u00fctzige technische Community f\u00fcr Ingenieure, Gesch\u00e4ftsleute, P\u00e4dagogen und Studenten, die im Bereich der industriellen Automatisierung und verwandten Bereichen wie Instrumentierung arbeiten, studieren oder sich daf\u00fcr interessieren. Die 1945 gegr\u00fcndete Gesellschaft war urspr\u00fcnglich unter dem Namen Instrument Society of America bekannt.   <\/p>\n\n<p>Die Community ist besser unter ihrem abgek\u00fcrzten Namen ISA bekannt und ihr Wirkungsbereich umfasst mittlerweile viele technische und ingenieurwissenschaftliche Disziplinen. ISA ist eine der weltweit f\u00fchrenden Berufsorganisationen f\u00fcr die Festlegung von Automatisierungsstandards und die Ausbildung von Branchenfachleuten.   <\/p>\n<style>.wp-block-kadence-advancedbtn.kb-btns2864_9ded25-13{gap:var(--global-kb-gap-xs, 0.5rem );justify-content:flex-start;align-items:center;}.kt-btns2864_9ded25-13 .kt-button{font-weight:normal;font-style:normal;}.kt-btns2864_9ded25-13 .kt-btn-wrap-0{margin-right:5px;}.wp-block-kadence-advancedbtn.kt-btns2864_9ded25-13 .kt-btn-wrap-0 .kt-button{color:#555555;border-color:#555555;}.wp-block-kadence-advancedbtn.kt-btns2864_9ded25-13 .kt-btn-wrap-0 .kt-button:hover, .wp-block-kadence-advancedbtn.kt-btns2864_9ded25-13 .kt-btn-wrap-0 .kt-button:focus{color:#ffffff;border-color:#444444;}.wp-block-kadence-advancedbtn.kt-btns2864_9ded25-13 .kt-btn-wrap-0 .kt-button::before{display:none;}.wp-block-kadence-advancedbtn.kt-btns2864_9ded25-13 .kt-btn-wrap-0 .kt-button:hover, .wp-block-kadence-advancedbtn.kt-btns2864_9ded25-13 .kt-btn-wrap-0 .kt-button:focus{background:#444444;}<\/style>\n<div class=\"wp-block-kadence-advancedbtn kb-buttons-wrap kb-btns2864_9ded25-13\"><style>ul.menu .wp-block-kadence-advancedbtn .kb-btn2864_612b1c-59.kb-button{width:initial;}.wp-block-kadence-advancedbtn .kb-btn2864_612b1c-59.kb-button{background:var(--global-palette1, #3182CE);font-family:-apple-system,BlinkMacSystemFont,\"Segoe UI\",Roboto,Oxygen-Sans,Ubuntu,Cantarell,\"Helvetica Neue\",sans-serif, \"Apple Color Emoji\", \"Segoe UI Emoji\", \"Segoe UI Symbol\";border-top-left-radius:8px;border-top-right-radius:8px;border-bottom-right-radius:8px;border-bottom-left-radius:8px;padding-top:14px;padding-right:30px;padding-bottom:14px;padding-left:30px;}.wp-block-kadence-advancedbtn .kb-btn2864_612b1c-59.kb-button:hover, .wp-block-kadence-advancedbtn .kb-btn2864_612b1c-59.kb-button:focus{background:var(--global-palette2, #2B6CB0);}<\/style><a class=\"kb-button kt-button button kb-btn2864_612b1c-59 kt-btn-size-small kt-btn-width-type-auto kb-btn-global-fill  kt-btn-has-text-true kt-btn-has-svg-true  wp-block-kadence-singlebtn\" href=\"https:\/\/onlinestandart.com\/de\/kontakt\/\"><span class=\"kt-btn-inner-text\">DOKUMENT ANFORDERN<\/span><span class=\"kb-svg-icon-wrap kb-svg-icon-fe_arrowRightCircle kt-btn-icon-side-right\"><svg viewBox=\"0 0 24 24\"  fill=\"none\" stroke=\"currentColor\" stroke-width=\"2\" stroke-linecap=\"round\" stroke-linejoin=\"round\" xmlns=\"http:\/\/www.w3.org\/2000\/svg\"  aria-hidden=\"true\"><circle cx=\"12\" cy=\"12\" r=\"10\"\/><polyline points=\"12 16 16 12 12 8\"\/><line x1=\"8\" y1=\"12\" x2=\"16\" y2=\"12\"\/><\/svg><\/span><\/a><\/div>\n\n<p>Instrumentierung und Automatisierung geh\u00f6ren zu den grundlegenden Technologien, die in nahezu der gesamten industriellen Produktion zum Einsatz kommen. Die moderne industrielle Produktion ist ein komplexes Zusammenspiel vieler Systeme. Die Instrumentierung erm\u00f6glicht die Regulierung dieser komplexen Systeme mithilfe vieler verschiedener Mess- und Steuerger\u00e4te. Durch die Automatisierung werden programmierbare Ger\u00e4te bereitgestellt, die eine gr\u00f6\u00dfere Flexibilit\u00e4t beim Betrieb dieser komplexen Fertigungssysteme erm\u00f6glichen.   <\/p>\n\n<p>ISA bietet F\u00fchrung und Ausbildung in den von ihm betreuten Berufen und hilft Ingenieuren, Technikern, Forschern und vielen anderen, mit einer sich schnell ver\u00e4ndernden Branche Schritt zu halten. ISA-Publikationen werden von Automatisierungsexperten auf der ganzen Welt verwendet. Diese Menschen arbeiten in den unterschiedlichsten Branchen \u2013 sie bauen, betreiben und warten Prozesse, die alles von der \u00dcberwachung der Luftqualit\u00e4t bis zur Herstellung von Flugzeugen umfassen.  <\/p>\n\n<h2 class=\"wp-block-heading\">In welchen Bereichen werden ISA-Standards verwendet?<\/h2>\n\n<p>ISA-Standards erm\u00f6glichen Ihnen:<\/p>\n\n<ul class=\"wp-block-list\">\n<li><strong>Erh\u00f6hen Sie die Sicherheit<\/strong><\/li>\n\n\n\n<li><strong>Vereinfachen Sie die Komponentenintegration<\/strong><\/li>\n\n\n\n<li><strong>Sicherstellung einer konsistenten Instrumentierung<\/strong><\/li>\n<\/ul>\n\n<h2 class=\"wp-block-heading\">Wie k\u00f6nnen wir Ihnen behilflich sein?<\/h2>\n\n<p><strong>Online Standard<\/strong> ist Ihr zuverl\u00e4ssigster und schnellster L\u00f6sungspartner f\u00fcr den Zugriff auf technische Dokumente und Ver\u00f6ffentlichungen, Richtlinien und Normen.<\/p>\n\n<p>Wenn Sie sich mit uns in Verbindung setzen, haben Sie auch Zugang zu allen Unterlagen, die Sie ben\u00f6tigen.<\/p>\n\n<ul class=\"wp-block-list\">\n<li>Gedruckte oder digitale <a href=\"https:\/\/onlinestandart.com\/de\/individueller-gedruckter-oder-digitaler-standardbereitstellungsservice\/\" target=\"_blank\" rel=\"noreferrer noopener\">individuelle Dokumentation<\/a><\/li>\n\n\n\n<li><a href=\"https:\/\/onlinestandart.com\/de\/standard-abholbereitstellungsservice\/\" target=\"_blank\" rel=\"noreferrer noopener\">Dokumentensammlung speziell f\u00fcr<\/a> Ihre Abteilung oder Ihr Projekt<\/li>\n\n\n\n<li>Ma\u00dfgeschneiderte <a href=\"https:\/\/onlinestandart.com\/de\/online-loesungen-fuer-standarddokumente\/\" target=\"_blank\" rel=\"noreferrer noopener\">Dokumentationsl\u00f6sungen<\/a> f\u00fcr Ihr Unternehmen<\/li>\n<\/ul>\n\n<p><strong>Dank unserer wertvollen Kooperationen k\u00f6nnen wir Ihnen die Dokumentation anbieten, die Sie durch die Recherche in mehr als 500 Quellen in digitaler oder gedruckter Form erhalten k\u00f6nnen.<\/strong><\/p>\n\n<p>Durch unsere Partnerschaften mit <a href=\"https:\/\/onlinestandart.com\/de\/amerikanisches-petroleum-institut-api\/\" target=\"_blank\" rel=\"noreferrer noopener\">API<\/a>, <a href=\"https:\/\/onlinestandart.com\/de\/die-amerikanische-gesellschaft-der-ingenieure-fuer-heizung-kuehlung-und-klimatisierung-ashrae\/\" target=\"_blank\" rel=\"noreferrer noopener\">ASHRAE<\/a>, <a href=\"https:\/\/onlinestandart.com\/asme-international\/\" target=\"_blank\" rel=\"noreferrer noopener\">ASME<\/a>, <a href=\"https:\/\/onlinestandart.com\/de\/astm-international\/\" target=\"_blank\" rel=\"noreferrer noopener\">ASTM<\/a>, <a href=\"https:\/\/onlinestandart.com\/de\/britisches-normungsinstitut-bsi\/\" target=\"_blank\" rel=\"noreferrer noopener\">BSI<\/a>, <a href=\"https:\/\/onlinestandart.com\/de\/internationale-elektrotechnische-kommission\/\" target=\"_blank\" rel=\"noreferrer noopener\">IEC<\/a>, <a href=\"https:\/\/onlinestandart.com\/ieee-standart\/\" target=\"_blank\" rel=\"noreferrer noopener\">IEEE<\/a>, <a href=\"https:\/\/onlinestandart.com.tr\/iso\/\" target=\"_blank\" rel=\"noreferrer noopener\">ISO<\/a>, <a href=\"https:\/\/onlinestandart.com\/de\/sae-international\/\" target=\"_blank\" rel=\"noreferrer noopener\">SAE<\/a> und Hunderten von anderen Normungsgremien k\u00f6nnen wir Ihnen Zeit und Ressourcen sparen, indem wir Ihnen schnellen Zugriff auf genaue und zuverl\u00e4ssige Informationen bieten.<\/p>\n","protected":false},"excerpt":{"rendered":"<p>Wof\u00fcr steht die International Society of Automation (ISA)? Internationale Gesellschaft f\u00fcr Automatisierung (ehemals Instrumentation, Systems, and Automation Society) Worin besteht die Expertise von ISA? Die International Society for Automation (ISA) erstellt Standards, um Prozesse f\u00fcr Automatisierungsexperten zu optimieren und die Sicherheit, Effizienz und Rentabilit\u00e4t der Branche zu verbessern. Diese Standards regeln Symbole und Benennungen, Sicherheit&#8230;<\/p>\n","protected":false},"author":1,"featured_media":0,"parent":0,"menu_order":0,"comment_status":"closed","ping_status":"closed","template":"","meta":{"_kad_blocks_custom_css":"","_kad_blocks_head_custom_js":"","_kad_blocks_body_custom_js":"","_kad_blocks_footer_custom_js":"","_kad_post_transparent":"","_kad_post_title":"","_kad_post_layout":"","_kad_post_sidebar_id":"","_kad_post_content_style":"","_kad_post_vertical_padding":"","_kad_post_feature":"","_kad_post_feature_position":"","_kad_post_header":false,"_kad_post_footer":false,"_kad_post_classname":"","footnotes":""},"categories":[62],"tags":[],"class_list":["post-54339","page","type-page","status-publish","hentry","category-normen"],"taxonomy_info":{"category":[{"value":62,"label":"Normen"}]},"featured_image_src_large":false,"author_info":{"display_name":"Online Standart","author_link":"https:\/\/onlinestandart.com\/de\/author\/online-standart\/"},"comment_info":0,"_links":{"self":[{"href":"https:\/\/onlinestandart.com\/de\/wp-json\/wp\/v2\/pages\/54339","targetHints":{"allow":["GET"]}}],"collection":[{"href":"https:\/\/onlinestandart.com\/de\/wp-json\/wp\/v2\/pages"}],"about":[{"href":"https:\/\/onlinestandart.com\/de\/wp-json\/wp\/v2\/types\/page"}],"author":[{"embeddable":true,"href":"https:\/\/onlinestandart.com\/de\/wp-json\/wp\/v2\/users\/1"}],"replies":[{"embeddable":true,"href":"https:\/\/onlinestandart.com\/de\/wp-json\/wp\/v2\/comments?post=54339"}],"version-history":[{"count":0,"href":"https:\/\/onlinestandart.com\/de\/wp-json\/wp\/v2\/pages\/54339\/revisions"}],"wp:attachment":[{"href":"https:\/\/onlinestandart.com\/de\/wp-json\/wp\/v2\/media?parent=54339"}],"wp:term":[{"taxonomy":"category","embeddable":true,"href":"https:\/\/onlinestandart.com\/de\/wp-json\/wp\/v2\/categories?post=54339"},{"taxonomy":"post_tag","embeddable":true,"href":"https:\/\/onlinestandart.com\/de\/wp-json\/wp\/v2\/tags?post=54339"}],"curies":[{"name":"wp","href":"https:\/\/api.w.org\/{rel}","templated":true}]}}