{"id":54409,"date":"2024-05-07T14:05:23","date_gmt":"2024-05-07T11:05:23","guid":{"rendered":"https:\/\/onlinestandart.com\/nationale-brandschutzvereinigung-nfpa\/"},"modified":"2025-05-27T15:21:45","modified_gmt":"2025-05-27T12:21:45","slug":"nationale-brandschutzvereinigung-nfpa","status":"publish","type":"page","link":"https:\/\/onlinestandart.com\/de\/nationale-brandschutzvereinigung-nfpa\/","title":{"rendered":"Nationale Brandschutzvereinigung (NFPA)"},"content":{"rendered":"\n<h2 class=\"wp-block-heading\">Wof\u00fcr steht NFPA?<\/h2>\n\n<p>Nationale Brandschutzvereinigung (NFPA)<\/p>\n\n<h2 class=\"wp-block-heading\">Was sind NFPA-Standards?<\/h2>\n\n<p>Die National Fire Protection Association (NFPA) ver\u00f6ffentlicht \u00fcber 300 Konsensvorschriften und -standards, die darauf abzielen, die Wahrscheinlichkeit und die Auswirkungen von Br\u00e4nden und anderen Risiken zu minimieren. Diese Dokumente, darunter der National Electric Code\u00ae, der Life Safety Code\u00ae, der Fire Code und der National Fuel Gas Code, legen Kriterien f\u00fcr Konstruktion, Verarbeitung, Design, Wartung und Installation in den Vereinigten Staaten und vielen anderen L\u00e4ndern fest.   <\/p>\n<style>.wp-block-kadence-advancedbtn.kb-btns2911_64d0fe-fc{gap:var(--global-kb-gap-xs, 0.5rem );justify-content:flex-start;align-items:center;}.kt-btns2911_64d0fe-fc .kt-button{font-weight:normal;font-style:normal;}.kt-btns2911_64d0fe-fc .kt-btn-wrap-0{margin-right:5px;}.wp-block-kadence-advancedbtn.kt-btns2911_64d0fe-fc .kt-btn-wrap-0 .kt-button{color:#555555;border-color:#555555;}.wp-block-kadence-advancedbtn.kt-btns2911_64d0fe-fc .kt-btn-wrap-0 .kt-button:hover, .wp-block-kadence-advancedbtn.kt-btns2911_64d0fe-fc .kt-btn-wrap-0 .kt-button:focus{color:#ffffff;border-color:#444444;}.wp-block-kadence-advancedbtn.kt-btns2911_64d0fe-fc .kt-btn-wrap-0 .kt-button::before{display:none;}.wp-block-kadence-advancedbtn.kt-btns2911_64d0fe-fc .kt-btn-wrap-0 .kt-button:hover, .wp-block-kadence-advancedbtn.kt-btns2911_64d0fe-fc .kt-btn-wrap-0 .kt-button:focus{background:#444444;}<\/style>\n<div class=\"wp-block-kadence-advancedbtn kb-buttons-wrap kb-btns2911_64d0fe-fc\"><style>ul.menu .wp-block-kadence-advancedbtn .kb-btn2911_8914ce-06.kb-button{width:initial;}.wp-block-kadence-advancedbtn .kb-btn2911_8914ce-06.kb-button{background:var(--global-palette1, #3182CE);font-family:-apple-system,BlinkMacSystemFont,\"Segoe UI\",Roboto,Oxygen-Sans,Ubuntu,Cantarell,\"Helvetica Neue\",sans-serif, \"Apple Color Emoji\", \"Segoe UI Emoji\", \"Segoe UI Symbol\";border-top-left-radius:8px;border-top-right-radius:8px;border-bottom-right-radius:8px;border-bottom-left-radius:8px;padding-top:14px;padding-right:30px;padding-bottom:14px;padding-left:30px;}.wp-block-kadence-advancedbtn .kb-btn2911_8914ce-06.kb-button:hover, .wp-block-kadence-advancedbtn .kb-btn2911_8914ce-06.kb-button:focus{background:var(--global-palette2, #2B6CB0);}<\/style><a class=\"kb-button kt-button button kb-btn2911_8914ce-06 kt-btn-size-small kt-btn-width-type-auto kb-btn-global-fill  kt-btn-has-text-true kt-btn-has-svg-true  wp-block-kadence-singlebtn\" href=\"https:\/\/onlinestandart.com\/de\/kontakt\/\"><span class=\"kt-btn-inner-text\">DOKUMENT ANFORDERN<\/span><span class=\"kb-svg-icon-wrap kb-svg-icon-fe_arrowRightCircle kt-btn-icon-side-right\"><svg viewBox=\"0 0 24 24\"  fill=\"none\" stroke=\"currentColor\" stroke-width=\"2\" stroke-linecap=\"round\" stroke-linejoin=\"round\" xmlns=\"http:\/\/www.w3.org\/2000\/svg\"  aria-hidden=\"true\"><circle cx=\"12\" cy=\"12\" r=\"10\"\/><polyline points=\"12 16 16 12 12 8\"\/><line x1=\"8\" y1=\"12\" x2=\"16\" y2=\"12\"\/><\/svg><\/span><\/a><\/div>\n\n<p>Die Richtlinien sind vom American National Standards Institute (ANSI) akkreditiert. NFPA-Codes sind international anerkannte Standards. <\/p>\n\n<h2 class=\"wp-block-heading\">Was ist NFPA?<\/h2>\n\n<p>Die 1896 gegr\u00fcndete NFPA ist der weltweit f\u00fchrende Bef\u00fcrworter der Brandverh\u00fctung und die ma\u00dfgebliche Quelle f\u00fcr \u00f6ffentliche Sicherheit.<\/p>\n\n<h3 class=\"wp-block-heading\">Was ist der Zweck der NFPA-Standards?<\/h3>\n\n<p>Ziel der National Fire Protection Association (NFPA) ist es, die Belastung der Lebensqualit\u00e4t durch Feuer und andere Gefahren weltweit durch die Bereitstellung und Unterst\u00fctzung einheitlicher Vorschriften und Standards zu verringern. Die 300 Vorschriften und Normen der NFPA wirken sich auf alle Geb\u00e4ude, Prozesse, Dienstleistungen, Designs und Installationen in den Vereinigten Staaten sowie auf viele der in anderen L\u00e4ndern verwendeten Vorschriften und Normen aus. Die Vorschriften und Standards der NFPA haben weltweit dazu beigetragen, Leben zu retten und Eigentum zu sch\u00fctzen.  <\/p>\n\n<p>Die Brandschutzvorschriften und -normen sowie die Handb\u00fccher der NFPA werden in der gesamten Industrie und in der Regierung von Mitarbeitern verwendet, die an der Planung und Instandhaltung von Geb\u00e4uden beteiligt sind, von Brandschutzbeh\u00f6rden, Sicherheitsb\u00fcros und in zahlreichen anderen Funktionen.<\/p>\n\n<h2 class=\"wp-block-heading\">So verwenden Sie NFPA-Standards<\/h2>\n\n<p>NFPA-Codes helfen Ihnen:<\/p>\n\n<ul class=\"wp-block-list\">\n<li><strong>Entwerfen Sie feuerbest\u00e4ndige Geb\u00e4ude und Produkte<\/strong><\/li>\n\n\n\n<li><strong>Verbessern Sie die Geb\u00e4udesicherheit<\/strong><\/li>\n\n\n\n<li><strong>Geb\u00e4udew\u00e4chter unterhalten<\/strong><\/li>\n<\/ul>\n\n<blockquote class=\"wp-block-quote has-medium-font-size is-layout-flow wp-block-quote-is-layout-flow\">\n<p>Denken Sie daran!<\/p>\n<cite><strong><strong><strong><strong><strong><strong><strong>Minimieren Sie das Risiko und die Auswirkungen von Geb\u00e4udebr\u00e4nden<\/strong><\/strong><\/strong><\/strong><\/strong><\/strong><\/strong><\/cite><\/blockquote>\n\n<h2 class=\"wp-block-heading\">Wie k\u00f6nnen wir Ihnen behilflich sein?<\/h2>\n\n<p><strong>Online Standard<\/strong> ist Ihr zuverl\u00e4ssigster und schnellster L\u00f6sungspartner f\u00fcr den Zugriff auf technische Dokumente und Ver\u00f6ffentlichungen, Richtlinien und Normen.<\/p>\n\n<p>Wenn Sie sich mit uns in Verbindung setzen, haben Sie auch Zugang zu allen Unterlagen, die Sie ben\u00f6tigen.<\/p>\n\n<ul class=\"wp-block-list\">\n<li>Gedruckte oder digitale <a href=\"https:\/\/onlinestandart.com\/de\/individueller-gedruckter-oder-digitaler-standardbereitstellungsservice\/\" target=\"_blank\" rel=\"noreferrer noopener\">individuelle Dokumentation<\/a><\/li>\n\n\n\n<li><a href=\"https:\/\/onlinestandart.com\/de\/standard-abholbereitstellungsservice\/\" target=\"_blank\" rel=\"noreferrer noopener\">Dokumentensammlung speziell f\u00fcr<\/a> Ihre Abteilung oder Ihr Projekt<\/li>\n\n\n\n<li>Ma\u00dfgeschneiderte <a href=\"https:\/\/onlinestandart.com\/de\/online-loesungen-fuer-standarddokumente\/\" target=\"_blank\" rel=\"noreferrer noopener\">Dokumentationsl\u00f6sungen<\/a> f\u00fcr Ihr Unternehmen<\/li>\n<\/ul>\n\n<p><strong>Dank unserer wertvollen Kooperationen k\u00f6nnen wir Ihnen die Dokumentation anbieten, die Sie durch die Recherche in mehr als 500 Quellen in digitaler oder gedruckter Form erhalten k\u00f6nnen.<\/strong><\/p>\n\n<p>Durch unsere Partnerschaften mit <a href=\"https:\/\/onlinestandart.com\/de\/amerikanisches-petroleum-institut-api\/\" target=\"_blank\" rel=\"noreferrer noopener\">API<\/a>, <a href=\"https:\/\/onlinestandart.com\/de\/die-amerikanische-gesellschaft-der-ingenieure-fuer-heizung-kuehlung-und-klimatisierung-ashrae\/\" target=\"_blank\" rel=\"noreferrer noopener\">ASHRAE<\/a>, <a href=\"https:\/\/onlinestandart.com\/asme-international\/\" target=\"_blank\" rel=\"noreferrer noopener\">ASME<\/a>, <a href=\"https:\/\/onlinestandart.com\/de\/astm-international\/\" target=\"_blank\" rel=\"noreferrer noopener\">ASTM<\/a>, <a href=\"https:\/\/onlinestandart.com\/de\/britisches-normungsinstitut-bsi\/\" target=\"_blank\" rel=\"noreferrer noopener\">BSI<\/a>, <a href=\"https:\/\/onlinestandart.com\/de\/internationale-elektrotechnische-kommission\/\" target=\"_blank\" rel=\"noreferrer noopener\">IEC<\/a>, <a href=\"https:\/\/onlinestandart.com\/ieee-standart\/\" target=\"_blank\" rel=\"noreferrer noopener\">IEEE<\/a>, <a href=\"https:\/\/onlinestandart.com.tr\/iso\/\" target=\"_blank\" rel=\"noreferrer noopener\">ISO<\/a>, <a href=\"https:\/\/onlinestandart.com\/de\/sae-international\/\" target=\"_blank\" rel=\"noreferrer noopener\">SAE<\/a> und Hunderten von anderen Normungsgremien k\u00f6nnen wir Ihnen Zeit und Ressourcen sparen, indem wir Ihnen schnellen Zugriff auf genaue und zuverl\u00e4ssige Informationen bieten.<\/p>\n","protected":false},"excerpt":{"rendered":"<p>Wof\u00fcr steht NFPA? Nationale Brandschutzvereinigung (NFPA) Was sind NFPA-Standards? Die National Fire Protection Association (NFPA) ver\u00f6ffentlicht \u00fcber 300 Konsensvorschriften und -standards, die darauf abzielen, die Wahrscheinlichkeit und die Auswirkungen von Br\u00e4nden und anderen Risiken zu minimieren. Diese Dokumente, darunter der National Electric Code\u00ae, der Life Safety Code\u00ae, der Fire Code und der National Fuel Gas&#8230;<\/p>\n","protected":false},"author":1,"featured_media":0,"parent":0,"menu_order":0,"comment_status":"closed","ping_status":"closed","template":"","meta":{"_kad_blocks_custom_css":"","_kad_blocks_head_custom_js":"","_kad_blocks_body_custom_js":"","_kad_blocks_footer_custom_js":"","_kad_post_transparent":"","_kad_post_title":"","_kad_post_layout":"","_kad_post_sidebar_id":"","_kad_post_content_style":"","_kad_post_vertical_padding":"","_kad_post_feature":"","_kad_post_feature_position":"","_kad_post_header":false,"_kad_post_footer":false,"_kad_post_classname":"","footnotes":""},"categories":[62],"tags":[],"class_list":["post-54409","page","type-page","status-publish","hentry","category-normen"],"taxonomy_info":{"category":[{"value":62,"label":"Normen"}]},"featured_image_src_large":false,"author_info":{"display_name":"Online Standart","author_link":"https:\/\/onlinestandart.com\/de\/author\/online-standart\/"},"comment_info":0,"_links":{"self":[{"href":"https:\/\/onlinestandart.com\/de\/wp-json\/wp\/v2\/pages\/54409","targetHints":{"allow":["GET"]}}],"collection":[{"href":"https:\/\/onlinestandart.com\/de\/wp-json\/wp\/v2\/pages"}],"about":[{"href":"https:\/\/onlinestandart.com\/de\/wp-json\/wp\/v2\/types\/page"}],"author":[{"embeddable":true,"href":"https:\/\/onlinestandart.com\/de\/wp-json\/wp\/v2\/users\/1"}],"replies":[{"embeddable":true,"href":"https:\/\/onlinestandart.com\/de\/wp-json\/wp\/v2\/comments?post=54409"}],"version-history":[{"count":0,"href":"https:\/\/onlinestandart.com\/de\/wp-json\/wp\/v2\/pages\/54409\/revisions"}],"wp:attachment":[{"href":"https:\/\/onlinestandart.com\/de\/wp-json\/wp\/v2\/media?parent=54409"}],"wp:term":[{"taxonomy":"category","embeddable":true,"href":"https:\/\/onlinestandart.com\/de\/wp-json\/wp\/v2\/categories?post=54409"},{"taxonomy":"post_tag","embeddable":true,"href":"https:\/\/onlinestandart.com\/de\/wp-json\/wp\/v2\/tags?post=54409"}],"curies":[{"name":"wp","href":"https:\/\/api.w.org\/{rel}","templated":true}]}}