{"id":54584,"date":"2024-05-15T10:20:18","date_gmt":"2024-05-15T07:20:18","guid":{"rendered":"https:\/\/onlinestandart.com\/rechtliche-hinweise\/"},"modified":"2025-05-27T15:23:19","modified_gmt":"2025-05-27T12:23:19","slug":"rechtliche-hinweise","status":"publish","type":"page","link":"https:\/\/onlinestandart.com\/de\/rechtliche-hinweise\/","title":{"rendered":"Rechtliche Hinweise"},"content":{"rendered":"\n<p><strong><a href=\"https:\/\/onlinestandart.com\/yasal-bildirimlerimiz\/gizlilik-politikasi\/\">Datenschutzrichtlinie<\/a><\/strong> : Bietet Informationen dar\u00fcber, wie wir Ihre personenbezogenen Daten verarbeiten und sch\u00fctzen.<\/p>\n\n<p><strong><a href=\"https:\/\/onlinestandart.com\/yasal-bildirimlerimiz\/aydinlatma-metni\/\">Informationstext<\/a><\/strong> : Enth\u00e4lt ausf\u00fchrliche Informationen zur Verarbeitung Ihrer personenbezogenen Daten und Ihren Rechten.<\/p>\n\n<p><strong><a href=\"https:\/\/onlinestandart.com\/yasal-bildirimlerimiz\/acik-riza-metni\/\">Text zur ausdr\u00fccklichen Zustimmung<\/a><\/strong> : Erkl\u00e4rt, wie wir Sie um Ihre ausdr\u00fcckliche Zustimmung f\u00fcr bestimmte Zwecke bitten.<\/p>\n\n<p><strong><a href=\"https:\/\/onlinestandart.com\/yasal-bildirimlerimiz\/cerez-bildirimi\/\">Cookie-Hinweis<\/a><\/strong> : Enth\u00e4lt Informationen zur Verwendung und Verwaltung von Cookies.<\/p>\n\n<p><strong><a href=\"https:\/\/onlinestandart.com\/yasal-bildirimlerimiz\/sorumluluk-reddi\/\">Haftungsausschluss<\/a><\/strong> : Beschr\u00e4nkt unsere rechtliche Haftung, die sich aus der Nutzung unserer Website ergibt.<\/p>\n\n<p><strong><a href=\"https:\/\/onlinestandart.com\/yasal-bildirimlerimiz\/saglayici-gizlilik-beyani\/\">Datenschutzerkl\u00e4rung des Anbieters<\/a><\/strong> : Bietet Informationen dar\u00fcber, wie unsere Dienstanbieter personenbezogene Daten verarbeiten.<\/p>\n\n<p>Klicken Sie auf den Link, um <a href=\"https:\/\/www.mevzuat.gov.tr\/mevzuatmetin\/1.5.6698.pdf\" target=\"_blank\" rel=\"noreferrer noopener\">auf das Gesetz zum Schutz personenbezogener Daten<\/a> zuzugreifen.<\/p>\n","protected":false},"excerpt":{"rendered":"<p>Datenschutzrichtlinie : Bietet Informationen dar\u00fcber, wie wir Ihre personenbezogenen Daten verarbeiten und sch\u00fctzen. Informationstext : Enth\u00e4lt ausf\u00fchrliche Informationen zur Verarbeitung Ihrer personenbezogenen Daten und Ihren Rechten. Text zur ausdr\u00fccklichen Zustimmung : Erkl\u00e4rt, wie wir Sie um Ihre ausdr\u00fcckliche Zustimmung f\u00fcr bestimmte Zwecke bitten. Cookie-Hinweis : Enth\u00e4lt Informationen zur Verwendung und Verwaltung von Cookies. Haftungsausschluss :&#8230;<\/p>\n","protected":false},"author":1,"featured_media":0,"parent":0,"menu_order":0,"comment_status":"closed","ping_status":"closed","template":"","meta":{"_kad_blocks_custom_css":"","_kad_blocks_head_custom_js":"","_kad_blocks_body_custom_js":"","_kad_blocks_footer_custom_js":"","_kad_post_transparent":"","_kad_post_title":"","_kad_post_layout":"","_kad_post_sidebar_id":"","_kad_post_content_style":"","_kad_post_vertical_padding":"","_kad_post_feature":"","_kad_post_feature_position":"","_kad_post_header":false,"_kad_post_footer":false,"_kad_post_classname":"","footnotes":""},"categories":[],"tags":[],"class_list":["post-54584","page","type-page","status-publish","hentry"],"taxonomy_info":[],"featured_image_src_large":false,"author_info":{"display_name":"Online Standart","author_link":"https:\/\/onlinestandart.com\/de\/author\/online-standart\/"},"comment_info":0,"_links":{"self":[{"href":"https:\/\/onlinestandart.com\/de\/wp-json\/wp\/v2\/pages\/54584","targetHints":{"allow":["GET"]}}],"collection":[{"href":"https:\/\/onlinestandart.com\/de\/wp-json\/wp\/v2\/pages"}],"about":[{"href":"https:\/\/onlinestandart.com\/de\/wp-json\/wp\/v2\/types\/page"}],"author":[{"embeddable":true,"href":"https:\/\/onlinestandart.com\/de\/wp-json\/wp\/v2\/users\/1"}],"replies":[{"embeddable":true,"href":"https:\/\/onlinestandart.com\/de\/wp-json\/wp\/v2\/comments?post=54584"}],"version-history":[{"count":0,"href":"https:\/\/onlinestandart.com\/de\/wp-json\/wp\/v2\/pages\/54584\/revisions"}],"wp:attachment":[{"href":"https:\/\/onlinestandart.com\/de\/wp-json\/wp\/v2\/media?parent=54584"}],"wp:term":[{"taxonomy":"category","embeddable":true,"href":"https:\/\/onlinestandart.com\/de\/wp-json\/wp\/v2\/categories?post=54584"},{"taxonomy":"post_tag","embeddable":true,"href":"https:\/\/onlinestandart.com\/de\/wp-json\/wp\/v2\/tags?post=54584"}],"curies":[{"name":"wp","href":"https:\/\/api.w.org\/{rel}","templated":true}]}}