{"id":54590,"date":"2024-05-15T10:11:05","date_gmt":"2024-05-15T07:11:05","guid":{"rendered":"https:\/\/onlinestandart.com\/rechtliche-hinweise\/erlaeuterungstext\/"},"modified":"2025-05-27T15:23:21","modified_gmt":"2025-05-27T12:23:21","slug":"erlaeuterungstext","status":"publish","type":"page","link":"https:\/\/onlinestandart.com\/de\/rechtliche-hinweise\/erlaeuterungstext\/","title":{"rendered":"Erl\u00e4uterungstext"},"content":{"rendered":"\n<h3 class=\"wp-block-heading\"><strong>Informationstext zur Verarbeitung personenbezogener Daten<\/strong><\/h3>\n\n<p>Online-Informationsdienste-Bildung. und juhu. Singen. Handel. ALS. und als onlinestandart.com legen wir Wert auf die Sicherheit Ihrer pers\u00f6nlichen Daten. Wir m\u00fcssen Sie dar\u00fcber informieren, dass wir uns das Recht vorbehalten, diese Datenschutzerkl\u00e4rung jederzeit im Rahmen von \u00c4nderungen der geltenden Gesetzgebung, Vorstandsbeschl\u00fcssen und Gerichtsentscheidungen zu aktualisieren. Angesichts dieser Sensibilit\u00e4t ist es f\u00fcr unser Unternehmen von gro\u00dfer Bedeutung, alle personenbezogenen Daten aller mit der Institution verbundenen Personen, einschlie\u00dflich derjenigen, die unsere Dienste in Anspruch nehmen, gem\u00e4\u00df dem Gesetz zum Schutz personenbezogener Daten Nr. 6698 (\u201eLPPD-Gesetz\u201c) zu verarbeiten und aufzubewahren. Wir m\u00f6chten Sie dar\u00fcber informieren, dass Ihre personenbezogenen Daten von unserer Institution verarbeitet werden und dass jeder Vorgang, der mit Ihren Informationen durchgef\u00fchrt wird, einschlie\u00dflich der Erhebung, Aufzeichnung, Speicherung, Aufbewahrung, \u00c4nderung, Offenlegung, \u00dcbertragung und Bereitstellung Ihrer Informationen mit automatischen oder nicht automatischen Mitteln, eine \u201eVerarbeitung personenbezogener Daten\u201c darstellt. In diesem Zusammenhang:<\/p>\n\n<p>-Das Gesetz Nr. 6563 zur Regulierung des elektronischen Handels enth\u00e4lt auch Bestimmungen zum Schutz personenbezogener Daten.<br\/>&#8211; In einigen F\u00e4llen sind durch die Bestimmungen des t\u00fcrkischen Strafgesetzbuchs Nr. 5237 strafrechtliche Sanktionen zum Schutz personenbezogener Daten vorgesehen.<br\/>\u2013 Tats\u00e4chlich m\u00fcssen Daten erhoben und verwendet werden, um unseren Verpflichtungen aus dem Verbraucherschutzgesetz Nr. 6502 und der Fernabsatzverordnung nachzukommen.<\/p>\n\n<p>Dar\u00fcber hinaus gibt es Daten, die unsere Institution gem\u00e4\u00df Gesetz Nr. 6769 aufbewahren muss. In \u00dcbereinstimmung mit dieser Verantwortung verarbeiten wir als \u201eDatenverantwortlicher\u201c im Sinne des Gesetzes zum Schutz personenbezogener Daten Ihre personenbezogenen Daten wie nachstehend erl\u00e4utert und innerhalb der gesetzlich festgelegten Grenzen. <\/p>\n\n<p>Nachdem Sie diesen Informationstext gelesen und unsere Institution hier\u00fcber informiert haben, wird Ihnen, dem gesch\u00e4tzten Adressaten, ein Einverst\u00e4ndnistext vorgelegt, damit unsere Institution alle Ihre personenbezogenen Daten im Rahmen der Gesch\u00e4fts- und Handelsbeziehung zwischen Ihnen, dem gesch\u00e4tzten Adressaten, und unserer Institution verwenden kann, beschr\u00e4nkt auf die Anforderungen dieser Beziehung. Wir weisen darauf hin, dass keine Verpflichtung zur Unterzeichnung des entsprechenden Einwilligungstextes besteht. Dabei ist es zwingend erforderlich, dass die G\u00fcltigkeit des Einwilligungstextes erst dann best\u00e4tigt wird, wenn dieser Informationstext eingehend und ausreichend gepr\u00fcft wurde und alle ggf. relevanten Fragen an unsere Einrichtung weitergeleitet wurden, sofern dies f\u00fcr angebracht gehalten wurde.  <\/p>\n\n<h4 class=\"wp-block-heading\"><strong>Definitionen<\/strong><\/h4>\n\n<p>In diesem Offenlegungstext;<\/p>\n\n<ul class=\"wp-block-list\">\n<li><strong>Personenbezogene Daten:<\/strong> Alle Informationen, die sich auf eine identifizierte oder identifizierbare nat\u00fcrliche Person beziehen,<\/li>\n\n\n\n<li><strong>Gesetz zum Schutz personenbezogener Daten (\u201eKVKK\u201c):<\/strong> Gesetz zum Schutz personenbezogener Daten Nr. 6698, das am 7. April 2016 im Amtsblatt ver\u00f6ffentlicht wurde und in Kraft trat.<\/li>\n\n\n\n<li><strong>Unsere Institution:<\/strong> Online-Informationsdienste-Bildung. und juhu. Singen. Handel. ALS.,<\/li>\n\n\n\n<li><strong>Datenverarbeiter:<\/strong> Die nat\u00fcrliche oder juristische Person, die personenbezogene Daten im Auftrag des Datenverantwortlichen auf der Grundlage der ihr erteilten Befugnis verarbeitet.<\/li>\n\n\n\n<li><strong>Datenverantwortlicher:<\/strong> Die nat\u00fcrliche oder juristische Person, die die Zwecke und Mittel der Verarbeitung personenbezogener Daten bestimmt und f\u00fcr die Einrichtung und Verwaltung des Datenerfassungssystems verantwortlich ist.<\/li>\n<\/ul>\n\n<p>dr\u00fcckt aus.<\/p>\n\n<h4 class=\"wp-block-heading\"><strong>1)<\/strong> <strong>Verantwortlicher und Vertreter<\/strong><\/h4>\n\n<p>Gem\u00e4\u00df dem Gesetz zum Schutz personenbezogener Daten werden Ihre personenbezogenen Daten; Sie k\u00f6nnen von unserer Institution als Datenverantwortlichem im unten erl\u00e4uterten Umfang verarbeitet werden.<\/p>\n\n<h4 class=\"wp-block-heading\"><strong>2) Erhebung, Verarbeitung und Zwecke der Verarbeitung personenbezogener Daten<\/strong><\/h4>\n\n<p>Ihre personenbezogenen Daten werden von unseren zust\u00e4ndigen Einheiten verwendet, um sicherzustellen, dass die von unserer Institution durchgef\u00fchrten Aktivit\u00e4ten in \u00dcbereinstimmung mit den einschl\u00e4gigen Gesetzen und Verfahren unserer Institution durchgef\u00fchrt werden, um ihren Pflichten und Verpflichtungen im Rahmen aller einschl\u00e4gigen nationalen\/internationalen Gesetze und sekund\u00e4ren Vorschriften nachzukommen, die von den zust\u00e4ndigen nationalen\/internationalen Beh\u00f6rden auf der Grundlage dieser Gesetze oder der Vereinbarungen ver\u00f6ffentlicht wurden, denen sie in Bezug auf diese oder ihre Aktivit\u00e4ten beigetreten sind;<br\/>Identit\u00e4tsinformationen (Vor- und Nachname, Name der Mutter und des Vaters, M\u00e4dchenname der Mutter, Geburtsdatum, Geburtsort, Familienstand, Kopie des Personalausweises und Seriennummer, t\u00fcrkische Identit\u00e4tsnummer, Passinformationen (f\u00fcr Ausl\u00e4nder);<br\/>Kontaktinformationen (Adresse, E-Mail-Adresse, Kontaktadresse, registrierte elektronische Postadresse (KEP), Telefonnummer)<br\/>Standortinformationen (Standortinformationen des Ortes, an dem es sich befindet)<br\/>Kundentransaktion (Callcenter-Aufzeichnungen, Rechnung, Schuldschein, Scheckinformationen, Informationen zu Kassenbons, Bestellinformationen, Anforderungsinformationen)<br\/>Risikomanagement (Informationen, die zur Verwaltung kommerzieller, technischer und administrativer Risiken verarbeitet werden)<br\/>Finanzen (Bilanzinformationen, Informationen zur finanziellen Leistungsf\u00e4higkeit, Kredit- und Risikoinformationen, Verm\u00f6gensinformationen)<br\/>Audiovisuelle Aufzeichnungen (audiovisuelle Aufzeichnungen)<br\/>Physische Raumsicherheit (Ein- und Ausgangsregistrierungsinformationen von Mitarbeitern und Besuchern, Kameraaufzeichnungen)<br\/>Transaktionssicherheit (IP-Adressinformationen, Website-Anmelde- und Abmeldeinformationen, Kennwort- und Passcodeinformationen)<br\/>Marketing (Informationen zum Kaufverlauf, Umfragen, Cookie-Aufzeichnungen, im Rahmen von Kampagnenarbeit erhaltene Informationen) und zus\u00e4tzlich zu diesen Informationen;<\/p>\n\n<p>Abschluss von Vertr\u00e4gen \u00fcber alle Arten von Produkten und Dienstleistungen, die Sie von unserer Institution anfordern, und Vorbereitung aller anderen Aufzeichnungen und Dokumente (in Papierform oder elektronisch), T\u00e4tigen von Anrufen zur Kundenzufriedenheit, Erf\u00fcllen von SMS-\/E-Mail-Versandanfragen, Pr\u00e4sentieren der betreffenden Produkte und Dienstleistungen und Sicherstellen ihrer erforderlichen unterbrechungsfreien Fortsetzung, Durchf\u00fchren notwendiger Aktivit\u00e4ten in Bezug auf Dienstleistung und Produkt, Durchf\u00fchren von Teilnehmer- und Kundentransaktionen, Verarbeiten gem\u00e4\u00df den Servicebedingungen oder dem jeweiligen produktspezifischen Vertrag, L\u00f6sen von Beschwerden bez\u00fcglich der bereitgestellten Dienstleistungen und Verbessern der Dienstleistungen, Erf\u00fcllen der Anweisungen der Kunden, die dem Gesetz und dem Vertrag entsprechen, Planen der Personalrichtlinien und -prozesse unserer Institution, Festlegen des Umfangs der Dienstleistungs-, Produkt- und Marketingaktivit\u00e4ten, Ermitteln und Auswerten der Kaufgewohnheiten der Kunden, Ermitteln und statistisches Auswerten und Ausf\u00fchren des Marketing- und Dienstleistungsprozesses und seiner Ergebnisse, Verwenden als Beweismittel im Falle eines Rechtsstreits und Erf\u00fcllen unserer Verpflichtungen gem\u00e4\u00df den Gesetzen und internationalen Vorschriften, denen unsere Institution unterliegt, Sch\u00fctzen und Speichern der Daten, die von der Verwaltung f\u00fcr bestimmte Zeitr\u00e4ume gesch\u00fctzt und gespeichert werden m\u00fcssen, gem\u00e4\u00df den Artikeln 5, 6 und 8 des Gesetzes zum Schutz personenbezogener Daten. und werden gem\u00e4\u00df den in Artikel 9 festgelegten Bedingungen und Zwecken f\u00fcr die Verarbeitung personenbezogener Daten verarbeitet.  <\/p>\n\n<h4 class=\"wp-block-heading\"><strong>3) An wen und zu welchen Zwecken k\u00f6nnen verarbeitete personenbezogene Daten \u00fcbermittelt werden?<\/strong><\/h4>\n\n<p>Ihre erhobenen personenbezogenen Daten; Um sicherzustellen, dass die von unserer Institution durchgef\u00fchrten Aktivit\u00e4ten im Einklang mit den einschl\u00e4gigen Gesetzen und Verfahren unserer Institution durchgef\u00fchrt werden, halten unsere relevanten Einheiten alle relevanten nationalen\/internationalen Gesetze und sekund\u00e4ren Vorschriften ein, die von den zust\u00e4ndigen nationalen\/internationalen Beh\u00f6rden auf dieser Grundlage oder in Bezug auf diese oder ihre Aktivit\u00e4ten ver\u00f6ffentlicht werden;<\/p>\n\n<ul class=\"wp-block-list\">\n<li>Zustandekommen des vom Kunden gew\u00fcnschten Vertrags \u00fcber Dienstleistung und Produkt,<\/li>\n\n\n\n<li>Erfassung der Adresse und weiterer f\u00fcr die Kommunikation notwendiger Informationen,<\/li>\n\n\n\n<li>Kommunikation mit Kunden \u00fcber die Bedingungen, den aktuellen Status und die Aktualisierungen der gem\u00e4\u00df den einschl\u00e4gigen Artikeln des Verbraucherschutzgesetzes geschlossenen Vertr\u00e4ge zum Abschluss eines Fernabsatzvertrags und\/oder Kaufvertrags und Bereitstellung der erforderlichen Informationen,<\/li>\n\n\n\n<li>Vorbereitung aller Aufzeichnungen und Dokumente, die die Grundlage der Transaktion bilden, in elektronischer oder Papierform,<\/li>\n\n\n\n<li>Erf\u00fcllung der notwendigen Verpflichtungen gem\u00e4\u00df der nationalen\/internationalen Gesetzgebung, der unsere Einrichtung unterliegt,<\/li>\n\n\n\n<li>Erf\u00fcllung der Verpflichtungen unserer Einrichtung gem\u00e4\u00df dem geschlossenen Vertrag im Rahmen der nationalen\/internationalen Gesetzgebung, der unsere Einrichtung unterliegt,<\/li>\n\n\n\n<li>Um Beh\u00f6rdenvertretern auf Anfrage und im Rahmen der gesetzlichen Bestimmungen Ausk\u00fcnfte zu Fragen der \u00f6ffentlichen Sicherheit erteilen zu k\u00f6nnen,<\/li>\n\n\n\n<li>Um den Kunden ein besseres Einkaufserlebnis zu bieten, informieren wir die Kunden \u00fcber Produkte und Dienstleistungen, die f\u00fcr sie von Interesse sein k\u00f6nnten, indem wir Kundenpr\u00e4ferenzen ber\u00fccksichtigen, sie \u00fcber Kampagnen informieren, Verbraucherbewegungen \u00fcberwachen und Aktivit\u00e4ten durchf\u00fchren, die das Benutzererlebnis verbessern, Marktforschung betreiben, After-Sales-Service-Aktivit\u00e4ten planen und umsetzen sowie Beziehungsmanagementprozesse organisieren und implementieren.<\/li>\n\n\n\n<li>Steigerung der Kundenzufriedenheit, T\u00e4tigen von Kundenzufriedenheitsanrufen, Erf\u00fcllen von SMS-\/E-Mail-Versandanfragen, Ermitteln des Kaufverhaltens von Kunden, die \u00fcber die Website und\/oder mobile Anwendungen einkaufen, und Verwenden dieser Daten in Marketing- und Werbeaktivit\u00e4ten, um direktes und indirektes Marketing, personalisierte Marketing- und Remarketing-Aktivit\u00e4ten durchzuf\u00fchren, die entsprechend den Pr\u00e4ferenzen des Kunden organisiert werden, und in diesem Rahmen Bereitstellen von Informationen elektronisch und\/oder physisch \u00fcber beauftragte Institutionen, Bestimmen der Zielgruppe, Durchf\u00fchren von Cross-Selling, personalisierter Segmentierung, Zielbestimmung, Analyse und Durchf\u00fchren von Aktivit\u00e4ten wie Inhouse-Reporting.<\/li>\n\n\n\n<li>Durchf\u00fchrung von Forschungs- und Entwicklungsstudien zum Betrieb der Website und der mobilen Anwendung unserer Institution und deren Personalisierung entsprechend den W\u00fcnschen, Vorlieben und Bed\u00fcrfnissen der Verbraucher.<\/li>\n\n\n\n<li>Erf\u00fcllung der Pflichten (Identifizierung, Informationsspeicherung, Berichterstattung, Information) und Verpflichtungen unserer Institution im Rahmen der Vertr\u00e4ge, an denen sie beteiligt ist;<\/li>\n\n\n\n<li>L\u00f6sung von Kundenbeschwerden und Verbesserung der von unserer Einrichtung erbrachten Dienstleistungen,<\/li>\n\n\n\n<li>Erf\u00fcllung der gesetzes- und vertragskonformen Weisungen des Kunden,<\/li>\n\n\n\n<li>Planung der Personalpolitik und -prozesse unserer Institution,<\/li>\n\n\n\n<li>Festlegung des Umfangs von Service-, Produkt- und Marketingaktivit\u00e4ten, Ermittlung ihrer Ergebnisse, statistische Auswertung und Durchf\u00fchrung,<\/li>\n\n\n\n<li>Es kann im Falle eines Rechtsstreits als Beweismittel verwendet werden,<\/li>\n\n\n\n<li>Zur Erf\u00fcllung unserer Verpflichtungen gem\u00e4\u00df den nationalen und internationalen Gesetzen und Vorschriften, denen unsere Institution unterliegt,<\/li>\n\n\n\n<li>Im Rahmen der Planung und Umsetzung der Prozesse zur Planung und Aufrechterhaltung und Verbesserung von Kundendienstprozessen sowie Verkaufs- und Marketingaktivit\u00e4ten von Produkten und\/oder Dienstleistungen, der Identifizierung und Entwicklung alternativer Produktionstechniken sowie der Entwicklung und\/oder Steigerung der Loyalit\u00e4t zu den von unserer Institution angebotenen Produkten und\/oder Dienstleistungen,<\/li>\n\n\n\n<li>Daten, die von der Verwaltung f\u00fcr bestimmte Zeitr\u00e4ume gesch\u00fctzt und gespeichert werden m\u00fcssen, werden gem\u00e4\u00df der Zustimmung der Kunden und den gesetzlichen Bestimmungen zum Zweck des Schutzes und der Speicherung f\u00fcr die in den jeweiligen Gesetzen festgelegten Zeitr\u00e4ume verarbeitet.<\/li>\n<\/ul>\n\n<p>Im Rahmen der in den Artikeln 8 und 9 des Gesetzes zum Schutz personenbezogener Daten festgelegten Bedingungen und Zwecke der Verarbeitung personenbezogener Daten k\u00f6nnen alle Arten von personenbezogenen Daten im Rahmen des oben genannten Rahmens ganz oder teilweise an Institutionen, Dritte, in- und ausl\u00e4ndische Gesch\u00e4ftspartner, L\u00f6sungspartner, Lieferanten, gesetzlich befugte \u00f6ffentliche Institutionen und Privatpersonen, Unternehmens-, Handels- und Datenverantwortliche und\/oder Datenverarbeiter \u00fcbermittelt werden, um sie zu erhalten, aufzuzeichnen, zu speichern, zu \u00e4ndern, zu aktualisieren, regelm\u00e4\u00dfig zu pr\u00fcfen, neu zu organisieren, zu klassifizieren, f\u00fcr den zum Verarbeitungszweck erforderlichen Zeitraum oder f\u00fcr den im jeweiligen Gesetz festgelegten Zeitraum aufzubewahren, mit \u00f6ffentlichen Institutionen und Organisationen, mit denen unsere Institution zusammenarbeitet oder zu denen sie im Falle rechtlicher oder dienstleistungsbezogener tats\u00e4chlicher Anforderungen gesetzlich verpflichtet ist, und\/oder mit externen Dienstleistern, Zulieferunternehmen mit Sitz in der T\u00fcrkei oder im Ausland, einschlie\u00dflich der \u00dcbermittlung ins Ausland im Falle rechtlicher oder dienstleistungsbezogener tats\u00e4chlicher Anforderungen, sowie an Personen und Institutionen, denen die Erlaubnis erteilt wurde, die relevanten Daten gem\u00e4\u00df der Gesetzgebung, der unsere Institution unterliegt, anzufordern und zu erhalten, weiterzugeben.   <\/p>\n\n<h4 class=\"wp-block-heading\"><strong>4) Methode und Rechtsgrundlage f\u00fcr die Erhebung personenbezogener Daten<\/strong><\/h4>\n\n<p>Ihre personenbezogenen Daten k\u00f6nnen je nach Ihrer Beziehung zu unserer Institution variieren. Die Daten k\u00f6nnen m\u00fcndlich, schriftlich oder elektronisch, mit automatischen oder nicht automatischen Methoden, \u00fcber die Einheiten und B\u00fcros unserer Institution, die Website, Social-Media-Kan\u00e4le, mobile Anwendungen und \u00e4hnliche Mittel erfasst werden. Ihre auf diese Weise erhobenen personenbezogenen Daten k\u00f6nnen auch zu den in den Artikeln (2) und (3) dieses Textes genannten Zwecken im Rahmen der in den Artikeln 5 und 6 des Gesetzes zum Schutz personenbezogener Daten festgelegten Bedingungen und Zwecke der Verarbeitung personenbezogener Daten verarbeitet und \u00fcbermittelt werden. Dar\u00fcber hinaus k\u00f6nnen Ihre personenbezogenen Daten zu den in Artikel 3 genannten Zwecken verarbeitet werden, wenn Sie unsere Website nutzen, um die Dienste unserer Institution zu nutzen, unsere Institution oder unsere Website besuchen oder an Schulungen, Seminaren oder Organisationen teilnehmen, die von unserer Institution organisiert werden.<br\/> Wenn Sie auch die Website unserer Institution nutzen; Unsere Organisation speichert die gesammelten Informationen, um sich eine Meinung \u00fcber Ihre Pr\u00e4ferenzen zu bilden. Die Website unserer Institution wird verwendet, um Ihnen personalisierte Werbeaktionen anzubieten, Werbe- und Marketingaktivit\u00e4ten zu organisieren, den Inhalt der Website zu verbessern und\/oder Ihre Pr\u00e4ferenzen zu ermitteln; kann Ihre Browserinformationen und\/oder Ihren Nutzungsverlauf auf der Site verfolgen.<br\/> Auch hier nutzen unsere Kunden, die mit einer Kreditkarte \u00fcber unsere Website und\/oder mobil einkaufen, das Zahlungssystem \u2026\u2026\u2026\u2026\u2026\u2026\u2026\u2026\u2026\u2026; Es wird davon ausgegangen, dass sie der Weitergabe ihrer personenbezogenen Daten an das \u2026\u2026\u2026\u2026\u2026\u2026..-Unternehmen, von dem dieser Dienst erworben wurde, und der Verarbeitung ihrer personenbezogenen Daten durch \u2026\u2026\u2026\u2026\u2026 zugestimmt haben. In diesem Zusammenhang ist es auch notwendig, vor dem Einkauf mit einer Kreditkarte die Seite \u2026\u2026\u2026\u2026\u2026\u2026.. zu lesen und zu \u00fcberpr\u00fcfen.<br\/> Die Website unserer Institution kann Links zu Websites Dritter und Institutionen au\u00dferhalb unserer Institution enthalten. Obwohl diese Links zum Zwecke der Informationsbeschaffung und\/oder zur Bereitstellung eines Dienstes verwendet werden, sollten Sie, wenn Sie auf Links zu anderen Websites, Unternehmen und Institutionen als der Website unserer Institution weitergeleitet werden, auch die Datenschutzbestimmungen und Cookie-Richtlinien dieser Websites \u00fcberpr\u00fcfen.<br\/> In solchen F\u00e4llen; F\u00fcr die Erhebung und Verarbeitung Ihrer personenbezogenen Daten durch andere Websites als die eigene Website \u00fcbernimmt unsere Institution keinerlei Haftung. Um \u00fcber die aktuelle Arbeit und die Vorg\u00e4nge der jeweiligen Personen und Institutionen im Hinblick auf den Datenschutz und personenbezogene Daten informiert zu sein, ist es erforderlich, zun\u00e4chst die Informationen auf den jeweiligen Seiten zu pr\u00fcfen und bei Fragen diese an die jeweilige Seitenleitung weiterzuleiten.        <\/p>\n\n<h4 class=\"wp-block-heading\"><strong>5)<\/strong> <strong>Wie lange werden Ihre personenbezogenen Daten verarbeitet?<\/strong><\/h4>\n\n<p>Bei der Festlegung der Speicherfristen f\u00fcr personenbezogene Daten ber\u00fccksichtigt unsere Einrichtung die geltenden nationalen und internationalen Gesetze sowie die Zwecke, f\u00fcr die die betreffenden Daten verarbeitet werden. Ihre personenbezogenen Daten werden gem\u00e4\u00df KVKK zu den in diesem Informationstext genannten Zwecken verarbeitet, KVKK Art. Wenn der Zweck der Verarbeitung gem\u00e4\u00df 7\/f.1 entf\u00e4llt. und\/oder wenn alle Fristen, einschlie\u00dflich der gesetzlich vorgeschriebenen Verj\u00e4hrungsfristen f\u00fcr die Verarbeitung Ihrer Daten, abgelaufen sind, werden Ihre personenbezogenen Daten gel\u00f6scht, vernichtet oder anonymisiert und weiterhin von uns verwendet. <\/p>\n\n<h4 class=\"wp-block-heading\"><strong>6) Ihre Rechte als Eigent\u00fcmer personenbezogener Daten gem\u00e4\u00df Artikel 11 des Gesetzes zum Schutz personenbezogener Daten; <\/strong><\/h4>\n\n<p>Wenn Sie als Eigent\u00fcmer personenbezogener Daten Ihre Anfragen bez\u00fcglich Ihrer Rechte unter Verwendung der unten in diesem Informationstext beschriebenen Methoden an unsere Institution richten, wird unsere Institution Ihre Anfrage je nach Art der Anfrage so schnell wie m\u00f6glich abschlie\u00dfen. In diesem Zusammenhang Eigent\u00fcmer personenbezogener Daten; <\/p>\n\n<ul class=\"wp-block-list\">\n<li>Erfahren, ob personenbezogene Daten verarbeitet werden,<\/li>\n\n\n\n<li>Auskunft \u00fcber die Verarbeitung personenbezogener Daten zu verlangen,<\/li>\n\n\n\n<li>Um zu erfahren, zu welchem \u200b\u200bZweck personenbezogene Daten verarbeitet werden und ob sie ihrem Zweck entsprechend verwendet werden,<\/li>\n\n\n\n<li>Um die Drittparteien zu kennen, an die personenbezogene Daten im In- und Ausland \u00fcbermittelt werden,<\/li>\n\n\n\n<li>Die Berichtigung unvollst\u00e4ndiger oder unrichtig verarbeiteter personenbezogener Daten zu verlangen und die Benachrichtigung Dritter, an die personenbezogene Daten \u00fcbermittelt werden, \u00fcber die getroffenen Ma\u00dfnahmen zu verlangen,<\/li>\n\n\n\n<li>Die L\u00f6schung oder Vernichtung personenbezogener Daten zu verlangen, wenn die Gr\u00fcnde f\u00fcr die Verarbeitung wegfallen, auch wenn die Daten gem\u00e4\u00df den Bestimmungen des Gesetzes zum Schutz personenbezogener Daten und anderer relevanter Gesetze verarbeitet wurden, und zu verlangen, dass die in diesem Rahmen ergriffenen Ma\u00dfnahmen Dritten mitgeteilt werden, an die personenbezogene Daten \u00fcbermittelt wurden.<\/li>\n\n\n\n<li>Einspruch gegen ein Ergebnis zu erheben, das zum Nachteil der Person selbst ist, da die Analyse der verarbeiteten Daten ausschlie\u00dflich durch automatisierte Systeme erfolgt,<\/li>\n\n\n\n<li>Im Falle eines Schadens aufgrund einer unrechtm\u00e4\u00dfigen Verarbeitung personenbezogener Daten hat die Person das Recht, Schadensersatz zu verlangen.<\/li>\n<\/ul>\n\n<p>Gem\u00e4\u00df Artikel 13 Absatz 1 des Gesetzes zum Schutz personenbezogener Daten k\u00f6nnen Sie Ihren Antrag auf Aus\u00fcbung Ihrer oben genannten Rechte schriftlich an unsere B\u00fcroadresse in Istanbul senden. Wenn unserer Einrichtung zur Erf\u00fcllung dieser Anforderungen Kosten entstehen, k\u00f6nnen Sie gem\u00e4\u00df dem Artikel \u201eAntrag an den f\u00fcr die Verarbeitung Verantwortlichen\u201c der KVKK einen Antrag stellen. Wir behalten uns das Recht vor, Ihnen die Kosten gem\u00e4\u00df dem unter 13. angegebenen Tarif in Rechnung zu stellen. Da das Gremium zum Schutz personenbezogener Daten zu diesem Zeitpunkt noch keine Methode festgelegt hat, m\u00fcssen Sie Ihren Antrag gem\u00e4\u00df dem Gesetz zum Schutz personenbezogener Daten schriftlich bei unserer Institution einreichen. In diesem Zusammenhang werden im Folgenden die Kan\u00e4le und Verfahren erl\u00e4utert, \u00fcber die Sie Ihre schriftliche Bewerbung im Rahmen von Artikel 11 des Gesetzes zum Schutz personenbezogener Daten an unsere Institution senden k\u00f6nnen.<br\/> Um Ihre oben genannten Rechte auszu\u00fcben, m\u00fcssen Sie Ihren Antrag einschlie\u00dflich der erforderlichen Informationen zu Ihrer Identifizierung und Ihrer Erkl\u00e4rungen zu dem Recht, das Sie aus\u00fcben m\u00f6chten, einreichen, das zu den in Artikel 11 des Gesetzes zum Schutz personenbezogener Daten genannten Rechten geh\u00f6rt. Sie k\u00f6nnen Ihre Ausweisdokumente pers\u00f6nlich, durch einen Notar oder auf andere im Gesetz zum Schutz personenbezogener Daten festgelegte Weise an unsere B\u00fcroadresse in Istanbul abgeben.       <\/p>\n\n<p>Wenn Sie ausf\u00fchrlichere Informationen zu den oben bereitgestellten Informationen erhalten m\u00f6chten, kontaktieren Sie uns bitte f\u00fcr detaillierte Informationen.<\/p>\n","protected":false},"excerpt":{"rendered":"<p>Informationstext zur Verarbeitung personenbezogener Daten Online-Informationsdienste-Bildung. und juhu. Singen. Handel. ALS. und als onlinestandart.com legen wir Wert auf die Sicherheit Ihrer pers\u00f6nlichen Daten. Wir m\u00fcssen Sie dar\u00fcber informieren, dass wir uns das Recht vorbehalten, diese Datenschutzerkl\u00e4rung jederzeit im Rahmen von \u00c4nderungen der geltenden Gesetzgebung, Vorstandsbeschl\u00fcssen und Gerichtsentscheidungen zu aktualisieren. Angesichts dieser Sensibilit\u00e4t ist es f\u00fcr&#8230;<\/p>\n","protected":false},"author":1,"featured_media":0,"parent":54584,"menu_order":0,"comment_status":"closed","ping_status":"closed","template":"","meta":{"_kad_blocks_custom_css":"","_kad_blocks_head_custom_js":"","_kad_blocks_body_custom_js":"","_kad_blocks_footer_custom_js":"","_kad_post_transparent":"","_kad_post_title":"","_kad_post_layout":"","_kad_post_sidebar_id":"","_kad_post_content_style":"","_kad_post_vertical_padding":"","_kad_post_feature":"","_kad_post_feature_position":"","_kad_post_header":false,"_kad_post_footer":false,"_kad_post_classname":"","footnotes":""},"categories":[],"tags":[],"class_list":["post-54590","page","type-page","status-publish","hentry"],"taxonomy_info":[],"featured_image_src_large":false,"author_info":{"display_name":"Online Standart","author_link":"https:\/\/onlinestandart.com\/de\/author\/online-standart\/"},"comment_info":0,"_links":{"self":[{"href":"https:\/\/onlinestandart.com\/de\/wp-json\/wp\/v2\/pages\/54590","targetHints":{"allow":["GET"]}}],"collection":[{"href":"https:\/\/onlinestandart.com\/de\/wp-json\/wp\/v2\/pages"}],"about":[{"href":"https:\/\/onlinestandart.com\/de\/wp-json\/wp\/v2\/types\/page"}],"author":[{"embeddable":true,"href":"https:\/\/onlinestandart.com\/de\/wp-json\/wp\/v2\/users\/1"}],"replies":[{"embeddable":true,"href":"https:\/\/onlinestandart.com\/de\/wp-json\/wp\/v2\/comments?post=54590"}],"version-history":[{"count":0,"href":"https:\/\/onlinestandart.com\/de\/wp-json\/wp\/v2\/pages\/54590\/revisions"}],"up":[{"embeddable":true,"href":"https:\/\/onlinestandart.com\/de\/wp-json\/wp\/v2\/pages\/54584"}],"wp:attachment":[{"href":"https:\/\/onlinestandart.com\/de\/wp-json\/wp\/v2\/media?parent=54590"}],"wp:term":[{"taxonomy":"category","embeddable":true,"href":"https:\/\/onlinestandart.com\/de\/wp-json\/wp\/v2\/categories?post=54590"},{"taxonomy":"post_tag","embeddable":true,"href":"https:\/\/onlinestandart.com\/de\/wp-json\/wp\/v2\/tags?post=54590"}],"curies":[{"name":"wp","href":"https:\/\/api.w.org\/{rel}","templated":true}]}}