{"id":54596,"date":"2024-05-15T10:14:39","date_gmt":"2024-05-15T07:14:39","guid":{"rendered":"https:\/\/onlinestandart.com\/rechtliche-hinweise\/haftungsausschluss\/"},"modified":"2025-05-27T15:23:22","modified_gmt":"2025-05-27T12:23:22","slug":"haftungsausschluss","status":"publish","type":"page","link":"https:\/\/onlinestandart.com\/de\/rechtliche-hinweise\/haftungsausschluss\/","title":{"rendered":"Haftungsausschlu\u00df"},"content":{"rendered":"\n<h3 class=\"wp-block-heading\">Haftungsausschlu\u00df<\/h3>\n\n<p>Onlinestandart.com oder Online Information Services Inc. Sofern nicht ausdr\u00fccklich in einem schriftlichen Vertrag mit gestattet, erkennen Sie hiermit an und stimmen zu, dass. oder eines seiner verbundenen Unternehmen (\u201eOnlinestandart.com oder Online Bilgi Hizmetleri A.\u015e.\u201c), die hierin enthaltenen Inhalte, Informationen und Materialien sowie Onlinestandart.com oder Online Bilgi Hizmetleri A.\u015e. Es ist Ihnen strengstens untersagt, die von bereitgestellten Informationen zu verwenden. in jedem Format und\/oder mit jeder Vertriebsmethode, einschlie\u00dflich, aber nicht beschr\u00e4nkt auf E-Mail, Fax oder journalistische Inhalte (\u201eInhalte\u201c) f\u00fcr jeden Zweck, einschlie\u00dflich, aber nicht beschr\u00e4nkt auf die Erstellung abgeleiteter Daten. Es ist Ihnen ausdr\u00fccklich untersagt, die hierin enthaltenen Inhalte oder darauf basierende abgeleitete Daten, Analysen oder Pr\u00e4sentationen ganz oder teilweise zu verteilen, zu \u00fcbertragen, unterzulizenzieren, zu \u00fcbermitteln, zu verkaufen, neu zu verpacken, abzutreten, zu vermieten, weiterzuverkaufen, zu ver\u00f6ffentlichen oder anderweitig verf\u00fcgbar zu machen. Inhalte in jeglicher Form f\u00fcr jegliche Person oder Organisation. Jede unbefugte Verwendung der hier erscheinenden Inhalte kann die geistigen Eigentumsrechte von Onlinestandard.com oder Online Bilgi Hizmetleri A.\u015e verletzen. (wie etwa Urheberrechte, Marken und Datenbankrechte) und sind streng verboten.<\/p>\n\n<p>Onlinestandart.com oder Online Information Services Inc. geben keine Zusicherungen oder Garantien daf\u00fcr, dass die Inhalte fehlerfrei sind, dass etwaige M\u00e4ngel behoben werden oder dass Ihre Nutzung der Inhalte zu bestimmten Ergebnissen f\u00fchrt. Der Inhalt wird \u201ewie besehen\u201c und \u201ewie verf\u00fcgbar\u201c bereitgestellt. Alle bereitgestellten Inhalte k\u00f6nnen ohne vorherige Ank\u00fcndigung ge\u00e4ndert werden. Das gesamte Risiko hinsichtlich der Richtigkeit und Vollst\u00e4ndigkeit aller Inhalte liegt bei Ihnen. Weder Onlinestandart.com noch Online Information Services Inc. noch ein anderer Datenanbieter \u00fcbernehmen ausdr\u00fcckliche oder stillschweigende Garantien hinsichtlich der Genauigkeit, Aktualit\u00e4t oder Vollst\u00e4ndigkeit der Inhalte oder der Ergebnisse, die Sie oder andere durch die Nutzung der Inhalte erzielen. Es gibt keine ausdr\u00fcckliche oder stillschweigende Garantie f\u00fcr den Titel, die Marktg\u00e4ngigkeit oder die Eignung f\u00fcr einen bestimmten Zweck oder eine bestimmte Verwendung, und weder Onlinestandard.com noch Online Bilgi Hizmetleri A.\u015e. Sie erkennen an, dass Sie sich nicht auf eine von Ihnen abgegebene Garantie, Gew\u00e4hrleistung oder Zusicherung verlassen haben. oder einem beliebigen Datenanbieter.<\/p>\n\n<p>Der Inhalt enth\u00e4lt bestimmte Aussagen, Sch\u00e4tzungen und Finanz- und Betriebsinformationen (\u201eSch\u00e4tzungen\u201c), die zukunftsgerichtete Aussagen oder Informationen darstellen. Zukunftsgerichtete Aussagen oder Informationen k\u00f6nnen an der Verwendung von W\u00f6rtern wie \u201ezielt ab\u201c, \u201eglaubt\u201c, \u201esch\u00e4tzt\u201c, \u201eerwartet\u201c, \u201eZiele\u201c, \u201ebeabsichtigt\u201c, \u201ewird\u201c, \u201ek\u00f6nnte\u201c oder \u201ekann\u201c erkannt werden. solche Aussagen enthalten die W\u00f6rter \u201e\u201c, \u201ewird\u201c, \u201esollte\u201c, \u201ek\u00f6nnte\u201c und \u00e4hnliche Ausdr\u00fccke oder deren Verneinung. Diese vorausschauenden Aussagen oder Informationen beinhalten bekannte und unbekannte Risiken und Unsicherheiten, die dazu f\u00fchren k\u00f6nnen, dass tats\u00e4chliche Ergebnisse und Resultate erheblich von den Sch\u00e4tzungen oder den in solchen vorausschauenden Aussagen implizierten oder ausgedr\u00fcckten Ergebnissen abweichen. Obwohl die Sch\u00e4tzungen in manchen F\u00e4llen mit numerischer Genauigkeit dargestellt werden, basieren sie auf bestimmten Annahmen, die (i) naturgem\u00e4\u00df erheblichen gesch\u00e4ftlichen, wirtschaftlichen, regulatorischen, \u00f6kologischen, saisonalen und wettbewerbsbezogenen Unsicherheiten, Eventualit\u00e4ten und Risiken unterliegen und (ii) Annahmen bez\u00fcglich k\u00fcnftiger Gesch\u00e4ftsentscheidungen sind, die \u00c4nderungen unterworfen sind. Weitere Informationen zu den Risiken, denen Onlinestandard.com oder Online Bilgi Hizmetleri AS ausgesetzt sind, finden Besucher dieser Website unter \u201eRisikofaktoren\u201c in den Unterlagen von Onlinestandard.com oder Online Bilgi Hizmetleri AS bei der United States Securities and Exchange Commission.<\/p>\n\n<p>Es kann nicht garantiert werden, dass die Sch\u00e4tzungen oder zugrunde liegenden Annahmen eintreten oder dass die tats\u00e4chlichen Betriebsergebnisse oder k\u00fcnftigen Ereignisse nicht wesentlich von den Sch\u00e4tzungen abweichen. Die Einbeziehung von Sch\u00e4tzungen stellt unter keinen Umst\u00e4nden eine Billigung durch Onlinestandart.com oder Online Bilgi Hizmetleri A.\u015e dar. oder einer anderen Person hinsichtlich ihrer Genauigkeit oder der Genauigkeit der zugrunde liegenden Annahmen oder dass Onlinestandard.com oder Online Bilgi Hizmetleri AS ein bestimmtes Ergebnis erzielen oder wahrscheinlich erzielen werden. Sofern gesetzlich nicht vorgeschrieben, lehnt Onlinestandart.com oder Online Information Services Inc. jegliche Absicht oder Verpflichtung ab, Prognosen \u00f6ffentlich zu aktualisieren oder zu \u00fcberarbeiten, sei es aufgrund neuer Informationen, zuk\u00fcnftiger Ereignisse oder aus anderen Gr\u00fcnden. Besucher dieser Website werden darauf hingewiesen, dass zukunftsbezogene Aussagen oder Informationen keine Garantie f\u00fcr k\u00fcnftige Leistungen darstellen. Daher wird den Besuchern ausdr\u00fccklich geraten, sich aufgrund der damit verbundenen Ungewissheiten nicht \u00fcberm\u00e4\u00dfig auf zukunftsbezogene Aussagen oder Informationen zu verlassen. Sofern nicht gesetzlich vorgeschrieben, k\u00f6nnen Onlinestandart.com oder Online Bilgi Hizmetleri A.\u015e. \u00fcbernimmt keine Verpflichtung, Aktualisierungen oder \u00dcberarbeitungen dieser zukunftsorientierten Aussagen \u00f6ffentlich bekannt zu geben, um Ereignisse oder Umst\u00e4nde nach der Ver\u00f6ffentlichung dieser Aussagen widerzuspiegeln.<\/p>\n\n<p>Onlinestandart.com oder Online Information Services Inc. Unbeschadet jeglicher Vereinbarungen, die Sie m\u00f6glicherweise mit Onlinestandart.com oder Online Bilgi Hizmetleri A.\u015e. haben. noch ein Datenanbieter haftet Ihnen oder Dritten gegen\u00fcber in irgendeiner Weise f\u00fcr Ungenauigkeiten, Fehler oder Auslassungen im Inhalt (wie auch immer diese verursacht wurden) oder f\u00fcr daraus entstehende Sch\u00e4den (direkt oder indirekt). Ohne das Vorstehende einzuschr\u00e4nken, k\u00f6nnen weder Onlinestandart.com noch Online Bilgi Hizmetleri A.\u015e. Weder wir noch ein Datenanbieter haften Ihnen gegen\u00fcber f\u00fcr etwaige Verluste oder Sch\u00e4den, die Sie erleiden, sei es aufgrund eines Vertrags (einschlie\u00dflich Entsch\u00e4digung), einer unerlaubten Handlung (einschlie\u00dflich Fahrl\u00e4ssigkeit), einer Garantie, eines Gesetzes oder auf andere Weise. Als Ergebnis oder im Zusammenhang mit Meinungen, Ratschl\u00e4gen, Sch\u00e4tzungen, Urteilen oder anderen Schlussfolgerungen oder Vorgehensweisen Ihrerseits oder von Dritten, unabh\u00e4ngig davon, ob diese auf den hierin enthaltenen Inhalten basieren oder nicht.<\/p>\n\n<p>Ihr einziger Rechtsbehelf gegen Onlinestandard.com oder Online Bilgi Hizmetleri A.\u015e. Unzufriedenheit mit dem Inhalt f\u00fchrt zur Einstellung der Nutzung des Inhalts und diese Einschr\u00e4nkung ist Teil der Vereinbarung zwischen den Parteien. Dieser Haftungsausschluss bezieht sich auf s\u00e4mtliche Sch\u00e4den oder Haftungen, die aus Leistungsausf\u00e4llen, Fehlern, Unterlassungen, Unterbrechungen, L\u00f6schungen, M\u00e4ngeln, Verz\u00f6gerungen im Betrieb oder bei der \u00dcbertragung, Computerviren, Kommunikationsleitungsausf\u00e4llen, Diebstahl oder Zerst\u00f6rung oder unbefugtem Zugriff, \u00c4nderung oder L\u00f6schung von Informationen entstehen, einschlie\u00dflich, aber nicht beschr\u00e4nkt auf Sch\u00e4den oder Haftungen, die aus Leistungsausf\u00e4llen, Fehlern, Unterlassungen, Unterbrechungen, L\u00f6schungen, M\u00e4ngeln, Verz\u00f6gerungen im Betrieb oder bei der \u00dcbertragung, Computerviren, Kommunikationsleitungsausf\u00e4llen, Diebstahl oder Zerst\u00f6rung von Informationen oder unbefugtem Zugriff, \u00c4nderung oder Verwendung, Vertragsbruch, unerlaubter Handlung, Fahrl\u00e4ssigkeit oder sonstigen Klagegr\u00fcnden entstehen.<\/p>\n\n<p>Sie erkl\u00e4ren sich damit einverstanden, Onlinestandard.com oder Online Bilgi Hizmetleri A.\u015e. zu entsch\u00e4digen, zu verteidigen und schadlos zu halten. von und gegen jegliche Anspr\u00fcche, Klagen oder Forderungen, einschlie\u00dflich, aber nicht beschr\u00e4nkt auf angemessene Rechtskosten, die von Dritten gegen Onlinestandard.com oder Online Bilgi Hizmetleri A.\u015e. erhoben werden. die sich aus Ihrer Nutzung der Inhalte ergeben oder im Zusammenhang mit dieser stehen.<\/p>\n\n<p>OnlineStandart.com ist durch Partnerschaften mit autorisierten Distributoren ein autorisierter Wiederverk\u00e4ufer internationaler Standards. Wir besitzen weder Urheberrechte noch Warenzeichen f\u00fcr die von uns verkauften Standards, einschlie\u00dflich, aber nicht beschr\u00e4nkt auf API, ASHRAE, BSI, SAE, ASTM, IEEE, IEC, ASME, ISO und andere. <\/p>\n\n<p>Alle Produktnamen, Logos und Marken sind Eigentum ihrer jeweiligen Inhaber. Alle auf dieser Website verwendeten Firmen-, Produkt- und Servicenamen dienen nur zu Identifikationszwecken. Die Verwendung dieser Namen, Warenzeichen und Marken stellt keine Billigung dar.  <\/p>\n\n<p>Die auf dieser Website bereitgestellten Inhalte dienen ausschlie\u00dflich Informationszwecken und sollen f\u00fcr unsere Wiederverkaufsdienste werben. Sofern nicht ausdr\u00fccklich anders angegeben, ist OnlineStandart.com mit keiner Normungsorganisation verbunden und wird auch von keiner solchen unterst\u00fctzt. <\/p>\n\n<h4 class=\"wp-block-heading\"><strong>Inhalt der Website<\/strong><\/h4>\n\n<p>Unsere Seite und unser Unternehmen \u00fcbernehmen keine Gew\u00e4hr f\u00fcr die Aktualit\u00e4t, Richtigkeit, Vollst\u00e4ndigkeit und Qualit\u00e4t der bereitgestellten Informationen. F\u00fcr Sch\u00e4den materieller oder ideeller Art, die durch die Nutzung oder Nichtnutzung der dargebotenen Informationen bzw. durch die Nutzung fehlerhafter und unvollst\u00e4ndiger Informationen verursacht wurden, haftet unsere Website bzw. unser Unternehmen nicht, es sei denn, unsere Website hat vors\u00e4tzlich, wissentlich oder grob fahrl\u00e4ssig gehandelt. <\/p>\n\n<p>Der Inhalt unserer Site kann sich \u00e4ndern und ist nicht bindend. Unser Angebot beh\u00e4lt sich ausdr\u00fccklich vor, Teile der Seiten oder den gesamten Inhalt ohne gesonderte Ank\u00fcndigung zu ver\u00e4ndern, zu erg\u00e4nzen, zu l\u00f6schen oder die Ver\u00f6ffentlichung zeitweise oder endg\u00fcltig einzustellen. <\/p>\n\n<h4 class=\"wp-block-heading\"><strong>Links<\/strong><\/h4>\n\n<p>Bei direkten oder indirekten Verweisen auf fremde Internetseiten (\u201eLinks\u201c), die au\u00dferhalb des Verantwortungsbereiches unserer Seite liegen, w\u00fcrde eine Haftungsverpflichtung ausschlie\u00dflich in dem Fall in Kraft treten, in dem unsere Seite von den Inhalten Kenntnis hat und es ihr technisch m\u00f6glich und zumutbar w\u00e4re, die Nutzung im Falle rechtswidriger Inhalte zu verhindern. Wir erkl\u00e4ren ausdr\u00fccklich, dass zum Zeitpunkt der Linksetzung die verlinkten Seiten keine illegalen Inhalte enthielten. <\/p>\n\n<p>Auf die aktuelle und zuk\u00fcnftige Gestaltung, die Inhalte oder die Urheberschaft der gelinkten\/verkn\u00fcpften Seiten hat der Autor keinerlei Einfluss. Unser Angebot weist Sie daher ausdr\u00fccklich darauf hin, dass wir die Inhalte aller verlinkten Seiten nach der Linksetzung nicht als ver\u00e4ndert erkennen. <\/p>\n\n<p>Diese Erkl\u00e4rung gilt auch f\u00fcr alle auf unserer Site angebrachten Links und Verweise sowie f\u00fcr Fremdeintr\u00e4ge in vom Autor eingerichteten G\u00e4steb\u00fcchern, Diskussionsforen und E-Mail-Verteilern. F\u00fcr illegale, fehlerhafte oder unvollst\u00e4ndige Inhalte und insbesondere f\u00fcr Sch\u00e4den, die aus der Nutzung oder Nichtnutzung solcherart dargebotener Informationen entstehen, haftet allein der Anbieter der Seite, auf welche verwiesen wurde, nicht derjenige, der \u00fcber Links auf die jeweilige Ver\u00f6ffentlichung lediglich verweist. Hierf\u00fcr haftet nicht derjenige, der durch einen Link auf die jeweilige Ver\u00f6ffentlichung verweist.  <\/p>\n\n<h4 class=\"wp-block-heading\"><strong>Urheber- und Kennzeichenrecht<\/strong><\/h4>\n\n<p>Wir sind bestrebt, in allen Publikationen die Urheberrechte der verwendeten Grafiken, Tondokumente, Videosequenzen und Texte zu beachten. Deshalb sind wir bestrebt, in allen Publikationen die Urheberrechte der verwendeten Grafiken, Tondokumente, Videosequenzen und Texte zu nutzen oder auf lizenzfreie Grafiken, Tondokumente, Videosequenzen und Texte zur\u00fcckzugreifen.<\/p>\n\n<p>Die innerhalb des Internetangebotes genannten und ggf. durch Dritte gesch\u00fctzten Marken- und Warenzeichen unterliegen uneingeschr\u00e4nkt den Bestimmungen des jeweils g\u00fcltigen Kennzeichenrechts und den Besitzrechten der jeweiligen eingetragenen Eigent\u00fcmer. Allein aufgrund der blo\u00dfen Nennung ist nicht der Schluss zu ziehen, dass Markenzeichen nicht durch Rechte Dritter gesch\u00fctzt sind. <\/p>\n\n<p>Das Copyright f\u00fcr ver\u00f6ffentlichte, selbst erstellte Objekte bleibt allein beim Autor der Seite. Eine Vervielf\u00e4ltigung oder Verwendung solcher Grafiken, Tondokumente, Videosequenzen und Texte in anderen elektronischen oder gedruckten Publikationen ist ohne ausdr\u00fcckliche Zustimmung des Autors nicht gestattet. <\/p>\n\n<h4 class=\"wp-block-heading\"><strong>Datenschutz<\/strong><\/h4>\n\n<p>Sofern innerhalb des Internetangebotes die M\u00f6glichkeit zur Eingabe pers\u00f6nlicher oder gesch\u00e4ftlicher Daten (Emailadressen, Namen, Anschriften) besteht, so erfolgt die Preisgabe dieser Daten seitens des Nutzers auf ausdr\u00fccklich freiwilliger Basis. Die Inanspruchnahme und Bezahlung aller angebotenen Dienste ist \u2013 soweit technisch m\u00f6glich und zumutbar \u2013 auch ohne Angabe solcher Daten bzw. unter Angabe anonymisierter Daten oder eines Pseudonyms gestattet. <\/p>\n\n<p>Personen unter 18 Jahren sollten ohne Zustimmung der Eltern oder Erziehungsberechtigten keine personenbezogenen Daten an uns \u00fcbermitteln. Wir fordern keine personenbezogenen Daten von Kindern und Jugendlichen an, sammeln diese nicht und geben sie nicht an Dritte weiter. <\/p>\n\n<h4 class=\"wp-block-heading\"><strong>Rechtswirksamkeit dieses Haftungsausschlusses<\/strong><\/h4>\n\n<p>Dieser Haftungsausschluss ist als Teil des Internetangebotes zu betrachten, von dem aus auf diese Erkl\u00e4rung verwiesen wurde. Sollten Teile oder Formulierungen dieses Textes nicht, nicht mehr oder nicht vollst\u00e4ndig der geltenden Rechtslage entsprechen, bleiben die \u00fcbrigen Teile des Dokumentes in ihrem Inhalt und ihrer G\u00fcltigkeit hiervon unber\u00fchrt. <\/p>\n\n<h4 class=\"wp-block-heading\"><strong>Google Analytics<\/strong><\/h4>\n\n<p>Unsere Seite nutzt Google Inc. Dabei kommt Google Analytics zum Einsatz, der Webanalysedienst des Unternehmens. (Google) Google Analytics verwendet Cookies, kleine Textdateien, die auf Ihrem Computer gespeichert werden und die eine Analyse der Benutzung der Website durch Sie erm\u00f6glichen. Die durch den Cookie erzeugten Informationen \u00fcber Ihre Benutzung dieser Website (einschlie\u00dflich Ihrer IP-Adresse) werden an einen Server von Google in den USA \u00fcbertragen und dort gespeichert. Google wird diese Informationen benutzen, um Ihre Nutzung der Website auszuwerten, um Reports \u00fcber die Websiteaktivit\u00e4ten f\u00fcr die Websitebetreiber zusammenzustellen und um weitere mit der Websitenutzung und der Internetnutzung verbundene Dienstleistungen zu erbringen.    <\/p>\n\n<p>Google wird diese Informationen gegebenenfalls an Dritte \u00fcbertragen, sofern dies gesetzlich vorgeschrieben ist oder soweit Dritte diese Daten im Auftrag von Google verarbeiten. Google wird in keinem Fall Ihre IP-Adresse mit anderen Daten von Google in Verbindung bringen. Wenn Sie m\u00f6chten, k\u00f6nnen Sie die Installation der Cookies auf Ihrem Rechner durch eine entsprechende Einstellung Ihrer Browser-Software verhindern. wir weisen Sie jedoch darauf hin, dass Sie in diesem Fall gegebenenfalls nicht s\u00e4mtliche Funktionen dieser Website vollumf\u00e4nglich werden nutzen k\u00f6nnen.   <\/p>\n\n<p>Durch die Nutzung dieser Website erkl\u00e4ren Sie sich mit der Bearbeitung der \u00fcber Sie erhobenen Daten durch Google in der zuvor beschriebenen Art und Weise, dem zuvor beschriebenen Umfang und Zweck einverstanden.<\/p>\n","protected":false},"excerpt":{"rendered":"<p>Haftungsausschlu\u00df Onlinestandart.com oder Online Information Services Inc. Sofern nicht ausdr\u00fccklich in einem schriftlichen Vertrag mit gestattet, erkennen Sie hiermit an und stimmen zu, dass. oder eines seiner verbundenen Unternehmen (\u201eOnlinestandart.com oder Online Bilgi Hizmetleri A.\u015e.\u201c), die hierin enthaltenen Inhalte, Informationen und Materialien sowie Onlinestandart.com oder Online Bilgi Hizmetleri A.\u015e. Es ist Ihnen strengstens untersagt, die&#8230;<\/p>\n","protected":false},"author":1,"featured_media":0,"parent":54584,"menu_order":0,"comment_status":"closed","ping_status":"closed","template":"","meta":{"_kad_blocks_custom_css":"","_kad_blocks_head_custom_js":"","_kad_blocks_body_custom_js":"","_kad_blocks_footer_custom_js":"","_kad_post_transparent":"","_kad_post_title":"","_kad_post_layout":"","_kad_post_sidebar_id":"","_kad_post_content_style":"","_kad_post_vertical_padding":"","_kad_post_feature":"","_kad_post_feature_position":"","_kad_post_header":false,"_kad_post_footer":false,"_kad_post_classname":"","footnotes":""},"categories":[],"tags":[],"class_list":["post-54596","page","type-page","status-publish","hentry"],"taxonomy_info":[],"featured_image_src_large":false,"author_info":{"display_name":"Online Standart","author_link":"https:\/\/onlinestandart.com\/de\/author\/online-standart\/"},"comment_info":0,"_links":{"self":[{"href":"https:\/\/onlinestandart.com\/de\/wp-json\/wp\/v2\/pages\/54596","targetHints":{"allow":["GET"]}}],"collection":[{"href":"https:\/\/onlinestandart.com\/de\/wp-json\/wp\/v2\/pages"}],"about":[{"href":"https:\/\/onlinestandart.com\/de\/wp-json\/wp\/v2\/types\/page"}],"author":[{"embeddable":true,"href":"https:\/\/onlinestandart.com\/de\/wp-json\/wp\/v2\/users\/1"}],"replies":[{"embeddable":true,"href":"https:\/\/onlinestandart.com\/de\/wp-json\/wp\/v2\/comments?post=54596"}],"version-history":[{"count":0,"href":"https:\/\/onlinestandart.com\/de\/wp-json\/wp\/v2\/pages\/54596\/revisions"}],"up":[{"embeddable":true,"href":"https:\/\/onlinestandart.com\/de\/wp-json\/wp\/v2\/pages\/54584"}],"wp:attachment":[{"href":"https:\/\/onlinestandart.com\/de\/wp-json\/wp\/v2\/media?parent=54596"}],"wp:term":[{"taxonomy":"category","embeddable":true,"href":"https:\/\/onlinestandart.com\/de\/wp-json\/wp\/v2\/categories?post=54596"},{"taxonomy":"post_tag","embeddable":true,"href":"https:\/\/onlinestandart.com\/de\/wp-json\/wp\/v2\/tags?post=54596"}],"curies":[{"name":"wp","href":"https:\/\/api.w.org\/{rel}","templated":true}]}}