{"id":54607,"date":"2024-05-22T14:15:42","date_gmt":"2024-05-22T11:15:42","guid":{"rendered":"https:\/\/onlinestandart.com\/standards-der-amerikanischen-automobilindustrie-aiag\/"},"modified":"2025-06-04T11:58:21","modified_gmt":"2025-06-04T08:58:21","slug":"standards-der-amerikanischen-automobilindustrie-aiag","status":"publish","type":"page","link":"https:\/\/onlinestandart.com\/de\/standards-der-amerikanischen-automobilindustrie-aiag\/","title":{"rendered":"Standards der amerikanischen Automobilindustrie (AIAG)"},"content":{"rendered":"\n<h2 class=\"wp-block-heading\">Was ist AIAG?<\/h2>\n\n<p><a href=\"https:\/\/www.aiag.org\/\" target=\"_blank\" rel=\"noopener\">AIAG<\/a> ist ein Akronym f\u00fcr die American Automotive Industry Action Group, die gegr\u00fcndet wurde, um Qualit\u00e4tsstandards in der Automobilindustrie festzulegen und zu verbessern. Es wurde 1982 gegr\u00fcndet, um die Zusammenarbeit zwischen Automobilherstellern, Zulieferern und Dienstleistern zu intensivieren. <\/p>\n<style>.wp-block-kadence-advancedbtn.kb-btns3446_5199bc-fe{gap:var(--global-kb-gap-xs, 0.5rem );justify-content:flex-start;align-items:center;}.kt-btns3446_5199bc-fe .kt-button{font-weight:normal;font-style:normal;}.kt-btns3446_5199bc-fe .kt-btn-wrap-0{margin-right:5px;}.wp-block-kadence-advancedbtn.kt-btns3446_5199bc-fe .kt-btn-wrap-0 .kt-button{color:#555555;border-color:#555555;}.wp-block-kadence-advancedbtn.kt-btns3446_5199bc-fe .kt-btn-wrap-0 .kt-button:hover, .wp-block-kadence-advancedbtn.kt-btns3446_5199bc-fe .kt-btn-wrap-0 .kt-button:focus{color:#ffffff;border-color:#444444;}.wp-block-kadence-advancedbtn.kt-btns3446_5199bc-fe .kt-btn-wrap-0 .kt-button::before{display:none;}.wp-block-kadence-advancedbtn.kt-btns3446_5199bc-fe .kt-btn-wrap-0 .kt-button:hover, .wp-block-kadence-advancedbtn.kt-btns3446_5199bc-fe .kt-btn-wrap-0 .kt-button:focus{background:#444444;}<\/style>\n<div class=\"wp-block-kadence-advancedbtn kb-buttons-wrap kb-btns3446_5199bc-fe\"><style>ul.menu .wp-block-kadence-advancedbtn .kb-btn3446_2c436f-a2.kb-button{width:initial;}.wp-block-kadence-advancedbtn .kb-btn3446_2c436f-a2.kb-button{background:var(--global-palette1, #3182CE);font-family:-apple-system,BlinkMacSystemFont,\"Segoe UI\",Roboto,Oxygen-Sans,Ubuntu,Cantarell,\"Helvetica Neue\",sans-serif, \"Apple Color Emoji\", \"Segoe UI Emoji\", \"Segoe UI Symbol\";border-top-left-radius:8px;border-top-right-radius:8px;border-bottom-right-radius:8px;border-bottom-left-radius:8px;padding-top:14px;padding-right:30px;padding-bottom:14px;padding-left:30px;}.wp-block-kadence-advancedbtn .kb-btn3446_2c436f-a2.kb-button:hover, .wp-block-kadence-advancedbtn .kb-btn3446_2c436f-a2.kb-button:focus{background:var(--global-palette2, #2B6CB0);}<\/style><a class=\"kb-button kt-button button kb-btn3446_2c436f-a2 kt-btn-size-small kt-btn-width-type-auto kb-btn-global-fill  kt-btn-has-text-true kt-btn-has-svg-true  wp-block-kadence-singlebtn\" href=\"https:\/\/onlinestandart.com\/de\/kontakt\/\"><span class=\"kt-btn-inner-text\">DOKUMENT ANFORDERN<\/span><span class=\"kb-svg-icon-wrap kb-svg-icon-fe_arrowRightCircle kt-btn-icon-side-right\"><svg viewBox=\"0 0 24 24\"  fill=\"none\" stroke=\"currentColor\" stroke-width=\"2\" stroke-linecap=\"round\" stroke-linejoin=\"round\" xmlns=\"http:\/\/www.w3.org\/2000\/svg\"  aria-hidden=\"true\"><circle cx=\"12\" cy=\"12\" r=\"10\"\/><polyline points=\"12 16 16 12 12 8\"\/><line x1=\"8\" y1=\"12\" x2=\"16\" y2=\"12\"\/><\/svg><\/span><\/a><\/div>\n\n<p>Ziel der AIAG ist es, die globale Wettbewerbsf\u00e4higkeit der Automobilindustrie zu steigern und gleichzeitig die Verbreitung umweltfreundlicher Verfahren voranzutreiben. Auf diese Weise schafft es einen Mehrwert f\u00fcr die Branche, indem es nachhaltigkeitsorientierte L\u00f6sungen anbietet. <br\/><br\/>AIAG, bekannt f\u00fcr seine Standards und Leitf\u00e4den; Es spielt in der Branche eine f\u00fchrende Rolle bei Themen wie Qualit\u00e4tsmanagementsystemen und Material\u00fcberwachungstechniken. Durch das Angebot von Schulungsprogrammen f\u00fcr seine Mitglieder erm\u00f6glicht es Fachleuten, sich kontinuierlich weiterzubilden. <\/p>\n\n<h2 class=\"wp-block-heading\">Wof\u00fcr steht AIAG?<\/h2>\n\n<p>AIAG steht f\u00fcr \u201eAutomotive Industry Action Group\u201c und bedeutet auf T\u00fcrkisch Aktionsgruppe der Automobilindustrie. Ziel dieser Gruppe ist die Verbesserung der Lieferkettenprozesse in der Automobilindustrie. <br\/><br\/>Der Zweck dieser Organisation besteht darin, bei der Ermittlung branchenweit bew\u00e4hrter Verfahren in Bereichen wie Qualit\u00e4tsmanagement, kontinuierliche Verbesserung und Risikoanalyse mitzuhelfen.<br\/><br\/>Der Schwerpunkt der Arbeit der AIAG liegt h\u00e4ufig auf Tools wie FMEA. FMEA ist eine Abk\u00fcrzung, die sich aus den Anfangsbuchstaben der W\u00f6rter \u201eFailure Mode and Effects Analysis\u201c zusammensetzt und bedeutet Fehlerm\u00f6glichkeits- und Einflussanalyse. <br\/><br\/>Mithilfe der FMEA k\u00f6nnen potentielle Fehler in der Produkt- oder Prozessgestaltung erkannt und deren Auswirkungen bewertet werden. Durch die Durchf\u00fchrung von FMEA-Studien nach AIAG-Standards k\u00f6nnen wichtige Schritte zur Qualit\u00e4tssteigerung und Kostensenkung unternommen werden. <\/p>\n\n<figure class=\"wp-block-image size-large\"><img loading=\"lazy\" decoding=\"async\" width=\"1024\" height=\"576\" src=\"https:\/\/onlinestandart.com\/wp-content\/uploads\/2024\/05\/aiag-1024x576.webp\" alt=\"AIAG\" class=\"wp-image-3447\" srcset=\"https:\/\/onlinestandart.com\/wp-content\/uploads\/2024\/05\/aiag-1024x576.webp 1024w, https:\/\/onlinestandart.com\/wp-content\/uploads\/2024\/05\/aiag-600x338.webp 600w, https:\/\/onlinestandart.com\/wp-content\/uploads\/2024\/05\/aiag-300x169.webp 300w, https:\/\/onlinestandart.com\/wp-content\/uploads\/2024\/05\/aiag-768x432.webp 768w, https:\/\/onlinestandart.com\/wp-content\/uploads\/2024\/05\/aiag-1536x864.webp 1536w, https:\/\/onlinestandart.com\/wp-content\/uploads\/2024\/05\/aiag.webp 1920w\" sizes=\"auto, (max-width: 1024px) 100vw, 1024px\" \/><\/figure>\n\n<h2 class=\"wp-block-heading\">AIAG-Standards<\/h2>\n\n<p>AIAG-Standards spielen eine wichtige Rolle f\u00fcr das Qualit\u00e4tsmanagement und die Prozessverbesserung in der Automobilindustrie. Die von der AIAG entwickelten Standards zielen darauf ab, die Zusammenarbeit und die Standards in der Branche zu verbessern. <br\/><br\/>Zu den wichtigsten Standards der AIAG z\u00e4hlen APQP, FMEA, MSA und PPAP. Diese Standards werden in der Automobilindustrie verwendet, um die Qualit\u00e4t sicherzustellen, die Produktzuverl\u00e4ssigkeit zu erh\u00f6hen und die Kosten zu senken. <br\/><br\/>Dar\u00fcber hinaus umfassen die AIAG-Standards international anerkannte Qualit\u00e4tsmanagementsysteme wie ISO\/TS 16949.  <\/p>\n\n<h2 class=\"wp-block-heading\">Was ist AIAG FMEA?<\/h2>\n\n<p>FMEA ist eine Methode, um m\u00f6gliche Fehler im Produktionsprozess zu erkennen und entsprechende Vorkehrungen zu treffen. Ziel dieser Methode ist die Risikominimierung durch die Analyse potenzieller Fehlerarten und ihrer Auswirkungen auf das Produkt oder den Prozess. Der Hauptzweck der FMEA besteht darin, Kosten durch Qualit\u00e4tsverbesserung zu senken.  <br\/><br\/>Bei der Durchf\u00fchrung einer FMEA-Analyse werden zun\u00e4chst potenzielle Fehlerarten ermittelt und die m\u00f6glichen Folgen dieser Fehler bewertet. Anschlie\u00dfend wird die Risikopriorit\u00e4tszahl basierend auf der Wahrscheinlichkeit, dem Schweregrad und der Erkennbarkeit jedes Fehlers berechnet. Auf diese Weise k\u00f6nnen die kritischsten Probleme vorrangig gel\u00f6st werden.  <br\/><br\/>Nach AIAG-Standards durchgef\u00fchrte FMEA-Studien k\u00f6nnen sowohl die Kundenzufriedenheit steigern als auch die Wettbewerbsf\u00e4higkeit des Unternehmens verbessern. Dar\u00fcber hinaus k\u00f6nnen Sie bei richtiger Umsetzung die Effizienz optimieren, indem Sie eine Verschwendung von Ressourcen verhindern. <\/p>\n\n<h2 class=\"wp-block-heading\">Wie viele Arten von FMEA gibt es?<\/h2>\n\n<p>Die Vielfalt der FMEA-Analysen kann je nach Bedarf variieren, im Allgemeinen gibt es jedoch drei Grundtypen: Design (DFMEA), Produktion\/Betrieb (PFMEA) und Prozess (PR FMEA).<\/p>\n\n<h2 class=\"wp-block-heading\">Was ist AIAG APQP?<\/h2>\n\n<p>APQP (Automotive Industry Action Group Advanced Product Quality Planning) ist ein Qualit\u00e4tsmanagementprozess, der in der Automobilindustrie verwendet wird. Dieser Prozess dient der Qualit\u00e4tssicherung im Design- und Entwicklungsprozess von Produkten. <\/p>\n\n<p>Zur Vorproduktionsplanung geh\u00f6ren Schritte wie das fr\u00fchzeitige Erkennen von Problemen, die Reduzierung von Risiken und die Sicherstellung der Einhaltung der Kundenerwartungen. Dieser Prozess umfasst auch Bewertungs- und \u00dcberpr\u00fcfungsaktivit\u00e4ten, um sicherzustellen, dass alle Anforderungen erf\u00fcllt werden, bevor die Produkte in Massenproduktion gehen. <\/p>\n\n<h2 class=\"wp-block-heading\">Was ist AIAG MSA?<\/h2>\n\n<p>Die Messsystemanalyse MSA (Measurement Systems Analysis) ist ein wichtiger Schritt zur Verbesserung der Produktqualit\u00e4t und der Prozesse. Dieses Verfahren liefert Informationen \u00fcber die Zuverl\u00e4ssigkeit eines Messsystems durch Bewertung seiner Genauigkeit, Wiederholbarkeit und Justierung. <br\/><br\/>Der Zweck von MSA besteht darin, sicherzustellen, dass die verwendeten Messsysteme fehlerfrei sind, um genaue und zuverl\u00e4ssige Ergebnisse zu erzielen. Dies tr\u00e4gt zur Verbesserung der Qualit\u00e4ts- und Prozesskontrolle bei. <\/p>\n\n<h2 class=\"wp-block-heading\">Was ist AIAG PPAP?  <\/h2>\n\n<p>PPAP (Production Part Approval Process) ist der Genehmigungsprozess f\u00fcr Teile in der Massenproduktion. Mit diesem Verfahren wird in der Automobilindustrie nachgewiesen, dass ein neues Teil oder Verfahren, das ein Lieferant einem Kunden anbieten m\u00f6chte, den Qualit\u00e4tsanforderungen entspricht. <br\/><br\/>PPAP ist ein Inspektions- und Validierungsprozess vor der Produktion, der abgeschlossen sein muss, bevor ein neues Teil oder Verfahren geliefert werden kann. Dieser Prozess stellt sicher, dass alle Beteiligten innerhalb der Lieferkette zusammenarbeiten, um dem Kunden sichere und qualitativ hochwertige Produkte zu liefern. <br\/><br\/>PPAP zielt au\u00dferdem darauf ab, die Variabilit\u00e4t innerhalb der Lieferkette zu minimieren und sicherzustellen, dass die Produkte p\u00fcnktlich und korrekt geliefert werden.  <\/p>\n\n<h2 class=\"wp-block-heading\">Wie k\u00f6nnen wir Ihnen behilflich sein?<\/h2>\n\n<p><strong>Online Standard<\/strong> ist Ihr zuverl\u00e4ssigster und schnellster L\u00f6sungspartner f\u00fcr den Zugriff auf technische Dokumente und Ver\u00f6ffentlichungen, Richtlinien und Normen.<\/p>\n\n<p>Wenn Sie sich mit uns in Verbindung setzen, haben Sie auch Zugang zu allen Unterlagen, die Sie ben\u00f6tigen.<\/p>\n\n<ul class=\"wp-block-list\">\n<li>Gedruckte oder digitale individuelle Dokumentation<\/li>\n\n\n\n<li>Dokumentensammlung speziell f\u00fcr Ihre Abteilung oder Ihr Projekt<\/li>\n\n\n\n<li>Ma\u00dfgeschneiderte Dokumentationsl\u00f6sungen f\u00fcr Ihr Unternehmen<\/li>\n<\/ul>\n\n<p><strong>Dank unserer wertvollen Kooperationen k\u00f6nnen wir Ihnen die Dokumentation anbieten, die Sie durch die Recherche in mehr als 500 Quellen in digitaler oder gedruckter Form erhalten k\u00f6nnen.<\/strong><\/p>\n\n<p>Durch unsere Partnerschaften mit <a href=\"https:\/\/onlinestandart.com\/de\/amerikanisches-petroleum-institut-api\/\" target=\"_blank\" rel=\"noreferrer noopener\">API<\/a>, <a href=\"https:\/\/onlinestandart.com\/de\/die-amerikanische-gesellschaft-der-ingenieure-fuer-heizung-kuehlung-und-klimatisierung-ashrae\/\" target=\"_blank\" rel=\"noreferrer noopener\">ASHRAE<\/a>, <a href=\"https:\/\/onlinestandart.com\/de\/amerikanische-gesellschaft-der-maschinenbauingenieure-asme\/\" target=\"_blank\" rel=\"noreferrer noopener\">ASME<\/a>, <a href=\"https:\/\/onlinestandart.com\/de\/astm-international\/\" target=\"_blank\" rel=\"noreferrer noopener\">ASTM<\/a>, <a href=\"https:\/\/onlinestandart.com\/de\/britisches-normungsinstitut-bsi\/\" target=\"_blank\" rel=\"noreferrer noopener\">BSI<\/a>, <a href=\"https:\/\/onlinestandart.com\/de\/internationale-elektrotechnische-kommission\/\" target=\"_blank\" rel=\"noreferrer noopener\">IEC<\/a>, <a href=\"https:\/\/onlinestandart.com\/ieee-standart\/\" target=\"_blank\" rel=\"noreferrer noopener\">IEEE<\/a>, <a href=\"https:\/\/onlinestandart.com.tr\/iso\/\" target=\"_blank\" rel=\"noreferrer noopener\">ISO<\/a>, <a href=\"https:\/\/onlinestandart.com\/de\/sae-international\/\" target=\"_blank\" rel=\"noreferrer noopener\">SAE<\/a> und Hunderten von anderen Normungsgremien k\u00f6nnen wir Ihnen Zeit und Ressourcen sparen, indem wir Ihnen schnellen Zugriff auf genaue und zuverl\u00e4ssige Informationen bieten.<\/p>\n","protected":false},"excerpt":{"rendered":"<p>Was ist AIAG? AIAG ist ein Akronym f\u00fcr die American Automotive Industry Action Group, die gegr\u00fcndet wurde, um Qualit\u00e4tsstandards in der Automobilindustrie festzulegen und zu verbessern. Es wurde 1982 gegr\u00fcndet, um die Zusammenarbeit zwischen Automobilherstellern, Zulieferern und Dienstleistern zu intensivieren. Ziel der AIAG ist es, die globale Wettbewerbsf\u00e4higkeit der Automobilindustrie zu steigern und gleichzeitig die&#8230;<\/p>\n","protected":false},"author":1,"featured_media":0,"parent":0,"menu_order":0,"comment_status":"closed","ping_status":"closed","template":"","meta":{"_kad_blocks_custom_css":"","_kad_blocks_head_custom_js":"","_kad_blocks_body_custom_js":"","_kad_blocks_footer_custom_js":"","_kad_post_transparent":"","_kad_post_title":"","_kad_post_layout":"","_kad_post_sidebar_id":"","_kad_post_content_style":"","_kad_post_vertical_padding":"","_kad_post_feature":"","_kad_post_feature_position":"","_kad_post_header":false,"_kad_post_footer":false,"_kad_post_classname":"","footnotes":""},"categories":[62],"tags":[],"class_list":["post-54607","page","type-page","status-publish","hentry","category-normen"],"taxonomy_info":{"category":[{"value":62,"label":"Normen"}]},"featured_image_src_large":false,"author_info":{"display_name":"Online Standart","author_link":"https:\/\/onlinestandart.com\/de\/author\/online-standart\/"},"comment_info":0,"_links":{"self":[{"href":"https:\/\/onlinestandart.com\/de\/wp-json\/wp\/v2\/pages\/54607","targetHints":{"allow":["GET"]}}],"collection":[{"href":"https:\/\/onlinestandart.com\/de\/wp-json\/wp\/v2\/pages"}],"about":[{"href":"https:\/\/onlinestandart.com\/de\/wp-json\/wp\/v2\/types\/page"}],"author":[{"embeddable":true,"href":"https:\/\/onlinestandart.com\/de\/wp-json\/wp\/v2\/users\/1"}],"replies":[{"embeddable":true,"href":"https:\/\/onlinestandart.com\/de\/wp-json\/wp\/v2\/comments?post=54607"}],"version-history":[{"count":0,"href":"https:\/\/onlinestandart.com\/de\/wp-json\/wp\/v2\/pages\/54607\/revisions"}],"wp:attachment":[{"href":"https:\/\/onlinestandart.com\/de\/wp-json\/wp\/v2\/media?parent=54607"}],"wp:term":[{"taxonomy":"category","embeddable":true,"href":"https:\/\/onlinestandart.com\/de\/wp-json\/wp\/v2\/categories?post=54607"},{"taxonomy":"post_tag","embeddable":true,"href":"https:\/\/onlinestandart.com\/de\/wp-json\/wp\/v2\/tags?post=54607"}],"curies":[{"name":"wp","href":"https:\/\/api.w.org\/{rel}","templated":true}]}}