{"id":54612,"date":"2024-05-22T14:38:45","date_gmt":"2024-05-22T11:38:45","guid":{"rendered":"https:\/\/onlinestandart.com\/arbeitssicherheit-und-gesundheitsschutz-en-normen\/"},"modified":"2025-05-27T15:23:29","modified_gmt":"2025-05-27T12:23:29","slug":"arbeitssicherheit-und-gesundheitsschutz-en-normen","status":"publish","type":"page","link":"https:\/\/onlinestandart.com\/de\/arbeitssicherheit-und-gesundheitsschutz-en-normen\/","title":{"rendered":"Arbeitssicherheit und Gesundheitsschutz &#8211; EN-Normen"},"content":{"rendered":"\n<h2 class=\"wp-block-heading\">Was sind EN-Normen?<\/h2>\n\n<p><a href=\"https:\/\/www.en-standard.eu\/\" target=\"_blank\" rel=\"noopener\">EN-Normen<\/a> sind Dokumente, die eine Reihe technischer Richtlinien und Anforderungen enthalten, die im Fertigungs- und Dienstleistungssektor in Europa verwendet werden. Diese Normen behandeln wichtige Aspekte wie Sicherheit, Qualit\u00e4t und Kompatibilit\u00e4t von Produkten. Dar\u00fcber hinaus bieten EN-Normen Orientierung zu Fragen des Arbeitsschutzes.  <\/p>\n<style>.wp-block-kadence-advancedbtn.kb-btns3451_e30b5c-4e{gap:var(--global-kb-gap-xs, 0.5rem );justify-content:flex-start;align-items:center;}.kt-btns3451_e30b5c-4e .kt-button{font-weight:normal;font-style:normal;}.kt-btns3451_e30b5c-4e .kt-btn-wrap-0{margin-right:5px;}.wp-block-kadence-advancedbtn.kt-btns3451_e30b5c-4e .kt-btn-wrap-0 .kt-button{color:#555555;border-color:#555555;}.wp-block-kadence-advancedbtn.kt-btns3451_e30b5c-4e .kt-btn-wrap-0 .kt-button:hover, .wp-block-kadence-advancedbtn.kt-btns3451_e30b5c-4e .kt-btn-wrap-0 .kt-button:focus{color:#ffffff;border-color:#444444;}.wp-block-kadence-advancedbtn.kt-btns3451_e30b5c-4e .kt-btn-wrap-0 .kt-button::before{display:none;}.wp-block-kadence-advancedbtn.kt-btns3451_e30b5c-4e .kt-btn-wrap-0 .kt-button:hover, .wp-block-kadence-advancedbtn.kt-btns3451_e30b5c-4e .kt-btn-wrap-0 .kt-button:focus{background:#444444;}<\/style>\n<div class=\"wp-block-kadence-advancedbtn kb-buttons-wrap kb-btns3451_e30b5c-4e\"><style>ul.menu .wp-block-kadence-advancedbtn .kb-btn3451_656e36-ec.kb-button{width:initial;}.wp-block-kadence-advancedbtn .kb-btn3451_656e36-ec.kb-button{background:var(--global-palette1, #3182CE);font-family:-apple-system,BlinkMacSystemFont,\"Segoe UI\",Roboto,Oxygen-Sans,Ubuntu,Cantarell,\"Helvetica Neue\",sans-serif, \"Apple Color Emoji\", \"Segoe UI Emoji\", \"Segoe UI Symbol\";border-top-left-radius:8px;border-top-right-radius:8px;border-bottom-right-radius:8px;border-bottom-left-radius:8px;padding-top:14px;padding-right:30px;padding-bottom:14px;padding-left:30px;}.wp-block-kadence-advancedbtn .kb-btn3451_656e36-ec.kb-button:hover, .wp-block-kadence-advancedbtn .kb-btn3451_656e36-ec.kb-button:focus{background:var(--global-palette2, #2B6CB0);}<\/style><a class=\"kb-button kt-button button kb-btn3451_656e36-ec kt-btn-size-small kt-btn-width-type-auto kb-btn-global-fill  kt-btn-has-text-true kt-btn-has-svg-true  wp-block-kadence-singlebtn\" href=\"https:\/\/onlinestandart.com\/de\/kontakt\/\"><span class=\"kt-btn-inner-text\">DOKUMENT ANFORDERN<\/span><span class=\"kb-svg-icon-wrap kb-svg-icon-fe_arrowRightCircle kt-btn-icon-side-right\"><svg viewBox=\"0 0 24 24\"  fill=\"none\" stroke=\"currentColor\" stroke-width=\"2\" stroke-linecap=\"round\" stroke-linejoin=\"round\" xmlns=\"http:\/\/www.w3.org\/2000\/svg\"  aria-hidden=\"true\"><circle cx=\"12\" cy=\"12\" r=\"10\"\/><polyline points=\"12 16 16 12 12 8\"\/><line x1=\"8\" y1=\"12\" x2=\"16\" y2=\"12\"\/><\/svg><\/span><\/a><\/div>\n\n<p>Auch im Handel zwischen verschiedenen L\u00e4ndern in Europa spielen diese Standards eine gro\u00dfe Rolle. Die CE-Kennzeichnung, die die Konformit\u00e4t von Produkten mit bestimmten Normen belegt, erfordert zugleich die Umsetzung dieser Normen. Dank der EN-Normen werden die Rechte der Verbraucher gesch\u00fctzt und industrielle Aktivit\u00e4ten k\u00f6nnen effizienter durchgef\u00fchrt werden.  <br\/><br\/>Der Zweck der EN-Normen besteht darin, die Produktqualit\u00e4t zu verbessern und die Sicherheit der Benutzer zu gew\u00e4hrleisten. Diese Normen gelten f\u00fcr unterschiedliche Bereiche jeder Branche und beschreiben die spezifischen Anforderungen im Detail.   <\/p>\n\n<h2 class=\"wp-block-heading\">Wof\u00fcr stehen EN-Normen?<\/h2>\n\n<p>EN steht f\u00fcr Europ\u00e4ische Norm. Diese Normen beziehen sich auf in Europa verwendete technische Dokumente. EN-Normen gew\u00e4hrleisten Produktqualit\u00e4t, Sicherheit und Kompatibilit\u00e4t. Es bietet auch Komfort beim Handel.   <br\/><br\/>F\u00fcr die Festlegung von Normen ist das Europ\u00e4ische Komitee f\u00fcr Normung (CEN) zust\u00e4ndig. CEN legt diese Normen in Zusammenarbeit mit Experten aus verschiedenen L\u00e4ndern fest.   <\/p>\n\n<figure class=\"wp-block-image size-large has-custom-border is-style-default\"><img loading=\"lazy\" decoding=\"async\" width=\"1024\" height=\"576\" src=\"https:\/\/onlinestandart.com\/wp-content\/uploads\/2024\/05\/en-standart-1024x576.webp\" alt=\"der Standard\" class=\"wp-image-3452\" style=\"border-style:none;border-width:0px\" srcset=\"https:\/\/onlinestandart.com\/wp-content\/uploads\/2024\/05\/en-standart-1024x576.webp 1024w, https:\/\/onlinestandart.com\/wp-content\/uploads\/2024\/05\/en-standart-600x338.webp 600w, https:\/\/onlinestandart.com\/wp-content\/uploads\/2024\/05\/en-standart-300x169.webp 300w, https:\/\/onlinestandart.com\/wp-content\/uploads\/2024\/05\/en-standart-768x432.webp 768w, https:\/\/onlinestandart.com\/wp-content\/uploads\/2024\/05\/en-standart-1536x864.webp 1536w, https:\/\/onlinestandart.com\/wp-content\/uploads\/2024\/05\/en-standart.webp 1920w\" sizes=\"auto, (max-width: 1024px) 100vw, 1024px\" \/><\/figure>\n\n<h2 class=\"wp-block-heading\">Liste der Normen<\/h2>\n\n<p>Die Normenliste ist eine Zusammenstellung von Kriterien, die die Qualit\u00e4t und Sicherheit der in der Industrie verwendeten Produkte gew\u00e4hrleisten sollen. Diese Standards k\u00f6nnen in jeder Phase angewendet werden, vom Entwurf eines Produkts bis hin zu seiner Produktion, Pr\u00fcfung und Verteilung.   <br\/><br\/>Obwohl diese Standards f\u00fcr den Einsatz in Europa erstellt wurden, werden sie weltweit akzeptiert. Wenn Produkte nachweisen, dass sie diese Standards erf\u00fcllen, werden sie zuverl\u00e4ssiger und lassen sich leichter vermarkten. Die Liste der EN-Normen wird st\u00e4ndig aktualisiert und \u00fcberarbeitet, um sie an neue Technologien anzupassen.  <br\/><br\/>Dieser Standard spielt eine wichtige Rolle in Handelsbeziehungen, bietet Sicherheit durch den Schutz der Verbraucher und verschafft Unternehmen einen Wettbewerbsvorteil. Daher sollte die Einhaltung dieser Standards f\u00fcr Unternehmen nicht nur als gesetzliche Verpflichtung, sondern auch als Schritt zur Qualit\u00e4tssteigerung betrachtet werden. <\/p>\n\n<h2 class=\"wp-block-heading\">Was sind die Arbeitsschutzstandards?<\/h2>\n\n<p>EN-Normen wurden zum Schutz der Gesundheit und Sicherheit der Arbeitnehmer am Arbeitsplatz geschaffen und zielen darauf ab, verschiedene Risiken zu minimieren. Die Einhaltung von Arbeitsschutzstandards ist ein wichtiges Thema, das sowohl Arbeitnehmern als auch Arbeitgebern zugutekommt.   <br\/><br\/>Arbeitsschutzstandards helfen nicht nur, Arbeitsunf\u00e4lle zu vermeiden, sondern k\u00f6nnen durch eine Steigerung der Produktivit\u00e4t auch zum Unternehmenserfolg beitragen. Um die Motivation der Mitarbeiter zu steigern und den Arbeits- und Gesundheitsschutz zu gew\u00e4hrleisten, sind EN-Normen von gro\u00dfer Bedeutung. <br\/><br\/>Daher spielt dieser Standard nicht nur f\u00fcr die Produktqualit\u00e4t, sondern auch f\u00fcr die Gesundheit und Sicherheit der Mitarbeiter eine entscheidende Rolle. Durch die Einhaltung dieser Standards ist es m\u00f6glich, den Ruf des Unternehmens zu sch\u00fctzen und ein besseres Arbeitsumfeld zu schaffen. <\/p>\n\n<h2 class=\"wp-block-heading\">Wie k\u00f6nnen wir Ihnen behilflich sein?<\/h2>\n\n<p><strong>Online Standard<\/strong> ist Ihr zuverl\u00e4ssigster und schnellster L\u00f6sungspartner f\u00fcr den Zugriff auf technische Dokumente und Ver\u00f6ffentlichungen, Richtlinien und Normen.<\/p>\n\n<p>Wenn Sie sich mit uns in Verbindung setzen, haben Sie auch Zugang zu allen Unterlagen, die Sie ben\u00f6tigen.<\/p>\n\n<ul class=\"wp-block-list\">\n<li>Gedruckte oder digitale individuelle Dokumentation<\/li>\n\n\n\n<li>Dokumentensammlung speziell f\u00fcr Ihre Abteilung oder Ihr Projekt<\/li>\n\n\n\n<li>Ma\u00dfgeschneiderte Dokumentationsl\u00f6sungen f\u00fcr Ihr Unternehmen<\/li>\n<\/ul>\n\n<p><strong>Dank unserer wertvollen Kooperationen k\u00f6nnen wir Ihnen die Dokumentation anbieten, die Sie durch die Recherche in mehr als 500 Quellen in digitaler oder gedruckter Form erhalten k\u00f6nnen.<\/strong><\/p>\n\n<p>Dank unserer Partnerschaft mit <a href=\"https:\/\/onlinestandart.com\/de\/amerikanisches-petroleum-institut-api\/\" target=\"_blank\" rel=\"noreferrer noopener\">API<\/a> , <a href=\"https:\/\/onlinestandart.com\/de\/die-amerikanische-gesellschaft-der-ingenieure-fuer-heizung-kuehlung-und-klimatisierung-ashrae\/\" target=\"_blank\" rel=\"noreferrer noopener\">ASHRAE<\/a> , <a href=\"https:\/\/onlinestandart.com\/asme-international\/\" target=\"_blank\" rel=\"noreferrer noopener\">ASME<\/a> , <a href=\"https:\/\/onlinestandart.com\/de\/astm-international\/\" target=\"_blank\" rel=\"noreferrer noopener\">ASTM<\/a> , <a href=\"https:\/\/onlinestandart.com\/de\/britisches-normungsinstitut-bsi\/\" target=\"_blank\" rel=\"noreferrer noopener\">BSI<\/a> , <a href=\"https:\/\/onlinestandart.com\/de\/internationale-elektrotechnische-kommission\/\" target=\"_blank\" rel=\"noreferrer noopener\">IEC<\/a> , <a href=\"https:\/\/onlinestandart.com\/ieee-standart\/\" target=\"_blank\" rel=\"noreferrer noopener\">IEEE<\/a> , <a href=\"https:\/\/onlinestandart.com\/de\/sae-international\/\" target=\"_blank\" rel=\"noreferrer noopener\">SAE<\/a> , <a href=\"https:\/\/onlinestandart.com\/de\/internationale-organisation-fuer-normung-iso\/\" data-type=\"link\" data-id=\"https:\/\/onlinestandart.com\/iso\/\">ISO<\/a> und Hunderten von Standardisierungsorganisationen k\u00f6nnen wir Ihnen Zeit und Ressourcen sparen, indem wir Ihnen schnellen Zugriff auf genaue und zuverl\u00e4ssige Informationen bieten.<\/p>\n","protected":false},"excerpt":{"rendered":"<p>Was sind EN-Normen? EN-Normen sind Dokumente, die eine Reihe technischer Richtlinien und Anforderungen enthalten, die im Fertigungs- und Dienstleistungssektor in Europa verwendet werden. Diese Normen behandeln wichtige Aspekte wie Sicherheit, Qualit\u00e4t und Kompatibilit\u00e4t von Produkten. Dar\u00fcber hinaus bieten EN-Normen Orientierung zu Fragen des Arbeitsschutzes. Auch im Handel zwischen verschiedenen L\u00e4ndern in Europa spielen diese Standards&#8230;<\/p>\n","protected":false},"author":1,"featured_media":0,"parent":0,"menu_order":0,"comment_status":"closed","ping_status":"closed","template":"","meta":{"_kad_blocks_custom_css":"","_kad_blocks_head_custom_js":"","_kad_blocks_body_custom_js":"","_kad_blocks_footer_custom_js":"","_kad_post_transparent":"","_kad_post_title":"","_kad_post_layout":"","_kad_post_sidebar_id":"","_kad_post_content_style":"","_kad_post_vertical_padding":"","_kad_post_feature":"","_kad_post_feature_position":"","_kad_post_header":false,"_kad_post_footer":false,"_kad_post_classname":"","footnotes":""},"categories":[62],"tags":[],"class_list":["post-54612","page","type-page","status-publish","hentry","category-normen"],"taxonomy_info":{"category":[{"value":62,"label":"Normen"}]},"featured_image_src_large":false,"author_info":{"display_name":"Online Standart","author_link":"https:\/\/onlinestandart.com\/de\/author\/online-standart\/"},"comment_info":0,"_links":{"self":[{"href":"https:\/\/onlinestandart.com\/de\/wp-json\/wp\/v2\/pages\/54612","targetHints":{"allow":["GET"]}}],"collection":[{"href":"https:\/\/onlinestandart.com\/de\/wp-json\/wp\/v2\/pages"}],"about":[{"href":"https:\/\/onlinestandart.com\/de\/wp-json\/wp\/v2\/types\/page"}],"author":[{"embeddable":true,"href":"https:\/\/onlinestandart.com\/de\/wp-json\/wp\/v2\/users\/1"}],"replies":[{"embeddable":true,"href":"https:\/\/onlinestandart.com\/de\/wp-json\/wp\/v2\/comments?post=54612"}],"version-history":[{"count":0,"href":"https:\/\/onlinestandart.com\/de\/wp-json\/wp\/v2\/pages\/54612\/revisions"}],"wp:attachment":[{"href":"https:\/\/onlinestandart.com\/de\/wp-json\/wp\/v2\/media?parent=54612"}],"wp:term":[{"taxonomy":"category","embeddable":true,"href":"https:\/\/onlinestandart.com\/de\/wp-json\/wp\/v2\/categories?post=54612"},{"taxonomy":"post_tag","embeddable":true,"href":"https:\/\/onlinestandart.com\/de\/wp-json\/wp\/v2\/tags?post=54612"}],"curies":[{"name":"wp","href":"https:\/\/api.w.org\/{rel}","templated":true}]}}