{"id":54688,"date":"2024-05-01T17:56:19","date_gmt":"2024-05-01T14:56:19","guid":{"rendered":"https:\/\/onlinestandart.com\/det-norske-veritas-norwegen-und-germanischer-lloyd-deutschland-dnv-gl\/"},"modified":"2025-06-04T11:55:38","modified_gmt":"2025-06-04T08:55:38","slug":"det-norske-veritas-norwegen-und-germanischer-lloyd-deutschland-dnv-gl","status":"publish","type":"page","link":"https:\/\/onlinestandart.com\/de\/det-norske-veritas-norwegen-und-germanischer-lloyd-deutschland-dnv-gl\/","title":{"rendered":"Det Norske Veritas (Norwegen) und Germanischer Lloyd (Deutschland) \u2013 DNV GL"},"content":{"rendered":"\n<h2 class=\"wp-block-heading\">Wof\u00fcr steht DNV GL?<\/h2>\n\n<p>  Det Norske Veritas (Norwegen) und Germanischer Lloyd (Deutschland) \u2013 (DNV GL)<\/p>\n\n<h2 class=\"wp-block-heading\">Was sind DNV GL-Standards?<\/h2>\n\n<p>Die Regeln, Standards und Richtlinien von DNV GL basieren auf der Kompetenz und Erfahrung seiner Ingenieure und kombinieren umfangreiche Forschungs- und Entwicklungsprogramme mit enger Zusammenarbeit mit seinen Kunden weltweit. Angetrieben vom Ziel, Leben, Eigentum und Umwelt zu sch\u00fctzen, erm\u00f6glicht DNV GL Organisationen, die Sicherheit und Nachhaltigkeit ihres Gesch\u00e4fts zu verbessern. DNV GL ist weltweit als Anbieter von Klassifizierungs- und technischen Sicherheitsdienstleistungen sowie von Software und unabh\u00e4ngigen Expertenberatungsdiensten f\u00fcr die Schifffahrts-, \u00d6l- und Gas- und Energiebranche anerkannt. Dar\u00fcber hinaus bietet das Unternehmen Zertifizierungsdienste f\u00fcr Kunden in zahlreichen Branchen an.   <\/p>\n<style>.wp-block-kadence-advancedbtn.kb-btns2793_4ed7c7-9e{gap:var(--global-kb-gap-xs, 0.5rem );justify-content:flex-start;align-items:center;}.kt-btns2793_4ed7c7-9e .kt-button{font-weight:normal;font-style:normal;}.kt-btns2793_4ed7c7-9e .kt-btn-wrap-0{margin-right:5px;}.wp-block-kadence-advancedbtn.kt-btns2793_4ed7c7-9e .kt-btn-wrap-0 .kt-button{color:#555555;border-color:#555555;}.wp-block-kadence-advancedbtn.kt-btns2793_4ed7c7-9e .kt-btn-wrap-0 .kt-button:hover, .wp-block-kadence-advancedbtn.kt-btns2793_4ed7c7-9e .kt-btn-wrap-0 .kt-button:focus{color:#ffffff;border-color:#444444;}.wp-block-kadence-advancedbtn.kt-btns2793_4ed7c7-9e .kt-btn-wrap-0 .kt-button::before{display:none;}.wp-block-kadence-advancedbtn.kt-btns2793_4ed7c7-9e .kt-btn-wrap-0 .kt-button:hover, .wp-block-kadence-advancedbtn.kt-btns2793_4ed7c7-9e .kt-btn-wrap-0 .kt-button:focus{background:#444444;}<\/style>\n<div class=\"wp-block-kadence-advancedbtn kb-buttons-wrap kb-btns2793_4ed7c7-9e\"><style>ul.menu .wp-block-kadence-advancedbtn .kb-btn2793_bb46a0-83.kb-button{width:initial;}.wp-block-kadence-advancedbtn .kb-btn2793_bb46a0-83.kb-button{background:var(--global-palette1, #3182CE);font-family:-apple-system,BlinkMacSystemFont,\"Segoe UI\",Roboto,Oxygen-Sans,Ubuntu,Cantarell,\"Helvetica Neue\",sans-serif, \"Apple Color Emoji\", \"Segoe UI Emoji\", \"Segoe UI Symbol\";border-top-left-radius:8px;border-top-right-radius:8px;border-bottom-right-radius:8px;border-bottom-left-radius:8px;padding-top:14px;padding-right:30px;padding-bottom:14px;padding-left:30px;}.wp-block-kadence-advancedbtn .kb-btn2793_bb46a0-83.kb-button:hover, .wp-block-kadence-advancedbtn .kb-btn2793_bb46a0-83.kb-button:focus{background:var(--global-palette2, #2B6CB0);}<\/style><a class=\"kb-button kt-button button kb-btn2793_bb46a0-83 kt-btn-size-small kt-btn-width-type-auto kb-btn-global-fill  kt-btn-has-text-true kt-btn-has-svg-true  wp-block-kadence-singlebtn\" href=\"https:\/\/onlinestandart.com\/de\/kontakt\/\"><span class=\"kt-btn-inner-text\">DOKUMENT ANFORDERN<\/span><span class=\"kb-svg-icon-wrap kb-svg-icon-fe_arrowRightCircle kt-btn-icon-side-right\"><svg viewBox=\"0 0 24 24\"  fill=\"none\" stroke=\"currentColor\" stroke-width=\"2\" stroke-linecap=\"round\" stroke-linejoin=\"round\" xmlns=\"http:\/\/www.w3.org\/2000\/svg\"  aria-hidden=\"true\"><circle cx=\"12\" cy=\"12\" r=\"10\"\/><polyline points=\"12 16 16 12 12 8\"\/><line x1=\"8\" y1=\"12\" x2=\"16\" y2=\"12\"\/><\/svg><\/span><\/a><\/div>\n\n<p>Durch die Kombination f\u00fchrender technischer und betrieblicher Fachkompetenz, Risikomethodik und umfassender Branchenkenntnis unterst\u00fctzt DNV GL die Entscheidungen und Handlungen seiner Kunden mit Zuversicht und Vertrauen. DNV GL investiert 5 % seines Umsatzes in Forschung und gemeinsame Innovation, um Kunden und der Gesellschaft betriebliche und technologische Erkenntnisse zu vermitteln. Die Wurzeln des Unternehmens reichen bis ins Jahr 1864 zur\u00fcck. Die 16.000 Experten des Unternehmens sind in \u00fcber 100 L\u00e4ndern t\u00e4tig und helfen den Kunden, sicherer, intelligenter und umweltfreundlicher zu werden.  <\/p>\n\n<h2 class=\"wp-block-heading\">Wie verwende ich DNV GL-Standards?<\/h2>\n\n<p>So helfen Ihnen die DNV GL-Standards:<\/p>\n\n<ul class=\"wp-block-list\">\n<li><strong>Erh\u00f6hen Sie die strukturelle Haltbarkeit<\/strong><\/li>\n\n\n\n<li><strong>Gew\u00e4hrleisten Sie eine konsistente Produktlieferung<\/strong><\/li>\n\n\n\n<li><strong>Erreichen Sie ein hohes Ma\u00df an Sicherheit<\/strong><\/li>\n<\/ul>\n\n<blockquote class=\"wp-block-quote has-medium-font-size is-layout-flow wp-block-quote-is-layout-flow\">\n<p>Denken Sie daran!<\/p>\n<cite><strong><strong><strong><strong>Einf\u00fchrung zuverl\u00e4ssiger Protokolle und Verfahren f\u00fcr die Offshore-\u00d6lf\u00f6rderung<\/strong><\/strong><\/strong><\/strong><\/cite><\/blockquote>\n\n<h2 class=\"wp-block-heading\">Wie k\u00f6nnen wir Ihnen behilflich sein?<\/h2>\n\n<p><strong>Online Standard<\/strong> ist Ihr zuverl\u00e4ssigster und schnellster L\u00f6sungspartner f\u00fcr den Zugriff auf technische Dokumente und Ver\u00f6ffentlichungen, Richtlinien und Normen.<\/p>\n\n<p>Wenn Sie sich mit uns in Verbindung setzen, haben Sie auch Zugang zu allen Unterlagen, die Sie ben\u00f6tigen.<\/p>\n\n<ul class=\"wp-block-list\">\n<li>Gedruckte oder digitale <a href=\"https:\/\/onlinestandart.com\/de\/individueller-gedruckter-oder-digitaler-standardbereitstellungsservice\/\" target=\"_blank\" rel=\"noreferrer noopener\">individuelle Dokumentation<\/a><\/li>\n\n\n\n<li><a href=\"https:\/\/onlinestandart.com\/de\/standard-abholbereitstellungsservice\/\" target=\"_blank\" rel=\"noreferrer noopener\">Dokumentensammlung speziell f\u00fcr<\/a> Ihre Abteilung oder Ihr Projekt<\/li>\n\n\n\n<li>Ma\u00dfgeschneiderte <a href=\"https:\/\/onlinestandart.com\/de\/online-loesungen-fuer-standarddokumente\/\" target=\"_blank\" rel=\"noreferrer noopener\">Dokumentationsl\u00f6sungen<\/a> f\u00fcr Ihr Unternehmen<\/li>\n<\/ul>\n\n<p><strong>Dank unserer wertvollen Kooperationen k\u00f6nnen wir Ihnen die Dokumentation anbieten, die Sie durch die Recherche in mehr als 500 Quellen in digitaler oder gedruckter Form erhalten k\u00f6nnen.<\/strong><\/p>\n\n<p>Durch unsere Partnerschaften mit <a href=\"https:\/\/onlinestandart.com\/de\/amerikanisches-petroleum-institut-api\/\" target=\"_blank\" rel=\"noreferrer noopener\">API<\/a>, <a href=\"https:\/\/onlinestandart.com\/de\/die-amerikanische-gesellschaft-der-ingenieure-fuer-heizung-kuehlung-und-klimatisierung-ashrae\/\" target=\"_blank\" rel=\"noreferrer noopener\">ASHRAE<\/a>, <a href=\"https:\/\/onlinestandart.com\/de\/amerikanische-gesellschaft-der-maschinenbauingenieure-asme\/\" target=\"_blank\" rel=\"noreferrer noopener\">ASME<\/a>, <a href=\"https:\/\/onlinestandart.com\/de\/astm-international\/\" target=\"_blank\" rel=\"noreferrer noopener\">ASTM<\/a>, <a href=\"https:\/\/onlinestandart.com\/de\/britisches-normungsinstitut-bsi\/\" target=\"_blank\" rel=\"noreferrer noopener\">BSI<\/a>, <a href=\"https:\/\/onlinestandart.com\/de\/internationale-elektrotechnische-kommission\/\" target=\"_blank\" rel=\"noreferrer noopener\">IEC<\/a>, <a href=\"https:\/\/onlinestandart.com\/ieee-standart\/\" target=\"_blank\" rel=\"noreferrer noopener\">IEEE<\/a>, <a href=\"https:\/\/onlinestandart.com.tr\/iso\/\" target=\"_blank\" rel=\"noreferrer noopener\">ISO<\/a>, <a href=\"https:\/\/onlinestandart.com\/de\/sae-international\/\" target=\"_blank\" rel=\"noreferrer noopener\">SAE<\/a> und Hunderten von anderen Normungsgremien k\u00f6nnen wir Ihnen Zeit und Ressourcen sparen, indem wir Ihnen schnellen Zugriff auf genaue und zuverl\u00e4ssige Informationen bieten.<\/p>\n","protected":false},"excerpt":{"rendered":"<p>Wof\u00fcr steht DNV GL? Det Norske Veritas (Norwegen) und Germanischer Lloyd (Deutschland) \u2013 (DNV GL) Was sind DNV GL-Standards? Die Regeln, Standards und Richtlinien von DNV GL basieren auf der Kompetenz und Erfahrung seiner Ingenieure und kombinieren umfangreiche Forschungs- und Entwicklungsprogramme mit enger Zusammenarbeit mit seinen Kunden weltweit. Angetrieben vom Ziel, Leben, Eigentum und Umwelt&#8230;<\/p>\n","protected":false},"author":1,"featured_media":0,"parent":0,"menu_order":0,"comment_status":"closed","ping_status":"closed","template":"","meta":{"_kad_blocks_custom_css":"","_kad_blocks_head_custom_js":"","_kad_blocks_body_custom_js":"","_kad_blocks_footer_custom_js":"","_kad_post_transparent":"","_kad_post_title":"","_kad_post_layout":"","_kad_post_sidebar_id":"","_kad_post_content_style":"","_kad_post_vertical_padding":"","_kad_post_feature":"","_kad_post_feature_position":"","_kad_post_header":false,"_kad_post_footer":false,"_kad_post_classname":"","footnotes":""},"categories":[62],"tags":[],"class_list":["post-54688","page","type-page","status-publish","hentry","category-normen"],"taxonomy_info":{"category":[{"value":62,"label":"Normen"}]},"featured_image_src_large":false,"author_info":{"display_name":"Online Standart","author_link":"https:\/\/onlinestandart.com\/de\/author\/online-standart\/"},"comment_info":0,"_links":{"self":[{"href":"https:\/\/onlinestandart.com\/de\/wp-json\/wp\/v2\/pages\/54688","targetHints":{"allow":["GET"]}}],"collection":[{"href":"https:\/\/onlinestandart.com\/de\/wp-json\/wp\/v2\/pages"}],"about":[{"href":"https:\/\/onlinestandart.com\/de\/wp-json\/wp\/v2\/types\/page"}],"author":[{"embeddable":true,"href":"https:\/\/onlinestandart.com\/de\/wp-json\/wp\/v2\/users\/1"}],"replies":[{"embeddable":true,"href":"https:\/\/onlinestandart.com\/de\/wp-json\/wp\/v2\/comments?post=54688"}],"version-history":[{"count":0,"href":"https:\/\/onlinestandart.com\/de\/wp-json\/wp\/v2\/pages\/54688\/revisions"}],"wp:attachment":[{"href":"https:\/\/onlinestandart.com\/de\/wp-json\/wp\/v2\/media?parent=54688"}],"wp:term":[{"taxonomy":"category","embeddable":true,"href":"https:\/\/onlinestandart.com\/de\/wp-json\/wp\/v2\/categories?post=54688"},{"taxonomy":"post_tag","embeddable":true,"href":"https:\/\/onlinestandart.com\/de\/wp-json\/wp\/v2\/tags?post=54688"}],"curies":[{"name":"wp","href":"https:\/\/api.w.org\/{rel}","templated":true}]}}