{"id":54743,"date":"2024-05-03T16:56:18","date_gmt":"2024-05-03T13:56:18","guid":{"rendered":"https:\/\/onlinestandart.com\/europaeisches-komitee-fuer-elektrotechnische-normung-cenelec\/"},"modified":"2025-06-04T11:55:59","modified_gmt":"2025-06-04T08:55:59","slug":"europaeisches-komitee-fuer-elektrotechnische-normung-cenelec","status":"publish","type":"page","link":"https:\/\/onlinestandart.com\/de\/europaeisches-komitee-fuer-elektrotechnische-normung-cenelec\/","title":{"rendered":"Europ\u00e4isches Komitee f\u00fcr elektrotechnische Normung (CENELEC)"},"content":{"rendered":"\n<h2 class=\"wp-block-heading\">Wof\u00fcr steht CENELEC?<\/h2>\n\n<p>Das Europ\u00e4ische Komitee f\u00fcr elektrotechnische Normung (CENELEC)<\/p>\n\n<h2 class=\"wp-block-heading\">Was sind CENELEC-Normen?<\/h2>\n\n<p>Das Europ\u00e4ische Komitee f\u00fcr elektrotechnische Normung (CENELEC) erstellt Normen, die den industriellen und gesetzlichen Anforderungen f\u00fcr in Europa verkaufte elektrische und elektronische Produkte entsprechen.<\/p>\n<style>.kb-row-layout-id2812_f51ced-04 > .kt-row-column-wrap{align-content:start;}:where(.kb-row-layout-id2812_f51ced-04 > .kt-row-column-wrap) > .wp-block-kadence-column{justify-content:start;}.kb-row-layout-id2812_f51ced-04 > .kt-row-column-wrap{column-gap:var(--global-kb-gap-md, 2rem);row-gap:var(--global-kb-gap-md, 2rem);grid-template-columns:minmax(0, 1fr);}.kb-row-layout-id2812_f51ced-04 > .kt-row-layout-overlay{opacity:0.30;}@media all and (max-width: 1024px){.kb-row-layout-id2812_f51ced-04 > .kt-row-column-wrap{grid-template-columns:minmax(0, 1fr);}}@media all and (max-width: 767px){.kb-row-layout-id2812_f51ced-04 > .kt-row-column-wrap{grid-template-columns:minmax(0, 1fr);}}<\/style><div class=\"kb-row-layout-wrap kb-row-layout-id2812_f51ced-04 alignnone wp-block-kadence-rowlayout\"><div class=\"kt-row-column-wrap kt-has-1-columns kt-row-layout-equal kt-tab-layout-inherit kt-mobile-layout-row kt-row-valign-top\">\n<style>.kadence-column2812_682ed5-34 > .kt-inside-inner-col,.kadence-column2812_682ed5-34 > .kt-inside-inner-col:before{border-top-left-radius:0px;border-top-right-radius:0px;border-bottom-right-radius:0px;border-bottom-left-radius:0px;}.kadence-column2812_682ed5-34 > .kt-inside-inner-col{column-gap:var(--global-kb-gap-sm, 1rem);}.kadence-column2812_682ed5-34 > .kt-inside-inner-col{flex-direction:column;}.kadence-column2812_682ed5-34 > .kt-inside-inner-col > .aligncenter{width:100%;}.kadence-column2812_682ed5-34 > .kt-inside-inner-col:before{opacity:0.3;}.kadence-column2812_682ed5-34{position:relative;}@media all and (max-width: 1024px){.kadence-column2812_682ed5-34 > .kt-inside-inner-col{flex-direction:column;justify-content:center;}}@media all and (max-width: 767px){.kadence-column2812_682ed5-34 > .kt-inside-inner-col{flex-direction:column;justify-content:center;}}<\/style>\n<div class=\"wp-block-kadence-column kadence-column2812_682ed5-34\"><div class=\"kt-inside-inner-col\"><style>.wp-block-kadence-advancedbtn.kb-btns2812_7d45cc-65{gap:var(--global-kb-gap-xs, 0.5rem );justify-content:flex-start;align-items:center;}.kt-btns2812_7d45cc-65 .kt-button{font-weight:normal;font-style:normal;}.kt-btns2812_7d45cc-65 .kt-btn-wrap-0{margin-right:5px;}.wp-block-kadence-advancedbtn.kt-btns2812_7d45cc-65 .kt-btn-wrap-0 .kt-button{color:#555555;border-color:#555555;}.wp-block-kadence-advancedbtn.kt-btns2812_7d45cc-65 .kt-btn-wrap-0 .kt-button:hover, .wp-block-kadence-advancedbtn.kt-btns2812_7d45cc-65 .kt-btn-wrap-0 .kt-button:focus{color:#ffffff;border-color:#444444;}.wp-block-kadence-advancedbtn.kt-btns2812_7d45cc-65 .kt-btn-wrap-0 .kt-button::before{display:none;}.wp-block-kadence-advancedbtn.kt-btns2812_7d45cc-65 .kt-btn-wrap-0 .kt-button:hover, .wp-block-kadence-advancedbtn.kt-btns2812_7d45cc-65 .kt-btn-wrap-0 .kt-button:focus{background:#444444;}<\/style>\n<div class=\"wp-block-kadence-advancedbtn kb-buttons-wrap kb-btns2812_7d45cc-65\"><style>ul.menu .wp-block-kadence-advancedbtn .kb-btn2812_43d2e4-ae.kb-button{width:initial;}.wp-block-kadence-advancedbtn .kb-btn2812_43d2e4-ae.kb-button{background:var(--global-palette1, #3182CE);font-family:-apple-system,BlinkMacSystemFont,\"Segoe UI\",Roboto,Oxygen-Sans,Ubuntu,Cantarell,\"Helvetica Neue\",sans-serif, \"Apple Color Emoji\", \"Segoe UI Emoji\", \"Segoe UI Symbol\";border-top-left-radius:8px;border-top-right-radius:8px;border-bottom-right-radius:8px;border-bottom-left-radius:8px;padding-top:14px;padding-right:30px;padding-bottom:14px;padding-left:30px;}.wp-block-kadence-advancedbtn .kb-btn2812_43d2e4-ae.kb-button:hover, .wp-block-kadence-advancedbtn .kb-btn2812_43d2e4-ae.kb-button:focus{background:var(--global-palette2, #2B6CB0);}<\/style><a class=\"kb-button kt-button button kb-btn2812_43d2e4-ae kt-btn-size-small kt-btn-width-type-auto kb-btn-global-fill  kt-btn-has-text-true kt-btn-has-svg-true  wp-block-kadence-singlebtn\" href=\"https:\/\/onlinestandart.com\/de\/kontakt\/\"><span class=\"kt-btn-inner-text\">DOKUMENT ANFORDERN<\/span><span class=\"kb-svg-icon-wrap kb-svg-icon-fe_arrowRightCircle kt-btn-icon-side-right\"><svg viewBox=\"0 0 24 24\"  fill=\"none\" stroke=\"currentColor\" stroke-width=\"2\" stroke-linecap=\"round\" stroke-linejoin=\"round\" xmlns=\"http:\/\/www.w3.org\/2000\/svg\"  aria-hidden=\"true\"><circle cx=\"12\" cy=\"12\" r=\"10\"\/><polyline points=\"12 16 16 12 12 8\"\/><line x1=\"8\" y1=\"12\" x2=\"16\" y2=\"12\"\/><\/svg><\/span><\/a><\/div>\n<\/div><\/div>\n\n<\/div><\/div>\n<h2 class=\"wp-block-heading\">Was ist CENELEC?<\/h2>\n\n<p>Die 1896 gegr\u00fcndete NFPA ist der weltweit f\u00fchrende Bef\u00fcrworter der Brandverh\u00fctung und die ma\u00dfgebliche Quelle f\u00fcr \u00f6ffentliche Sicherheit.<\/p>\n\n<h2 class=\"wp-block-heading\">Was sind die Ziele von CENELEC?<\/h2>\n\n<p>Die in dieser Sammlung enthaltenen europ\u00e4ischen Normen, Verordnungen und Richtlinien werden von Komponentenherstellern, Ger\u00e4teherstellern, Designberatern, Bibliotheken und Organisationen verwendet, die die geltenden Anforderungen europ\u00e4ischer Normen einhalten und in die Mitgliedstaaten der Europ\u00e4ischen Union exportieren m\u00f6chten.<\/p>\n\n<p>Die Standards dieses Dienstes zielen darauf ab, die europ\u00e4ische Produktentwicklung und den Marktbedarf zu ermitteln. Die Umsetzung dieser Standards wird dazu beitragen: <\/p>\n\n<ul class=\"wp-block-list\">\n<li>Erh\u00f6hung der Produktsicherheit<\/li>\n\n\n\n<li>F\u00f6rderung von Skaleneffekten<\/li>\n\n\n\n<li>Sicherstellung der Einhaltung der europ\u00e4ischen Gesetzgebung durch die Hersteller<\/li>\n\n\n\n<li>Verbesserung der Inter-Usability von Produkten und Dienstleistungen<\/li>\n\n\n\n<li>Erleichterung des Handels durch Abbau von Handelshemmnissen<\/li>\n\n\n\n<li>Erh\u00f6hung der \u00f6kologischen Sicherheit und Nachhaltigkeit<\/li>\n\n\n\n<li>Schutz der Umwelt<\/li>\n\n\n\n<li>Gemeinsames Verst\u00e4ndnis entwickeln<\/li>\n<\/ul>\n\n<h2 class=\"wp-block-heading\">Wie verwende ich CENELEC-Normen?<\/h2>\n\n<p>CENELEC-Normen beseitigen Handelshemmnisse, gew\u00e4hrleisten Qualit\u00e4t und Sicherheit und erm\u00f6glichen Ihnen:<\/p>\n\n<ul class=\"wp-block-list\">\n<li><strong>Ausbau der Marktposition<\/strong><\/li>\n\n\n\n<li><strong>Verbessern Sie die Interoperabilit\u00e4t<\/strong><\/li>\n\n\n\n<li><strong>Bleiben Sie konform<\/strong><\/li>\n<\/ul>\n\n<blockquote class=\"wp-block-quote has-medium-font-size is-layout-flow wp-block-quote-is-layout-flow\">\n<p>Denken Sie daran!<\/p>\n<cite><strong><strong><strong><strong><strong>Erf\u00fcllen Sie die europ\u00e4ischen Anforderungen f\u00fcr elektronische und elektrische Produkte<\/strong><\/strong><\/strong><\/strong><\/strong><\/cite><\/blockquote>\n\n<h2 class=\"wp-block-heading\">Wie k\u00f6nnen wir Ihnen behilflich sein?<\/h2>\n\n<p><strong>Online Standard<\/strong> ist Ihr zuverl\u00e4ssigster und schnellster L\u00f6sungspartner f\u00fcr den Zugriff auf technische Dokumente und Ver\u00f6ffentlichungen, Richtlinien und Normen.<\/p>\n\n<p>Wenn Sie sich mit uns in Verbindung setzen, haben Sie auch Zugang zu allen Unterlagen, die Sie ben\u00f6tigen.<\/p>\n\n<ul class=\"wp-block-list\">\n<li>Gedruckte oder digitale <a href=\"https:\/\/onlinestandart.com\/de\/individueller-gedruckter-oder-digitaler-standardbereitstellungsservice\/\" target=\"_blank\" rel=\"noreferrer noopener\">individuelle Dokumentation<\/a><\/li>\n\n\n\n<li><a href=\"https:\/\/onlinestandart.com\/de\/standard-abholbereitstellungsservice\/\" target=\"_blank\" rel=\"noreferrer noopener\">Dokumentensammlung speziell f\u00fcr<\/a> Ihre Abteilung oder Ihr Projekt<\/li>\n\n\n\n<li>Ma\u00dfgeschneiderte <a href=\"https:\/\/onlinestandart.com\/de\/online-loesungen-fuer-standarddokumente\/\" target=\"_blank\" rel=\"noreferrer noopener\">Dokumentationsl\u00f6sungen<\/a> f\u00fcr Ihr Unternehmen<\/li>\n<\/ul>\n\n<p><strong>Dank unserer wertvollen Kooperationen k\u00f6nnen wir Ihnen die Dokumentation anbieten, die Sie durch die Recherche in mehr als 500 Quellen in digitaler oder gedruckter Form erhalten k\u00f6nnen.<\/strong><\/p>\n\n<p>Durch unsere Partnerschaften mit <a href=\"https:\/\/onlinestandart.com\/de\/amerikanisches-petroleum-institut-api\/\" target=\"_blank\" rel=\"noreferrer noopener\">API<\/a>, <a href=\"https:\/\/onlinestandart.com\/de\/die-amerikanische-gesellschaft-der-ingenieure-fuer-heizung-kuehlung-und-klimatisierung-ashrae\/\" target=\"_blank\" rel=\"noreferrer noopener\">ASHRAE<\/a>, <a href=\"https:\/\/onlinestandart.com\/de\/amerikanische-gesellschaft-der-maschinenbauingenieure-asme\/\" target=\"_blank\" rel=\"noreferrer noopener\">ASME<\/a>, <a href=\"https:\/\/onlinestandart.com\/de\/astm-international\/\" target=\"_blank\" rel=\"noreferrer noopener\">ASTM<\/a>, <a href=\"https:\/\/onlinestandart.com\/de\/britisches-normungsinstitut-bsi\/\" target=\"_blank\" rel=\"noreferrer noopener\">BSI<\/a>, <a href=\"https:\/\/onlinestandart.com\/de\/internationale-elektrotechnische-kommission\/\" target=\"_blank\" rel=\"noreferrer noopener\">IEC<\/a>, <a href=\"https:\/\/onlinestandart.com\/ieee-standart\/\" target=\"_blank\" rel=\"noreferrer noopener\">IEEE<\/a>, <a href=\"https:\/\/onlinestandart.com.tr\/iso\/\" target=\"_blank\" rel=\"noreferrer noopener\">ISO<\/a>, <a href=\"https:\/\/onlinestandart.com\/de\/sae-international\/\" target=\"_blank\" rel=\"noreferrer noopener\">SAE<\/a> und Hunderten von anderen Normungsgremien k\u00f6nnen wir Ihnen Zeit und Ressourcen sparen, indem wir Ihnen schnellen Zugriff auf genaue und zuverl\u00e4ssige Informationen bieten.<\/p>\n","protected":false},"excerpt":{"rendered":"<p>Wof\u00fcr steht CENELEC? Das Europ\u00e4ische Komitee f\u00fcr elektrotechnische Normung (CENELEC) Was sind CENELEC-Normen? Das Europ\u00e4ische Komitee f\u00fcr elektrotechnische Normung (CENELEC) erstellt Normen, die den industriellen und gesetzlichen Anforderungen f\u00fcr in Europa verkaufte elektrische und elektronische Produkte entsprechen. Was ist CENELEC? Die 1896 gegr\u00fcndete NFPA ist der weltweit f\u00fchrende Bef\u00fcrworter der Brandverh\u00fctung und die ma\u00dfgebliche Quelle&#8230;<\/p>\n","protected":false},"author":1,"featured_media":0,"parent":0,"menu_order":0,"comment_status":"closed","ping_status":"closed","template":"","meta":{"_kad_blocks_custom_css":"","_kad_blocks_head_custom_js":"","_kad_blocks_body_custom_js":"","_kad_blocks_footer_custom_js":"","_kad_post_transparent":"","_kad_post_title":"","_kad_post_layout":"","_kad_post_sidebar_id":"","_kad_post_content_style":"","_kad_post_vertical_padding":"","_kad_post_feature":"","_kad_post_feature_position":"","_kad_post_header":false,"_kad_post_footer":false,"_kad_post_classname":"","footnotes":""},"categories":[62],"tags":[],"class_list":["post-54743","page","type-page","status-publish","hentry","category-normen"],"taxonomy_info":{"category":[{"value":62,"label":"Normen"}]},"featured_image_src_large":false,"author_info":{"display_name":"Online Standart","author_link":"https:\/\/onlinestandart.com\/de\/author\/online-standart\/"},"comment_info":0,"_links":{"self":[{"href":"https:\/\/onlinestandart.com\/de\/wp-json\/wp\/v2\/pages\/54743","targetHints":{"allow":["GET"]}}],"collection":[{"href":"https:\/\/onlinestandart.com\/de\/wp-json\/wp\/v2\/pages"}],"about":[{"href":"https:\/\/onlinestandart.com\/de\/wp-json\/wp\/v2\/types\/page"}],"author":[{"embeddable":true,"href":"https:\/\/onlinestandart.com\/de\/wp-json\/wp\/v2\/users\/1"}],"replies":[{"embeddable":true,"href":"https:\/\/onlinestandart.com\/de\/wp-json\/wp\/v2\/comments?post=54743"}],"version-history":[{"count":0,"href":"https:\/\/onlinestandart.com\/de\/wp-json\/wp\/v2\/pages\/54743\/revisions"}],"wp:attachment":[{"href":"https:\/\/onlinestandart.com\/de\/wp-json\/wp\/v2\/media?parent=54743"}],"wp:term":[{"taxonomy":"category","embeddable":true,"href":"https:\/\/onlinestandart.com\/de\/wp-json\/wp\/v2\/categories?post=54743"},{"taxonomy":"post_tag","embeddable":true,"href":"https:\/\/onlinestandart.com\/de\/wp-json\/wp\/v2\/tags?post=54743"}],"curies":[{"name":"wp","href":"https:\/\/api.w.org\/{rel}","templated":true}]}}