{"id":54747,"date":"2024-05-01T18:02:17","date_gmt":"2024-05-01T15:02:17","guid":{"rendered":"https:\/\/onlinestandart.com\/verband-der-nutzer-technischer-geraete-und-materialien-eemua\/"},"modified":"2025-06-04T11:55:49","modified_gmt":"2025-06-04T08:55:49","slug":"verband-der-nutzer-technischer-geraete-und-materialien-eemua","status":"publish","type":"page","link":"https:\/\/onlinestandart.com\/de\/verband-der-nutzer-technischer-geraete-und-materialien-eemua\/","title":{"rendered":"Verband der Nutzer technischer Ger\u00e4te und Materialien (EEMUA)"},"content":{"rendered":"\n<h2 class=\"wp-block-heading\">Wof\u00fcr steht EEMUA?<\/h2>\n\n<p>Die Vereinigung der Nutzer technischer Ausr\u00fcstung und Materialien (EEMUA)<\/p>\n\n<h2 class=\"wp-block-heading\">Was sind EEMUA-Standards?<\/h2>\n\n<p>Die Engineering Equipment and Materials Users Association (EEMUA) entwickelt Standards f\u00fcr Prozess- und Kraftwerke, Versorgungsunternehmen, Offshore-Plattformen, Lagerterminals und andere Industrieanlagen. EEMUA-Spezifikationen werden f\u00fcr das Technologiemanagement und die Kompetenzentwicklung der Belegschaft verwendet. <\/p>\n<style>.kb-row-layout-id2801_a0ca8c-4d > .kt-row-column-wrap{align-content:start;}:where(.kb-row-layout-id2801_a0ca8c-4d > .kt-row-column-wrap) > .wp-block-kadence-column{justify-content:start;}.kb-row-layout-id2801_a0ca8c-4d > .kt-row-column-wrap{column-gap:var(--global-kb-gap-md, 2rem);row-gap:var(--global-kb-gap-md, 2rem);grid-template-columns:minmax(0, 1fr);}.kb-row-layout-id2801_a0ca8c-4d > .kt-row-layout-overlay{opacity:0.30;}@media all and (max-width: 1024px){.kb-row-layout-id2801_a0ca8c-4d > .kt-row-column-wrap{grid-template-columns:minmax(0, 1fr);}}@media all and (max-width: 767px){.kb-row-layout-id2801_a0ca8c-4d > .kt-row-column-wrap{grid-template-columns:minmax(0, 1fr);}}<\/style><div class=\"kb-row-layout-wrap kb-row-layout-id2801_a0ca8c-4d alignnone wp-block-kadence-rowlayout\"><div class=\"kt-row-column-wrap kt-has-1-columns kt-row-layout-equal kt-tab-layout-inherit kt-mobile-layout-row kt-row-valign-top\">\n<style>.kadence-column2801_177714-2b > .kt-inside-inner-col,.kadence-column2801_177714-2b > .kt-inside-inner-col:before{border-top-left-radius:0px;border-top-right-radius:0px;border-bottom-right-radius:0px;border-bottom-left-radius:0px;}.kadence-column2801_177714-2b > .kt-inside-inner-col{column-gap:var(--global-kb-gap-sm, 1rem);}.kadence-column2801_177714-2b > .kt-inside-inner-col{flex-direction:column;}.kadence-column2801_177714-2b > .kt-inside-inner-col > .aligncenter{width:100%;}.kadence-column2801_177714-2b > .kt-inside-inner-col:before{opacity:0.3;}.kadence-column2801_177714-2b{position:relative;}@media all and (max-width: 1024px){.kadence-column2801_177714-2b > .kt-inside-inner-col{flex-direction:column;justify-content:center;}}@media all and (max-width: 767px){.kadence-column2801_177714-2b > .kt-inside-inner-col{flex-direction:column;justify-content:center;}}<\/style>\n<div class=\"wp-block-kadence-column kadence-column2801_177714-2b\"><div class=\"kt-inside-inner-col\"><style>.wp-block-kadence-advancedbtn.kb-btns2801_985696-13{gap:var(--global-kb-gap-xs, 0.5rem );justify-content:flex-start;align-items:center;}.kt-btns2801_985696-13 .kt-button{font-weight:normal;font-style:normal;}.kt-btns2801_985696-13 .kt-btn-wrap-0{margin-right:5px;}.wp-block-kadence-advancedbtn.kt-btns2801_985696-13 .kt-btn-wrap-0 .kt-button{color:#555555;border-color:#555555;}.wp-block-kadence-advancedbtn.kt-btns2801_985696-13 .kt-btn-wrap-0 .kt-button:hover, .wp-block-kadence-advancedbtn.kt-btns2801_985696-13 .kt-btn-wrap-0 .kt-button:focus{color:#ffffff;border-color:#444444;}.wp-block-kadence-advancedbtn.kt-btns2801_985696-13 .kt-btn-wrap-0 .kt-button::before{display:none;}.wp-block-kadence-advancedbtn.kt-btns2801_985696-13 .kt-btn-wrap-0 .kt-button:hover, .wp-block-kadence-advancedbtn.kt-btns2801_985696-13 .kt-btn-wrap-0 .kt-button:focus{background:#444444;}<\/style>\n<div class=\"wp-block-kadence-advancedbtn kb-buttons-wrap kb-btns2801_985696-13\"><style>ul.menu .wp-block-kadence-advancedbtn .kb-btn2801_1c0ff7-ec.kb-button{width:initial;}.wp-block-kadence-advancedbtn .kb-btn2801_1c0ff7-ec.kb-button{background:var(--global-palette1, #3182CE);font-family:-apple-system,BlinkMacSystemFont,\"Segoe UI\",Roboto,Oxygen-Sans,Ubuntu,Cantarell,\"Helvetica Neue\",sans-serif, \"Apple Color Emoji\", \"Segoe UI Emoji\", \"Segoe UI Symbol\";border-top-left-radius:8px;border-top-right-radius:8px;border-bottom-right-radius:8px;border-bottom-left-radius:8px;padding-top:14px;padding-right:30px;padding-bottom:14px;padding-left:30px;}.wp-block-kadence-advancedbtn .kb-btn2801_1c0ff7-ec.kb-button:hover, .wp-block-kadence-advancedbtn .kb-btn2801_1c0ff7-ec.kb-button:focus{background:var(--global-palette2, #2B6CB0);}<\/style><a class=\"kb-button kt-button button kb-btn2801_1c0ff7-ec kt-btn-size-small kt-btn-width-type-auto kb-btn-global-fill  kt-btn-has-text-true kt-btn-has-svg-true  wp-block-kadence-singlebtn\" href=\"https:\/\/onlinestandart.com\/de\/kontakt\/\"><span class=\"kt-btn-inner-text\">DOKUMENT ANFORDERN<\/span><span class=\"kb-svg-icon-wrap kb-svg-icon-fe_arrowRightCircle kt-btn-icon-side-right\"><svg viewBox=\"0 0 24 24\"  fill=\"none\" stroke=\"currentColor\" stroke-width=\"2\" stroke-linecap=\"round\" stroke-linejoin=\"round\" xmlns=\"http:\/\/www.w3.org\/2000\/svg\"  aria-hidden=\"true\"><circle cx=\"12\" cy=\"12\" r=\"10\"\/><polyline points=\"12 16 16 12 12 8\"\/><line x1=\"8\" y1=\"12\" x2=\"16\" y2=\"12\"\/><\/svg><\/span><\/a><\/div>\n<\/div><\/div>\n\n<\/div><\/div>\n<h2 class=\"wp-block-heading\">Was ist der Zweck von EEMUA?<\/h2>\n\n<p>Die Engineering Equipment and Materials Users Association (EEMUA) wurde 1983 durch die Fusion der Oil Companies Materials Association (OCMA) und der Engineering Equipment Users Association (EEUA) gegr\u00fcndet. Der Verband ist eine Organisation von K\u00e4ufern und Anwendern technischer Produkte. Zu seinen Mitgliedern z\u00e4hlen f\u00fchrende nationale und multinationale Unternehmen der \u00d6l-, Gas-, Chemie- und Energiebranche sowie die technischen Auftragnehmer, die Dienstleistungen f\u00fcr diese Unternehmen erbringen. <\/p>\n\n<p>EEMUA befasst sich mit der Planung, Installation, dem Betrieb und der Wartung technischer Anlagen, darunter Chemieanlagen, Raffinerien, Kraftwerke und Upstream-\u00d6l-\/Gasanlagen. Ziel der EEMUA-Standards ist es, die Sicherheit, Umweltvertr\u00e4glichkeit und Betriebsleistung von Industrieanlagen auf m\u00f6glichst kosteneffiziente Weise zu verbessern. Diese Standards bieten den Mitgliedern au\u00dferdem die M\u00f6glichkeit, Ressourcen und Fachwissen auszutauschen, um \u00fcber die neuesten technologischen Entwicklungen auf dem Laufenden zu bleiben und die Effektivit\u00e4t und Effizienz der technischen Aktivit\u00e4ten zu verbessern.  <\/p>\n\n<h2 class=\"wp-block-heading\">Wie verwende ich EEMUA-Standards?<\/h2>\n\n<p>EEMUA-Standards bieten Ihnen:<\/p>\n\n<ul class=\"wp-block-list\">\n<li><strong>Verbessern Sie den Site-Betrieb<\/strong><\/li>\n\n\n\n<li><strong>Schaffen Sie Konsistenz am Arbeitsplatz<\/strong><\/li>\n\n\n\n<li><strong>Gew\u00e4hrleisten Sie Zuverl\u00e4ssigkeit<\/strong><\/li>\n<\/ul>\n\n<blockquote class=\"wp-block-quote has-medium-font-size is-layout-flow wp-block-quote-is-layout-flow\">\n<p>Denken Sie daran!<\/p>\n<cite><strong><strong><strong><strong>Verbessern Sie die Abl\u00e4ufe in der Industrietechnologie und die Qualifikation Ihrer Mitarbeiter in der gesamten britischen Industrie<\/strong><\/strong><\/strong><\/strong><\/cite><\/blockquote>\n\n<h2 class=\"wp-block-heading\">Wie k\u00f6nnen wir Ihnen behilflich sein?<\/h2>\n\n<p><strong>Online Standard<\/strong> ist Ihr zuverl\u00e4ssigster und schnellster L\u00f6sungspartner f\u00fcr den Zugriff auf technische Dokumente und Ver\u00f6ffentlichungen, Richtlinien und Normen.<\/p>\n\n<p>Wenn Sie sich mit uns in Verbindung setzen, haben Sie auch Zugang zu allen Unterlagen, die Sie ben\u00f6tigen.<\/p>\n\n<ul class=\"wp-block-list\">\n<li>Gedruckte oder digitale <a href=\"https:\/\/onlinestandart.com\/de\/individueller-gedruckter-oder-digitaler-standardbereitstellungsservice\/\" target=\"_blank\" rel=\"noreferrer noopener\">individuelle Dokumentation<\/a><\/li>\n\n\n\n<li><a href=\"https:\/\/onlinestandart.com\/de\/standard-abholbereitstellungsservice\/\" target=\"_blank\" rel=\"noreferrer noopener\">Dokumentensammlung speziell f\u00fcr<\/a> Ihre Abteilung oder Ihr Projekt<\/li>\n\n\n\n<li>Ma\u00dfgeschneiderte <a href=\"https:\/\/onlinestandart.com\/de\/online-loesungen-fuer-standarddokumente\/\" target=\"_blank\" rel=\"noreferrer noopener\">Dokumentationsl\u00f6sungen<\/a> f\u00fcr Ihr Unternehmen<\/li>\n<\/ul>\n\n<p><strong>Dank unserer wertvollen Kooperationen k\u00f6nnen wir Ihnen die Dokumentation anbieten, die Sie durch die Recherche in mehr als 500 Quellen in digitaler oder gedruckter Form erhalten k\u00f6nnen.<\/strong><\/p>\n\n<p>Durch unsere Partnerschaften mit <a href=\"https:\/\/onlinestandart.com\/de\/amerikanisches-petroleum-institut-api\/\" target=\"_blank\" rel=\"noreferrer noopener\">API<\/a>, <a href=\"https:\/\/onlinestandart.com\/de\/die-amerikanische-gesellschaft-der-ingenieure-fuer-heizung-kuehlung-und-klimatisierung-ashrae\/\" target=\"_blank\" rel=\"noreferrer noopener\">ASHRAE<\/a>, <a href=\"https:\/\/onlinestandart.com\/de\/amerikanische-gesellschaft-der-maschinenbauingenieure-asme\/\" target=\"_blank\" rel=\"noreferrer noopener\">ASME<\/a>, <a href=\"https:\/\/onlinestandart.com\/de\/astm-international\/\" target=\"_blank\" rel=\"noreferrer noopener\">ASTM<\/a>, <a href=\"https:\/\/onlinestandart.com\/de\/britisches-normungsinstitut-bsi\/\" target=\"_blank\" rel=\"noreferrer noopener\">BSI<\/a>, <a href=\"https:\/\/onlinestandart.com\/de\/internationale-elektrotechnische-kommission\/\" target=\"_blank\" rel=\"noreferrer noopener\">IEC<\/a>, <a href=\"https:\/\/onlinestandart.com\/ieee-standart\/\" target=\"_blank\" rel=\"noreferrer noopener\">IEEE<\/a>, <a href=\"https:\/\/onlinestandart.com.tr\/iso\/\" target=\"_blank\" rel=\"noreferrer noopener\">ISO<\/a>, <a href=\"https:\/\/onlinestandart.com\/de\/sae-international\/\" target=\"_blank\" rel=\"noreferrer noopener\">SAE<\/a> und Hunderten von anderen Normungsgremien k\u00f6nnen wir Ihnen Zeit und Ressourcen sparen, indem wir Ihnen schnellen Zugriff auf genaue und zuverl\u00e4ssige Informationen bieten.<\/p>\n","protected":false},"excerpt":{"rendered":"<p>Wof\u00fcr steht EEMUA? Die Vereinigung der Nutzer technischer Ausr\u00fcstung und Materialien (EEMUA) Was sind EEMUA-Standards? Die Engineering Equipment and Materials Users Association (EEMUA) entwickelt Standards f\u00fcr Prozess- und Kraftwerke, Versorgungsunternehmen, Offshore-Plattformen, Lagerterminals und andere Industrieanlagen. EEMUA-Spezifikationen werden f\u00fcr das Technologiemanagement und die Kompetenzentwicklung der Belegschaft verwendet. Was ist der Zweck von EEMUA? Die Engineering Equipment&#8230;<\/p>\n","protected":false},"author":1,"featured_media":0,"parent":0,"menu_order":0,"comment_status":"closed","ping_status":"closed","template":"","meta":{"_kad_blocks_custom_css":"","_kad_blocks_head_custom_js":"","_kad_blocks_body_custom_js":"","_kad_blocks_footer_custom_js":"","_kad_post_transparent":"","_kad_post_title":"","_kad_post_layout":"","_kad_post_sidebar_id":"","_kad_post_content_style":"","_kad_post_vertical_padding":"","_kad_post_feature":"","_kad_post_feature_position":"","_kad_post_header":false,"_kad_post_footer":false,"_kad_post_classname":"","footnotes":""},"categories":[62],"tags":[],"class_list":["post-54747","page","type-page","status-publish","hentry","category-normen"],"taxonomy_info":{"category":[{"value":62,"label":"Normen"}]},"featured_image_src_large":false,"author_info":{"display_name":"Online Standart","author_link":"https:\/\/onlinestandart.com\/de\/author\/online-standart\/"},"comment_info":0,"_links":{"self":[{"href":"https:\/\/onlinestandart.com\/de\/wp-json\/wp\/v2\/pages\/54747","targetHints":{"allow":["GET"]}}],"collection":[{"href":"https:\/\/onlinestandart.com\/de\/wp-json\/wp\/v2\/pages"}],"about":[{"href":"https:\/\/onlinestandart.com\/de\/wp-json\/wp\/v2\/types\/page"}],"author":[{"embeddable":true,"href":"https:\/\/onlinestandart.com\/de\/wp-json\/wp\/v2\/users\/1"}],"replies":[{"embeddable":true,"href":"https:\/\/onlinestandart.com\/de\/wp-json\/wp\/v2\/comments?post=54747"}],"version-history":[{"count":0,"href":"https:\/\/onlinestandart.com\/de\/wp-json\/wp\/v2\/pages\/54747\/revisions"}],"wp:attachment":[{"href":"https:\/\/onlinestandart.com\/de\/wp-json\/wp\/v2\/media?parent=54747"}],"wp:term":[{"taxonomy":"category","embeddable":true,"href":"https:\/\/onlinestandart.com\/de\/wp-json\/wp\/v2\/categories?post=54747"},{"taxonomy":"post_tag","embeddable":true,"href":"https:\/\/onlinestandart.com\/de\/wp-json\/wp\/v2\/tags?post=54747"}],"curies":[{"name":"wp","href":"https:\/\/api.w.org\/{rel}","templated":true}]}}