{"id":54762,"date":"2024-05-03T16:52:04","date_gmt":"2024-05-03T13:52:04","guid":{"rendered":"https:\/\/onlinestandart.com\/engineering-workbench-plattform\/"},"modified":"2025-06-04T11:55:53","modified_gmt":"2025-06-04T08:55:53","slug":"engineering-workbench-plattform","status":"publish","type":"page","link":"https:\/\/onlinestandart.com\/de\/engineering-workbench-plattform\/","title":{"rendered":"Engineering Workbench-Plattform"},"content":{"rendered":"\n<h2 class=\"wp-block-heading\">Engineering-Werkbank<\/h2>\n\n<p>Technische Werkbank; Es handelt sich um eine einzigartige Ressource, die den Informationsbedarf von technischen Fachleuten und Forschern, insbesondere Ingenieuren, durch semantische Suche erf\u00fcllt.<\/p>\n\n<p>Engineering Workbench bietet Zugriff auf \u00fcber 120 Millionen regelm\u00e4\u00dfig aktualisierte technische Dokumente, E-Books, Patente und Ver\u00f6ffentlichungen von einer einzigen Plattform aus und erm\u00f6glicht so in k\u00fcrzester Zeit den Zugriff auf die ben\u00f6tigten Informationen aus Dutzenden von Informationsquellen im Bereich der technischen Wissenschaften.<\/p>\n<style>.wp-block-kadence-advancedbtn.kb-btns2808_9297e6-9d{gap:var(--global-kb-gap-xs, 0.5rem );justify-content:flex-start;align-items:center;}.kt-btns2808_9297e6-9d .kt-button{font-weight:normal;font-style:normal;}.kt-btns2808_9297e6-9d .kt-btn-wrap-0{margin-right:5px;}.wp-block-kadence-advancedbtn.kt-btns2808_9297e6-9d .kt-btn-wrap-0 .kt-button{color:#555555;border-color:#555555;}.wp-block-kadence-advancedbtn.kt-btns2808_9297e6-9d .kt-btn-wrap-0 .kt-button:hover, .wp-block-kadence-advancedbtn.kt-btns2808_9297e6-9d .kt-btn-wrap-0 .kt-button:focus{color:#ffffff;border-color:#444444;}.wp-block-kadence-advancedbtn.kt-btns2808_9297e6-9d .kt-btn-wrap-0 .kt-button::before{display:none;}.wp-block-kadence-advancedbtn.kt-btns2808_9297e6-9d .kt-btn-wrap-0 .kt-button:hover, .wp-block-kadence-advancedbtn.kt-btns2808_9297e6-9d .kt-btn-wrap-0 .kt-button:focus{background:#444444;}<\/style>\n<div class=\"wp-block-kadence-advancedbtn kb-buttons-wrap kb-btns2808_9297e6-9d\"><style>ul.menu .wp-block-kadence-advancedbtn .kb-btn2808_2df391-28.kb-button{width:initial;}.wp-block-kadence-advancedbtn .kb-btn2808_2df391-28.kb-button{background:var(--global-palette1, #3182CE);font-family:-apple-system,BlinkMacSystemFont,\"Segoe UI\",Roboto,Oxygen-Sans,Ubuntu,Cantarell,\"Helvetica Neue\",sans-serif, \"Apple Color Emoji\", \"Segoe UI Emoji\", \"Segoe UI Symbol\";border-top-left-radius:8px;border-top-right-radius:8px;border-bottom-right-radius:8px;border-bottom-left-radius:8px;padding-top:14px;padding-right:30px;padding-bottom:14px;padding-left:30px;}.wp-block-kadence-advancedbtn .kb-btn2808_2df391-28.kb-button:hover, .wp-block-kadence-advancedbtn .kb-btn2808_2df391-28.kb-button:focus{background:var(--global-palette2, #2B6CB0);}<\/style><a class=\"kb-button kt-button button kb-btn2808_2df391-28 kt-btn-size-small kt-btn-width-type-auto kb-btn-global-fill  kt-btn-has-text-true kt-btn-has-svg-true  wp-block-kadence-singlebtn\" href=\"https:\/\/onlinestandart.com\/de\/kontakt\/\"><span class=\"kt-btn-inner-text\">DOKUMENT ANFORDERN<\/span><span class=\"kb-svg-icon-wrap kb-svg-icon-fe_arrowRightCircle kt-btn-icon-side-right\"><svg viewBox=\"0 0 24 24\"  fill=\"none\" stroke=\"currentColor\" stroke-width=\"2\" stroke-linecap=\"round\" stroke-linejoin=\"round\" xmlns=\"http:\/\/www.w3.org\/2000\/svg\"  aria-hidden=\"true\"><circle cx=\"12\" cy=\"12\" r=\"10\"\/><polyline points=\"12 16 16 12 12 8\"\/><line x1=\"8\" y1=\"12\" x2=\"16\" y2=\"12\"\/><\/svg><\/span><\/a><\/div>\n\n<p>Zeit ist der wichtigste Teil des Forschungsprozesses. Technische Werkbank; Es bietet eine effektive L\u00f6sung f\u00fcr Forscher, die die meiste Zeit damit verbringen, aus vielen irrelevanten Dokumenten auszuw\u00e4hlen und das richtige Ergebnis zu erreichen. <\/p>\n\n<p>Engineering Workbench, das in die preisgekr\u00f6nte semantische Suchmaschine IHS Goldfire integriert ist; Durch die Vergr\u00f6\u00dferung von Inhalten aus \u00fcber 100 verschiedenen Quellen k\u00f6nnen Sie in k\u00fcrzester Zeit und effizient auf die ben\u00f6tigten Informationen aus den umfangreichen technischen Informationssammlungen zugreifen.<\/p>\n\n<p>Mit Engineering Workbench k\u00f6nnen Forscher:<\/p>\n\n<ul class=\"wp-block-list\">\n<li>Mehr als 20 Millionen technische Referenzquellen, zusammengestellt aus IHS-Informationsquellen,<\/li>\n\n\n\n<li>Mehr als 5000 E-Books und Handb\u00fccher von f\u00fchrenden Branchenverlagen f\u00fcr Forschung und Entwicklung,<\/li>\n\n\n\n<li>Mehr als 40 Millionen Patente (USA, Gro\u00dfbritannien, Deutschland, Frankreich und Japan),<\/li>\n\n\n\n<li>90 Millionen Standard- und Fachdokumente mit semantischer Suchmethode,<\/li>\n\n\n\n<li>Bietet Zugriff auf umfassende Inhalte, darunter mehr als 43 Millionen Artikel, Zeitschriften, Forschungsergebnisse, Berichte und Verfahren aus dem Ingenieurwesen, darunter auch Kernsammlungen zu wichtigen Ingenieurbereichen<\/li>\n<\/ul>\n\n<h2 class=\"wp-block-heading\">Wie k\u00f6nnen wir Ihnen behilflich sein?<\/h2>\n\n<p><strong>Online Standard<\/strong> ist Ihr zuverl\u00e4ssigster und schnellster L\u00f6sungspartner f\u00fcr den Zugriff auf technische Dokumente und Ver\u00f6ffentlichungen, Richtlinien und Normen.<\/p>\n\n<p>Wenn Sie sich mit uns in Verbindung setzen, haben Sie auch Zugang zu allen Unterlagen, die Sie ben\u00f6tigen.<\/p>\n\n<ul class=\"wp-block-list\">\n<li>Gedruckte oder digitale <a href=\"https:\/\/onlinestandart.com\/de\/individueller-gedruckter-oder-digitaler-standardbereitstellungsservice\/\" target=\"_blank\" rel=\"noreferrer noopener\">individuelle Dokumentation<\/a><\/li>\n\n\n\n<li><a href=\"https:\/\/onlinestandart.com\/de\/standard-abholbereitstellungsservice\/\" target=\"_blank\" rel=\"noreferrer noopener\">Dokumentensammlung speziell f\u00fcr<\/a> Ihre Abteilung oder Ihr Projekt<\/li>\n\n\n\n<li>Ma\u00dfgeschneiderte <a href=\"https:\/\/onlinestandart.com\/de\/online-loesungen-fuer-standarddokumente\/\" target=\"_blank\" rel=\"noreferrer noopener\">Dokumentationsl\u00f6sungen<\/a> f\u00fcr Ihr Unternehmen<\/li>\n<\/ul>\n\n<p><strong>Dank unserer wertvollen Kooperationen k\u00f6nnen wir Ihnen die Dokumentation anbieten, die Sie durch die Recherche in mehr als 500 Quellen in digitaler oder gedruckter Form erhalten k\u00f6nnen.<\/strong><\/p>\n\n<p>Durch unsere Partnerschaften mit <a href=\"https:\/\/onlinestandart.com\/de\/amerikanisches-petroleum-institut-api\/\" target=\"_blank\" rel=\"noreferrer noopener\">API<\/a>, <a href=\"https:\/\/onlinestandart.com\/de\/die-amerikanische-gesellschaft-der-ingenieure-fuer-heizung-kuehlung-und-klimatisierung-ashrae\/\" target=\"_blank\" rel=\"noreferrer noopener\">ASHRAE<\/a>, <a href=\"https:\/\/onlinestandart.com\/de\/amerikanische-gesellschaft-der-maschinenbauingenieure-asme\/\" target=\"_blank\" rel=\"noreferrer noopener\">ASME<\/a>, <a href=\"https:\/\/onlinestandart.com\/de\/astm-international\/\" target=\"_blank\" rel=\"noreferrer noopener\">ASTM<\/a>, <a href=\"https:\/\/onlinestandart.com\/de\/britisches-normungsinstitut-bsi\/\" target=\"_blank\" rel=\"noreferrer noopener\">BSI<\/a>, <a href=\"https:\/\/onlinestandart.com\/de\/internationale-elektrotechnische-kommission\/\" target=\"_blank\" rel=\"noreferrer noopener\">IEC<\/a>, <a href=\"https:\/\/onlinestandart.com\/ieee-standart\/\" target=\"_blank\" rel=\"noreferrer noopener\">IEEE<\/a>, <a href=\"https:\/\/onlinestandart.com.tr\/iso\/\" target=\"_blank\" rel=\"noreferrer noopener\">ISO<\/a>, <a href=\"https:\/\/onlinestandart.com\/de\/sae-international\/\" target=\"_blank\" rel=\"noreferrer noopener\">SAE<\/a> und Hunderten von anderen Normungsgremien k\u00f6nnen wir Ihnen Zeit und Ressourcen sparen, indem wir Ihnen schnellen Zugriff auf genaue und zuverl\u00e4ssige Informationen bieten.<\/p>\n","protected":false},"excerpt":{"rendered":"<p>Engineering-Werkbank Technische Werkbank; Es handelt sich um eine einzigartige Ressource, die den Informationsbedarf von technischen Fachleuten und Forschern, insbesondere Ingenieuren, durch semantische Suche erf\u00fcllt. Engineering Workbench bietet Zugriff auf \u00fcber 120 Millionen regelm\u00e4\u00dfig aktualisierte technische Dokumente, E-Books, Patente und Ver\u00f6ffentlichungen von einer einzigen Plattform aus und erm\u00f6glicht so in k\u00fcrzester Zeit den Zugriff auf die&#8230;<\/p>\n","protected":false},"author":1,"featured_media":0,"parent":0,"menu_order":0,"comment_status":"closed","ping_status":"closed","template":"","meta":{"_kad_blocks_custom_css":"","_kad_blocks_head_custom_js":"","_kad_blocks_body_custom_js":"","_kad_blocks_footer_custom_js":"","_kad_post_transparent":"","_kad_post_title":"","_kad_post_layout":"","_kad_post_sidebar_id":"","_kad_post_content_style":"","_kad_post_vertical_padding":"","_kad_post_feature":"","_kad_post_feature_position":"","_kad_post_header":false,"_kad_post_footer":false,"_kad_post_classname":"","footnotes":""},"categories":[62],"tags":[],"class_list":["post-54762","page","type-page","status-publish","hentry","category-normen"],"taxonomy_info":{"category":[{"value":62,"label":"Normen"}]},"featured_image_src_large":false,"author_info":{"display_name":"Online Standart","author_link":"https:\/\/onlinestandart.com\/de\/author\/online-standart\/"},"comment_info":0,"_links":{"self":[{"href":"https:\/\/onlinestandart.com\/de\/wp-json\/wp\/v2\/pages\/54762","targetHints":{"allow":["GET"]}}],"collection":[{"href":"https:\/\/onlinestandart.com\/de\/wp-json\/wp\/v2\/pages"}],"about":[{"href":"https:\/\/onlinestandart.com\/de\/wp-json\/wp\/v2\/types\/page"}],"author":[{"embeddable":true,"href":"https:\/\/onlinestandart.com\/de\/wp-json\/wp\/v2\/users\/1"}],"replies":[{"embeddable":true,"href":"https:\/\/onlinestandart.com\/de\/wp-json\/wp\/v2\/comments?post=54762"}],"version-history":[{"count":0,"href":"https:\/\/onlinestandart.com\/de\/wp-json\/wp\/v2\/pages\/54762\/revisions"}],"wp:attachment":[{"href":"https:\/\/onlinestandart.com\/de\/wp-json\/wp\/v2\/media?parent=54762"}],"wp:term":[{"taxonomy":"category","embeddable":true,"href":"https:\/\/onlinestandart.com\/de\/wp-json\/wp\/v2\/categories?post=54762"},{"taxonomy":"post_tag","embeddable":true,"href":"https:\/\/onlinestandart.com\/de\/wp-json\/wp\/v2\/tags?post=54762"}],"curies":[{"name":"wp","href":"https:\/\/api.w.org\/{rel}","templated":true}]}}