{"id":54824,"date":"2024-05-28T14:34:12","date_gmt":"2024-05-28T11:34:12","guid":{"rendered":"https:\/\/onlinestandart.com\/arinc-standards-in-der-luftfahrtindustrie\/"},"modified":"2025-05-27T15:24:57","modified_gmt":"2025-05-27T12:24:57","slug":"arinc-standards-in-der-luftfahrtindustrie","status":"publish","type":"page","link":"https:\/\/onlinestandart.com\/de\/arinc-standards-in-der-luftfahrtindustrie\/","title":{"rendered":"ARINC-Standards in der Luftfahrtindustrie"},"content":{"rendered":"\n<h2 class=\"wp-block-heading\">Was sind ARINC-Standards?<\/h2>\n\n<p><a href=\"https:\/\/aviation-ia.sae-itc.com\/product-categories\/arinc-standards\" target=\"_blank\" rel=\"noopener\">ARINC-Standards<\/a> sind nach einer internationalen Organisation benannt, die bei der Festlegung technischer Standards in der Luftfahrtindustrie hilft. Diese Standards zielen darauf ab, die Betriebseffizienz zu steigern, indem sie die Kommunikation und den Datenaustausch zwischen Flugzeugsystemen erleichtern. ARINC-Standards dienen als Richtlinien zur Gew\u00e4hrleistung der Kompatibilit\u00e4t in Entwicklungsprozessen f\u00fcr elektronische Hardware und Software.  <\/p>\n<style>.wp-block-kadence-advancedbtn.kb-btns3481_3f4064-41{gap:var(--global-kb-gap-xs, 0.5rem );justify-content:flex-start;align-items:center;}.kt-btns3481_3f4064-41 .kt-button{font-weight:normal;font-style:normal;}.kt-btns3481_3f4064-41 .kt-btn-wrap-0{margin-right:5px;}.wp-block-kadence-advancedbtn.kt-btns3481_3f4064-41 .kt-btn-wrap-0 .kt-button{color:#555555;border-color:#555555;}.wp-block-kadence-advancedbtn.kt-btns3481_3f4064-41 .kt-btn-wrap-0 .kt-button:hover, .wp-block-kadence-advancedbtn.kt-btns3481_3f4064-41 .kt-btn-wrap-0 .kt-button:focus{color:#ffffff;border-color:#444444;}.wp-block-kadence-advancedbtn.kt-btns3481_3f4064-41 .kt-btn-wrap-0 .kt-button::before{display:none;}.wp-block-kadence-advancedbtn.kt-btns3481_3f4064-41 .kt-btn-wrap-0 .kt-button:hover, .wp-block-kadence-advancedbtn.kt-btns3481_3f4064-41 .kt-btn-wrap-0 .kt-button:focus{background:#444444;}<\/style>\n<div class=\"wp-block-kadence-advancedbtn kb-buttons-wrap kb-btns3481_3f4064-41\"><style>ul.menu .wp-block-kadence-advancedbtn .kb-btn3481_52c46e-40.kb-button{width:initial;}.wp-block-kadence-advancedbtn .kb-btn3481_52c46e-40.kb-button{background:var(--global-palette1, #3182CE);font-family:-apple-system,BlinkMacSystemFont,\"Segoe UI\",Roboto,Oxygen-Sans,Ubuntu,Cantarell,\"Helvetica Neue\",sans-serif, \"Apple Color Emoji\", \"Segoe UI Emoji\", \"Segoe UI Symbol\";border-top-left-radius:8px;border-top-right-radius:8px;border-bottom-right-radius:8px;border-bottom-left-radius:8px;padding-top:14px;padding-right:30px;padding-bottom:14px;padding-left:30px;}.wp-block-kadence-advancedbtn .kb-btn3481_52c46e-40.kb-button:hover, .wp-block-kadence-advancedbtn .kb-btn3481_52c46e-40.kb-button:focus{background:var(--global-palette2, #2B6CB0);}<\/style><a class=\"kb-button kt-button button kb-btn3481_52c46e-40 kt-btn-size-small kt-btn-width-type-auto kb-btn-global-fill  kt-btn-has-text-true kt-btn-has-svg-true  wp-block-kadence-singlebtn\" href=\"https:\/\/onlinestandart.com\/de\/kontakt\/\"><span class=\"kt-btn-inner-text\">DOKUMENT ANFORDERN<\/span><span class=\"kb-svg-icon-wrap kb-svg-icon-fe_arrowRightCircle kt-btn-icon-side-right\"><svg viewBox=\"0 0 24 24\"  fill=\"none\" stroke=\"currentColor\" stroke-width=\"2\" stroke-linecap=\"round\" stroke-linejoin=\"round\" xmlns=\"http:\/\/www.w3.org\/2000\/svg\"  aria-hidden=\"true\"><circle cx=\"12\" cy=\"12\" r=\"10\"\/><polyline points=\"12 16 16 12 12 8\"\/><line x1=\"8\" y1=\"12\" x2=\"16\" y2=\"12\"\/><\/svg><\/span><\/a><\/div>\n\n<p>Bestimmte Standards, wie beispielsweise ARINC 429, definieren Kommunikationsprotokolle zwischen Subsystemen und unterst\u00fctzen die Integration kompatibler Ger\u00e4te. Dar\u00fcber hinaus ist der ARINC 664 (AFDX)-Standard ein Ethernet-basiertes Netzwerkprotokoll und wird bei Anwendungen bevorzugt, die eine hohe Bandbreite erfordern. <br\/><br\/>Dank dieser Standards kann die Luftfahrtindustrie zuverl\u00e4ssiger und effizienter arbeiten. Durch die Schaffung einer gemeinsamen Sprache zwischen Flugzeugherstellern, -betreibern und -lieferanten kann eine schnelle Anpassung an Innovationen in der Branche erreicht werden. <\/p>\n\n<h2 class=\"wp-block-heading\">Die Rolle der ARINC-Standards in der Luftfahrtindustrie<\/h2>\n\n<p>ARINC-Standards spielen in der Luftfahrtindustrie eine entscheidende Rolle. Diese Standards tragen zur Steigerung der Betriebseffizienz bei, indem sie die Integration von Flugzeugsystemen sicherstellen. Es maximiert Sicherheit und Effizienz durch die Schaffung eines harmonischen Kommunikationsnetzwerks zwischen Fluggesellschaften und Herstellern.  <br\/><br\/>ARINC-Standards tragen auch zur Entwicklung von Flugverkehrsmanagementsystemen bei. Es optimiert den Luftraumverkehr und macht Reiseprozesse sicherer, indem es den Datenaustausch erleichtert. Dies tr\u00e4gt zur Kostensenkung bei und erh\u00f6ht gleichzeitig den Komfort der Passagiere.  <br\/><br\/>Angesichts der Komplexit\u00e4t der Luftfahrtindustrie ist die hohe Qualit\u00e4t und universelle Akzeptanz der ARINC-Standards von gr\u00f6\u00dfter Bedeutung. Durch die kontinuierliche Aktualisierung und Verbesserung der Standards wird die F\u00e4higkeit des Sektors erh\u00f6ht, auf zuk\u00fcnftige Anforderungen zu reagieren. <\/p>\n\n<figure class=\"wp-block-image size-large\"><img loading=\"lazy\" decoding=\"async\" width=\"1024\" height=\"576\" src=\"https:\/\/onlinestandart.com\/wp-content\/uploads\/2024\/05\/arinc-1024x576.webp\" alt=\"AriNC-Standards\" class=\"wp-image-3477\" srcset=\"https:\/\/onlinestandart.com\/wp-content\/uploads\/2024\/05\/arinc-1024x576.webp 1024w, https:\/\/onlinestandart.com\/wp-content\/uploads\/2024\/05\/arinc-600x338.webp 600w, https:\/\/onlinestandart.com\/wp-content\/uploads\/2024\/05\/arinc-300x169.webp 300w, https:\/\/onlinestandart.com\/wp-content\/uploads\/2024\/05\/arinc-768x432.webp 768w, https:\/\/onlinestandart.com\/wp-content\/uploads\/2024\/05\/arinc-1536x864.webp 1536w, https:\/\/onlinestandart.com\/wp-content\/uploads\/2024\/05\/arinc.webp 1920w\" sizes=\"auto, (max-width: 1024px) 100vw, 1024px\" \/><\/figure>\n\n<h2 class=\"wp-block-heading\">Grundlegende ARINC-Standards und Anwendungsbereiche<\/h2>\n\n<p>ARINC-Standards spielen in der Luftfahrtindustrie eine entscheidende Rolle. Dank dieser Standards k\u00f6nnen Kommunikation und Datenaustausch zwischen Flugzeugsystemen problemlos durchgef\u00fchrt werden. Fluggesellschaften, Flugh\u00e4fen und andere Luftfahrtorganisationen k\u00f6nnen dank der durch die ARINC-Standards gew\u00e4hrleisteten Kompatibilit\u00e4t zudem effizientere und sicherere Dienste anbieten.  <br\/><br\/>Die am h\u00e4ufigsten verwendeten grundlegenden ARINC-Standards sind: Bereiche wie Kommunikation (ARINC 429), Kabinenelektronik (ARINC 600) und Datenbusse (ARINC 664). Die vielf\u00e4ltigen Einsatzm\u00f6glichkeiten dieser Standards sind darauf ausgerichtet, den Bed\u00fcrfnissen aller Beteiligten in der Luftfahrtindustrie gerecht zu werden. <br\/><br\/>Die weitverbreitete Verwendung von ARINC-Standards in der Luftfahrtindustrie tr\u00e4gt dazu bei, die technologische Entwicklung in der Branche zu unterst\u00fctzen und die Flugsicherheit zu erh\u00f6hen. Aus diesem Grund nimmt seine Bedeutung von Tag zu Tag zu und er nimmt in der Zukunft der Luftfahrtindustrie einen wichtigen Platz ein. <\/p>\n\n<h2 class=\"wp-block-heading\">Was ist ARINC 661?<\/h2>\n\n<p>ARINC 661 ist ein von der Aviation Electronics Industries Association (AEEC) und RTCA entwickelter Standard. Ziel dieser Norm ist es, den Entwurf, die Entwicklung und die Zertifizierung elektronischer Anzeige- und Steuerungssysteme f\u00fcr die Luftfahrtindustrie zu erleichtern. <br\/><br\/>ARINC 661 sorgt f\u00fcr Kompatibilit\u00e4t durch die Standardisierung der Schnittstelle eines komplexen Anzeigesystems, das aus verschiedenen in der Luftfahrtindustrie verwendeten Ger\u00e4ten besteht. Dies erleichtert die Zusammenarbeit und den Austausch von Ger\u00e4ten verschiedener Hersteller. <br\/><br\/>Dieser Standard erleichtert auch die Gestaltung von Benutzeroberfl\u00e4chen. Mit ARINC 661 erstellte Anzeigen und Bedienelemente k\u00f6nnen \u00e4hnlich wie in anderen Branchen h\u00e4ufig verwendete grafische Schnittstellen gestaltet werden. <br\/><br\/>Es wurde entwickelt, um den Datenaustausch und die Systemintegration in der Luftfahrtindustrie zuverl\u00e4ssiger zu machen. Au\u00dferdem wird der Zertifizierungsprozess dadurch einfacher und schneller. Damit leistet die Luftfahrtindustrie einen wichtigen Beitrag zur Entwicklung sicherer und leistungsf\u00e4higer Systeme.  <\/p>\n\n<h2 class=\"wp-block-heading\">Was ist ARINC 653?<\/h2>\n\n<p>ARINC 653 ist ein Softwarestandard, der f\u00fcr den Einsatz in Flugzeugen und anderen Luftfahrtsystemen entwickelt wurde. Dieser Standard stellt sicher, dass Softwaremodule mit unterschiedlichen Aufgaben und Priorit\u00e4tsstufen sicher auf derselben Computerplattform ausgef\u00fchrt werden. <br\/><br\/>ARINC 653 wurde von Aeronautical Radio, Incorporated (ARINC) entwickelt und ver\u00f6ffentlicht. Der Hauptzweck dieses Standards besteht darin, die Komplexit\u00e4t der in Flugzeugen verwendeten Systeme zu reduzieren und ihre Zuverl\u00e4ssigkeit zu erh\u00f6hen. <br\/><br\/>ARINC 653 bietet ein Framework f\u00fcr Echtzeitbetriebssysteme und verwendet Split Scheduling, um die gleichzeitige Ausf\u00fchrung von Softwaremodulen mit unterschiedlichen Funktionen zu erm\u00f6glichen. Auf diese Weise wird die Unterbrechung von Aufgaben mit hoher Priorit\u00e4t verhindert und der kontinuierliche Betrieb kritischer Funktionen sichergestellt. <br\/><br\/>Dieser Standard kann sowohl f\u00fcr Flugzeugsysteme als auch f\u00fcr andere Luftfahrtsysteme verwendet werden und bietet Vorteile wie Zuverl\u00e4ssigkeit, Flexibilit\u00e4t und Skalierbarkeit. Es tr\u00e4gt zur Verbesserung der Qualit\u00e4t der in der Luftfahrt eingesetzten Software bei und ist in diesem Sektor, in dem Sicherheit oberste Priorit\u00e4t hat, von gro\u00dfer Bedeutung. <\/p>\n\n<h2 class=\"wp-block-heading\">Wie k\u00f6nnen wir Ihnen behilflich sein?<\/h2>\n\n<p><strong>Online Standard<\/strong> ist Ihr zuverl\u00e4ssigster und schnellster L\u00f6sungspartner f\u00fcr den Zugriff auf technische Dokumente und Ver\u00f6ffentlichungen, Richtlinien und Normen.<\/p>\n\n<p>Wenn Sie sich mit uns in Verbindung setzen, haben Sie auch Zugang zu allen Unterlagen, die Sie ben\u00f6tigen.<\/p>\n\n<ul class=\"wp-block-list\">\n<li>Gedruckte oder digitale individuelle Dokumentation<\/li>\n\n\n\n<li>Dokumentensammlung speziell f\u00fcr Ihre Abteilung oder Ihr Projekt<\/li>\n\n\n\n<li>Ma\u00dfgeschneiderte Dokumentationsl\u00f6sungen f\u00fcr Ihr Unternehmen<\/li>\n<\/ul>\n\n<p><strong>Dank unserer wertvollen Kooperationen k\u00f6nnen wir Ihnen die Dokumentation anbieten, die Sie durch die Recherche in mehr als 500 Quellen in digitaler oder gedruckter Form erhalten k\u00f6nnen.<\/strong><\/p>\n\n<p>Dank unserer Partnerschaft mit <a href=\"https:\/\/onlinestandart.com\/de\/amerikanisches-petroleum-institut-api\/\" target=\"_blank\" rel=\"noreferrer noopener\">API<\/a> , <a href=\"https:\/\/onlinestandart.com\/de\/die-amerikanische-gesellschaft-der-ingenieure-fuer-heizung-kuehlung-und-klimatisierung-ashrae\/\" target=\"_blank\" rel=\"noreferrer noopener\">ASHRAE<\/a> , <a href=\"https:\/\/onlinestandart.com\/asme-international\/\" target=\"_blank\" rel=\"noreferrer noopener\">ASME<\/a> , <a href=\"https:\/\/onlinestandart.com\/de\/astm-international\/\" target=\"_blank\" rel=\"noreferrer noopener\">ASTM<\/a> , <a href=\"https:\/\/onlinestandart.com\/de\/britisches-normungsinstitut-bsi\/\" target=\"_blank\" rel=\"noreferrer noopener\">BSI<\/a> , <a href=\"https:\/\/onlinestandart.com\/de\/internationale-elektrotechnische-kommission\/\" target=\"_blank\" rel=\"noreferrer noopener\">IEC<\/a> , <a href=\"https:\/\/onlinestandart.com\/ieee-standart\/\" target=\"_blank\" rel=\"noreferrer noopener\">IEEE<\/a> , <a href=\"https:\/\/onlinestandart.com\/de\/sae-international\/\" target=\"_blank\" rel=\"noreferrer noopener\">SAE<\/a> , <a href=\"https:\/\/onlinestandart.com\/de\/internationale-organisation-fuer-normung-iso\/\" data-type=\"link\" data-id=\"https:\/\/onlinestandart.com\/iso\/\">ISO<\/a> und Hunderten von Standardisierungsorganisationen k\u00f6nnen wir Ihnen Zeit und Ressourcen sparen, indem wir Ihnen schnellen Zugriff auf genaue und zuverl\u00e4ssige Informationen bieten.<\/p>\n","protected":false},"excerpt":{"rendered":"<p>Was sind ARINC-Standards? ARINC-Standards sind nach einer internationalen Organisation benannt, die bei der Festlegung technischer Standards in der Luftfahrtindustrie hilft. Diese Standards zielen darauf ab, die Betriebseffizienz zu steigern, indem sie die Kommunikation und den Datenaustausch zwischen Flugzeugsystemen erleichtern. ARINC-Standards dienen als Richtlinien zur Gew\u00e4hrleistung der Kompatibilit\u00e4t in Entwicklungsprozessen f\u00fcr elektronische Hardware und Software. Bestimmte&#8230;<\/p>\n","protected":false},"author":1,"featured_media":0,"parent":0,"menu_order":0,"comment_status":"closed","ping_status":"closed","template":"","meta":{"_kad_blocks_custom_css":"","_kad_blocks_head_custom_js":"","_kad_blocks_body_custom_js":"","_kad_blocks_footer_custom_js":"","_kad_post_transparent":"","_kad_post_title":"","_kad_post_layout":"","_kad_post_sidebar_id":"","_kad_post_content_style":"","_kad_post_vertical_padding":"","_kad_post_feature":"","_kad_post_feature_position":"","_kad_post_header":false,"_kad_post_footer":false,"_kad_post_classname":"","footnotes":""},"categories":[],"tags":[],"class_list":["post-54824","page","type-page","status-publish","hentry"],"taxonomy_info":[],"featured_image_src_large":false,"author_info":{"display_name":"Online Standart","author_link":"https:\/\/onlinestandart.com\/de\/author\/online-standart\/"},"comment_info":0,"_links":{"self":[{"href":"https:\/\/onlinestandart.com\/de\/wp-json\/wp\/v2\/pages\/54824","targetHints":{"allow":["GET"]}}],"collection":[{"href":"https:\/\/onlinestandart.com\/de\/wp-json\/wp\/v2\/pages"}],"about":[{"href":"https:\/\/onlinestandart.com\/de\/wp-json\/wp\/v2\/types\/page"}],"author":[{"embeddable":true,"href":"https:\/\/onlinestandart.com\/de\/wp-json\/wp\/v2\/users\/1"}],"replies":[{"embeddable":true,"href":"https:\/\/onlinestandart.com\/de\/wp-json\/wp\/v2\/comments?post=54824"}],"version-history":[{"count":0,"href":"https:\/\/onlinestandart.com\/de\/wp-json\/wp\/v2\/pages\/54824\/revisions"}],"wp:attachment":[{"href":"https:\/\/onlinestandart.com\/de\/wp-json\/wp\/v2\/media?parent=54824"}],"wp:term":[{"taxonomy":"category","embeddable":true,"href":"https:\/\/onlinestandart.com\/de\/wp-json\/wp\/v2\/categories?post=54824"},{"taxonomy":"post_tag","embeddable":true,"href":"https:\/\/onlinestandart.com\/de\/wp-json\/wp\/v2\/tags?post=54824"}],"curies":[{"name":"wp","href":"https:\/\/api.w.org\/{rel}","templated":true}]}}