{"id":54857,"date":"2024-05-07T10:42:14","date_gmt":"2024-05-07T07:42:14","guid":{"rendered":"https:\/\/onlinestandart.com\/gemeinsame-ausbildungsorganisation-der-luftfahrtbehoerden-jaa-to\/"},"modified":"2025-05-27T15:25:12","modified_gmt":"2025-05-27T12:25:12","slug":"gemeinsame-ausbildungsorganisation-der-luftfahrtbehoerden-jaa-to","status":"publish","type":"page","link":"https:\/\/onlinestandart.com\/de\/gemeinsame-ausbildungsorganisation-der-luftfahrtbehoerden-jaa-to\/","title":{"rendered":"Gemeinsame Ausbildungsorganisation der Luftfahrtbeh\u00f6rden (JAA TO)"},"content":{"rendered":"\n<h2 class=\"wp-block-heading\">Wof\u00fcr steht JAA TO?<\/h2>\n\n<p>Gemeinsame Ausbildungsorganisation der Luftfahrtbeh\u00f6rden (JAA TO)<\/p>\n\n<h2 class=\"wp-block-heading\">Was sind JAA TO-Standards?<\/h2>\n\n<p>Nach dem aktuellen Rechtsrahmen ist die Europ\u00e4ische Agentur f\u00fcr Flugsicherheit (EASA) seit der ersten Grundverordnung (EG) Nr. 1592\/2002 vom 15. Juli 2002 die alleinige zust\u00e4ndige Beh\u00f6rde f\u00fcr alle Luftfahrtangelegenheiten, ihren Umfang und ihre Verantwortlichkeiten. Mittlerweile ist die Grundverordnung (EU) 2018\/1139 am 11. September 2018 in Kraft getreten. <\/p>\n<style>.wp-block-kadence-advancedbtn.kb-btns2881_e04e23-4b{gap:var(--global-kb-gap-xs, 0.5rem );justify-content:flex-start;align-items:center;}.kt-btns2881_e04e23-4b .kt-button{font-weight:normal;font-style:normal;}.kt-btns2881_e04e23-4b .kt-btn-wrap-0{margin-right:5px;}.wp-block-kadence-advancedbtn.kt-btns2881_e04e23-4b .kt-btn-wrap-0 .kt-button{color:#555555;border-color:#555555;}.wp-block-kadence-advancedbtn.kt-btns2881_e04e23-4b .kt-btn-wrap-0 .kt-button:hover, .wp-block-kadence-advancedbtn.kt-btns2881_e04e23-4b .kt-btn-wrap-0 .kt-button:focus{color:#ffffff;border-color:#444444;}.wp-block-kadence-advancedbtn.kt-btns2881_e04e23-4b .kt-btn-wrap-0 .kt-button::before{display:none;}.wp-block-kadence-advancedbtn.kt-btns2881_e04e23-4b .kt-btn-wrap-0 .kt-button:hover, .wp-block-kadence-advancedbtn.kt-btns2881_e04e23-4b .kt-btn-wrap-0 .kt-button:focus{background:#444444;}<\/style>\n<div class=\"wp-block-kadence-advancedbtn kb-buttons-wrap kb-btns2881_e04e23-4b\"><style>ul.menu .wp-block-kadence-advancedbtn .kb-btn2881_f2b404-77.kb-button{width:initial;}.wp-block-kadence-advancedbtn .kb-btn2881_f2b404-77.kb-button{background:var(--global-palette1, #3182CE);font-family:-apple-system,BlinkMacSystemFont,\"Segoe UI\",Roboto,Oxygen-Sans,Ubuntu,Cantarell,\"Helvetica Neue\",sans-serif, \"Apple Color Emoji\", \"Segoe UI Emoji\", \"Segoe UI Symbol\";border-top-left-radius:8px;border-top-right-radius:8px;border-bottom-right-radius:8px;border-bottom-left-radius:8px;padding-top:14px;padding-right:30px;padding-bottom:14px;padding-left:30px;}.wp-block-kadence-advancedbtn .kb-btn2881_f2b404-77.kb-button:hover, .wp-block-kadence-advancedbtn .kb-btn2881_f2b404-77.kb-button:focus{background:var(--global-palette2, #2B6CB0);}<\/style><a class=\"kb-button kt-button button kb-btn2881_f2b404-77 kt-btn-size-small kt-btn-width-type-auto kb-btn-global-fill  kt-btn-has-text-true kt-btn-has-svg-true  wp-block-kadence-singlebtn\" href=\"https:\/\/onlinestandart.com\/de\/kontakt\/\"><span class=\"kt-btn-inner-text\">DOKUMENT ANFORDERN<\/span><span class=\"kb-svg-icon-wrap kb-svg-icon-fe_arrowRightCircle kt-btn-icon-side-right\"><svg viewBox=\"0 0 24 24\"  fill=\"none\" stroke=\"currentColor\" stroke-width=\"2\" stroke-linecap=\"round\" stroke-linejoin=\"round\" xmlns=\"http:\/\/www.w3.org\/2000\/svg\"  aria-hidden=\"true\"><circle cx=\"12\" cy=\"12\" r=\"10\"\/><polyline points=\"12 16 16 12 12 8\"\/><line x1=\"8\" y1=\"12\" x2=\"16\" y2=\"12\"\/><\/svg><\/span><\/a><\/div>\n\n<p>Die Europ\u00e4ische Kommission hat historisch festzulegende \u00dcbergangsma\u00dfnahmen f\u00fcr alle JAR-Anforderungen und -Verfahren sowie die neuesten g\u00fcltigen Fristen ver\u00f6ffentlicht, innerhalb derer unter anderem Musterzulassungen gem\u00e4\u00df dem EASA-Rechtsrahmen ausgetauscht werden m\u00fcssen.<\/p>\n\n<p>Die Joint Aviation Authorities ver\u00f6ffentlichten JARs (Joint Aviation Requirements). Aufgrund der fortlaufenden Anforderungen an die Luftt\u00fcchtigkeit sind JARs Teil der historischen Referenzdokumente, die unter anderem von Wartungs- und Musterzulassungsorganisationen verwaltet werden m\u00fcssen. <\/p>\n\n<p>Kunden k\u00f6nnen diese historischen Referenzdokumente, wie beispielsweise JAR-25, auf dieser Seite bestellen.<\/p>\n\n<blockquote class=\"wp-block-quote has-medium-font-size is-layout-flow wp-block-quote-is-layout-flow\">\n<p>Denken Sie daran!<\/p>\n<cite><strong><strong><strong><strong><strong><strong><strong>Die Joint Aviation Authorities Training Organisation (Niederlande) ist ein Pionier in der Ausbildung im Bereich der Luftfahrtvorschriften.<\/strong><\/strong><\/strong><\/strong><\/strong><\/strong><\/strong><\/cite><\/blockquote>\n\n<h2 class=\"wp-block-heading\">Wie k\u00f6nnen wir Ihnen behilflich sein?<\/h2>\n\n<p><strong>Online Standard<\/strong> ist Ihr zuverl\u00e4ssigster und schnellster L\u00f6sungspartner f\u00fcr den Zugriff auf technische Dokumente und Ver\u00f6ffentlichungen, Richtlinien und Normen.<\/p>\n\n<p>Wenn Sie sich mit uns in Verbindung setzen, haben Sie auch Zugang zu allen Unterlagen, die Sie ben\u00f6tigen.<\/p>\n\n<ul class=\"wp-block-list\">\n<li>Gedruckte oder digitale <a href=\"https:\/\/onlinestandart.com\/de\/individueller-gedruckter-oder-digitaler-standardbereitstellungsservice\/\" target=\"_blank\" rel=\"noreferrer noopener\">individuelle Dokumentation<\/a><\/li>\n\n\n\n<li><a href=\"https:\/\/onlinestandart.com\/de\/standard-abholbereitstellungsservice\/\" target=\"_blank\" rel=\"noreferrer noopener\">Dokumentensammlung speziell f\u00fcr<\/a> Ihre Abteilung oder Ihr Projekt<\/li>\n\n\n\n<li>Ma\u00dfgeschneiderte <a href=\"https:\/\/onlinestandart.com\/de\/online-loesungen-fuer-standarddokumente\/\" target=\"_blank\" rel=\"noreferrer noopener\">Dokumentationsl\u00f6sungen<\/a> f\u00fcr Ihr Unternehmen<\/li>\n<\/ul>\n\n<p><strong>Dank unserer wertvollen Kooperationen k\u00f6nnen wir Ihnen die Dokumentation anbieten, die Sie durch die Recherche in mehr als 500 Quellen in digitaler oder gedruckter Form erhalten k\u00f6nnen.<\/strong><\/p>\n\n<p>Durch unsere Partnerschaften mit <a href=\"https:\/\/onlinestandart.com\/de\/amerikanisches-petroleum-institut-api\/\" target=\"_blank\" rel=\"noreferrer noopener\">API<\/a>, <a href=\"https:\/\/onlinestandart.com\/de\/die-amerikanische-gesellschaft-der-ingenieure-fuer-heizung-kuehlung-und-klimatisierung-ashrae\/\" target=\"_blank\" rel=\"noreferrer noopener\">ASHRAE<\/a>, <a href=\"https:\/\/onlinestandart.com\/asme-international\/\" target=\"_blank\" rel=\"noreferrer noopener\">ASME<\/a>, <a href=\"https:\/\/onlinestandart.com\/de\/astm-international\/\" target=\"_blank\" rel=\"noreferrer noopener\">ASTM<\/a>, <a href=\"https:\/\/onlinestandart.com\/de\/britisches-normungsinstitut-bsi\/\" target=\"_blank\" rel=\"noreferrer noopener\">BSI<\/a>, <a href=\"https:\/\/onlinestandart.com\/de\/internationale-elektrotechnische-kommission\/\" target=\"_blank\" rel=\"noreferrer noopener\">IEC<\/a>, <a href=\"https:\/\/onlinestandart.com\/ieee-standart\/\" target=\"_blank\" rel=\"noreferrer noopener\">IEEE<\/a>, <a href=\"https:\/\/onlinestandart.com.tr\/iso\/\" target=\"_blank\" rel=\"noreferrer noopener\">ISO<\/a>, <a href=\"https:\/\/onlinestandart.com\/de\/sae-international\/\" target=\"_blank\" rel=\"noreferrer noopener\">SAE<\/a> und Hunderten von anderen Normungsgremien k\u00f6nnen wir Ihnen Zeit und Ressourcen sparen, indem wir Ihnen schnellen Zugriff auf genaue und zuverl\u00e4ssige Informationen bieten.<\/p>\n","protected":false},"excerpt":{"rendered":"<p>Wof\u00fcr steht JAA TO? Gemeinsame Ausbildungsorganisation der Luftfahrtbeh\u00f6rden (JAA TO) Was sind JAA TO-Standards? Nach dem aktuellen Rechtsrahmen ist die Europ\u00e4ische Agentur f\u00fcr Flugsicherheit (EASA) seit der ersten Grundverordnung (EG) Nr. 1592\/2002 vom 15. Juli 2002 die alleinige zust\u00e4ndige Beh\u00f6rde f\u00fcr alle Luftfahrtangelegenheiten, ihren Umfang und ihre Verantwortlichkeiten. Mittlerweile ist die Grundverordnung (EU) 2018\/1139 am&#8230;<\/p>\n","protected":false},"author":1,"featured_media":0,"parent":0,"menu_order":0,"comment_status":"closed","ping_status":"closed","template":"","meta":{"_kad_blocks_custom_css":"","_kad_blocks_head_custom_js":"","_kad_blocks_body_custom_js":"","_kad_blocks_footer_custom_js":"","_kad_post_transparent":"","_kad_post_title":"","_kad_post_layout":"","_kad_post_sidebar_id":"","_kad_post_content_style":"","_kad_post_vertical_padding":"","_kad_post_feature":"","_kad_post_feature_position":"","_kad_post_header":false,"_kad_post_footer":false,"_kad_post_classname":"","footnotes":""},"categories":[62],"tags":[],"class_list":["post-54857","page","type-page","status-publish","hentry","category-normen"],"taxonomy_info":{"category":[{"value":62,"label":"Normen"}]},"featured_image_src_large":false,"author_info":{"display_name":"Online Standart","author_link":"https:\/\/onlinestandart.com\/de\/author\/online-standart\/"},"comment_info":0,"_links":{"self":[{"href":"https:\/\/onlinestandart.com\/de\/wp-json\/wp\/v2\/pages\/54857","targetHints":{"allow":["GET"]}}],"collection":[{"href":"https:\/\/onlinestandart.com\/de\/wp-json\/wp\/v2\/pages"}],"about":[{"href":"https:\/\/onlinestandart.com\/de\/wp-json\/wp\/v2\/types\/page"}],"author":[{"embeddable":true,"href":"https:\/\/onlinestandart.com\/de\/wp-json\/wp\/v2\/users\/1"}],"replies":[{"embeddable":true,"href":"https:\/\/onlinestandart.com\/de\/wp-json\/wp\/v2\/comments?post=54857"}],"version-history":[{"count":0,"href":"https:\/\/onlinestandart.com\/de\/wp-json\/wp\/v2\/pages\/54857\/revisions"}],"wp:attachment":[{"href":"https:\/\/onlinestandart.com\/de\/wp-json\/wp\/v2\/media?parent=54857"}],"wp:term":[{"taxonomy":"category","embeddable":true,"href":"https:\/\/onlinestandart.com\/de\/wp-json\/wp\/v2\/categories?post=54857"},{"taxonomy":"post_tag","embeddable":true,"href":"https:\/\/onlinestandart.com\/de\/wp-json\/wp\/v2\/tags?post=54857"}],"curies":[{"name":"wp","href":"https:\/\/api.w.org\/{rel}","templated":true}]}}