{"id":54879,"date":"2024-05-07T13:58:02","date_gmt":"2024-05-07T10:58:02","guid":{"rendered":"https:\/\/onlinestandart.com\/nationaler-verband-der-elektrohersteller-nema\/"},"modified":"2025-05-27T15:25:23","modified_gmt":"2025-05-27T12:25:23","slug":"nationaler-verband-der-elektrohersteller-nema","status":"publish","type":"page","link":"https:\/\/onlinestandart.com\/de\/nationaler-verband-der-elektrohersteller-nema\/","title":{"rendered":"Nationaler Verband der Elektrohersteller (NEMA)"},"content":{"rendered":"\n<h2 class=\"wp-block-heading\">Wof\u00fcr steht NEMA?<\/h2>\n\n<p>Nationaler Verband der Elektrohersteller (NEMA)<\/p>\n\n<h2 class=\"wp-block-heading\">Worauf ist NEMA spezialisiert?<\/h2>\n\n<p>NEMA ist der Branchenverband der Wahl f\u00fcr die Elektrofertigungsindustrie. Das Unternehmen wurde 1926 gegr\u00fcndet und hat seinen Hauptsitz in der N\u00e4he von Washington, D.C. Die rund 450 Mitgliedsunternehmen stellen Produkte her, die bei der Erzeugung, \u00dcbertragung und Verteilung, Steuerung und Endnutzung von Elektrizit\u00e4t zum Einsatz kommen. Diese Produkte werden in Versorgungsunternehmen, in der medizinischen Bildgebung sowie in industriellen, kommerziellen, institutionellen und privaten Anwendungen eingesetzt.  <\/p>\n<style>.wp-block-kadence-advancedbtn.kb-btns2907_f79f3c-aa{gap:var(--global-kb-gap-xs, 0.5rem );justify-content:flex-start;align-items:center;}.kt-btns2907_f79f3c-aa .kt-button{font-weight:normal;font-style:normal;}.kt-btns2907_f79f3c-aa .kt-btn-wrap-0{margin-right:5px;}.wp-block-kadence-advancedbtn.kt-btns2907_f79f3c-aa .kt-btn-wrap-0 .kt-button{color:#555555;border-color:#555555;}.wp-block-kadence-advancedbtn.kt-btns2907_f79f3c-aa .kt-btn-wrap-0 .kt-button:hover, .wp-block-kadence-advancedbtn.kt-btns2907_f79f3c-aa .kt-btn-wrap-0 .kt-button:focus{color:#ffffff;border-color:#444444;}.wp-block-kadence-advancedbtn.kt-btns2907_f79f3c-aa .kt-btn-wrap-0 .kt-button::before{display:none;}.wp-block-kadence-advancedbtn.kt-btns2907_f79f3c-aa .kt-btn-wrap-0 .kt-button:hover, .wp-block-kadence-advancedbtn.kt-btns2907_f79f3c-aa .kt-btn-wrap-0 .kt-button:focus{background:#444444;}<\/style>\n<div class=\"wp-block-kadence-advancedbtn kb-buttons-wrap kb-btns2907_f79f3c-aa\"><style>ul.menu .wp-block-kadence-advancedbtn .kb-btn2907_461b5c-31.kb-button{width:initial;}.wp-block-kadence-advancedbtn .kb-btn2907_461b5c-31.kb-button{background:var(--global-palette1, #3182CE);font-family:-apple-system,BlinkMacSystemFont,\"Segoe UI\",Roboto,Oxygen-Sans,Ubuntu,Cantarell,\"Helvetica Neue\",sans-serif, \"Apple Color Emoji\", \"Segoe UI Emoji\", \"Segoe UI Symbol\";border-top-left-radius:8px;border-top-right-radius:8px;border-bottom-right-radius:8px;border-bottom-left-radius:8px;padding-top:14px;padding-right:30px;padding-bottom:14px;padding-left:30px;}.wp-block-kadence-advancedbtn .kb-btn2907_461b5c-31.kb-button:hover, .wp-block-kadence-advancedbtn .kb-btn2907_461b5c-31.kb-button:focus{background:var(--global-palette2, #2B6CB0);}<\/style><a class=\"kb-button kt-button button kb-btn2907_461b5c-31 kt-btn-size-small kt-btn-width-type-auto kb-btn-global-fill  kt-btn-has-text-true kt-btn-has-svg-true  wp-block-kadence-singlebtn\" href=\"https:\/\/onlinestandart.com\/de\/kontakt\/\"><span class=\"kt-btn-inner-text\">DOKUMENT ANFORDERN<\/span><span class=\"kb-svg-icon-wrap kb-svg-icon-fe_arrowRightCircle kt-btn-icon-side-right\"><svg viewBox=\"0 0 24 24\"  fill=\"none\" stroke=\"currentColor\" stroke-width=\"2\" stroke-linecap=\"round\" stroke-linejoin=\"round\" xmlns=\"http:\/\/www.w3.org\/2000\/svg\"  aria-hidden=\"true\"><circle cx=\"12\" cy=\"12\" r=\"10\"\/><polyline points=\"12 16 16 12 12 8\"\/><line x1=\"8\" y1=\"12\" x2=\"16\" y2=\"12\"\/><\/svg><\/span><\/a><\/div>\n\n<p>Es erf\u00fcllt alle NEMA-Standards f\u00fcr die Bewertung, Testleistung, Herstellung und Anwendung einer gro\u00dfen Bandbreite elektrischer Ger\u00e4te: Steuerungen f\u00fcr elektrische Warmwasserbereiter; Fettverbrenner-Kontrollen; elektrische Fu\u00dfleistenheizungen; Rohr und Kabel; Hochspannungsisolatoren; industrielle Speicherbatterien; Hochspannungssicherungen; Getriebebaugruppen f\u00fcr Netzschalter; elektrische Steckverbinder; Schrauben und Muttern mit Unterlegscheibe; Baumschutzgitter aus Kunststoff; Leitfaden f\u00fcr Stift- und H\u00fclsenstecker, Empf\u00e4nger und Steckverbinder; Rauchmelder; koaxiales Kommunikationskabel; R\u00f6ntgenr\u00f6hren; und Installationsverfahren.<\/p>\n\n<h2 class=\"wp-block-heading\">Was ist der Zweck von NEMA?<\/h2>\n\n<p>Die Ver\u00f6ffentlichungen der National Electrical Manufacturers Association (NEMA) spielen eine entscheidende Rolle bei der Entwicklung, Herstellung und dem Vertrieb von Produkten, die f\u00fcr den nationalen und internationalen Handel bestimmt sind. NEMA-Standards werden von Konstrukteuren und Pr\u00fcfern f\u00fcr elektrische Ger\u00e4te in Fertigungsanlagen, Prozesswerken, Konstruktions-\/Baufirmen und Konstruktions-\/Einkaufseinrichtungen der Marine\/des Milit\u00e4rs in der gesamten Industrie und Regierung verwendet, um elektrische Komponenten und Ger\u00e4te zu entwerfen, auszuw\u00e4hlen, zu kaufen, zu pr\u00fcfen und zu warten. <\/p>\n\n<h2 class=\"wp-block-heading\">Was bieten Ihnen die NEMA-Standards?<\/h2>\n\n<p>NEMA-Standards geben Ihnen die Befugnis:<\/p>\n\n<ul class=\"wp-block-list\">\n<li><strong>Verbessern Sie die Interoperabilit\u00e4t<\/strong><\/li>\n\n\n\n<li><strong>Minimieren Sie das Marktrisiko<\/strong><\/li>\n\n\n\n<li><strong>Vereinfachen Sie die Produktentwicklung<\/strong><\/li>\n<\/ul>\n\n<blockquote class=\"wp-block-quote has-medium-font-size is-layout-flow wp-block-quote-is-layout-flow\">\n<p>Denken Sie daran!<\/p>\n<cite><strong><strong><strong><strong><strong><strong><strong>Verbessern Sie die Sicherheit und sichern Sie die Marktf\u00e4higkeit elektrischer und medizinischer Bildgebungsger\u00e4te<\/strong><\/strong><\/strong><\/strong><\/strong><\/strong><\/strong><\/cite><\/blockquote>\n\n<h2 class=\"wp-block-heading\">Wie k\u00f6nnen wir Ihnen behilflich sein?<\/h2>\n\n<p><strong>Online Standard<\/strong> ist Ihr zuverl\u00e4ssigster und schnellster L\u00f6sungspartner f\u00fcr den Zugriff auf technische Dokumente und Ver\u00f6ffentlichungen, Richtlinien und Normen.<\/p>\n\n<p>Wenn Sie sich mit uns in Verbindung setzen, haben Sie auch Zugang zu allen Unterlagen, die Sie ben\u00f6tigen.<\/p>\n\n<ul class=\"wp-block-list\">\n<li>Gedruckte oder digitale <a href=\"https:\/\/onlinestandart.com\/de\/individueller-gedruckter-oder-digitaler-standardbereitstellungsservice\/\" target=\"_blank\" rel=\"noreferrer noopener\">individuelle Dokumentation<\/a><\/li>\n\n\n\n<li><a href=\"https:\/\/onlinestandart.com\/de\/standard-abholbereitstellungsservice\/\" target=\"_blank\" rel=\"noreferrer noopener\">Dokumentensammlung speziell f\u00fcr<\/a> Ihre Abteilung oder Ihr Projekt<\/li>\n\n\n\n<li>Ma\u00dfgeschneiderte <a href=\"https:\/\/onlinestandart.com\/de\/online-loesungen-fuer-standarddokumente\/\" target=\"_blank\" rel=\"noreferrer noopener\">Dokumentationsl\u00f6sungen<\/a> f\u00fcr Ihr Unternehmen<\/li>\n<\/ul>\n\n<p><strong>Dank unserer wertvollen Kooperationen k\u00f6nnen wir Ihnen die Dokumentation anbieten, die Sie durch die Recherche in mehr als 500 Quellen in digitaler oder gedruckter Form erhalten k\u00f6nnen.<\/strong><\/p>\n\n<p>Durch unsere Partnerschaften mit <a href=\"https:\/\/onlinestandart.com\/de\/amerikanisches-petroleum-institut-api\/\" target=\"_blank\" rel=\"noreferrer noopener\">API<\/a>, <a href=\"https:\/\/onlinestandart.com\/de\/die-amerikanische-gesellschaft-der-ingenieure-fuer-heizung-kuehlung-und-klimatisierung-ashrae\/\" target=\"_blank\" rel=\"noreferrer noopener\">ASHRAE<\/a>, <a href=\"https:\/\/onlinestandart.com\/asme-international\/\" target=\"_blank\" rel=\"noreferrer noopener\">ASME<\/a>, <a href=\"https:\/\/onlinestandart.com\/de\/astm-international\/\" target=\"_blank\" rel=\"noreferrer noopener\">ASTM<\/a>, <a href=\"https:\/\/onlinestandart.com\/de\/britisches-normungsinstitut-bsi\/\" target=\"_blank\" rel=\"noreferrer noopener\">BSI<\/a>, <a href=\"https:\/\/onlinestandart.com\/de\/internationale-elektrotechnische-kommission\/\" target=\"_blank\" rel=\"noreferrer noopener\">IEC<\/a>, <a href=\"https:\/\/onlinestandart.com\/ieee-standart\/\" target=\"_blank\" rel=\"noreferrer noopener\">IEEE<\/a>, <a href=\"https:\/\/onlinestandart.com.tr\/iso\/\" target=\"_blank\" rel=\"noreferrer noopener\">ISO<\/a>, <a href=\"https:\/\/onlinestandart.com\/de\/sae-international\/\" target=\"_blank\" rel=\"noreferrer noopener\">SAE<\/a> und Hunderten von anderen Normungsgremien k\u00f6nnen wir Ihnen Zeit und Ressourcen sparen, indem wir Ihnen schnellen Zugriff auf genaue und zuverl\u00e4ssige Informationen bieten.<\/p>\n","protected":false},"excerpt":{"rendered":"<p>Wof\u00fcr steht NEMA? Nationaler Verband der Elektrohersteller (NEMA) Worauf ist NEMA spezialisiert? NEMA ist der Branchenverband der Wahl f\u00fcr die Elektrofertigungsindustrie. Das Unternehmen wurde 1926 gegr\u00fcndet und hat seinen Hauptsitz in der N\u00e4he von Washington, D.C. Die rund 450 Mitgliedsunternehmen stellen Produkte her, die bei der Erzeugung, \u00dcbertragung und Verteilung, Steuerung und Endnutzung von Elektrizit\u00e4t&#8230;<\/p>\n","protected":false},"author":1,"featured_media":0,"parent":0,"menu_order":0,"comment_status":"closed","ping_status":"closed","template":"","meta":{"_kad_blocks_custom_css":"","_kad_blocks_head_custom_js":"","_kad_blocks_body_custom_js":"","_kad_blocks_footer_custom_js":"","_kad_post_transparent":"","_kad_post_title":"","_kad_post_layout":"","_kad_post_sidebar_id":"","_kad_post_content_style":"","_kad_post_vertical_padding":"","_kad_post_feature":"","_kad_post_feature_position":"","_kad_post_header":false,"_kad_post_footer":false,"_kad_post_classname":"","footnotes":""},"categories":[62],"tags":[],"class_list":["post-54879","page","type-page","status-publish","hentry","category-normen"],"taxonomy_info":{"category":[{"value":62,"label":"Normen"}]},"featured_image_src_large":false,"author_info":{"display_name":"Online Standart","author_link":"https:\/\/onlinestandart.com\/de\/author\/online-standart\/"},"comment_info":0,"_links":{"self":[{"href":"https:\/\/onlinestandart.com\/de\/wp-json\/wp\/v2\/pages\/54879","targetHints":{"allow":["GET"]}}],"collection":[{"href":"https:\/\/onlinestandart.com\/de\/wp-json\/wp\/v2\/pages"}],"about":[{"href":"https:\/\/onlinestandart.com\/de\/wp-json\/wp\/v2\/types\/page"}],"author":[{"embeddable":true,"href":"https:\/\/onlinestandart.com\/de\/wp-json\/wp\/v2\/users\/1"}],"replies":[{"embeddable":true,"href":"https:\/\/onlinestandart.com\/de\/wp-json\/wp\/v2\/comments?post=54879"}],"version-history":[{"count":0,"href":"https:\/\/onlinestandart.com\/de\/wp-json\/wp\/v2\/pages\/54879\/revisions"}],"wp:attachment":[{"href":"https:\/\/onlinestandart.com\/de\/wp-json\/wp\/v2\/media?parent=54879"}],"wp:term":[{"taxonomy":"category","embeddable":true,"href":"https:\/\/onlinestandart.com\/de\/wp-json\/wp\/v2\/categories?post=54879"},{"taxonomy":"post_tag","embeddable":true,"href":"https:\/\/onlinestandart.com\/de\/wp-json\/wp\/v2\/tags?post=54879"}],"curies":[{"name":"wp","href":"https:\/\/api.w.org\/{rel}","templated":true}]}}