{"id":55032,"date":"2024-05-15T10:13:04","date_gmt":"2024-05-15T07:13:04","guid":{"rendered":"https:\/\/onlinestandart.com\/rechtliche-hinweise\/cookie-richtlinien\/"},"modified":"2025-05-27T15:27:46","modified_gmt":"2025-05-27T12:27:46","slug":"cookie-richtlinien","status":"publish","type":"page","link":"https:\/\/onlinestandart.com\/de\/rechtliche-hinweise\/cookie-richtlinien\/","title":{"rendered":"Cookie-Richtlinien"},"content":{"rendered":"\n<h3 class=\"wp-block-heading\">Cookie-Richtlinien<\/h3>\n\n<p>Damit diese Site ordnungsgem\u00e4\u00df funktioniert, platzieren wir manchmal kleine Datendateien, sogenannte Cookies, auf Ihrem Ger\u00e4t. Die meisten gro\u00dfen Websites tun dies auch. <\/p>\n\n<h4 class=\"wp-block-heading\"><strong>Was ist ein Cookie?<\/strong><\/h4>\n\n<p>Ein Cookie ist eine kleine Textdatei, die eine Website auf Ihrem Computer oder Mobilger\u00e4t speichert, wenn Sie die Site besuchen. Dadurch kann sich die Website Ihre Aktionen und Einstellungen (wie etwa Anmeldung, Sprache, Schriftgr\u00f6\u00dfe und andere Anzeigeeinstellungen) f\u00fcr einen festgelegten Zeitraum merken, sodass Sie diese nicht jedes Mal erneut eingeben m\u00fcssen, wenn Sie auf die Website zur\u00fcckkehren oder von einer Seite zur anderen bl\u00e4ttern. <\/p>\n\n<h4 class=\"wp-block-heading\"><strong>Wie verwenden wir Cookies?<\/strong><\/h4>\n\n<p>Einige unserer Seiten verwenden Cookies, um sich zu merken:<\/p>\n\n<ul class=\"wp-block-list\">\n<li>Ihre Anzeigeeinstellungen, wie Kontrastfarbeinstellungen oder Schriftgr\u00f6\u00dfe<\/li>\n\n\n\n<li>Wenn Sie bereits auf ein Umfrage-Popup geantwortet haben, in dem gefragt wurde, ob der Inhalt hilfreich war<br\/> oder nicht (damit Sie nicht erneut gefragt werden)<\/li>\n\n\n\n<li>Wenn Sie unsere Verwendung von Cookies auf dieser Website akzeptieren (oder nicht akzeptieren)<br\/> und andere Verwendungszwecke, \u00fcber die wir in Zukunft entscheiden k\u00f6nnen, f\u00fcr die wir dieses Dokument jedoch nicht aktualisieren k\u00f6nnen<br\/> rechtzeitig.<\/li>\n\n\n\n<li>F\u00fcr eine aktuelle Liste dieser Verwendungszwecke k\u00f6nnen Sie sich an unser Unternehmen wenden.<\/li>\n\n\n\n<li>Dar\u00fcber hinaus verwenden einige auf unseren Seiten eingebettete Videos ein Cookie, um anonym Statistiken dar\u00fcber zu sammeln, wie Sie dorthin gelangt sind und welche Videos Sie angesehen haben.<\/li>\n\n\n\n<li>Cookies werden auch vom Unternehmensdienst Google Analytics gespeichert, der die Effektivit\u00e4t und Effizienz der Websites unseres Unternehmens misst.<\/li>\n\n\n\n<li>Das Aktivieren dieser Cookies ist f\u00fcr die Funktion der Website nicht unbedingt erforderlich, bietet Ihnen jedoch ein besseres Browser-Erlebnis. Sie k\u00f6nnen diese Cookies l\u00f6schen oder blockieren, aber wenn Sie dies tun, funktionieren einige Funktionen dieser Site m\u00f6glicherweise nicht wie vorgesehen. <\/li>\n\n\n\n<li>Die Cookie-bezogenen Informationen werden nicht dazu verwendet, Sie pers\u00f6nlich zu identifizieren und die Musterdaten unterliegen vollst\u00e4ndig unserer Kontrolle. Diese Cookies werden f\u00fcr keinen anderen als den hier beschriebenen Zweck verwendet. <\/li>\n<\/ul>\n\n<h4 class=\"wp-block-heading\"><strong>Verwenden wir andere Cookies?<\/strong><\/h4>\n\n<p>Auf einigen unserer Seiten oder Unterseiten k\u00f6nnen zus\u00e4tzliche oder andere Cookies als die oben beschriebenen zum Einsatz kommen. Wenn dies der Fall ist, werden Einzelheiten hierzu auf der jeweiligen Cookie-Benachrichtigungsseite bereitgestellt. M\u00f6glicherweise werden Sie um Ihre Zustimmung zur Speicherung dieser Cookies gebeten.  <\/p>\n\n<p>Diese Site ist Eigentum von YANDEX LLC, 119021, Russland, Moskau, Str. Es verwendet den Webanalysedienst Yandex Metrica von . L. Tolstoi, 16 (im Folgenden Yandex genannt) . <\/p>\n\n<p>Der Dienst Yandex Metrica verwendet die \u201eCookie\u201c-Technologie. Dabei handelt es sich um kleine Textdateien, die auf den Computern der Benutzer abgelegt werden, um deren Aktivit\u00e4t zu analysieren.<\/p>\n\n<p>Die durch Cookies gesammelten Informationen k\u00f6nnen Sie nicht identifizieren, k\u00f6nnen uns aber dabei helfen, die Leistung unserer Website zu verbessern. Mithilfe von Cookies erfasste Informationen zu Ihrer Nutzung dieser Website werden an Yandex \u00fcbertragen und auf einem Yandex-Server in der Russischen F\u00f6deration und\/oder dem EWR gespeichert. Yandex verarbeitet diese Informationen im Interesse des Website-Betreibers, insbesondere um Ihre Nutzung der Website auszuwerten und Berichte \u00fcber Aktivit\u00e4ten auf der Website zu erstellen. Yandex verarbeitet diese Informationen in der in den Nutzungsbedingungen des Yandex Metrica-Dienstes angegebenen Weise.   <\/p>\n\n<p>Sie k\u00f6nnen die Verwendung von Cookies ablehnen, indem Sie die entsprechenden Einstellungen in Ihrem Browser ausw\u00e4hlen. Sie k\u00f6nnen auch das Tool https:\/\/yandex.ru\/support\/metrika\/general\/opt-out.html verwenden. Dies kann jedoch die Funktionsweise einiger Funktionen der Site beeintr\u00e4chtigen. Durch die Nutzung dieser Website erkl\u00e4ren Sie sich mit der Verarbeitung Ihrer Daten in der oben beschriebenen Art und Weise und zu den oben genannten Zwecken einverstanden.  <\/p>\n\n<h4 class=\"wp-block-heading\"><strong>Wie kontrolliert man Cookies?<\/strong><\/h4>\n\n<p>Sie k\u00f6nnen Cookies nach Belieben steuern und\/oder l\u00f6schen \u2013 Einzelheiten finden Sie unter aboutcookies.org. Sie k\u00f6nnen alle Cookies auf Ihrem Computer l\u00f6schen und die meisten Browser so einstellen, dass deren Platzierung verhindert wird. Wenn Sie dies tun, m\u00fcssen Sie jedoch m\u00f6glicherweise bei jedem Besuch einer Site einige Einstellungen manuell anpassen und einige Dienste und Funktionen funktionieren m\u00f6glicherweise nicht.  <\/p>\n","protected":false},"excerpt":{"rendered":"<p>Cookie-Richtlinien Damit diese Site ordnungsgem\u00e4\u00df funktioniert, platzieren wir manchmal kleine Datendateien, sogenannte Cookies, auf Ihrem Ger\u00e4t. Die meisten gro\u00dfen Websites tun dies auch. Was ist ein Cookie? Ein Cookie ist eine kleine Textdatei, die eine Website auf Ihrem Computer oder Mobilger\u00e4t speichert, wenn Sie die Site besuchen. Dadurch kann sich die Website Ihre Aktionen und&#8230;<\/p>\n","protected":false},"author":1,"featured_media":0,"parent":54584,"menu_order":0,"comment_status":"closed","ping_status":"closed","template":"","meta":{"_kad_blocks_custom_css":"","_kad_blocks_head_custom_js":"","_kad_blocks_body_custom_js":"","_kad_blocks_footer_custom_js":"","_kad_post_transparent":"","_kad_post_title":"","_kad_post_layout":"","_kad_post_sidebar_id":"","_kad_post_content_style":"","_kad_post_vertical_padding":"","_kad_post_feature":"","_kad_post_feature_position":"","_kad_post_header":false,"_kad_post_footer":false,"_kad_post_classname":"","footnotes":""},"categories":[],"tags":[],"class_list":["post-55032","page","type-page","status-publish","hentry"],"taxonomy_info":[],"featured_image_src_large":false,"author_info":{"display_name":"Online Standart","author_link":"https:\/\/onlinestandart.com\/de\/author\/online-standart\/"},"comment_info":0,"_links":{"self":[{"href":"https:\/\/onlinestandart.com\/de\/wp-json\/wp\/v2\/pages\/55032","targetHints":{"allow":["GET"]}}],"collection":[{"href":"https:\/\/onlinestandart.com\/de\/wp-json\/wp\/v2\/pages"}],"about":[{"href":"https:\/\/onlinestandart.com\/de\/wp-json\/wp\/v2\/types\/page"}],"author":[{"embeddable":true,"href":"https:\/\/onlinestandart.com\/de\/wp-json\/wp\/v2\/users\/1"}],"replies":[{"embeddable":true,"href":"https:\/\/onlinestandart.com\/de\/wp-json\/wp\/v2\/comments?post=55032"}],"version-history":[{"count":0,"href":"https:\/\/onlinestandart.com\/de\/wp-json\/wp\/v2\/pages\/55032\/revisions"}],"up":[{"embeddable":true,"href":"https:\/\/onlinestandart.com\/de\/wp-json\/wp\/v2\/pages\/54584"}],"wp:attachment":[{"href":"https:\/\/onlinestandart.com\/de\/wp-json\/wp\/v2\/media?parent=55032"}],"wp:term":[{"taxonomy":"category","embeddable":true,"href":"https:\/\/onlinestandart.com\/de\/wp-json\/wp\/v2\/categories?post=55032"},{"taxonomy":"post_tag","embeddable":true,"href":"https:\/\/onlinestandart.com\/de\/wp-json\/wp\/v2\/tags?post=55032"}],"curies":[{"name":"wp","href":"https:\/\/api.w.org\/{rel}","templated":true}]}}