{"id":55045,"date":"2024-05-15T10:12:09","date_gmt":"2024-05-15T07:12:09","guid":{"rendered":"https:\/\/onlinestandart.com\/rechtliche-hinweise\/explizite-zustimmungstext\/"},"modified":"2025-05-27T15:27:56","modified_gmt":"2025-05-27T12:27:56","slug":"explizite-zustimmungstext","status":"publish","type":"page","link":"https:\/\/onlinestandart.com\/de\/rechtliche-hinweise\/explizite-zustimmungstext\/","title":{"rendered":"Explizite Zustimmungstext"},"content":{"rendered":"\n<h3 class=\"wp-block-heading\"><strong>Explizite Zustimmungstext<\/strong><\/h3>\n\n<p>Einwilligungstext zur Verarbeitung personenbezogener Daten im Rahmen des ausdr\u00fccklichen Einwilligungstextes gem\u00e4\u00df dem Gesetz zum Schutz personenbezogener Daten Nr. 6698 (KVKK).  <a href=\"https:\/\/www.mevzuat.gov.tr\/mevzuatmetin\/1.5.6698.pdf\" target=\"_blank\" rel=\"noreferrer noopener\">KVKK-Zugang.<\/a><\/p>\n\n<p>Gem\u00e4\u00df dem Gesetz zum Schutz personenbezogener Daten Nr. 6698 (\u201eLPPD\u201c) werden meine personenbezogenen Daten an Online Information Services Education \u00fcbermittelt. und juhu. Singen. Handel. ALS. Ich wurde von (\u201eONLILE BILGI\u201c) \u00fcber die Zwecke informiert, zu denen die verarbeiteten personenbezogenen Daten verarbeitet werden, an wen und zu welchen Zwecken die verarbeiteten personenbezogenen Daten \u00fcbermittelt werden k\u00f6nnen, \u00fcber die Methode und Rechtsgrundlage f\u00fcr die Erhebung personenbezogener Daten sowie \u00fcber meine weiteren in Artikel 11 des KVKK aufgef\u00fchrten Rechte.<\/p>\n\n<p>In diesem Zusammenhang akzeptiere ich, dass mir die notwendigen Informationen zur Verf\u00fcgung gestellt wurden, dass ich diesen Text sowie den Kundeninformationstext gem\u00e4\u00df der Gesetzgebung zum Schutz personenbezogener Daten gelesen und verstanden habe und dass meine Telefonnummer, E-Mail-Adresse, mein Vor- und Nachname und andere personenbezogene Daten von ONLILE BILGI verwendet werden k\u00f6nnen, um Kaufgewohnheiten zu verfolgen, Kampagnen- und Paketinformationsdienste bereitzustellen, Beratung zu Produkten und Dienstleistungen zu geben, Informationen zu Kampagnen bereitzustellen und \u00fcber soziale Medien, Suchmaschinen usw. Werbung f\u00fcr und Marketing- und Kampagnenaktivit\u00e4ten in Bezug auf die oben genannten Dienstleistungen und Produkte zu betreiben. Ich stimme der Verarbeitung meiner personenbezogenen Daten im Rahmen der oben angegebenen Informationen zu, um alle Arten von Dienstleistungen von ONLILE BILGI zu nutzen, \u00fcber alle Arten von Kommunikationstools und -kan\u00e4len zwecks Werbung, Marketing und Verkauf der Dienstleistung zu informieren und meine personenbezogenen Daten an mit ONLILE BILGI verbundene Unternehmen und die oben genannten Drittparteien weiterzugeben, um die Website und Onlinedienste zu verbessern, falls ich an Online-Umfragen von ONLILE BILGI teilnehme.  <\/p>\n\n<p>In Bezug auf die aufgef\u00fchrten Informationen und Dokumente; Der KUNDE akzeptiert, dass ONLILE BILGI das Recht hat, diese Informationen und Dokumente zu besitzen, aufzuzeichnen, zu speichern, zu verarbeiten und weiterzugeben. Auch in Bezug auf diese Informationen und Dokumente erkl\u00e4re ich mich unwiderruflich damit einverstanden und verpflichte mich, meine Zustimmung\/Genehmigung hinsichtlich der Verwendung, Verarbeitung und \u00dcbermittlung der besonderen personenbezogenen Daten, die ONLILE BILGI hat\/haben wird, sowie hinsichtlich der \u00dcbermittlung der Daten und besonderen personenbezogenen Daten ins Ausland, falls erforderlich, gegeben zu haben. <\/p>\n","protected":false},"excerpt":{"rendered":"<p>Explizite Zustimmungstext Einwilligungstext zur Verarbeitung personenbezogener Daten im Rahmen des ausdr\u00fccklichen Einwilligungstextes gem\u00e4\u00df dem Gesetz zum Schutz personenbezogener Daten Nr. 6698 (KVKK). KVKK-Zugang. Gem\u00e4\u00df dem Gesetz zum Schutz personenbezogener Daten Nr. 6698 (\u201eLPPD\u201c) werden meine personenbezogenen Daten an Online Information Services Education \u00fcbermittelt. und juhu. Singen. Handel. ALS. Ich wurde von (\u201eONLILE BILGI\u201c) \u00fcber die&#8230;<\/p>\n","protected":false},"author":1,"featured_media":0,"parent":54584,"menu_order":0,"comment_status":"closed","ping_status":"closed","template":"","meta":{"_kad_blocks_custom_css":"","_kad_blocks_head_custom_js":"","_kad_blocks_body_custom_js":"","_kad_blocks_footer_custom_js":"","_kad_post_transparent":"","_kad_post_title":"","_kad_post_layout":"","_kad_post_sidebar_id":"","_kad_post_content_style":"","_kad_post_vertical_padding":"","_kad_post_feature":"","_kad_post_feature_position":"","_kad_post_header":false,"_kad_post_footer":false,"_kad_post_classname":"","footnotes":""},"categories":[],"tags":[],"class_list":["post-55045","page","type-page","status-publish","hentry"],"taxonomy_info":[],"featured_image_src_large":false,"author_info":{"display_name":"Online Standart","author_link":"https:\/\/onlinestandart.com\/de\/author\/online-standart\/"},"comment_info":0,"_links":{"self":[{"href":"https:\/\/onlinestandart.com\/de\/wp-json\/wp\/v2\/pages\/55045","targetHints":{"allow":["GET"]}}],"collection":[{"href":"https:\/\/onlinestandart.com\/de\/wp-json\/wp\/v2\/pages"}],"about":[{"href":"https:\/\/onlinestandart.com\/de\/wp-json\/wp\/v2\/types\/page"}],"author":[{"embeddable":true,"href":"https:\/\/onlinestandart.com\/de\/wp-json\/wp\/v2\/users\/1"}],"replies":[{"embeddable":true,"href":"https:\/\/onlinestandart.com\/de\/wp-json\/wp\/v2\/comments?post=55045"}],"version-history":[{"count":0,"href":"https:\/\/onlinestandart.com\/de\/wp-json\/wp\/v2\/pages\/55045\/revisions"}],"up":[{"embeddable":true,"href":"https:\/\/onlinestandart.com\/de\/wp-json\/wp\/v2\/pages\/54584"}],"wp:attachment":[{"href":"https:\/\/onlinestandart.com\/de\/wp-json\/wp\/v2\/media?parent=55045"}],"wp:term":[{"taxonomy":"category","embeddable":true,"href":"https:\/\/onlinestandart.com\/de\/wp-json\/wp\/v2\/categories?post=55045"},{"taxonomy":"post_tag","embeddable":true,"href":"https:\/\/onlinestandart.com\/de\/wp-json\/wp\/v2\/tags?post=55045"}],"curies":[{"name":"wp","href":"https:\/\/api.w.org\/{rel}","templated":true}]}}