{"id":55056,"date":"2024-05-15T10:06:56","date_gmt":"2024-05-15T07:06:56","guid":{"rendered":"https:\/\/onlinestandart.com\/rechtliche-hinweise\/datenschutzrichtlinie\/"},"modified":"2025-05-27T15:27:56","modified_gmt":"2025-05-27T12:27:56","slug":"datenschutzrichtlinie","status":"publish","type":"page","link":"https:\/\/onlinestandart.com\/de\/rechtliche-hinweise\/datenschutzrichtlinie\/","title":{"rendered":"Datenschutzrichtlinie"},"content":{"rendered":"\n<h2 class=\"wp-block-heading\"><strong>Wer wir sind<\/strong><\/h2>\n\n<p>Im Bereich Online-Standard ist es auf den Informationssektor mit Forschungsdatenbanken, Standarddokumentationen und digitalen Bibliotheksl\u00f6sungen spezialisiert. Unsere Website-Adresse: https:\/\/onlinestandart.com. Wenn Sie uns kontaktieren m\u00f6chten, verwenden Sie dazu bitte unsere Kontaktseite. <\/p>\n\n<h4 class=\"wp-block-heading\"><strong>Welche personenbezogenen Daten erheben wir und warum erheben wir sie?<\/strong><\/h4>\n\n<p>Online Information Services Inc. oder die Website onlinestandard.com erfassen nicht automatisch personenbezogene Daten. Wir verwenden keine Social Plugins und verf\u00fcgen \u00fcber keine Kontofunktionen, die eine Informationserfassung erm\u00f6glichen w\u00fcrden.<\/p>\n\n<p><em>Wir arbeiten mit Microsoft Clarity und Microsoft Advertising zusammen, um mithilfe von Verhaltensmetriken, Heatmaps und Sitzungswiedergaben zu erfassen, wie Sie unsere Website nutzen und mit ihr interagieren, um unsere Produkte\/Dienste zu verbessern und zu vermarkten. Daten zur Website-Nutzung werden mithilfe von Erst- und Drittanbieter-Cookies und anderen Tracking-Technologien erfasst, um die Beliebtheit von Produkten\/Diensten und die Online-Aktivit\u00e4t zu ermitteln. Wir verwenden diese Informationen auch zur Site-Optimierung, zu Betrugs-\/Sicherheitszwecken und f\u00fcr Werbung. Weitere Informationen dar\u00fcber, wie Microsoft Ihre Daten sammelt und verwendet     <br\/>Besuchen Sie <a href=\"https:\/\/privacy.microsoft.com\/privacystatement\" target=\"_blank\" rel=\"noopener\">die Datenschutzerkl\u00e4rung von Microsoft<\/a> .<\/em><\/p>\n\n<p><strong>Kommentare<\/strong><br\/> Wenn Besucher Kommentare auf der Site hinterlassen, erfassen wir die im Kommentarformular angezeigten Daten sowie die IP-Adresse und den Browserstring des Besuchers, um die Spam-Erkennung zu unterst\u00fctzen.<br\/> Aus Ihrer E-Mail-Adresse kann eine anonymisierte Zeichenfolge (auch Hash genannt) erstellt und dem Gravatar-Dienst zur Verf\u00fcgung gestellt werden, um zu pr\u00fcfen, ob Sie ihn verwenden. Die Datenschutzrichtlinie des Gravatar-Dienstes finden Sie hier: https:\/\/automattic.com\/privacy\/. Nach der Freigabe Ihres Kommentars ist Ihr Profilbild im Kontext Ihres Kommentars \u00f6ffentlich sichtbar. <\/p>\n\n<p><strong>Medien<\/strong><br\/> Wenn Sie Bilder auf die Website hochladen, sollten Sie das Hochladen von Bildern vermeiden, die eingebettete Standortdaten (EXIF GPS) enthalten. Website-Besucher k\u00f6nnen beliebige Standortinformationen aus Bildern auf der Website herunterladen und extrahieren. <\/p>\n\n<p><strong>Kontaktformulare<\/strong><br\/> Auf dieser Website finden Sie Kontaktformulare. Wir nutzen dies, um einen effizienten Kundenservice bereitzustellen. Die \u00fcber diese Formulare \u00fcbermittelten Daten werden von uns nicht verarbeitet, sie werden ausschlie\u00dflich f\u00fcr den vom Kunden gew\u00fcnschten Zweck verwendet. Die Informationen werden zeitlich unbegrenzt gespeichert.   <\/p>\n\n<p>Durch die \u00dcbermittlung Ihrer E-Mail-Adresse best\u00e4tigen Sie, dass Sie die Datenschutzerkl\u00e4rung akzeptieren und unserer Datenverarbeitung gem\u00e4\u00df der Datenschutzerkl\u00e4rung (einschlie\u00dflich internationaler \u00dcbertragungen) zustimmen. Wenn Sie Ihre Meinung zum Erhalt von Informationen von uns \u00e4ndern m\u00f6chten, k\u00f6nnen Sie uns jederzeit \u00fcber die Seite \u201eKontakt\u201c eine E-Mail-Nachricht senden. <\/p>\n\n<p><strong>Pl\u00e4tzchen<\/strong><br\/> Wenn Sie auf unserer Website einen Kommentar hinterlassen, k\u00f6nnen Sie der Speicherung Ihres Namens, Ihrer E-Mail-Adresse und Ihrer Website in Cookies zustimmen. Diese dienen Ihrer Bequemlichkeit, damit Sie Ihre Daten nicht erneut eingeben m\u00fcssen, wenn Sie einen weiteren Kommentar hinterlassen. Diese Cookies sind ein Jahr lang g\u00fcltig.  <\/p>\n\n<p>Wenn Sie ein Konto haben und sich auf dieser Website anmelden, setzen wir ein tempor\u00e4res Cookie, um festzustellen, ob Ihr Browser Cookies akzeptiert. Dieses Cookie enth\u00e4lt keine personenbezogenen Daten und wird verworfen, wenn Sie Ihren Browser schlie\u00dfen. <\/p>\n\n<p>Wenn Sie sich anmelden, richten wir au\u00dferdem mehrere Cookies ein, um Ihre Anmeldeinformationen und Ihre Bildschirmanzeigeeinstellungen zu speichern. Anmelde-Cookies sind zwei Tage lang g\u00fcltig, Cookies f\u00fcr Bildschirmoptionen ein Jahr. Wenn Sie \u201eAngemeldet bleiben\u201c ausw\u00e4hlen, bleiben Ihre Anmeldeinformationen zwei Wochen lang erhalten. Wenn Sie sich von Ihrem Konto abmelden, werden die Anmelde-Cookies entfernt.   <\/p>\n\n<p>Wenn Sie einen Artikel bearbeiten oder ver\u00f6ffentlichen, wird ein zus\u00e4tzlicher Cookie in Ihrem Browser gespeichert. Dieses Cookie enth\u00e4lt keine personenbezogenen Daten und gibt lediglich die Beitrags-ID des Artikels an, den Sie gerade bearbeitet haben. L\u00e4uft nach 1 Tag ab.  <\/p>\n\n<p>Die zus\u00e4tzlichen Cookie-Richtlinien k\u00f6nnen unten eingesehen werden.<\/p>\n\n<p><strong>Eingebettete Inhalte von anderen Websites<\/strong><br\/> Artikel auf dieser Site k\u00f6nnen eingebettete Inhalte enthalten (z. B. Videos, Bilder, Artikel usw.). Eingebettete Inhalte von anderen Websites verhalten sich exakt so, als ob der Besucher die andere Website besucht h\u00e4tte. <\/p>\n\n<p>Diese Websites k\u00f6nnen Daten \u00fcber Sie sammeln, Cookies benutzen, zus\u00e4tzliche Tracking-Dienste von Dritten einbetten und Ihre Interaktion mit diesem eingebetteten Inhalt aufzeichnen, inklusive Ihrer Interaktion mit dem eingebetteten Inhalt, falls Sie ein Konto haben und auf dieser Website angemeldet sind.<\/p>\n\n<p><strong>Analytisch<\/strong><br\/> Unser Unternehmen, Online Bilgi Hizmetleri A.\u015e., sammelt auf dieser Website keine analytischen Daten. Wir verwenden auf dieser Website ein Minimum an Software von Drittanbietern, die m\u00f6glicherweise anonyme Informationen auf unserer Website sammelt. Wir beschr\u00e4nken ihre Nutzung unserer Daten so weit wie m\u00f6glich. Wir sind nicht f\u00fcr deren Verwendung verantwortlich. Wenn Sie mehr \u00fcber die Datenschutzrichtlinien erfahren m\u00f6chten, fragen Sie uns bitte nach den Plugins, die wir zum Betreiben dieser Site verwenden.<\/p>\n\n<h4 class=\"wp-block-heading\"><strong>Mit wem wir Ihre Daten teilen<\/strong><\/h4>\n\n<p>Online Information Services Inc. gibt standardm\u00e4\u00dfig keine personenbezogenen Daten an Dritte weiter. Dies ist nur mit ausdr\u00fccklicher Zustimmung des Kunden m\u00f6glich, um die Leistung gegen\u00fcber dem Kunden erbringen zu k\u00f6nnen.<\/p>\n\n<h4 class=\"wp-block-heading\"><strong>Wie lange speichern wir Ihre Daten?<\/strong><\/h4>\n\n<p>Wenn Sie einen Kommentar hinterlassen, bleiben der Kommentar und seine Metadaten auf unbestimmte Zeit gespeichert. Auf diese Weise k\u00f6nnen wir Folgekommentare automatisch erkennen und freigeben, anstatt sie in einer Moderationswarteschlange festzuhalten. <\/p>\n\n<p>F\u00fcr Benutzer, die sich auf unserer Website registrieren (falls vorhanden), speichern wir zus\u00e4tzlich die pers\u00f6nlichen Informationen, die sie in ihrem Benutzerprofil angeben. Alle Benutzer k\u00f6nnen ihre pers\u00f6nlichen Daten jederzeit einsehen, bearbeiten oder l\u00f6schen (mit Ausnahme der \u00c4nderung ihres Benutzernamens). Website-Administratoren k\u00f6nnen diese Informationen ebenfalls anzeigen und bearbeiten.  <\/p>\n\n<h4 class=\"wp-block-heading\"><strong>Welche Rechte haben Sie an Ihren Daten?<\/strong><\/h4>\n\n<p>Wenn Sie ein Konto auf dieser Site besitzen oder Kommentare hinterlassen haben, k\u00f6nnen Sie eine exportierte Datei der von uns \u00fcber Sie gespeicherten personenbezogenen Daten anfordern, einschlie\u00dflich aller Daten, die Sie uns bereitgestellt haben. Sie k\u00f6nnen auch verlangen, dass wir alle personenbezogenen Daten l\u00f6schen, die wir \u00fcber Sie gespeichert haben. Dies umfasst nicht die Daten, die wir aufgrund administrativer, rechtlicher oder sicherheitsrelevanter Notwendigkeiten aufbewahren m\u00fcssen.  <\/p>\n\n<h4 class=\"wp-block-heading\"><strong>Wohin wir Ihre Daten senden<\/strong><\/h4>\n\n<p>Besucherkommentare k\u00f6nnten von einem automatisierten Dienst zur Spam-Erkennung untersucht werden.<br\/> Wie wir Ihre Daten sch\u00fctzen<br\/> Wir verwenden, wo immer m\u00f6glich, eine Zwei-Faktor-Authentifizierung und minimieren die Weitergabe von Kundeninformationen innerhalb des Unternehmens. Online Information Services Inc. verwendet branchenf\u00fchrende Software, um sicherzustellen, dass seine Partner die strengsten Sicherheitsstandards einhalten.<\/p>\n\n<h4 class=\"wp-block-heading\"><strong>Welche Verfahren wenden wir bei Datenschutzverletzungen an?<\/strong><\/h4>\n\n<p>Im Falle einer Datenpanne wird ein Mitglied unseres Teams alle Kunden kontaktieren, die von der Panne betroffen sein k\u00f6nnten.<\/p>\n\n<p><\/p>\n","protected":false},"excerpt":{"rendered":"<p>Wer wir sind Im Bereich Online-Standard ist es auf den Informationssektor mit Forschungsdatenbanken, Standarddokumentationen und digitalen Bibliotheksl\u00f6sungen spezialisiert. Unsere Website-Adresse: https:\/\/onlinestandart.com. Wenn Sie uns kontaktieren m\u00f6chten, verwenden Sie dazu bitte unsere Kontaktseite. Welche personenbezogenen Daten erheben wir und warum erheben wir sie? Online Information Services Inc. oder die Website onlinestandard.com erfassen nicht automatisch personenbezogene Daten&#8230;.<\/p>\n","protected":false},"author":1,"featured_media":0,"parent":54584,"menu_order":0,"comment_status":"closed","ping_status":"closed","template":"","meta":{"_kad_blocks_custom_css":"","_kad_blocks_head_custom_js":"","_kad_blocks_body_custom_js":"","_kad_blocks_footer_custom_js":"","_kad_post_transparent":"","_kad_post_title":"","_kad_post_layout":"","_kad_post_sidebar_id":"","_kad_post_content_style":"","_kad_post_vertical_padding":"","_kad_post_feature":"","_kad_post_feature_position":"","_kad_post_header":false,"_kad_post_footer":false,"_kad_post_classname":"","footnotes":""},"categories":[],"tags":[],"class_list":["post-55056","page","type-page","status-publish","hentry"],"taxonomy_info":[],"featured_image_src_large":false,"author_info":{"display_name":"Online Standart","author_link":"https:\/\/onlinestandart.com\/de\/author\/online-standart\/"},"comment_info":0,"_links":{"self":[{"href":"https:\/\/onlinestandart.com\/de\/wp-json\/wp\/v2\/pages\/55056","targetHints":{"allow":["GET"]}}],"collection":[{"href":"https:\/\/onlinestandart.com\/de\/wp-json\/wp\/v2\/pages"}],"about":[{"href":"https:\/\/onlinestandart.com\/de\/wp-json\/wp\/v2\/types\/page"}],"author":[{"embeddable":true,"href":"https:\/\/onlinestandart.com\/de\/wp-json\/wp\/v2\/users\/1"}],"replies":[{"embeddable":true,"href":"https:\/\/onlinestandart.com\/de\/wp-json\/wp\/v2\/comments?post=55056"}],"version-history":[{"count":0,"href":"https:\/\/onlinestandart.com\/de\/wp-json\/wp\/v2\/pages\/55056\/revisions"}],"up":[{"embeddable":true,"href":"https:\/\/onlinestandart.com\/de\/wp-json\/wp\/v2\/pages\/54584"}],"wp:attachment":[{"href":"https:\/\/onlinestandart.com\/de\/wp-json\/wp\/v2\/media?parent=55056"}],"wp:term":[{"taxonomy":"category","embeddable":true,"href":"https:\/\/onlinestandart.com\/de\/wp-json\/wp\/v2\/categories?post=55056"},{"taxonomy":"post_tag","embeddable":true,"href":"https:\/\/onlinestandart.com\/de\/wp-json\/wp\/v2\/tags?post=55056"}],"curies":[{"name":"wp","href":"https:\/\/api.w.org\/{rel}","templated":true}]}}