{"id":55215,"date":"2025-03-04T14:45:17","date_gmt":"2025-03-04T11:45:17","guid":{"rendered":"https:\/\/onlinestandart.com\/amerikanisches-petroleum-institut-api\/api-standards-transportpaket\/"},"modified":"2025-05-27T15:33:51","modified_gmt":"2025-05-27T12:33:51","slug":"api-standards-transportpaket","status":"publish","type":"page","link":"https:\/\/onlinestandart.com\/de\/amerikanisches-petroleum-institut-api\/api-standards-transportpaket\/","title":{"rendered":"API-Standards-Transportpaket"},"content":{"rendered":"\n<p>Transport ist ein unverzichtbarer Bestandteil der heutigen Welt. In dieser Zeit, in der sich alles schnell entwickelt, ist es noch wichtiger, \u00fcber die richtigen Standards zu verf\u00fcgen. Hier kommen die API-Standards (American Petroleum Institute) ins Spiel. Sie spielen eine entscheidende Rolle bei der Gew\u00e4hrleistung der Sicherheit und Steigerung der Effizienz, insbesondere im \u00d6l- und Erdgassektor. Was also bieten Transportpakete nach API-Standards? In diesem Artikel gehen wir tief in das Thema ein und informieren Sie.     <\/p>\n\n<h2 class=\"wp-block-heading\">Was sind die API-Standard-Transportpakete?<\/h2>\n\n<p><a href=\"https:\/\/onlinestandart.com\/de\/amerikanisches-petroleum-institut-api\/\">Die API-Transportstandards<\/a> bilden die grundlegenden Bausteine \u200b\u200bder Branche. Ziel dieses Pakets ist es, die sicheren Transportprozesse von \u00d6l und Gas zu regeln und gleichzeitig die Auswirkungen auf die Umwelt zu minimieren. <\/p>\n<style>.wp-block-kadence-advancedbtn.kb-btns6851_a1f1c4-4b{gap:var(--global-kb-gap-xs, 0.5rem );justify-content:flex-start;align-items:center;}.kt-btns6851_a1f1c4-4b .kt-button{font-weight:normal;font-style:normal;}.kt-btns6851_a1f1c4-4b .kt-btn-wrap-0{margin-right:5px;}.wp-block-kadence-advancedbtn.kt-btns6851_a1f1c4-4b .kt-btn-wrap-0 .kt-button{color:#555555;border-color:#555555;}.wp-block-kadence-advancedbtn.kt-btns6851_a1f1c4-4b .kt-btn-wrap-0 .kt-button:hover, .wp-block-kadence-advancedbtn.kt-btns6851_a1f1c4-4b .kt-btn-wrap-0 .kt-button:focus{color:#ffffff;border-color:#444444;}.wp-block-kadence-advancedbtn.kt-btns6851_a1f1c4-4b .kt-btn-wrap-0 .kt-button::before{display:none;}.wp-block-kadence-advancedbtn.kt-btns6851_a1f1c4-4b .kt-btn-wrap-0 .kt-button:hover, .wp-block-kadence-advancedbtn.kt-btns6851_a1f1c4-4b .kt-btn-wrap-0 .kt-button:focus{background:#444444;}<\/style>\n<div class=\"wp-block-kadence-advancedbtn kb-buttons-wrap kb-btns6851_a1f1c4-4b\"><style>ul.menu .wp-block-kadence-advancedbtn .kb-btn6851_f00d5f-fc.kb-button{width:initial;}.wp-block-kadence-advancedbtn .kb-btn6851_f00d5f-fc.kb-button{background:var(--global-palette1, #3182CE);font-family:-apple-system,BlinkMacSystemFont,\"Segoe UI\",Roboto,Oxygen-Sans,Ubuntu,Cantarell,\"Helvetica Neue\",sans-serif, \"Apple Color Emoji\", \"Segoe UI Emoji\", \"Segoe UI Symbol\";border-top-left-radius:8px;border-top-right-radius:8px;border-bottom-right-radius:8px;border-bottom-left-radius:8px;padding-top:14px;padding-right:30px;padding-bottom:14px;padding-left:30px;}.wp-block-kadence-advancedbtn .kb-btn6851_f00d5f-fc.kb-button:hover, .wp-block-kadence-advancedbtn .kb-btn6851_f00d5f-fc.kb-button:focus{background:var(--global-palette2, #2B6CB0);}<\/style><a class=\"kb-button kt-button button kb-btn6851_f00d5f-fc kt-btn-size-small kt-btn-width-type-auto kb-btn-global-fill  kt-btn-has-text-true kt-btn-has-svg-true  wp-block-kadence-singlebtn\" href=\"https:\/\/onlinestandart.com\/de\/kontakt\/\"><span class=\"kt-btn-inner-text\">DOKUMENT ANFORDERN<\/span><span class=\"kb-svg-icon-wrap kb-svg-icon-fe_arrowRightCircle kt-btn-icon-side-right\"><svg viewBox=\"0 0 24 24\"  fill=\"none\" stroke=\"currentColor\" stroke-width=\"2\" stroke-linecap=\"round\" stroke-linejoin=\"round\" xmlns=\"http:\/\/www.w3.org\/2000\/svg\"  aria-hidden=\"true\"><circle cx=\"12\" cy=\"12\" r=\"10\"\/><polyline points=\"12 16 16 12 12 8\"\/><line x1=\"8\" y1=\"12\" x2=\"16\" y2=\"12\"\/><\/svg><\/span><\/a><\/div>\n\n<p>Das Transportpaket besteht aus verschiedenen Unterstandards. Hierzu z\u00e4hlen Vorschriften f\u00fcr Pipelines, Speichersysteme und den Betrieb an Land. Jeder Standard dient einem bestimmten Zweck; Beispielsweise geht es darum, die erforderliche Belastbarkeit bei der Pipeline-Konstruktion sicherzustellen oder Methoden f\u00fcr eine schnelle Reaktion in Notfallsituationen zu definieren.  <br\/><br\/>Dar\u00fcber hinaus f\u00f6rdern API-Standards die besten Praktiken der Branche. Durch die Arbeit im Einklang mit dieser Standardisierung k\u00f6nnen Unternehmen sowohl Kosten senken als auch Gesch\u00e4ftsprozesse effizienter gestalten. <br\/><br\/>Ein wichtiger Bestandteil ist auch die Zertifizierung der im Transportbetrieb eingesetzten Ausr\u00fcstung. Somit k\u00f6nnen alle Branchenteilnehmer die geforderte Qualit\u00e4t erreichen und im internationalen Wettbewerb bestehen. <\/p>\n\n<p>Sie k\u00f6nnen den Inhalt des API Standards Transportation Package in der folgenden Tabelle einsehen:<\/p>\n\n<figure class=\"wp-block-table\"><table class=\"has-fixed-layout\"><thead><tr><th><strong>Kategorie<\/strong><\/th><th><strong>Standardnummer<\/strong><\/th><th><strong>Titel<\/strong><\/th><\/tr><\/thead><tbody><tr><td>Schienenverkehr<\/td><td>RP 3000<\/td><td>Verladung und Klassifizierung von Roh\u00f6l in Eisenbahnkesselwagen<\/td><\/tr><tr><td>Aufkl\u00e4rung und Sensibilisierung der \u00d6ffentlichkeit \u00fcber Pipelines<\/td><td>API-Richtlinien f\u00fcr Wegerecht-Aktivit\u00e4ten<\/td><td>Richtlinien f\u00fcr Pipeline-Eigentum und Landnutzung<\/td><\/tr><tr><td>Pipeline-Betrieb<\/td><td>RP 80<\/td><td>Identifizierung von Onshore-Gassammelleitungen<\/td><\/tr><tr><td>Pipeline-Betrieb<\/td><td>RP 1102<\/td><td>Kreuzung von Stahlrohrleitungen mit Eisenbahnen und Autobahnen<\/td><\/tr><tr><td>Pipeline-Betrieb<\/td><td>Std 1104<\/td><td>Schwei\u00dfen von Rohrleitungen und zugeh\u00f6rigen Anlagen<\/td><\/tr><tr><td>Pipeline-Betrieb<\/td><td>RP 1109<\/td><td>Schilder und Schilder f\u00fcr Rohrleitungen f\u00fcr gef\u00e4hrliche Fl\u00fcssigkeiten<\/td><\/tr><tr><td>Pipeline-Betrieb<\/td><td>RP 1110<\/td><td>Druckpr\u00fcfung von Stahlpipelines<\/td><\/tr><tr><td>Pipeline-Betrieb<\/td><td>RP 1111<\/td><td>Entwurf, Bau, Betrieb und Wartung von Offshore-Kohlenwasserstoffpipelines<\/td><\/tr><tr><td>Pipeline-Betrieb<\/td><td>RP 1115<\/td><td>Entwurf und Betrieb von Kavernen aus gel\u00f6stem Salz zur Speicherung von Kohlenwasserstoffen<\/td><\/tr><tr><td>Rohrleitungswartung und Schwei\u00dfen<\/td><td>RP 1164<\/td><td>Cybersicherheit von Pipeline-Steuerungssystemen<\/td><\/tr><tr><td>Tankwagenbetrieb<\/td><td>RP 1004<\/td><td>Bodenbeladung und Dampfr\u00fcckgewinnung in Tankfahrzeugen<\/td><\/tr><tr><td>Tankwagenbetrieb<\/td><td>RP 1007<\/td><td>Be- und Entladen von MC 306\/DOT 406-Tankfahrzeugen<\/td><\/tr><tr><td>Tankwagenbetrieb<\/td><td>RP 1112<\/td><td>Autobahn-Notfallplan f\u00fcr gef\u00e4hrliche Stoffe<\/td><\/tr><tr><td>Sicherheit<\/td><td>Std 780<\/td><td>Methodik zur Sicherheitsrisikobewertung f\u00fcr die Erd\u00f6l- und Petrochemieindustrie<\/td><\/tr><tr><td>Sicherheit<\/td><td>RP 781<\/td><td>Methodik f\u00fcr Anlagensicherheitspl\u00e4ne in der \u00d6l- und Gasindustrie<\/td><\/tr><\/tbody><\/table><\/figure>\n\n<h2 class=\"wp-block-heading\">Bedeutung von API-Standards im \u00d6l- und Erdgastransport<\/h2>\n\n<p>Der Transport von \u00d6l und Gas ist ein kritischer Prozess, der das R\u00fcckgrat der Branche bildet. Um Sicherheit und Effizienz in diesem Bereich zu gew\u00e4hrleisten, sind API-Standards von gro\u00dfer Bedeutung. <br\/><br\/>API-Standards gew\u00e4hrleisten Qualit\u00e4t in jeder Phase des Transportprozesses. Es bietet Hinweise zu vielen Punkten, von der Haltbarkeit der in Rohrleitungen verwendeten Materialien bis hin zu Transportmethoden. <br\/><br\/>Durch die Umsetzung dieser Standards werden Umweltrisiken minimiert. Die festgelegten Regeln zur Unfallverh\u00fctung und Leckagevermeidung tragen zum Schutz der Natur bei. <br\/><br\/>Dar\u00fcber hinaus werden diese Standards mit der Zunahme des internationalen Handels immer st\u00e4rker ber\u00fccksichtigt. Um eine Harmonisierung zwischen den verschiedenen L\u00e4ndern zu gew\u00e4hrleisten, ist die Einhaltung der von der API festgelegten Normen unerl\u00e4sslich. <br\/><br\/>Jede Unterbrechung des Transports k\u00f6nnte schwerwiegende Folgen haben. Deshalb sind API-Standards f\u00fcr alle Akteure der Branche unverzichtbar. <\/p>\n<style>.kb-image6851_6d347e-02 .kb-image-has-overlay:after{opacity:0.3;}<\/style>\n<figure class=\"wp-block-kadence-image kb-image6851_6d347e-02 size-large\"><a href=\"https:\/\/www.linkedin.com\/company\/online-standart\" class=\"kb-advanced-image-link\" target=\"_blank\" rel=\"noopener\"><img loading=\"lazy\" decoding=\"async\" width=\"1024\" height=\"341\" src=\"https:\/\/onlinestandart.com\/wp-content\/uploads\/2024\/12\/online-standart-sosyal-medya-1024x341.webp\" alt=\"\" class=\"kb-img wp-image-5974\" srcset=\"https:\/\/onlinestandart.com\/wp-content\/uploads\/2024\/12\/online-standart-sosyal-medya-1024x341.webp 1024w, https:\/\/onlinestandart.com\/wp-content\/uploads\/2024\/12\/online-standart-sosyal-medya-300x100.webp 300w, https:\/\/onlinestandart.com\/wp-content\/uploads\/2024\/12\/online-standart-sosyal-medya-768x256.webp 768w, https:\/\/onlinestandart.com\/wp-content\/uploads\/2024\/12\/online-standart-sosyal-medya-1536x512.webp 1536w, https:\/\/onlinestandart.com\/wp-content\/uploads\/2024\/12\/online-standart-sosyal-medya-2048x683.webp 2048w\" sizes=\"auto, (max-width: 1024px) 100vw, 1024px\" \/><\/a><\/figure>\n\n<h2 class=\"wp-block-heading\">Rohrleitungsschwei\u00dfen und Druckpr\u00fcfung nach API-Standards<\/h2>\n\n<p>Der Pipelinetransport ist das R\u00fcckgrat des Energiesektors. Daher sind API-Standards f\u00fcr einen sicheren und effizienten Betrieb von gro\u00dfer Bedeutung. Schwei\u00dfarbeiten an Rohrleitungen m\u00fcssen entsprechend dieser Normen durchgef\u00fchrt werden.  <br\/><br\/>Der Schwei\u00dfvorgang ist ein kritischer Schritt, der die Haltbarkeit von Rohrleitungen bestimmt. API-Standards stellen sicher, dass Schwei\u00dftechniken und Materialien von h\u00f6chster Qualit\u00e4t sind. Auf diese Weise wird das Risiko einer Leckage minimiert.  <br\/><br\/>Ein weiterer wichtiger Schritt zur \u00dcberpr\u00fcfung der Zuverl\u00e4ssigkeit der Pipeline ist die Druckpr\u00fcfung. Die w\u00e4hrend der Tests angewandten Druckniveaus sollten so angepasst werden, dass sie den tats\u00e4chlichen Betriebsbedingungen des Systems entsprechen. Diese Tests werden nach den von der API festgelegten Kriterien durchgef\u00fchrt und helfen dabei, potenzielle Probleme im Voraus zu erkennen.  <br\/><br\/>Daher garantieren API-Standards Qualit\u00e4t sowohl bei Schwei\u00dfprozessen als auch bei Druckpr\u00fcfungen. F\u00fcr diese energief\u00fchrenden Strukturen ist Haltbarkeit von entscheidender Bedeutung. Daher m\u00fcssen die in beiden Prozessen einzuhaltenden Regeln sorgf\u00e4ltig befolgt werden. <\/p>\n\n<h2 class=\"wp-block-heading\">Bedeutung von API-Standards im Roh\u00f6l- und Kraftstofftransport<\/h2>\n\n<p>Der Transport von Roh\u00f6l und Kraftstoffen bildet das R\u00fcckgrat des Energiesektors. Sicherheit und Effizienz sind dabei von gr\u00f6\u00dfter Bedeutung. Eine entscheidende Rolle spielen dabei API-Standards.  <br\/><br\/>API-Standards minimieren die Risiken, die w\u00e4hrend des Transports auftreten k\u00f6nnen. Es garantiert Qualit\u00e4t in jeder Phase, von der Pipeline bis zum Transport per Tanker. Auf diese Weise werden Umweltrisiken verringert und Arbeitsunf\u00e4lle verhindert.  <br\/><br\/>Dar\u00fcber hinaus wird sichergestellt, dass die Fahrzeuge, die Roh\u00f6l und Heiz\u00f6l transportieren, ordnungsgem\u00e4\u00df konstruiert sind. Dank Standards wird die Ger\u00e4tekompatibilit\u00e4t sichergestellt und die Gesamtleistung des Systems erh\u00f6ht. Durch die Einhaltung dieser Regeln kommt es in Unternehmen zu weniger Ausf\u00e4llen.  <br\/><br\/>Angesichts des steigenden Energiebedarfs wird das Zeitmanagement im Transportwesen immer wichtiger. API-Standards tragen dazu bei, dass Prozesse schneller ablaufen und gleichzeitig die Sicherheit wirksam gew\u00e4hrleistet wird. <br\/><br\/>Daher ist die Anwendung von API-Standards beim Transport von Roh\u00f6l und Kraftstoffen nicht nur eine gesetzliche Verpflichtung; Dar\u00fcber hinaus ist es ein grundlegendes Element beim Aufbau einer nachhaltigen Zukunft f\u00fcr alle Beteiligten in diesem Sektor.<\/p>\n\n<h2 class=\"wp-block-heading\">Risikominderung in der \u00d6l- und Gasindustrie mit API-Sicherheitsstandards<\/h2>\n\n<p>Die Reduzierung von Risiken in der \u00d6l- und Gasindustrie wird durch die Implementierung von API-Sicherheitsstandards erm\u00f6glicht. Ziel dieser Normen ist es, die Sicherheit in jeder Phase des Transportprozesses zu erh\u00f6hen. Dies gilt nicht nur w\u00e4hrend des Transports, sondern auch w\u00e4hrend der Lagerung und Verarbeitung.  <br\/><br\/>API-Sicherheitsstandards; Es deckt viele Elemente ab, von der ordnungsgem\u00e4\u00dfen Verwendung der Ausr\u00fcstung bis hin zu Wartungsverfahren und Mitarbeiterschulungen. Auf diese Weise werden Unf\u00e4lle vermieden und gleichzeitig der Umweltschutz gew\u00e4hrleistet. Die Ber\u00fccksichtigung dieser Normen ist von gro\u00dfer Bedeutung, um Risiken wie Leckagen oder Br\u00e4nde, die insbesondere beim Transport von \u00d6l und Erdgas auftreten k\u00f6nnen, zu minimieren.  <br\/><br\/>Dank dieser im Transportsektor angewandten Standards ergeben sich sowohl wirtschaftliche als auch \u00f6kologische Vorteile. Dar\u00fcber hinaus spielt es eine entscheidende Rolle bei der Gew\u00e4hrleistung nachhaltiger Unternehmenst\u00e4tigkeiten. Daher sind API-Sicherheitsstandards nicht nur eine gesetzliche Verpflichtung, sondern auch eine wichtige Anforderung f\u00fcr alle Beteiligten in der Branche.  <\/p>\n\n<h2 class=\"wp-block-heading\">Welche Personen und Abteilungen ben\u00f6tigen API-Transportstandards?<\/h2>\n\n<p>Die API-Transportstandards wurden entwickelt, um den sicheren und effizienten Transport von \u00d6l, Erdgas und Gefahrstoffen zu gew\u00e4hrleisten. Diese Standards werden von vielen Abteilungen und Fachleuten verwendet: <\/p>\n\n<ul class=\"wp-block-list\">\n<li><strong>Logistik- und Transportmanager:<\/strong> Verwenden Sie API-Standards, um die Sicherheit und Betriebseffizienz beim Transport von \u00d6l, Gas und gef\u00e4hrlichen Chemikalien per Pipeline, Tankwagen und Bahn zu gew\u00e4hrleisten.<\/li>\n\n\n\n<li><strong>Pipeline-Betriebsleiter:<\/strong> Sie arbeiten gem\u00e4\u00df API-Standards, um die Sicherheit, Wartungsprozesse und Betriebseffizienz von Pipelines zu gew\u00e4hrleisten.<\/li>\n\n\n\n<li><strong>Sicherheits- und Risikomanagementteams:<\/strong> Sie setzen API-Standards durch, um potenzielle Lecks, Unf\u00e4lle und Umweltrisiken beim Transport per Pipeline, Tankwagen und Bahn zu verhindern.<\/li>\n\n\n\n<li><strong>Spezialisten f\u00fcr Qualit\u00e4tskontrolle und -sicherung:<\/strong> Sie pr\u00fcfen die Konformit\u00e4t der in \u00d6l- und Gastransportprozessen verwendeten Ger\u00e4te und Transportmethoden mit den API-Standards.<\/li>\n\n\n\n<li><strong>Teams f\u00fcr Anlagenwartung und -reparatur:<\/strong> Stellen sicher, dass Rohrleitungen, Lagertanks und andere Transportausr\u00fcstungen gem\u00e4\u00df den API-Standards gewartet werden.<\/li>\n\n\n\n<li><strong>Fachleute f\u00fcr \u00f6ffentliche Sicherheit und Umwelt:<\/strong> Verwenden Sie API-Standards, um Pipelines und Transportprozesse auf die Einhaltung der Vorschriften zur \u00f6ffentlichen Sicherheit und zum Umweltschutz zu bewerten.<\/li>\n\n\n\n<li><strong>Einkaufs- und Lieferkettenmanager:<\/strong> Sorgen Sie f\u00fcr Betriebssicherheit und Nachhaltigkeit, indem Sie Ger\u00e4te und Dienstleistungen erwerben, die den API-Standards entsprechen, und zwar von zuverl\u00e4ssigen Lieferanten.<\/li>\n<\/ul>\n\n<h2 class=\"wp-block-heading\">Vorteile des Kaufs von API-Transport-Standardpaketen<\/h2>\n\n<p>API Transportation-Standardpakete unterst\u00fctzen Unternehmen der \u00d6l- und Gasindustrie bei der Optimierung ihrer Transportprozesse. Der Kauf von Standards im Paket bietet viele Vorteile: <\/p>\n\n<ul class=\"wp-block-list\">\n<li><strong>Kosteneinsparungen:<\/strong> Es kann wirtschaftlicher sein, die Standards im Paket zu kaufen, als sie einzeln zu kaufen.<\/li>\n\n\n\n<li><strong>Einfacher Zugriff auf alle Standards:<\/strong> Alle in verschiedenen Bereichen wie Pipelines, Schienenverkehr und Tankwagenbetrieb erforderlichen API-Standards sind in einem einzigen Paket erh\u00e4ltlich.<\/li>\n\n\n\n<li><strong>St\u00e4ndig aktualisierte Informationen:<\/strong> API-Standards werden aktualisiert, um sie an die neuesten Entwicklungen und Vorschriften der Branche anzupassen. Sie k\u00f6nnen ganz einfach auf diese Updates zugreifen, indem Sie ein Paket kaufen. <\/li>\n\n\n\n<li><strong>Betriebseffizienz:<\/strong> Der schnelle und umfassende Zugriff auf Standards unterst\u00fctzt Teams dabei, Arbeitsprozesse zu beschleunigen und eine h\u00f6here Effizienz im Transportbetrieb zu erreichen.<\/li>\n\n\n\n<li><strong>Einhaltung gesetzlicher Vorschriften:<\/strong> API-Transportstandards unterst\u00fctzen Unternehmen bei der Einhaltung gesetzlicher Anforderungen, da sie auf die Einhaltung gesetzlicher Vorschriften und Branchenvorschriften ausgelegt sind.<\/li>\n\n\n\n<li><strong>Sicherheit und Risikominderung:<\/strong> Erh\u00f6ht die Sicherheit von Unternehmen durch Minimierung von Pipeline-Unf\u00e4llen, Tankwagenlecks und anderen Transportrisiken.<\/li>\n<\/ul>\n\n<p>Dank dieser Vorteile helfen die Standardpakete von API Transportation Unternehmen dabei, die Qualit\u00e4t ihrer Transportvorg\u00e4nge zu verbessern und eine starke Position im internationalen Wettbewerb zu erlangen.<\/p>\n","protected":false},"excerpt":{"rendered":"<p>Transport ist ein unverzichtbarer Bestandteil der heutigen Welt. In dieser Zeit, in der sich alles schnell entwickelt, ist es noch wichtiger, \u00fcber die richtigen Standards zu verf\u00fcgen. Hier kommen die API-Standards (American Petroleum Institute) ins Spiel. Sie spielen eine entscheidende Rolle bei der Gew\u00e4hrleistung der Sicherheit und Steigerung der Effizienz, insbesondere im \u00d6l- und Erdgassektor&#8230;.<\/p>\n","protected":false},"author":1,"featured_media":6854,"parent":3262,"menu_order":0,"comment_status":"closed","ping_status":"closed","template":"","meta":{"_kad_blocks_custom_css":"","_kad_blocks_head_custom_js":"","_kad_blocks_body_custom_js":"","_kad_blocks_footer_custom_js":"","_kad_post_transparent":"","_kad_post_title":"","_kad_post_layout":"","_kad_post_sidebar_id":"","_kad_post_content_style":"","_kad_post_vertical_padding":"","_kad_post_feature":"","_kad_post_feature_position":"","_kad_post_header":false,"_kad_post_footer":false,"_kad_post_classname":"","footnotes":""},"categories":[],"tags":[],"class_list":["post-55215","page","type-page","status-publish","has-post-thumbnail","hentry"],"taxonomy_info":[],"featured_image_src_large":["https:\/\/onlinestandart.com\/wp-content\/uploads\/2025\/03\/API-Standartlari-Transportation-Tasimacilik-Paketi-1024x576.webp",1024,576,true],"author_info":{"display_name":"Online Standart","author_link":"https:\/\/onlinestandart.com\/de\/author\/online-standart\/"},"comment_info":0,"_links":{"self":[{"href":"https:\/\/onlinestandart.com\/de\/wp-json\/wp\/v2\/pages\/55215","targetHints":{"allow":["GET"]}}],"collection":[{"href":"https:\/\/onlinestandart.com\/de\/wp-json\/wp\/v2\/pages"}],"about":[{"href":"https:\/\/onlinestandart.com\/de\/wp-json\/wp\/v2\/types\/page"}],"author":[{"embeddable":true,"href":"https:\/\/onlinestandart.com\/de\/wp-json\/wp\/v2\/users\/1"}],"replies":[{"embeddable":true,"href":"https:\/\/onlinestandart.com\/de\/wp-json\/wp\/v2\/comments?post=55215"}],"version-history":[{"count":0,"href":"https:\/\/onlinestandart.com\/de\/wp-json\/wp\/v2\/pages\/55215\/revisions"}],"up":[{"embeddable":true,"href":"https:\/\/onlinestandart.com\/de\/wp-json\/wp\/v2\/pages\/3262"}],"wp:featuredmedia":[{"embeddable":true,"href":"https:\/\/onlinestandart.com\/de\/wp-json\/wp\/v2\/media\/6854"}],"wp:attachment":[{"href":"https:\/\/onlinestandart.com\/de\/wp-json\/wp\/v2\/media?parent=55215"}],"wp:term":[{"taxonomy":"category","embeddable":true,"href":"https:\/\/onlinestandart.com\/de\/wp-json\/wp\/v2\/categories?post=55215"},{"taxonomy":"post_tag","embeddable":true,"href":"https:\/\/onlinestandart.com\/de\/wp-json\/wp\/v2\/tags?post=55215"}],"curies":[{"name":"wp","href":"https:\/\/api.w.org\/{rel}","templated":true}]}}