{"id":55216,"date":"2025-02-25T15:46:22","date_gmt":"2025-02-25T12:46:22","guid":{"rendered":"https:\/\/onlinestandart.com\/amerikanisches-petroleum-institut-api\/marketingpaket-fuer-erdoelprodukte-mit-api-standards\/"},"modified":"2025-05-27T15:33:51","modified_gmt":"2025-05-27T12:33:51","slug":"marketingpaket-fuer-erdoelprodukte-mit-api-standards","status":"publish","type":"page","link":"https:\/\/onlinestandart.com\/de\/amerikanisches-petroleum-institut-api\/marketingpaket-fuer-erdoelprodukte-mit-api-standards\/","title":{"rendered":"Marketingpaket f\u00fcr Erd\u00f6lprodukte mit API-Standards"},"content":{"rendered":"\n<p>Der Vertrieb von Erd\u00f6lprodukten ist ein Sektor mit komplexer Dynamik. Eine M\u00f6glichkeit, in diesem Bereich erfolgreich zu sein, besteht darin, die richtigen Standards einzuf\u00fchren. API-Standards (American Petroleum Institute) tragen zur Aufrechterhaltung der Qualit\u00e4t in der \u00d6l- und Kraftstoffindustrie bei. Aber das ist erst der Anfang. Es ist wichtig, die durch API gebotenen M\u00f6glichkeiten zu erkunden, um Ihre Marketingstrategien zu verbessern und Umweltrisiken zu minimieren. Lassen Sie uns in diesem Artikel tiefer in die \u00d6lmarketing-Aktivit\u00e4ten eintauchen und untersuchen, welche Rolle API-Standards in diesem Prozess spielen!     <\/p>\n\n<h2 class=\"wp-block-heading\">Erd\u00f6lmarketing-Operationen mit API-Standards<\/h2>\n\n<p>API-Standards bilden das R\u00fcckgrat der <a href=\"https:\/\/onlinestandart.com\/de\/amerikanisches-petroleum-institut-api\/\">Erd\u00f6lvermarktungsaktivit\u00e4ten<\/a> . Diese Normen legen die notwendigen Kriterien fest, um die Qualit\u00e4t und Sicherheit der Produkte zu gew\u00e4hrleisten. Auf diese Weise k\u00f6nnen Unternehmen den Verbrauchern qualitativ bessere Dienstleistungen bieten.  <\/p>\n<style>.wp-block-kadence-advancedbtn.kb-btns6796_a9da8d-9b{gap:var(--global-kb-gap-xs, 0.5rem );justify-content:flex-start;align-items:center;}.kt-btns6796_a9da8d-9b .kt-button{font-weight:normal;font-style:normal;}.kt-btns6796_a9da8d-9b .kt-btn-wrap-0{margin-right:5px;}.wp-block-kadence-advancedbtn.kt-btns6796_a9da8d-9b .kt-btn-wrap-0 .kt-button{color:#555555;border-color:#555555;}.wp-block-kadence-advancedbtn.kt-btns6796_a9da8d-9b .kt-btn-wrap-0 .kt-button:hover, .wp-block-kadence-advancedbtn.kt-btns6796_a9da8d-9b .kt-btn-wrap-0 .kt-button:focus{color:#ffffff;border-color:#444444;}.wp-block-kadence-advancedbtn.kt-btns6796_a9da8d-9b .kt-btn-wrap-0 .kt-button::before{display:none;}.wp-block-kadence-advancedbtn.kt-btns6796_a9da8d-9b .kt-btn-wrap-0 .kt-button:hover, .wp-block-kadence-advancedbtn.kt-btns6796_a9da8d-9b .kt-btn-wrap-0 .kt-button:focus{background:#444444;}<\/style>\n<div class=\"wp-block-kadence-advancedbtn kb-buttons-wrap kb-btns6796_a9da8d-9b\"><style>ul.menu .wp-block-kadence-advancedbtn .kb-btn6796_6f712f-f2.kb-button{width:initial;}.wp-block-kadence-advancedbtn .kb-btn6796_6f712f-f2.kb-button{background:var(--global-palette1, #3182CE);font-family:-apple-system,BlinkMacSystemFont,\"Segoe UI\",Roboto,Oxygen-Sans,Ubuntu,Cantarell,\"Helvetica Neue\",sans-serif, \"Apple Color Emoji\", \"Segoe UI Emoji\", \"Segoe UI Symbol\";border-top-left-radius:8px;border-top-right-radius:8px;border-bottom-right-radius:8px;border-bottom-left-radius:8px;padding-top:14px;padding-right:30px;padding-bottom:14px;padding-left:30px;}.wp-block-kadence-advancedbtn .kb-btn6796_6f712f-f2.kb-button:hover, .wp-block-kadence-advancedbtn .kb-btn6796_6f712f-f2.kb-button:focus{background:var(--global-palette2, #2B6CB0);}<\/style><a class=\"kb-button kt-button button kb-btn6796_6f712f-f2 kt-btn-size-small kt-btn-width-type-auto kb-btn-global-fill  kt-btn-has-text-true kt-btn-has-svg-true  wp-block-kadence-singlebtn\" href=\"https:\/\/onlinestandart.com\/de\/kontakt\/\"><span class=\"kt-btn-inner-text\">DOKUMENT ANFORDERN<\/span><span class=\"kb-svg-icon-wrap kb-svg-icon-fe_arrowRightCircle kt-btn-icon-side-right\"><svg viewBox=\"0 0 24 24\"  fill=\"none\" stroke=\"currentColor\" stroke-width=\"2\" stroke-linecap=\"round\" stroke-linejoin=\"round\" xmlns=\"http:\/\/www.w3.org\/2000\/svg\"  aria-hidden=\"true\"><circle cx=\"12\" cy=\"12\" r=\"10\"\/><polyline points=\"12 16 16 12 12 8\"\/><line x1=\"8\" y1=\"12\" x2=\"16\" y2=\"12\"\/><\/svg><\/span><\/a><\/div>\n\n<p>Bei der \u00dcbernahme dieser Standards geht es nicht nur um Produktqualit\u00e4t; Dar\u00fcber hinaus bietet es Vorteile hinsichtlich der Effizienz von Prozessen. Durch die Reduzierung von Bedienungsfehlern werden Zeit- und Kosteneinsparungen erzielt. <br\/><br\/>Dar\u00fcber hinaus steigert der Erwerb einer API-Zertifizierung den Ruf der Marke. Verbraucher greifen mittlerweile auf Produkte zur\u00fcck, die aus vertrauensw\u00fcrdigen Quellen stammen. Daher erh\u00f6ht eine derartige Akkreditierung die Wettbewerbsf\u00e4higkeit auf dem Markt.  <br\/><br\/>Der Umgang mit den sich st\u00e4ndig \u00e4ndernden Normen und Vorschriften in der \u00d6lvermarktungsbranche kann eine Herausforderung sein. Die Einhaltung von API-Standards ist jedoch eine der effektivsten M\u00f6glichkeiten, diese Herausforderungen zu bew\u00e4ltigen. Dar\u00fcber hinaus werden die Auswirkungen auf die Umwelt minimiert, indem das Erreichen von Nachhaltigkeitszielen erleichtert wird.  <\/p>\n\n<h2 class=\"wp-block-heading\">Umweltrisiken im \u00d6l- und Kraftstoffhandel<\/h2>\n\n<p>Der Vertrieb von \u00d6l und Kraftstoffen ist ein Prozess, der mit Umweltrisiken behaftet ist. Dieser Sektor kann bei der Gewinnung und Verarbeitung nat\u00fcrlicher Ressourcen schwerwiegende Auswirkungen auf das \u00d6kosystem haben. Insbesondere Leckagen und Unf\u00e4lle bergen die Gefahr einer Verunreinigung der Wasserressourcen.  <br\/><br\/>Auch die Luftverschmutzung ist ein gro\u00dfes Problem. Fahrzeuge und Produktionsanlagen, die mit Erd\u00f6lprodukten betrieben werden, sto\u00dfen sch\u00e4dliche Emissionen aus, die sich negativ auf die Luftqualit\u00e4t auswirken. Auf lange Sicht birgt diese Situation Risiken f\u00fcr die menschliche Gesundheit.  <br\/><br\/>Au\u00dferdem verbraucht die \u00d6lraffination gro\u00dfe Mengen Energie. Die Nutzung nicht erneuerbarer Energie tr\u00e4gt zu den Kohlenstoffemissionen bei; Dies ist eine der Herausforderungen, denen wir im Kampf gegen den Klimawandel gegen\u00fcberstehen. <br\/><br\/>Bei der Entwicklung von Marketingstrategien m\u00fcssen Umweltfaktoren ber\u00fccksichtigt werden. Durch die Einf\u00fchrung nachhaltiger Praktiken wird das Markenimage gest\u00e4rkt und die Einhaltung gesetzlicher Vorschriften erleichtert. <br\/><br\/>Das Anbieten umweltfreundlicher Alternativen ist heute der Schl\u00fcssel zum Erfolg. Daher ist es f\u00fcr Unternehmen unerl\u00e4sslich, vorsichtiger vorzugehen. <\/p>\n<style>.kb-image6796_9b05bd-c9 .kb-image-has-overlay:after{opacity:0.3;}<\/style>\n<figure class=\"wp-block-kadence-image kb-image6796_9b05bd-c9 size-large\"><a href=\"https:\/\/www.linkedin.com\/company\/online-standart\" class=\"kb-advanced-image-link\" target=\"_blank\" rel=\"noopener\"><img loading=\"lazy\" decoding=\"async\" width=\"1024\" height=\"341\" src=\"https:\/\/onlinestandart.com\/wp-content\/uploads\/2024\/12\/online-standart-sosyal-medya-1024x341.webp\" alt=\"\" class=\"kb-img wp-image-5974\" srcset=\"https:\/\/onlinestandart.com\/wp-content\/uploads\/2024\/12\/online-standart-sosyal-medya-1024x341.webp 1024w, https:\/\/onlinestandart.com\/wp-content\/uploads\/2024\/12\/online-standart-sosyal-medya-300x100.webp 300w, https:\/\/onlinestandart.com\/wp-content\/uploads\/2024\/12\/online-standart-sosyal-medya-768x256.webp 768w, https:\/\/onlinestandart.com\/wp-content\/uploads\/2024\/12\/online-standart-sosyal-medya-1536x512.webp 1536w, https:\/\/onlinestandart.com\/wp-content\/uploads\/2024\/12\/online-standart-sosyal-medya-2048x683.webp 2048w\" sizes=\"auto, (max-width: 1024px) 100vw, 1024px\" \/><\/a><\/figure>\n\n<h2 class=\"wp-block-heading\">Kosteneinsparungen durch API-Standards in Marketing und Vertrieb<\/h2>\n\n<p>In der Erd\u00f6l- und Kraftstoffvermarktungsbranche sind API-Standards ein wichtiges Instrument zur Kosteneinsparung. Bei richtiger Anwendung kann die Betriebseffizienz dank dieser Standards gesteigert werden. Die Kosten unter Kontrolle zu halten, bietet sowohl Unternehmen als auch Endbenutzern gro\u00dfe Vorteile.  <br\/><br\/>Marketingaktivit\u00e4ten, die mit API-Standards durchgef\u00fchrt werden, f\u00fchren zu einer Optimierung der Prozesse. Auf diese Weise werden unn\u00f6tige Ausgaben minimiert und eine effiziente Nutzung der Ressourcen sichergestellt. St\u00f6rungen und Verz\u00f6gerungen, insbesondere in der Distributionsphase, k\u00f6nnen so vermieden werden.  <br\/><br\/>Mit der Digitalisierung wird auch die Datenanalyse mit API-basierten L\u00f6sungen einfacher. Dies verschafft Unternehmen einen Wettbewerbsvorteil durch die Beschleunigung von Entscheidungsprozessen. Mit den richtigen Marketingstrategien ist es m\u00f6glich, das Vertrauen von Investoren zu gewinnen.  <br\/><br\/>Abschlie\u00dfend; Die \u00dcbernahme von API-Standards bei der Vermarktung von Erd\u00f6lprodukten tr\u00e4gt zum nachhaltigen Wachstum von Unternehmen bei und schafft erhebliche M\u00f6glichkeiten zur Kosteneinsparung.<\/p>\n\n<h2 class=\"wp-block-heading\">Welche Unternehmen ben\u00f6tigen API-Marketingstandards?<\/h2>\n\n<p>Die Vermarktung von Erd\u00f6lprodukten ist ein komplexer Prozess. F\u00fcr in diesem Bereich t\u00e4tige Unternehmen ist die Einhaltung des API-Standards von entscheidender Bedeutung. Es ist jedoch wichtig festzustellen, welche Unternehmen diese Standards ben\u00f6tigen.  <br\/><br\/>Vor allem gro\u00dfe \u00d6lraffinerien und Vertriebsunternehmen greifen auf API-Standards zur\u00fcck, um ihre Gro\u00dfbetriebe effizienter zu gestalten. Solche Unternehmen m\u00f6chten durch die Optimierung ihrer Betriebsabl\u00e4ufe Kosten sparen. <br\/><br\/>Dar\u00fcber hinaus k\u00f6nnen auch kleine und mittlere Unternehmen von API-Standards profitieren. Insbesondere Tankstellen vor Ort und unabh\u00e4ngige H\u00e4ndler sind gefordert, zuverl\u00e4ssige Systeme einzusetzen, um die Kundenzufriedenheit zu steigern. <br\/><br\/>API-Marketingmethoden sind f\u00fcr alle Marken, die im globalen Wettbewerb stehen, unverzichtbar. Unternehmen mit technologischer Infrastruktur, die innovative L\u00f6sungen anbieten, m\u00fcssen diese Standards \u00fcbernehmen, um ihren Marktanteil auszubauen. <\/p>\n\n<h2 class=\"wp-block-heading\">Inhaltsverzeichnis des API-Standards-Marketingpakets<\/h2>\n\n<p>API-Marketingstandards helfen Unternehmen der \u00d6l- und Kraftstoffindustrie dabei, ihre Marketing- und Vertriebsabl\u00e4ufe sicherer, effizienter und umweltfreundlicher zu gestalten. gew\u00e4hrleistet hervorragende Produktqualit\u00e4t, Anlagensicherheit, Management von Umweltrisiken und Betriebsabl\u00e4ufen.  <\/p>\n\n<p>In der folgenden Tabelle finden Sie die Nummern, Kategorien und Kurzbeschreibungen der in diesem Paket enthaltenen Standards. Sie k\u00f6nnen Ihre Wettbewerbsf\u00e4higkeit auf dem Markt steigern, indem Sie die geeigneten Standards f\u00fcr Ihr Unternehmen ausw\u00e4hlen. <\/p>\n\n<figure class=\"wp-block-table\"><table class=\"has-fixed-layout\"><thead><tr><th>Kategorie<\/th><th>Standardnummer<\/th><th>Titel<\/th><\/tr><\/thead><tbody><tr><td>Allgemein<\/td><td>Publ 1593<\/td><td>Benzinmarketing in den USA heute<\/td><\/tr><tr><td>Allgemein<\/td><td>Publ 1673<\/td><td>Zusammenstellung der Luftemissionen von Erd\u00f6lverteilungsanlagen<\/td><\/tr><tr><td>Luftfahrt<\/td><td>RP 1543<\/td><td>Zertifizierung und Pr\u00fcfung von Flugkraftstoff<\/td><\/tr><tr><td>Luftfahrt<\/td><td>RP 1595<\/td><td>Verwaltung von Lagerterminals vor dem Flughafen<\/td><\/tr><tr><td>Marketing-Operationen<\/td><td>RP 1525<\/td><td>Leitfaden zur Pr\u00fcfung, Handhabung und Lagerung von Gro\u00dfmengen\u00f6l<\/td><\/tr><tr><td>Marketing-Operationen<\/td><td>API 1525A<\/td><td>Qualit\u00e4tszertifizierung f\u00fcr Motor\u00f6l in Gro\u00dfmengen<\/td><\/tr><tr><td>Marketing-Operationen<\/td><td>RP 1604<\/td><td>Schlie\u00dfung unterirdischer \u00d6ltanks<\/td><\/tr><tr><td>Marketing-Operationen<\/td><td>RP 1615<\/td><td>Installation unterirdischer \u00d6llagersysteme<\/td><\/tr><tr><td>Marketing-Operationen<\/td><td>RP 1621<\/td><td>Bestandskontrolle von Fl\u00fcssigg\u00fctern im Einzelhandel<\/td><\/tr><tr><td>Marketing-Operationen<\/td><td>RP 1626<\/td><td>Lagerung von Ethanol und Benzin-Ethanol-Gemischen<\/td><\/tr><tr><td>Marketing-Operationen<\/td><td>Std 1631<\/td><td>Innenbeschichtung und Inspektion von unterirdischen Lagertanks<\/td><\/tr><tr><td>Marketing-Operationen<\/td><td>RP 1637<\/td><td>API-Farbsymbolsystem f\u00fcr Mineral\u00f6lkraftstoffe<\/td><\/tr><tr><td>Marketing-Operationen<\/td><td>RP 1639<\/td><td>Wartung von Dampfr\u00fcckgewinnungssystemen<\/td><\/tr><tr><td>Marketing-Operationen<\/td><td>RP 1640<\/td><td>Qualit\u00e4t und Lagerung von Light-Produkten<\/td><\/tr><tr><td>Marketing-Operationen<\/td><td>Publ 1642<\/td><td>Mischungen aus Alkohol, Ether und Benzin<\/td><\/tr><tr><td>Marketing-Operationen<\/td><td>Publ 1645<\/td><td>Kostenstudie Phase II<\/td><\/tr><tr><td>Marketing-Operationen<\/td><td>RP 1646<\/td><td>Sichere Arbeitspraktiken in Tankstellen<\/td><\/tr><tr><td>Marketing-Operationen<\/td><td>RP 1646 (Spanisch)<\/td><td>Sicheres Arbeiten in Tankstellen (Spanisch)<\/td><\/tr><tr><td>Marketing-Operationen<\/td><td>Std 2610<\/td><td>Betrieb von Terminal- und Tankanlagen<\/td><\/tr><tr><td>Alt\u00f6l<\/td><td>Publ 1830<\/td><td>Nationale Studie zur Alt\u00f6lsammlung<\/td><\/tr><tr><td>Alt\u00f6l<\/td><td>Publ 1835<\/td><td>Alt\u00f6lrecycling in 11 L\u00e4ndern<\/td><\/tr><tr><td>Alt\u00f6l<\/td><td>Leitfaden zur Sammlung von Alt\u00f6l<\/td><td>Alt\u00f6l-Sammelprogramme<\/td><\/tr><tr><td>Tankwagenbetrieb<\/td><td>RP 1004<\/td><td>Untenbef\u00fcllung und Dampfr\u00fcckgewinnung f\u00fcr Tankwagen<\/td><\/tr><tr><td>Tankwagenbetrieb<\/td><td>RP 1007<\/td><td>Leitfaden zum Be- und Entladen von Tankwagen<\/td><\/tr><tr><td>Tankwagenbetrieb<\/td><td>RP 1112<\/td><td>Notfallplan f\u00fcr Gefahrstoffe<\/td><\/tr><tr><td>Motor\u00f6le und Schmierstoffe<\/td><td>Motor\u00f6l-Regalkarten<\/td><td>Leitfaden f\u00fcr Motor\u00f6l-Regalkarten<\/td><\/tr><tr><td>Motor\u00f6le und Schmierstoffe<\/td><td>API 1509<\/td><td>Lizenzierungs- und Zertifizierungssystem f\u00fcr Motor\u00f6l<\/td><\/tr><tr><td>Motor\u00f6le und Schmierstoffe<\/td><td>Publ 1520<\/td><td>API-Lizenznehmerverzeichnis f\u00fcr Motor\u00f6l<\/td><\/tr><tr><td>Motor\u00f6le und Schmierstoffe<\/td><td>API 1509 (Chinesisch, Portugiesisch, Spanisch)<\/td><td>Motor\u00f6l-Lizenzierungssystem (mehrsprachig)<\/td><\/tr><tr><td>Dieselkraftstoff<\/td><td>Publ 1571<\/td><td>Dieselkraftstoff &#8211; Fragen und Antworten<\/td><\/tr><tr><td>Gesundheit, Umwelt und Sicherheit: Allgemeines<\/td><td>Std 2350<\/td><td>\u00dcberf\u00fcllsicherung in Lagertanks<\/td><\/tr><tr><td>Gesundheit, Umwelt und Sicherheit: Abfall<\/td><td>Publ 1638<\/td><td>Abfallmanagement in Erd\u00f6lvermarktungsanlagen<\/td><\/tr><tr><td>Gesundheit, Umwelt und Sicherheit: Wasser<\/td><td>Publ 1612<\/td><td>Einleitung von Abf\u00e4llen aus der Erd\u00f6lverteilung in \u00f6ffentliche Behandlungssysteme<\/td><\/tr><tr><td>Gesundheit, Umwelt und Sicherheit: Wasser<\/td><td>Publ 1669<\/td><td>Regenwasserabfluss in Tankstellen und gewerblichen Parkpl\u00e4tzen<\/td><\/tr><tr><td>Gesundheit, Umwelt und Sicherheit: Boden und Grundwasser<\/td><td>Publ 1628<\/td><td>Bewertung und Beseitigung unterirdischer \u00d6lverschmutzungen<\/td><\/tr><tr><td>Gesundheit, Umwelt und Sicherheit: Boden und Grundwasser<\/td><td>Publ 1629<\/td><td>Entfernung von Erd\u00f6lkohlenwasserstoffen aus dem Boden<\/td><\/tr><tr><td>Sicherheit<\/td><td>Std 1164<\/td><td>Cybersicherheit von Pipeline-Steuerungssystemen<\/td><\/tr><\/tbody><\/table><\/figure>\n\n<h2 class=\"wp-block-heading\">Welche Personen und Abteilungen ben\u00f6tigen API-Marketingstandards?<\/h2>\n\n<p>API-Marketingstandards werden von vielen verschiedenen Abteilungen und Fachleuten in der \u00d6l- und Kraftstoffindustrie verwendet:<\/p>\n\n<ul class=\"wp-block-list\">\n<li><strong>Marketing- und Vertriebsmanager:<\/strong> Sie verbessern die Kundenzufriedenheit und die Vertriebsleistung, indem sie die Zuverl\u00e4ssigkeit und Qualit\u00e4t von Erd\u00f6lprodukten erh\u00f6hen.<\/li>\n\n\n\n<li><strong>Teams f\u00fcr Qualit\u00e4tskontrolle und -sicherung:<\/strong> Sie unterst\u00fctzen Qualit\u00e4tsanspr\u00fcche auf dem Markt, indem sie \u00fcberpr\u00fcfen, ob die Produkte den API-Standards entsprechen.<\/li>\n\n\n\n<li><strong>Betriebsleiter und technische Teams:<\/strong> Verwenden Sie API-Standards, um betriebliche Exzellenz in Vertriebs- und Speicherprozessen sicherzustellen.<\/li>\n\n\n\n<li><strong>Personal f\u00fcr Anlagenwartung und Sicherheit:<\/strong> Sie erh\u00f6hen die Sicherheit und Effizienz, indem sie Ger\u00e4te und Einrichtungen gem\u00e4\u00df den API-Standards warten.<\/li>\n\n\n\n<li><strong>Spezialisten f\u00fcr Lieferketten und Beschaffung:<\/strong> Sie reduzieren Risiken und steigern die Betriebseffizienz, indem sie Produkte bereitstellen, die den API-Standards von zuverl\u00e4ssigen Lieferanten entsprechen.<\/li>\n<\/ul>\n\n<h2 class=\"wp-block-heading\">Vorteile des Kaufs von API-Marketing-Standardpaketen<\/h2>\n\n<p>API-Marketingstandards k\u00f6nnen einzeln oder als Paket erworben werden. Die Vorteile der Wahl eines Standardspakets f\u00fcr Unternehmen liegen in folgenden Punkten: <\/p>\n\n<ul class=\"wp-block-list\">\n<li><strong>Kosteneinsparungen:<\/strong> Wirtschaftlichere L\u00f6sungen ergeben sich durch den Kauf der Standards als Paket statt durch den Einzelkauf.<\/li>\n\n\n\n<li><strong>Umfassender Zugriff:<\/strong> Einfacher Zugriff auf alle relevanten Standards von einem einzigen Punkt aus.<\/li>\n\n\n\n<li><strong>Einfache Aktualisierung und Nachverfolgung:<\/strong> Aktualisierungen der API-Standards werden automatisch nachverfolgt, sodass Zugriff auf st\u00e4ndig aktualisierte Informationen m\u00f6glich ist.<\/li>\n\n\n\n<li><strong>Betriebseffizienz:<\/strong> Der schnelle und gemeinsame Zugriff der Teams auf Standards erh\u00f6ht die Effektivit\u00e4t und Geschwindigkeit der Gesch\u00e4ftsprozesse.<\/li>\n<\/ul>\n\n<p><\/p>\n","protected":false},"excerpt":{"rendered":"<p>Der Vertrieb von Erd\u00f6lprodukten ist ein Sektor mit komplexer Dynamik. Eine M\u00f6glichkeit, in diesem Bereich erfolgreich zu sein, besteht darin, die richtigen Standards einzuf\u00fchren. API-Standards (American Petroleum Institute) tragen zur Aufrechterhaltung der Qualit\u00e4t in der \u00d6l- und Kraftstoffindustrie bei. Aber das ist erst der Anfang. Es ist wichtig, die durch API gebotenen M\u00f6glichkeiten zu erkunden,&#8230;<\/p>\n","protected":false},"author":1,"featured_media":6800,"parent":3262,"menu_order":0,"comment_status":"closed","ping_status":"closed","template":"","meta":{"_kad_blocks_custom_css":"","_kad_blocks_head_custom_js":"","_kad_blocks_body_custom_js":"","_kad_blocks_footer_custom_js":"","_kad_post_transparent":"","_kad_post_title":"","_kad_post_layout":"","_kad_post_sidebar_id":"","_kad_post_content_style":"","_kad_post_vertical_padding":"","_kad_post_feature":"","_kad_post_feature_position":"","_kad_post_header":false,"_kad_post_footer":false,"_kad_post_classname":"","footnotes":""},"categories":[],"tags":[],"class_list":["post-55216","page","type-page","status-publish","has-post-thumbnail","hentry"],"taxonomy_info":[],"featured_image_src_large":["https:\/\/onlinestandart.com\/wp-content\/uploads\/2025\/02\/API-Standartlari-ile-Petrol-Urunleri-Pazarlama-Paketi-1024x576.webp",1024,576,true],"author_info":{"display_name":"Online Standart","author_link":"https:\/\/onlinestandart.com\/de\/author\/online-standart\/"},"comment_info":0,"_links":{"self":[{"href":"https:\/\/onlinestandart.com\/de\/wp-json\/wp\/v2\/pages\/55216","targetHints":{"allow":["GET"]}}],"collection":[{"href":"https:\/\/onlinestandart.com\/de\/wp-json\/wp\/v2\/pages"}],"about":[{"href":"https:\/\/onlinestandart.com\/de\/wp-json\/wp\/v2\/types\/page"}],"author":[{"embeddable":true,"href":"https:\/\/onlinestandart.com\/de\/wp-json\/wp\/v2\/users\/1"}],"replies":[{"embeddable":true,"href":"https:\/\/onlinestandart.com\/de\/wp-json\/wp\/v2\/comments?post=55216"}],"version-history":[{"count":0,"href":"https:\/\/onlinestandart.com\/de\/wp-json\/wp\/v2\/pages\/55216\/revisions"}],"up":[{"embeddable":true,"href":"https:\/\/onlinestandart.com\/de\/wp-json\/wp\/v2\/pages\/3262"}],"wp:featuredmedia":[{"embeddable":true,"href":"https:\/\/onlinestandart.com\/de\/wp-json\/wp\/v2\/media\/6800"}],"wp:attachment":[{"href":"https:\/\/onlinestandart.com\/de\/wp-json\/wp\/v2\/media?parent=55216"}],"wp:term":[{"taxonomy":"category","embeddable":true,"href":"https:\/\/onlinestandart.com\/de\/wp-json\/wp\/v2\/categories?post=55216"},{"taxonomy":"post_tag","embeddable":true,"href":"https:\/\/onlinestandart.com\/de\/wp-json\/wp\/v2\/tags?post=55216"}],"curies":[{"name":"wp","href":"https:\/\/api.w.org\/{rel}","templated":true}]}}