{"id":55239,"date":"2025-01-07T14:51:04","date_gmt":"2025-01-07T11:51:04","guid":{"rendered":"https:\/\/onlinestandart.com\/mil-standards-in-der-verteidigungsindustrie\/"},"modified":"2025-05-27T15:34:02","modified_gmt":"2025-05-27T12:34:02","slug":"mil-standards-in-der-verteidigungsindustrie","status":"publish","type":"page","link":"https:\/\/onlinestandart.com\/de\/mil-standards-in-der-verteidigungsindustrie\/","title":{"rendered":"MIL-Standards in der Verteidigungsindustrie"},"content":{"rendered":"\n<h2 class=\"wp-block-heading\">Was sind MIL-Standards?<\/h2>\n\n<p>MIL-Standards sind vom US-Verteidigungsministerium festgelegte technische Spezifikationen, die die Anforderungen an Milit\u00e4rprodukte definieren. Diese Standards wurden geschaffen, um die Zuverl\u00e4ssigkeit, Haltbarkeit und Leistung milit\u00e4rischer Systeme sicherzustellen. <\/p>\n<style>.wp-block-kadence-advancedbtn.kb-btns6317_4a1f25-12{gap:var(--global-kb-gap-xs, 0.5rem );justify-content:flex-start;align-items:center;}.kt-btns6317_4a1f25-12 .kt-button{font-weight:normal;font-style:normal;}.kt-btns6317_4a1f25-12 .kt-btn-wrap-0{margin-right:5px;}.wp-block-kadence-advancedbtn.kt-btns6317_4a1f25-12 .kt-btn-wrap-0 .kt-button{color:#555555;border-color:#555555;}.wp-block-kadence-advancedbtn.kt-btns6317_4a1f25-12 .kt-btn-wrap-0 .kt-button:hover, .wp-block-kadence-advancedbtn.kt-btns6317_4a1f25-12 .kt-btn-wrap-0 .kt-button:focus{color:#ffffff;border-color:#444444;}.wp-block-kadence-advancedbtn.kt-btns6317_4a1f25-12 .kt-btn-wrap-0 .kt-button::before{display:none;}.wp-block-kadence-advancedbtn.kt-btns6317_4a1f25-12 .kt-btn-wrap-0 .kt-button:hover, .wp-block-kadence-advancedbtn.kt-btns6317_4a1f25-12 .kt-btn-wrap-0 .kt-button:focus{background:#444444;}<\/style>\n<div class=\"wp-block-kadence-advancedbtn kb-buttons-wrap kb-btns6317_4a1f25-12\"><style>ul.menu .wp-block-kadence-advancedbtn .kb-btn6317_2c1a75-e9.kb-button{width:initial;}.wp-block-kadence-advancedbtn .kb-btn6317_2c1a75-e9.kb-button{background:var(--global-palette1, #3182CE);font-family:-apple-system,BlinkMacSystemFont,\"Segoe UI\",Roboto,Oxygen-Sans,Ubuntu,Cantarell,\"Helvetica Neue\",sans-serif, \"Apple Color Emoji\", \"Segoe UI Emoji\", \"Segoe UI Symbol\";border-top-left-radius:8px;border-top-right-radius:8px;border-bottom-right-radius:8px;border-bottom-left-radius:8px;padding-top:14px;padding-right:30px;padding-bottom:14px;padding-left:30px;}.wp-block-kadence-advancedbtn .kb-btn6317_2c1a75-e9.kb-button:hover, .wp-block-kadence-advancedbtn .kb-btn6317_2c1a75-e9.kb-button:focus{background:var(--global-palette2, #2B6CB0);}<\/style><a class=\"kb-button kt-button button kb-btn6317_2c1a75-e9 kt-btn-size-small kt-btn-width-type-auto kb-btn-global-fill  kt-btn-has-text-true kt-btn-has-svg-true  wp-block-kadence-singlebtn\" href=\"https:\/\/onlinestandart.com\/de\/kontakt\/\"><span class=\"kt-btn-inner-text\">DOKUMENT ANFORDERN<\/span><span class=\"kb-svg-icon-wrap kb-svg-icon-fe_arrowRightCircle kt-btn-icon-side-right\"><svg viewBox=\"0 0 24 24\"  fill=\"none\" stroke=\"currentColor\" stroke-width=\"2\" stroke-linecap=\"round\" stroke-linejoin=\"round\" xmlns=\"http:\/\/www.w3.org\/2000\/svg\"  aria-hidden=\"true\"><circle cx=\"12\" cy=\"12\" r=\"10\"\/><polyline points=\"12 16 16 12 12 8\"\/><line x1=\"8\" y1=\"12\" x2=\"16\" y2=\"12\"\/><\/svg><\/span><\/a><\/div>\n\n<p>Jeder MIL-Standard ist f\u00fcr einen bestimmten Bereich oder eine bestimmte Produktgruppe konzipiert. Es deckt beispielsweise ein breites Spektrum von elektronischen Ger\u00e4ten bis hin zur Materialpr\u00fcfung ab. Auf diese Weise wird die Konsistenz \u00fcber die gesamte Lieferkette hinweg sichergestellt.  <br\/><br\/>MAL\u0130K-Dokumente (Milit\u00e4rspezifikationen), die in der Verteidigungsindustrie verwendet werden; Es ist ein Leitfaden f\u00fcr Projektmanager, Ingenieure und Hersteller. Durch die Implementierung von Standards wird der Projekterfolg gesteigert und gleichzeitig die Kosten unter Kontrolle gehalten. <br\/><br\/>Dar\u00fcber hinaus werden diese Standards auch auf internationalem Niveau akzeptiert. Durch die \u00dcbernahme von MIL-Standards in Kooperationsprojekte mit anderen L\u00e4ndern wird die Entwicklung kompatibler und effektiver L\u00f6sungen sichergestellt. <\/p>\n\n<h2 class=\"wp-block-heading\">Bedeutung von MIL-Standards in der Verteidigungsindustrie<\/h2>\n\n<p>In der Verteidigungsindustrie spielen MIL-Standards eine entscheidende Rolle bei der Gew\u00e4hrleistung der Zuverl\u00e4ssigkeit und Haltbarkeit von Produkten. Diese Normen verlangen, dass Ger\u00e4te f\u00fcr den Einsatz im Milit\u00e4rbereich bestimmte Leistungskriterien erf\u00fcllen. <br\/><br\/>Jeder MIL-Standard umfasst verschiedene Tests, beispielsweise f\u00fcr raue Wetterbedingungen, extreme Temperaturen oder Vibrationen. Dank dieser Tests kann im Voraus ermittelt werden, wie effektiv die Ausr\u00fcstung auf dem Schlachtfeld sein wird. Angesichts der Unsicherheiten bei milit\u00e4rischen Operationen ist dies von gro\u00dfer Bedeutung.  <br\/><br\/>Auch bei der internationalen Zusammenarbeit bietet die Anwendung von MIL-Standards Vorteile. Es schafft eine gemeinsame Sprache in Ingenieurprojekten zwischen verschiedenen L\u00e4ndern. Auf diese Weise wird die Integration zwischen verschiedenen Systemen einfacher.  <br\/><br\/>Daher muss jeder Akteur in der Verteidigungsindustrie die MIL-Standards ber\u00fccksichtigen. Bei diesen Standards sind hinsichtlich Sicherheit und Wirksamkeit keine Kompromisse m\u00f6glich. Bei der Entwicklung von Verteidigungsprojekten ist die Anleitung durch MIL in allen Prozessen von entscheidender Bedeutung.  <\/p>\n<style>.kb-image6317_a1a6f2-19 .kb-image-has-overlay:after{opacity:0.3;}<\/style>\n<figure class=\"wp-block-kadence-image kb-image6317_a1a6f2-19 size-large\"><img loading=\"lazy\" decoding=\"async\" width=\"1024\" height=\"576\" src=\"https:\/\/onlinestandart.com\/wp-content\/uploads\/2025\/01\/mil-std-1024x576.webp\" alt=\"Meile Standard\" class=\"kb-img wp-image-6318\" srcset=\"https:\/\/onlinestandart.com\/wp-content\/uploads\/2025\/01\/mil-std-1024x576.webp 1024w, https:\/\/onlinestandart.com\/wp-content\/uploads\/2025\/01\/mil-std-300x169.webp 300w, https:\/\/onlinestandart.com\/wp-content\/uploads\/2025\/01\/mil-std-768x432.webp 768w, https:\/\/onlinestandart.com\/wp-content\/uploads\/2025\/01\/mil-std-1536x864.webp 1536w, https:\/\/onlinestandart.com\/wp-content\/uploads\/2025\/01\/mil-std.webp 1920w\" sizes=\"auto, (max-width: 1024px) 100vw, 1024px\" \/><\/figure>\n\n<h2 class=\"wp-block-heading\">Wie befolgt man MIL-Standards in Verteidigungsprojekten?<\/h2>\n\n<p>Die Einhaltung der MIL-Standards in Verteidigungsprojekten erfordert einen systematischen Ansatz. Projektmanagementteams m\u00fcssen zun\u00e4chst die erforderlichen Dokumente und Ressourcen bestimmen, um die Einhaltung dieser Standards sicherzustellen. <br\/><br\/>Als erster Schritt sollten die Anforderungen des Projekts sehr gut analysiert werden. Die Entscheidung, welcher MIL-Standard in jeder Phase angewendet werden soll, ist ein kritischer Prozess. An dieser Stelle kann es sinnvoll sein, Expertenmeinungen einzuholen.  <br\/><br\/>W\u00e4hrend des gesamten Projekts sollten regelm\u00e4\u00dfig Checklisten erstellt werden. Mithilfe dieser Listen l\u00e4sst sich beurteilen, inwieweit jede Stufe den MIL-Standards entspricht. Dar\u00fcber hinaus ist es sehr wichtig, eine st\u00e4ndige Kommunikation innerhalb des Projektteams aufrechtzuerhalten.  <br\/><br\/>Bei der Umsetzung auftretende Abweichungen sollten umgehend gemeldet und korrigiert werden. Auf diese Weise werden St\u00f6rungen im Projektablauf minimiert. <br\/><br\/>Auch die Ausbildung darf nicht zu kurz kommen. Damit die Implementierungen fehlerfrei erfolgen k\u00f6nnen, m\u00fcssen die Mitarbeiter \u00fcber die aktuellen MIL-Standards informiert sein.<\/p>\n\n<h2 class=\"wp-block-heading\">Wichtige MIL-Standards, die Sie in der Verteidigungsindustrie kennen m\u00fcssen<\/h2>\n\n<p>Die in der Verteidigungsindustrie wichtigen MIL-Standards spielen eine entscheidende Rolle bei der Gew\u00e4hrleistung der Zuverl\u00e4ssigkeit und Haltbarkeit der Ausr\u00fcstung. Diese Standards umfassen eine Reihe von Kriterien, die die Leistung von Produkten bestimmen, die in Milit\u00e4rprojekten verwendet werden. <br\/><br\/>Umwelttestnormen, insbesondere MIL-STD-810, bewerten die Leistung von Produkten unter rauen Bedingungen wie extremen Temperaturen, Feuchtigkeit und St\u00f6\u00dfen. Dar\u00fcber hinaus sind Materialanforderungen wie MIL-PRF-32565 weitere wichtige Standards, die h\u00e4ufig in Verteidigungsprojekten verwendet werden. <br\/><br\/>Unternehmen, die in die Verteidigungsindustrie einsteigen, m\u00fcssen diese Standards beherrschen. Auf diese Weise k\u00f6nnen sie sowohl zur Gew\u00e4hrleistung der nationalen Sicherheit beitragen als auch Wettbewerbsvorteile erlangen. Eines der wichtigsten Elemente, auf das Unternehmen, die Verteidigungsprojekte durchf\u00fchren, achten sollten, sind die in akkreditierten Labors durchgef\u00fchrten Tests.  <br\/><br\/>Daher ist die Einhaltung der MIL-Standards nicht nur eine gesetzliche Verpflichtung; Dar\u00fcber hinaus ist es ein unverzichtbarer Schritt zur Entwicklung erfolgreicher und nachhaltiger Verteidigungsl\u00f6sungen. Daher ist es f\u00fcr Branchenexperten von gro\u00dfer Bedeutung, diese st\u00e4ndig aktualisierten Regeln zu befolgen. <\/p>\n<style>.kb-image6317_1650b5-f9 .kb-image-has-overlay:after{opacity:0.3;}<\/style>\n<figure class=\"wp-block-kadence-image kb-image6317_1650b5-f9 size-large\"><a href=\"https:\/\/www.linkedin.com\/company\/online-standart\" class=\"kb-advanced-image-link\" target=\"_blank\" rel=\"noopener\"><img loading=\"lazy\" decoding=\"async\" width=\"1024\" height=\"341\" src=\"https:\/\/onlinestandart.com\/wp-content\/uploads\/2024\/12\/online-standart-sosyal-medya-1024x341.webp\" alt=\"\" class=\"kb-img wp-image-5974\" srcset=\"https:\/\/onlinestandart.com\/wp-content\/uploads\/2024\/12\/online-standart-sosyal-medya-1024x341.webp 1024w, https:\/\/onlinestandart.com\/wp-content\/uploads\/2024\/12\/online-standart-sosyal-medya-300x100.webp 300w, https:\/\/onlinestandart.com\/wp-content\/uploads\/2024\/12\/online-standart-sosyal-medya-768x256.webp 768w, https:\/\/onlinestandart.com\/wp-content\/uploads\/2024\/12\/online-standart-sosyal-medya-1536x512.webp 1536w, https:\/\/onlinestandart.com\/wp-content\/uploads\/2024\/12\/online-standart-sosyal-medya-2048x683.webp 2048w\" sizes=\"auto, (max-width: 1024px) 100vw, 1024px\" \/><\/a><\/figure>\n\n<h2 class=\"wp-block-heading\">Wie k\u00f6nnen wir Ihnen behilflich sein?<\/h2>\n\n<p><strong>Online Standard<\/strong> ist Ihr zuverl\u00e4ssigster und schnellster L\u00f6sungspartner f\u00fcr den Zugriff auf technische Dokumente und Ver\u00f6ffentlichungen, Richtlinien und Normen.<\/p>\n\n<p>Wenn Sie sich mit uns in Verbindung setzen, haben Sie auch Zugang zu allen Unterlagen, die Sie ben\u00f6tigen.<\/p>\n\n<ul class=\"wp-block-list\">\n<li>Gedruckte oder digitale individuelle Dokumentation<\/li>\n\n\n\n<li>Dokumentensammlung speziell f\u00fcr Ihre Abteilung oder Ihr Projekt<\/li>\n\n\n\n<li>Ma\u00dfgeschneiderte Dokumentationsl\u00f6sungen f\u00fcr Ihr Unternehmen<\/li>\n<\/ul>\n\n<p><strong>Dank unserer wertvollen Kooperationen k\u00f6nnen wir Ihnen die Dokumentation anbieten, die Sie durch die Recherche in mehr als 500 Quellen in digitaler oder gedruckter Form erhalten k\u00f6nnen.<\/strong><\/p>\n\n<p>Dank unserer Partnerschaft mit <a href=\"https:\/\/onlinestandart.com\/de\/amerikanisches-petroleum-institut-api\/\" target=\"_blank\" rel=\"noreferrer noopener\">API<\/a> , <a href=\"https:\/\/onlinestandart.com\/de\/die-amerikanische-gesellschaft-der-ingenieure-fuer-heizung-kuehlung-und-klimatisierung-ashrae\/\" target=\"_blank\" rel=\"noreferrer noopener\">ASHRAE<\/a> , <a href=\"https:\/\/onlinestandart.com\/asme-international\/\" target=\"_blank\" rel=\"noreferrer noopener\">ASME<\/a> , <a href=\"https:\/\/onlinestandart.com\/de\/astm-international\/\" target=\"_blank\" rel=\"noreferrer noopener\">ASTM<\/a> , <a href=\"https:\/\/onlinestandart.com\/de\/britisches-normungsinstitut-bsi\/\" target=\"_blank\" rel=\"noreferrer noopener\">BSI<\/a> , <a href=\"https:\/\/onlinestandart.com\/de\/internationale-elektrotechnische-kommission\/\" target=\"_blank\" rel=\"noreferrer noopener\">IEC<\/a> , <a href=\"https:\/\/onlinestandart.com\/ieee-standart\/\" target=\"_blank\" rel=\"noreferrer noopener\">IEEE<\/a> , <a href=\"https:\/\/onlinestandart.com\/de\/sae-international\/\" target=\"_blank\" rel=\"noreferrer noopener\">SAE<\/a> , <a href=\"https:\/\/onlinestandart.com\/de\/internationale-organisation-fuer-normung-iso\/\" data-type=\"link\" data-id=\"https:\/\/onlinestandart.com\/iso\/\">ISO<\/a> und Hunderten von Standardisierungsorganisationen k\u00f6nnen wir Ihnen Zeit und Ressourcen sparen, indem wir Ihnen schnellen Zugriff auf genaue und zuverl\u00e4ssige Informationen bieten.<\/p>\n","protected":false},"excerpt":{"rendered":"<p>Was sind MIL-Standards? MIL-Standards sind vom US-Verteidigungsministerium festgelegte technische Spezifikationen, die die Anforderungen an Milit\u00e4rprodukte definieren. Diese Standards wurden geschaffen, um die Zuverl\u00e4ssigkeit, Haltbarkeit und Leistung milit\u00e4rischer Systeme sicherzustellen. Jeder MIL-Standard ist f\u00fcr einen bestimmten Bereich oder eine bestimmte Produktgruppe konzipiert. Es deckt beispielsweise ein breites Spektrum von elektronischen Ger\u00e4ten bis hin zur Materialpr\u00fcfung ab&#8230;.<\/p>\n","protected":false},"author":1,"featured_media":0,"parent":0,"menu_order":0,"comment_status":"closed","ping_status":"closed","template":"","meta":{"_kad_blocks_custom_css":"","_kad_blocks_head_custom_js":"","_kad_blocks_body_custom_js":"","_kad_blocks_footer_custom_js":"","_kad_post_transparent":"","_kad_post_title":"","_kad_post_layout":"","_kad_post_sidebar_id":"","_kad_post_content_style":"","_kad_post_vertical_padding":"","_kad_post_feature":"","_kad_post_feature_position":"","_kad_post_header":false,"_kad_post_footer":false,"_kad_post_classname":"","footnotes":""},"categories":[62],"tags":[],"class_list":["post-55239","page","type-page","status-publish","hentry","category-normen"],"taxonomy_info":{"category":[{"value":62,"label":"Normen"}]},"featured_image_src_large":false,"author_info":{"display_name":"Online Standart","author_link":"https:\/\/onlinestandart.com\/de\/author\/online-standart\/"},"comment_info":0,"_links":{"self":[{"href":"https:\/\/onlinestandart.com\/de\/wp-json\/wp\/v2\/pages\/55239","targetHints":{"allow":["GET"]}}],"collection":[{"href":"https:\/\/onlinestandart.com\/de\/wp-json\/wp\/v2\/pages"}],"about":[{"href":"https:\/\/onlinestandart.com\/de\/wp-json\/wp\/v2\/types\/page"}],"author":[{"embeddable":true,"href":"https:\/\/onlinestandart.com\/de\/wp-json\/wp\/v2\/users\/1"}],"replies":[{"embeddable":true,"href":"https:\/\/onlinestandart.com\/de\/wp-json\/wp\/v2\/comments?post=55239"}],"version-history":[{"count":0,"href":"https:\/\/onlinestandart.com\/de\/wp-json\/wp\/v2\/pages\/55239\/revisions"}],"wp:attachment":[{"href":"https:\/\/onlinestandart.com\/de\/wp-json\/wp\/v2\/media?parent=55239"}],"wp:term":[{"taxonomy":"category","embeddable":true,"href":"https:\/\/onlinestandart.com\/de\/wp-json\/wp\/v2\/categories?post=55239"},{"taxonomy":"post_tag","embeddable":true,"href":"https:\/\/onlinestandart.com\/de\/wp-json\/wp\/v2\/tags?post=55239"}],"curies":[{"name":"wp","href":"https:\/\/api.w.org\/{rel}","templated":true}]}}