{"id":55246,"date":"2025-01-21T16:32:49","date_gmt":"2025-01-21T13:32:49","guid":{"rendered":"https:\/\/onlinestandart.com\/internationaler-lufttransportverband-iata\/"},"modified":"2025-05-27T15:34:04","modified_gmt":"2025-05-27T12:34:04","slug":"internationaler-lufttransportverband-iata","status":"publish","type":"page","link":"https:\/\/onlinestandart.com\/de\/internationaler-lufttransportverband-iata\/","title":{"rendered":"Internationaler Lufttransportverband IATA"},"content":{"rendered":"\n<h2 class=\"wp-block-heading\">Was ist die International Air Transport Association (IATA)?<\/h2>\n\n<p>Die International Air Transport Association ( <a href=\"https:\/\/www.iata.org\/\" target=\"_blank\" rel=\"noopener\">IATA<\/a> ) ist eine 1945 gegr\u00fcndete internationale Organisation. Ihr Ziel ist es, den Luftverkehr weltweit zu erleichtern und zu entwickeln. <br\/><br\/>Es ist eine wichtige Plattform sowohl f\u00fcr Fluggesellschaften als auch f\u00fcr Ticketagenturen. Zu seinen Mitgliedern z\u00e4hlen gro\u00dfe Fluggesellschaften und kleine lokale Fluggesellschaften. Dieses breite Mitgliederspektrum erh\u00f6ht den Einfluss der IATA in der Branche.  <\/p>\n<style>.wp-block-kadence-advancedbtn.kb-btns6528_945e22-6e{gap:var(--global-kb-gap-xs, 0.5rem );justify-content:flex-start;align-items:center;}.kt-btns6528_945e22-6e .kt-button{font-weight:normal;font-style:normal;}.kt-btns6528_945e22-6e .kt-btn-wrap-0{margin-right:5px;}.wp-block-kadence-advancedbtn.kt-btns6528_945e22-6e .kt-btn-wrap-0 .kt-button{color:#555555;border-color:#555555;}.wp-block-kadence-advancedbtn.kt-btns6528_945e22-6e .kt-btn-wrap-0 .kt-button:hover, .wp-block-kadence-advancedbtn.kt-btns6528_945e22-6e .kt-btn-wrap-0 .kt-button:focus{color:#ffffff;border-color:#444444;}.wp-block-kadence-advancedbtn.kt-btns6528_945e22-6e .kt-btn-wrap-0 .kt-button::before{display:none;}.wp-block-kadence-advancedbtn.kt-btns6528_945e22-6e .kt-btn-wrap-0 .kt-button:hover, .wp-block-kadence-advancedbtn.kt-btns6528_945e22-6e .kt-btn-wrap-0 .kt-button:focus{background:#444444;}<\/style>\n<div class=\"wp-block-kadence-advancedbtn kb-buttons-wrap kb-btns6528_945e22-6e\"><style>ul.menu .wp-block-kadence-advancedbtn .kb-btn6528_72f2f3-e2.kb-button{width:initial;}.wp-block-kadence-advancedbtn .kb-btn6528_72f2f3-e2.kb-button{background:var(--global-palette1, #3182CE);font-family:-apple-system,BlinkMacSystemFont,\"Segoe UI\",Roboto,Oxygen-Sans,Ubuntu,Cantarell,\"Helvetica Neue\",sans-serif, \"Apple Color Emoji\", \"Segoe UI Emoji\", \"Segoe UI Symbol\";border-top-left-radius:8px;border-top-right-radius:8px;border-bottom-right-radius:8px;border-bottom-left-radius:8px;padding-top:14px;padding-right:30px;padding-bottom:14px;padding-left:30px;}.wp-block-kadence-advancedbtn .kb-btn6528_72f2f3-e2.kb-button:hover, .wp-block-kadence-advancedbtn .kb-btn6528_72f2f3-e2.kb-button:focus{background:var(--global-palette2, #2B6CB0);}<\/style><a class=\"kb-button kt-button button kb-btn6528_72f2f3-e2 kt-btn-size-small kt-btn-width-type-auto kb-btn-global-fill  kt-btn-has-text-true kt-btn-has-svg-true  wp-block-kadence-singlebtn\" href=\"https:\/\/onlinestandart.com\/de\/kontakt\/\"><span class=\"kt-btn-inner-text\">DOKUMENT ANFORDERN<\/span><span class=\"kb-svg-icon-wrap kb-svg-icon-fe_arrowRightCircle kt-btn-icon-side-right\"><svg viewBox=\"0 0 24 24\"  fill=\"none\" stroke=\"currentColor\" stroke-width=\"2\" stroke-linecap=\"round\" stroke-linejoin=\"round\" xmlns=\"http:\/\/www.w3.org\/2000\/svg\"  aria-hidden=\"true\"><circle cx=\"12\" cy=\"12\" r=\"10\"\/><polyline points=\"12 16 16 12 12 8\"\/><line x1=\"8\" y1=\"12\" x2=\"16\" y2=\"12\"\/><\/svg><\/span><\/a><\/div>\n\n<p>Neben der Gew\u00e4hrleistung der Flugsicherheit reguliert der Verband durch die Festlegung von Standards auch das Funktionieren der Branche. Dadurch wird ein effizienterer und harmonischerer Betrieb der Luftfahrtindustrie gef\u00f6rdert. <br\/><br\/>Es werden verschiedene Projekte zur Verbesserung des Fahrgasterlebnisses durchgef\u00fchrt. Entwickelt L\u00f6sungen zur Reduzierung der auf Flugh\u00e4fen auftretenden Probleme. <br\/><br\/>Durch die aufmerksame Beobachtung der technologischen Entwicklung werden auch im Bereich der Digitalisierung wichtige Schritte unternommen. Es entwickelt st\u00e4ndig innovative Strategien, um die Zukunft des Luftverkehrs zu gestalten. <\/p>\n\n<h2 class=\"wp-block-heading\">Welche Rolle spielt die IATA in der Luftfahrtindustrie?<\/h2>\n\n<p>Die IATA spielt eine wichtige Rolle in der internationalen Luftverkehrsbranche. Ziel dieser Vereinigung ist es, die Effizienz des Sektors durch eine verst\u00e4rkte Zusammenarbeit zwischen den Fluggesellschaften zu steigern. <br\/><br\/>Eine seiner Hauptaufgaben besteht in der Entwicklung von Standards. Es stellt sicher, dass alle im gleichen Rahmen arbeiten, indem Regeln und Richtlinien erstellt werden, die f\u00fcr verschiedene Prozesse gelten. Auf diese Weise wird Harmonie in der Luftfahrt erreicht und die Servicequalit\u00e4t gesteigert.  <br\/><br\/>Eine weitere wichtige Aufgabe ist die Durchf\u00fchrung von Recherchen. Sammelt und analysiert branchenbezogene Daten. Auf Grundlage der gewonnenen Erkenntnisse werden Strategien f\u00fcr die Zukunft der Luftfahrtindustrie vorgeschlagen.  <br\/><br\/>Dar\u00fcber hinaus zielt die IATA darauf ab, das Wissensniveau von Fachleuten durch die Organisation von Schulungsprogrammen zu erh\u00f6hen. Durch kontinuierliche Weiterbildungsm\u00f6glichkeiten wird sichergestellt, dass die im Luftfahrtbereich t\u00e4tigen Personen stets \u00fcber aktuelle Entwicklungen informiert sind. <br\/><br\/>Durch diese Aufgaben tr\u00e4gt es dazu bei, den Luftverkehr weltweit sicherer und effizienter zu machen. Es f\u00fchrt zu positiven Ergebnissen sowohl f\u00fcr die Passagiere als auch f\u00fcr die Fluggesellschaften. <\/p>\n\n<figure class=\"wp-block-image size-large\"><a href=\"https:\/\/onlinestandart.com\/de\/standardsteuerung\/\" target=\"_blank\" rel=\"noreferrer noopener\"><img loading=\"lazy\" decoding=\"async\" width=\"1024\" height=\"341\" src=\"https:\/\/onlinestandart.com\/wp-content\/uploads\/2024\/09\/standart-kontrol-yatay-1024x341.webp\" alt=\"Standardsteuerung horizontal\" class=\"wp-image-5353\" srcset=\"https:\/\/onlinestandart.com\/wp-content\/uploads\/2024\/09\/standart-kontrol-yatay-1024x341.webp 1024w, https:\/\/onlinestandart.com\/wp-content\/uploads\/2024\/09\/standart-kontrol-yatay-300x100.webp 300w, https:\/\/onlinestandart.com\/wp-content\/uploads\/2024\/09\/standart-kontrol-yatay-768x256.webp 768w, https:\/\/onlinestandart.com\/wp-content\/uploads\/2024\/09\/standart-kontrol-yatay-1536x512.webp 1536w, https:\/\/onlinestandart.com\/wp-content\/uploads\/2024\/09\/standart-kontrol-yatay-2048x683.webp 2048w\" sizes=\"auto, (max-width: 1024px) 100vw, 1024px\" \/><\/a><\/figure>\n\n<h2 class=\"wp-block-heading\">IATA-Codes: Standardisiertes Codierungssystem f\u00fcr Flugh\u00e4fen und Fluggesellschaften<\/h2>\n\n<p>IATA-Codes nehmen in der internationalen Luftfahrt einen wichtigen Platz ein. Dieses standardisierte Codierungssystem erleichtert die Kommunikation zwischen Flugh\u00e4fen und Fluggesellschaften. Einzigartige dreistellige Codes f\u00fcr jeden Flughafen und jede Fluggesellschaft verbessern das Reiseerlebnis.  <br\/><br\/>Der Code f\u00fcr den Flughafen Istanbul lautet beispielsweise IST. Dank dieser kurzen und einpr\u00e4gsamen Struktur k\u00f6nnen Passagiere Fluginformationen schnell erfassen. Auch der f\u00fcr Turkish Airlines verwendete TK-Code ist ein Merkmal, das sie von anderen Fluggesellschaften der Branche unterscheidet.  <br\/><br\/>Einer der gr\u00f6\u00dften Vorteile dieses von der IATA bereitgestellten Systems besteht darin, dass es die Fehlerrate reduziert. Es verhindert Missverst\u00e4ndnisse bez\u00fcglich Flugtickets oder Reservierungen. Reiseb\u00fcros und Mitarbeiter von Fluggesellschaften k\u00f6nnen ihre Transaktionen mithilfe von IATA-Codes schneller abschlie\u00dfen.  <br\/><br\/>Dar\u00fcber hinaus bew\u00e4ltigt dieses System die Herausforderungen verschiedener Sprachen. Dank der Universalit\u00e4t der Codes k\u00f6nnen Menschen auf der ganzen Welt problemlos kommunizieren. <\/p>\n\n<h2 class=\"wp-block-heading\">IATA-Sicherheitsstandards f\u00fcr die Luftfahrt<\/h2>\n\n<p>Die IATA hat wichtige Standards zur Gew\u00e4hrleistung der Sicherheit in der Luftfahrtindustrie festgelegt. Diese Standards gew\u00e4hrleisten den sicheren Transport von Passagieren und Fracht. <br\/><br\/>Die bei Passagierfl\u00fcgen anzuwendenden Sicherheitsma\u00dfnahmen basieren auf den von der International Air Transport Association festgelegten Regeln. In diesem Zusammenhang kommt den an Flugh\u00e4fen implementierten Kontrollsystemen und Personalschulungen eine gro\u00dfe Bedeutung zu. <br\/><br\/>Dar\u00fcber hinaus sind bei den Frachttransportprozessen strenge Kontrollen erforderlich. Bei komplexen Vorg\u00e4ngen wie dem Transport gef\u00e4hrlicher G\u00fcter spielt die strikte Umsetzung von Standards eine entscheidende Rolle. <br\/><br\/>Sicherheitsmanagementsysteme (SMS), die von der International Air Transport Association entwickelt wurden, dienen Fluggesellschaften und Flugh\u00e4fen als Leitfaden. Dank dieser Systeme k\u00f6nnen m\u00f6gliche Risiken im Vorfeld erkannt und notwendige Vorkehrungen getroffen werden. <br\/><br\/>Diese Standards, die im dynamischen Gef\u00fcge der Luftfahrt st\u00e4ndig aktualisiert werden, unterst\u00fctzen das gemeinsame Ziel aller Beteiligten in der Branche: Null Unf\u00e4lle. Bemerkenswert sind die Arbeiten zur Erh\u00f6hung der Sicherheit sowohl im Personen- als auch im G\u00fcterverkehr. <\/p>\n<style>.kb-image6528_bb645d-12 .kb-image-has-overlay:after{opacity:0.3;}<\/style>\n<figure class=\"wp-block-kadence-image kb-image6528_bb645d-12 size-full\"><img loading=\"lazy\" decoding=\"async\" width=\"1920\" height=\"1080\" src=\"https:\/\/onlinestandart.com\/wp-content\/uploads\/2025\/01\/IATA.webp\" alt=\"IATA-Standards\" class=\"kb-img wp-image-6534\" srcset=\"https:\/\/onlinestandart.com\/wp-content\/uploads\/2025\/01\/IATA.webp 1920w, https:\/\/onlinestandart.com\/wp-content\/uploads\/2025\/01\/IATA-300x169.webp 300w, https:\/\/onlinestandart.com\/wp-content\/uploads\/2025\/01\/IATA-1024x576.webp 1024w, https:\/\/onlinestandart.com\/wp-content\/uploads\/2025\/01\/IATA-768x432.webp 768w, https:\/\/onlinestandart.com\/wp-content\/uploads\/2025\/01\/IATA-1536x864.webp 1536w\" sizes=\"auto, (max-width: 1920px) 100vw, 1920px\" \/><\/figure>\n\n<h2 class=\"wp-block-heading\">IATA-Standards zur Verbesserung des Passagiererlebnisses<\/h2>\n\n<p>Das Passagiererlebnis ist eines der wichtigsten Elemente der modernen Luftfahrt. Es wurden verschiedene Standards entwickelt, um dieses Erlebnis zu verbessern. Ziel dieser Standards ist es, die Schwierigkeiten, denen Passagiere w\u00e4hrend der Reise begegnen, zu minimieren.  <br\/><br\/>Dank der von der International Air Transport Association festgelegten Regeln werden die Check-in-Prozesse beschleunigt. Das Einsteigen der Fahrg\u00e4ste wird beschleunigt und die Wartezeiten verk\u00fcrzen sich. Dies erh\u00f6ht den Komfort auf jeder Etappe der Reise.  <br\/><br\/>Dar\u00fcber hinaus bietet es Plattformen, die die Kommunikation zwischen Fluggesellschaften st\u00e4rken. Auf diese Weise werden die Systeme verschiedener Fluggesellschaften kompatibel. Auch zwischen verschiedenen Linien ist ein nahtloser Umstieg der Fahrg\u00e4ste m\u00f6glich.  <br\/><br\/>Dar\u00fcber hinaus sind auch Standards im Gep\u00e4ckmanagement von gro\u00dfer Bedeutung. Die Wahrscheinlichkeit, dass das Gep\u00e4ck der Passagiere verloren geht, sinkt und die Nachverfolgung wird einfacher. <\/p>\n\n<h2 class=\"wp-block-heading\">IATA-Standards f\u00fcr das Frachtmanagement im Luftverkehr<\/h2>\n\n<p>Die Frachtmanagementstandards der IATA spielen eine entscheidende Rolle bei der Verbesserung der Zuverl\u00e4ssigkeit und Effizienz in der Luftverkehrsbranche. Diese Standards sind ein wichtiges Instrument zur Gew\u00e4hrleistung der Zusammenarbeit zwischen Spediteuren und Frachteigent\u00fcmern. <br\/><br\/>Dank standardisierter Verfahren werden Frachtvorg\u00e4nge schneller und sicherer durchgef\u00fchrt. Verluste werden durch die Gew\u00e4hrleistung der R\u00fcckverfolgbarkeit in jeder Phase verhindert. Dar\u00fcber hinaus tragen diese Systeme zur Entwicklung des internationalen Handels bei.  <br\/><br\/>Die von der International Air Transport Association festgelegten Regeln variieren je nach Frachtart. Zwar gelten f\u00fcr den Transport gef\u00e4hrlicher G\u00fcter besondere Anforderungen; Beim Transport k\u00fchlkettenpflichtiger Produkte gibt es Standards, die strikt eingehalten werden m\u00fcssen. <br\/><br\/>In diesem Zusammenhang sind auch die von der IATA angebotenen Schulungsprogramme von gro\u00dfer Bedeutung. Kurse f\u00fcr Spediteure und Logistikunternehmen steigern den Wissensstand der Mitarbeiter und f\u00f6rdern gleichzeitig branchenweite Best Practices. <\/p>\n\n<h2 class=\"wp-block-heading\">IATA-Standards f\u00fcr Ticketing- und Reservierungssysteme<\/h2>\n\n<p>Ticketing- und Reservierungssysteme bilden das R\u00fcckgrat der modernen Luftfahrt. Die IATA hat bestimmte Standards entwickelt, um diese Prozesse zu regeln.<br\/> Das Ticketsystem der IATA soll eine globale Harmonisierung gew\u00e4hrleisten. Auf diese Weise k\u00f6nnen Reisende auch in verschiedenen L\u00e4ndern ein \u00e4hnliches Erlebnis haben. Auch die im Reservierungsprozess eingesetzten Technologien entwickeln sich st\u00e4ndig weiter.   <br\/><br\/>Durch die Festlegung von Standards f\u00fcr den Datenaustausch zwischen Fluggesellschaften sind Transaktionen wie die Stornierung oder \u00c4nderung von Tickets schneller geworden. Es werden wichtige Schritte unternommen, um den Passagieren einen zuverl\u00e4ssigen Service zu bieten. <\/p>\n\n<h2 class=\"wp-block-heading\">Einheitliche Standards f\u00fcr den Transport gef\u00e4hrlicher G\u00fcter der IATA<\/h2>\n\n<p>Die IATA legt Standards fest, um den sicheren Transport gef\u00e4hrlicher G\u00fcter in der Luftverkehrsbranche zu gew\u00e4hrleisten. Diese Standards wurden im Rahmen international anerkannter Regeln und Vorschriften festgelegt. Ziel ist es, die Sicherheit sowohl der Passagiere als auch der Ladung zu erh\u00f6hen.  <br\/><br\/>Gef\u00e4hrliche Stoffe werden in verschiedene Kategorien eingeteilt; wie etwa chemische Produkte, Sprengstoffe oder radioaktive Stoffe. Dank dieser von der IATA entwickelten Standards werden m\u00f6gliche Risiken w\u00e4hrend des Transports minimiert. Jede Fluggesellschaft und jeder Frachtdienstleister muss diese Vorschriften einhalten.  <br\/><br\/>Dieser systematische Ansatz tr\u00e4gt dazu bei, Unf\u00e4lle im weltweiten Luftverkehr zu verhindern und gleichzeitig die Verantwortlichkeiten aller Beteiligten in der Branche zu kl\u00e4ren. Dadurch wird sowohl die Wirtschaftlichkeit gesteigert als auch die Sicherheit von Passagieren und Fracht gew\u00e4hrleistet. <br\/><br\/>Die IATA-Standardisierung, die den Kern aller Entwicklungen in der Luftfahrtindustrie bildet, spielt eine wichtige Rolle bei der Erleichterung von Transportprozessen auf der ganzen Welt. Mit dieser Struktur, die darauf abzielt, allen ein zuverl\u00e4ssigeres und effektiveres Flugerlebnis zu bieten, k\u00f6nnen m\u00f6gliche Probleme, die w\u00e4hrend des Fluges auftreten k\u00f6nnen, vermieden werden. <\/p>\n\n<h2 class=\"wp-block-heading\">Wie k\u00f6nnen wir Ihnen behilflich sein?<\/h2>\n\n<p>Online Standard ist Ihr zuverl\u00e4ssigster und schnellster L\u00f6sungspartner f\u00fcr den Zugriff auf technische Dokumente und Ver\u00f6ffentlichungen, Richtlinien und Normen.<\/p>\n\n<p><a href=\"https:\/\/onlinestandart.com\/de\/kontakt\/\" target=\"_blank\" rel=\"noreferrer noopener\">Wenn Sie Kontakt<\/a> mit uns aufnehmen, erhalten Sie Zugriff auf alle ben\u00f6tigten Unterlagen.<\/p>\n\n<ul class=\"wp-block-list\">\n<li>Gedruckte oder digitale <a href=\"https:\/\/onlinestandart.com\/de\/individueller-gedruckter-oder-digitaler-standardbereitstellungsservice\/\" target=\"_blank\" rel=\"noreferrer noopener\">individuelle Dokumentation<\/a><\/li>\n\n\n\n<li><a href=\"https:\/\/onlinestandart.com\/de\/standard-abholbereitstellungsservice\/\" target=\"_blank\" rel=\"noreferrer noopener\">Dokumentensammlung speziell f\u00fcr<\/a> Ihre Abteilung oder Ihr Projekt<\/li>\n\n\n\n<li>Ma\u00dfgeschneiderte <a href=\"https:\/\/onlinestandart.com\/de\/online-loesungen-fuer-standarddokumente\/\" target=\"_blank\" rel=\"noreferrer noopener\">Dokumentationsl\u00f6sungen<\/a> f\u00fcr Ihr Unternehmen<\/li>\n<\/ul>\n\n<p>Dank unserer wertvollen Kooperationen k\u00f6nnen wir Ihnen die Dokumentation anbieten, die Sie durch die Recherche in mehr als 500 Quellen in digitaler oder gedruckter Form erhalten k\u00f6nnen.<\/p>\n\n<p>Durch unsere Partnerschaften mit <a href=\"https:\/\/onlinestandart.com\/de\/amerikanisches-petroleum-institut-api\/\" target=\"_blank\" rel=\"noreferrer noopener\">API<\/a>, <a href=\"https:\/\/onlinestandart.com\/de\/die-amerikanische-gesellschaft-der-ingenieure-fuer-heizung-kuehlung-und-klimatisierung-ashrae\/\" target=\"_blank\" rel=\"noreferrer noopener\">ASHRAE<\/a>, <a href=\"https:\/\/onlinestandart.com\/asme-international\/\" target=\"_blank\" rel=\"noreferrer noopener\">ASME<\/a>, <a href=\"https:\/\/onlinestandart.com\/de\/britisches-normungsinstitut-bsi\/\" target=\"_blank\" rel=\"noreferrer noopener\">BSI<\/a>, <a href=\"https:\/\/onlinestandart.com\/de\/internationale-elektrotechnische-kommission\/\" target=\"_blank\" rel=\"noreferrer noopener\">IEC<\/a>, <a href=\"https:\/\/onlinestandart.com\/ieee-standart\/\" target=\"_blank\" rel=\"noreferrer noopener\">IEEE<\/a>, <a href=\"https:\/\/onlinestandart.com.tr\/iso\/\" target=\"_blank\" rel=\"noreferrer noopener\">ISO<\/a>, <a href=\"https:\/\/onlinestandart.com\/de\/sae-international\/\" target=\"_blank\" rel=\"noreferrer noopener\">SAE<\/a> und Hunderten von anderen Normungsgremien k\u00f6nnen wir Ihnen Zeit und Ressourcen sparen, indem wir Ihnen schnellen Zugriff auf genaue und zuverl\u00e4ssige Informationen bieten.<\/p>\n","protected":false},"excerpt":{"rendered":"<p>Was ist die International Air Transport Association (IATA)? Die International Air Transport Association ( IATA ) ist eine 1945 gegr\u00fcndete internationale Organisation. Ihr Ziel ist es, den Luftverkehr weltweit zu erleichtern und zu entwickeln. Es ist eine wichtige Plattform sowohl f\u00fcr Fluggesellschaften als auch f\u00fcr Ticketagenturen. Zu seinen Mitgliedern z\u00e4hlen gro\u00dfe Fluggesellschaften und kleine lokale&#8230;<\/p>\n","protected":false},"author":1,"featured_media":0,"parent":0,"menu_order":0,"comment_status":"closed","ping_status":"closed","template":"","meta":{"_kad_blocks_custom_css":"","_kad_blocks_head_custom_js":"","_kad_blocks_body_custom_js":"","_kad_blocks_footer_custom_js":"","_kad_post_transparent":"","_kad_post_title":"","_kad_post_layout":"","_kad_post_sidebar_id":"","_kad_post_content_style":"","_kad_post_vertical_padding":"","_kad_post_feature":"","_kad_post_feature_position":"","_kad_post_header":false,"_kad_post_footer":false,"_kad_post_classname":"","footnotes":""},"categories":[62],"tags":[],"class_list":["post-55246","page","type-page","status-publish","hentry","category-normen"],"taxonomy_info":{"category":[{"value":62,"label":"Normen"}]},"featured_image_src_large":false,"author_info":{"display_name":"Online Standart","author_link":"https:\/\/onlinestandart.com\/de\/author\/online-standart\/"},"comment_info":0,"_links":{"self":[{"href":"https:\/\/onlinestandart.com\/de\/wp-json\/wp\/v2\/pages\/55246","targetHints":{"allow":["GET"]}}],"collection":[{"href":"https:\/\/onlinestandart.com\/de\/wp-json\/wp\/v2\/pages"}],"about":[{"href":"https:\/\/onlinestandart.com\/de\/wp-json\/wp\/v2\/types\/page"}],"author":[{"embeddable":true,"href":"https:\/\/onlinestandart.com\/de\/wp-json\/wp\/v2\/users\/1"}],"replies":[{"embeddable":true,"href":"https:\/\/onlinestandart.com\/de\/wp-json\/wp\/v2\/comments?post=55246"}],"version-history":[{"count":0,"href":"https:\/\/onlinestandart.com\/de\/wp-json\/wp\/v2\/pages\/55246\/revisions"}],"wp:attachment":[{"href":"https:\/\/onlinestandart.com\/de\/wp-json\/wp\/v2\/media?parent=55246"}],"wp:term":[{"taxonomy":"category","embeddable":true,"href":"https:\/\/onlinestandart.com\/de\/wp-json\/wp\/v2\/categories?post=55246"},{"taxonomy":"post_tag","embeddable":true,"href":"https:\/\/onlinestandart.com\/de\/wp-json\/wp\/v2\/tags?post=55246"}],"curies":[{"name":"wp","href":"https:\/\/api.w.org\/{rel}","templated":true}]}}