{"id":103112,"date":"2025-08-12T14:19:17","date_gmt":"2025-08-12T11:19:17","guid":{"rendered":"https:\/\/onlinestandart.com\/standard\/asme-b31-3-proses-borulama-tasarim-egitimi\/"},"modified":"2025-08-12T14:19:17","modified_gmt":"2025-08-12T11:19:17","slug":"asme-b31-3-proses-borulama-tasarim-egitimi","status":"publish","type":"product","link":"https:\/\/onlinestandart.com\/ru\/standard\/asme-b31-3-proses-borulama-tasarim-egitimi\/","title":{"rendered":"ASME B31.3 Proses Borulama Tasar\u0131m E\u011fitimi"},"content":{"rendered":"<p>ASME B31.3 Proses Borulama Tasar\u0131m\u0131 e\u011fitimi, kimya, petrol, ila\u00e7, tekstil, ka\u011f\u0131t, yar\u0131 iletken ve kriyojenik tesislerdeki proses borulama sistemlerinin tasar\u0131m\u0131, malzemeleri, imalat\u0131, montaj\u0131, montaj\u0131, denetimi, muayenesi ve testine y\u00f6nelik kapsaml\u0131 y\u00f6nergeler sa\u011flar.<\/p>\n<p>ASME B31.3 E\u011fitim Kapsam\u0131:<br \/>\n Tasar\u0131m Prensipleri: Proses borulama sistemlerinin mekanik b\u00fct\u00fcnl\u00fc\u011f\u00fcn\u00fc ve g\u00fcvenli\u011fini sa\u011flamak i\u00e7in gerekli m\u00fchendislik prensipleri ve tasar\u0131m kriterleri.<\/p>\n<p>Malzeme Se\u00e7imi: Uygun malzemelerin se\u00e7imi ve \u00f6zellikleri.<\/p>\n<p>\u00dcretim ve Montaj: Boru sistemlerinin uygun \u015fekilde \u00fcretimi ve montaj\u0131 i\u00e7in prosed\u00fcrler.<\/p>\n<p>Muayene ve Test: Sistem g\u00fcvenilirli\u011fini sa\u011flamak i\u00e7in gerekli muayene ve test y\u00f6ntemleri.<\/p>\n<p>ASME B31.3 E\u011fitim Hedefleri:<br \/>\n Kat\u0131l\u0131mc\u0131lara proses borulama sistemleri hakk\u0131nda derinlemesine bilgi sa\u011flamak.<\/p>\n<p>End\u00fcstri standartlar\u0131na uygun tasar\u0131m ve \u00fcretim s\u00fcre\u00e7lerini \u00f6\u011fretmek.<\/p>\n<p>G\u00fcvenlik ve kalite kontrol s\u00fcre\u00e7lerini etkin bir \u015fekilde uygulamak.<\/p>\n","protected":false},"excerpt":{"rendered":"<p>ASME B31.3 Proses Borulama Tasar\u0131m E\u011fitimi, end\u00fcstriyel tesislerde borulama sistemlerinin tasar\u0131m\u0131 ve uygulamas\u0131 hakk\u0131nda kapsaml\u0131 bilgiler sa\u011flar. Malzeme se\u00e7imi, tasar\u0131m prensipleri, kaynak ve montaj, muayene ve test prosed\u00fcrleri gibi konular\u0131 kapsar. <\/p>\n","protected":false},"featured_media":4802,"template":"","meta":{"_kad_blocks_custom_css":"","_kad_blocks_head_custom_js":"","_kad_blocks_body_custom_js":"","_kad_blocks_footer_custom_js":"","_kad_post_transparent":"","_kad_post_title":"","_kad_post_layout":"","_kad_post_sidebar_id":"","_kad_post_content_style":"","_kad_post_vertical_padding":"","_kad_post_feature":"","_kad_post_feature_position":"","_kad_post_header":false,"_kad_post_footer":false,"_kad_post_classname":""},"product_brand":[],"product_cat":[163],"product_tag":[109,110],"class_list":{"0":"post-103112","1":"product","2":"type-product","3":"status-publish","4":"has-post-thumbnail","6":"product_cat-standart-egitim-2","7":"product_tag-b31-3","8":"product_tag-b31j","10":"first","11":"instock","12":"shipping-taxable","13":"purchasable","14":"product-type-simple","15":"entry","16":"content-bg","17":"loop-entry"},"taxonomy_info":{"product_cat":[{"value":163,"label":"Standart E\u011fitim"}],"product_tag":[{"value":109,"label":"B31.3"},{"value":110,"label":"B31J"}]},"featured_image_src_large":["https:\/\/onlinestandart.com\/wp-content\/uploads\/2024\/08\/asme-b-31-3-1024x1024.webp",1024,1024,true],"author_info":[],"comment_info":"","_links":{"self":[{"href":"https:\/\/onlinestandart.com\/ru\/wp-json\/wp\/v2\/product\/103112","targetHints":{"allow":["GET"]}}],"collection":[{"href":"https:\/\/onlinestandart.com\/ru\/wp-json\/wp\/v2\/product"}],"about":[{"href":"https:\/\/onlinestandart.com\/ru\/wp-json\/wp\/v2\/types\/product"}],"wp:featuredmedia":[{"embeddable":true,"href":"https:\/\/onlinestandart.com\/ru\/wp-json\/wp\/v2\/media\/4802"}],"wp:attachment":[{"href":"https:\/\/onlinestandart.com\/ru\/wp-json\/wp\/v2\/media?parent=103112"}],"wp:term":[{"taxonomy":"product_brand","embeddable":true,"href":"https:\/\/onlinestandart.com\/ru\/wp-json\/wp\/v2\/product_brand?post=103112"},{"taxonomy":"product_cat","embeddable":true,"href":"https:\/\/onlinestandart.com\/ru\/wp-json\/wp\/v2\/product_cat?post=103112"},{"taxonomy":"product_tag","embeddable":true,"href":"https:\/\/onlinestandart.com\/ru\/wp-json\/wp\/v2\/product_tag?post=103112"}],"curies":[{"name":"wp","href":"https:\/\/api.w.org\/{rel}","templated":true}]}}